{"id":14697,"date":"2024-02-20T20:07:14","date_gmt":"2024-02-20T19:07:14","guid":{"rendered":"https:\/\/www.spa-grillon.fr\/?page_id=14697"},"modified":"2024-04-14T18:00:53","modified_gmt":"2024-04-14T17:00:53","slug":"annabelle","status":"publish","type":"page","link":"https:\/\/www.spa-grillon.fr\/?page_id=14697","title":{"rendered":"ANNABELLE"},"content":{"rendered":"\n<div class=\"wp-block-media-text alignwide is-stacked-on-mobile\"><figure class=\"wp-block-media-text__media\"><img decoding=\"async\" src=\"https:\/\/www.spa-grillon.fr\/wp-content\/uploads\/2024\/02\/20240220_123038-2-1024x954.jpg\" alt=\"\" class=\"wp-image-14698 size-full\"\/><\/figure><div class=\"wp-block-media-text__content\">\n<p style=\"text-align: justify;\">Annabelle, jolie minette \u00e0 la robe tricolore dilu\u00e9e, vivait la vie paisible de chat de village, partageant une maison et une ruelle fr\u00e9quent\u00e9e par de nombreux matous, Simone, Bagheera, Jo et quelques autres. Malheureusement, son humain est d\u00e9c\u00e9d\u00e9 et elle se retrouve, comme ses copains, au refuge dans l&rsquo;espoir de trouver une nouvelle famille. C&rsquo;est une petite douceur, timide et apeur\u00e9e par les bruits des chiens et ce nouvel environnement. <p style=\"text-align: justify;\">\n<\/div><\/div>\n\n\n\n<p style=\"text-align: justify;\"> Mais elle a beaucoup progress\u00e9 et appr\u00e9cie les caresses et les attentions. Si pour l&rsquo;instant elle n&rsquo;appr\u00e9cie pas trop d&rsquo;\u00eatre port\u00e9e, elle saura apprendre. C&rsquo;est, comme Simone, un amour de minette qui n&rsquo;attend qu&rsquo;un peu de s\u00e9r\u00e9nit\u00e9. On \u00e9vitera la pr\u00e9sence d&rsquo;enfants, non qu&rsquo;elle soit agressive car elle n&rsquo;a pas une once de m\u00e9chancet\u00e9 et n&rsquo;envoie pas la patte, mais parce que les bruits l&rsquo;effraient. On privil\u00e9giera des ma\u00eetres calmes. La vie en appartement peut lui convenir car elle est tr\u00e8s calme. <p style=\"text-align: justify;\">\n\n\n<div class=\"wp-block-image\">\n<figure class=\"aligncenter size-large is-resized\"><a href=\"https:\/\/www.spa-grillon.fr\/wp-content\/uploads\/2024\/03\/Annabelle-2.jpg\"><img decoding=\"async\" loading=\"lazy\" src=\"https:\/\/www.spa-grillon.fr\/wp-content\/uploads\/2024\/03\/Annabelle-2-827x1024.jpg\" alt=\"\" class=\"wp-image-15199\" width=\"323\" height=\"399\" srcset=\"https:\/\/www.spa-grillon.fr\/wp-content\/uploads\/2024\/03\/Annabelle-2-827x1024.jpg 827w, https:\/\/www.spa-grillon.fr\/wp-content\/uploads\/2024\/03\/Annabelle-2-242x300.jpg 242w, https:\/\/www.spa-grillon.fr\/wp-content\/uploads\/2024\/03\/Annabelle-2-768x951.jpg 768w, https:\/\/www.spa-grillon.fr\/wp-content\/uploads\/2024\/03\/Annabelle-2-1241x1536.jpg 1241w, https:\/\/www.spa-grillon.fr\/wp-content\/uploads\/2024\/03\/Annabelle-2-1655x2048.jpg 1655w, https:\/\/www.spa-grillon.fr\/wp-content\/uploads\/2024\/03\/Annabelle-2.jpg 1800w\" sizes=\"(max-width: 323px) 100vw, 323px\" \/><\/a><\/figure><\/div>\n\n\n<figure class=\"wp-block-image size-large\"><a href=\"https:\/\/www.spa-grillon.fr\/wp-content\/uploads\/2024\/03\/Simone-et-Annabelle-5-scaled.jpg\"><img decoding=\"async\" loading=\"lazy\" width=\"1024\" height=\"461\" src=\"https:\/\/www.spa-grillon.fr\/wp-content\/uploads\/2024\/03\/Simone-et-Annabelle-5-1024x461.jpg\" alt=\"\" class=\"wp-image-15197\" srcset=\"https:\/\/www.spa-grillon.fr\/wp-content\/uploads\/2024\/03\/Simone-et-Annabelle-5-1024x461.jpg 1024w, https:\/\/www.spa-grillon.fr\/wp-content\/uploads\/2024\/03\/Simone-et-Annabelle-5-300x135.jpg 300w, https:\/\/www.spa-grillon.fr\/wp-content\/uploads\/2024\/03\/Simone-et-Annabelle-5-768x346.jpg 768w, https:\/\/www.spa-grillon.fr\/wp-content\/uploads\/2024\/03\/Simone-et-Annabelle-5-1536x691.jpg 1536w, https:\/\/www.spa-grillon.fr\/wp-content\/uploads\/2024\/03\/Simone-et-Annabelle-5-2048x922.jpg 2048w\" sizes=\"(max-width: 1024px) 100vw, 1024px\" \/><\/a><figcaption class=\"wp-element-caption\">Avec sa copine Simone&#8230; <\/figcaption><\/figure>\n\n\n\n<figure class=\"wp-block-image size-large\"><a href=\"https:\/\/www.spa-grillon.fr\/wp-content\/uploads\/2024\/03\/IMG-20240327-WA0019.jpg\"><img decoding=\"async\" loading=\"lazy\" width=\"1024\" height=\"768\" src=\"https:\/\/www.spa-grillon.fr\/wp-content\/uploads\/2024\/03\/IMG-20240327-WA0019-1024x768.jpg\" alt=\"\" class=\"wp-image-15204\" srcset=\"https:\/\/www.spa-grillon.fr\/wp-content\/uploads\/2024\/03\/IMG-20240327-WA0019-1024x768.jpg 1024w, https:\/\/www.spa-grillon.fr\/wp-content\/uploads\/2024\/03\/IMG-20240327-WA0019-300x225.jpg 300w, https:\/\/www.spa-grillon.fr\/wp-content\/uploads\/2024\/03\/IMG-20240327-WA0019-768x576.jpg 768w, https:\/\/www.spa-grillon.fr\/wp-content\/uploads\/2024\/03\/IMG-20240327-WA0019-1536x1152.jpg 1536w, https:\/\/www.spa-grillon.fr\/wp-content\/uploads\/2024\/03\/IMG-20240327-WA0019.jpg 1600w\" sizes=\"(max-width: 1024px) 100vw, 1024px\" \/><\/a><\/figure>\n\n\n\n<figure class=\"wp-block-image size-large\"><a href=\"https:\/\/www.spa-grillon.fr\/wp-content\/uploads\/2024\/02\/20240220_142103-1.jpg\"><img decoding=\"async\" loading=\"lazy\" width=\"1024\" height=\"737\" src=\"https:\/\/www.spa-grillon.fr\/wp-content\/uploads\/2024\/02\/20240220_142103-1-1024x737.jpg\" alt=\"\" class=\"wp-image-14699\" srcset=\"https:\/\/www.spa-grillon.fr\/wp-content\/uploads\/2024\/02\/20240220_142103-1-1024x737.jpg 1024w, https:\/\/www.spa-grillon.fr\/wp-content\/uploads\/2024\/02\/20240220_142103-1-300x216.jpg 300w, https:\/\/www.spa-grillon.fr\/wp-content\/uploads\/2024\/02\/20240220_142103-1-768x553.jpg 768w, https:\/\/www.spa-grillon.fr\/wp-content\/uploads\/2024\/02\/20240220_142103-1-1536x1105.jpg 1536w, https:\/\/www.spa-grillon.fr\/wp-content\/uploads\/2024\/02\/20240220_142103-1-2048x1473.jpg 2048w\" sizes=\"(max-width: 1024px) 100vw, 1024px\" \/><\/a><\/figure>\n\n\n\n<div class=\"wp-block-group is-nowrap is-layout-flex wp-container-1\">\n<figure class=\"wp-block-image size-large\"><a href=\"https:\/\/www.spa-grillon.fr\/wp-content\/uploads\/2024\/03\/IMG-20240325-WA0014.jpg\"><img decoding=\"async\" loading=\"lazy\" width=\"1024\" height=\"768\" src=\"https:\/\/www.spa-grillon.fr\/wp-content\/uploads\/2024\/03\/IMG-20240325-WA0014-1024x768.jpg\" alt=\"\" class=\"wp-image-15202\" srcset=\"https:\/\/www.spa-grillon.fr\/wp-content\/uploads\/2024\/03\/IMG-20240325-WA0014-1024x768.jpg 1024w, https:\/\/www.spa-grillon.fr\/wp-content\/uploads\/2024\/03\/IMG-20240325-WA0014-300x225.jpg 300w, https:\/\/www.spa-grillon.fr\/wp-content\/uploads\/2024\/03\/IMG-20240325-WA0014-768x576.jpg 768w, https:\/\/www.spa-grillon.fr\/wp-content\/uploads\/2024\/03\/IMG-20240325-WA0014-1536x1152.jpg 1536w, https:\/\/www.spa-grillon.fr\/wp-content\/uploads\/2024\/03\/IMG-20240325-WA0014.jpg 1600w\" sizes=\"(max-width: 1024px) 100vw, 1024px\" \/><\/a><figcaption class=\"wp-element-caption\">En tout cas, elle aime partager ! <\/figcaption><\/figure>\n<\/div>\n\n\n\n<figure class=\"wp-block-image size-large\"><a href=\"https:\/\/www.spa-grillon.fr\/wp-content\/uploads\/2024\/02\/20240213_154306-3-scaled.jpg\"><img decoding=\"async\" loading=\"lazy\" width=\"2560\" height=\"1440\" src=\"https:\/\/www.spa-grillon.fr\/wp-content\/uploads\/2024\/02\/20240213_154306-3-edited-1-scaled.jpg\" alt=\"\" class=\"wp-image-14734\" srcset=\"https:\/\/www.spa-grillon.fr\/wp-content\/uploads\/2024\/02\/20240213_154306-3-edited-1-scaled.jpg 2560w, https:\/\/www.spa-grillon.fr\/wp-content\/uploads\/2024\/02\/20240213_154306-3-edited-1-300x169.jpg 300w, https:\/\/www.spa-grillon.fr\/wp-content\/uploads\/2024\/02\/20240213_154306-3-edited-1-1024x576.jpg 1024w, https:\/\/www.spa-grillon.fr\/wp-content\/uploads\/2024\/02\/20240213_154306-3-edited-1-768x432.jpg 768w, https:\/\/www.spa-grillon.fr\/wp-content\/uploads\/2024\/02\/20240213_154306-3-edited-1-1536x864.jpg 1536w, https:\/\/www.spa-grillon.fr\/wp-content\/uploads\/2024\/02\/20240213_154306-3-edited-1-2048x1152.jpg 2048w\" sizes=\"(max-width: 2560px) 100vw, 2560px\" \/><\/a><\/figure>\n\n\n\n<figure class=\"wp-block-video\"><video controls src=\"https:\/\/www.spa-grillon.fr\/wp-content\/uploads\/2024\/02\/20240220_122839_001.mp4\"><\/video><\/figure>\n","protected":false},"excerpt":{"rendered":"<p>Annabelle, jolie minette \u00e0 la robe tricolore dilu\u00e9e, vivait la vie paisible de chat de village, partageant une maison et une ruelle fr\u00e9quent\u00e9e par de nombreux matous, Simone, Bagheera, Jo et quelques autres. Malheureusement, son humain est d\u00e9c\u00e9d\u00e9 et elle &hellip; <a href=\"https:\/\/www.spa-grillon.fr\/?page_id=14697\">Continuer la lecture <span class=\"meta-nav\">&rarr;<\/span><\/a><\/p>\n","protected":false},"author":2,"featured_media":0,"parent":0,"menu_order":0,"comment_status":"closed","ping_status":"closed","template":"","meta":[],"_links":{"self":[{"href":"https:\/\/www.spa-grillon.fr\/index.php?rest_route=\/wp\/v2\/pages\/14697"}],"collection":[{"href":"https:\/\/www.spa-grillon.fr\/index.php?rest_route=\/wp\/v2\/pages"}],"about":[{"href":"https:\/\/www.spa-grillon.fr\/index.php?rest_route=\/wp\/v2\/types\/page"}],"author":[{"embeddable":true,"href":"https:\/\/www.spa-grillon.fr\/index.php?rest_route=\/wp\/v2\/users\/2"}],"replies":[{"embeddable":true,"href":"https:\/\/www.spa-grillon.fr\/index.php?rest_route=%2Fwp%2Fv2%2Fcomments&post=14697"}],"version-history":[{"count":11,"href":"https:\/\/www.spa-grillon.fr\/index.php?rest_route=\/wp\/v2\/pages\/14697\/revisions"}],"predecessor-version":[{"id":15260,"href":"https:\/\/www.spa-grillon.fr\/index.php?rest_route=\/wp\/v2\/pages\/14697\/revisions\/15260"}],"wp:attachment":[{"href":"https:\/\/www.spa-grillon.fr\/index.php?rest_route=%2Fwp%2Fv2%2Fmedia&parent=14697"}],"curies":[{"name":"wp","href":"https:\/\/api.w.org\/{rel}","templated":true}]}}