{"id":14878,"date":"2024-02-23T09:05:50","date_gmt":"2024-02-23T08:05:50","guid":{"rendered":"https:\/\/www.spa-grillon.fr\/?page_id=14878"},"modified":"2026-03-20T18:20:14","modified_gmt":"2026-03-20T17:20:14","slug":"gypsy","status":"publish","type":"page","link":"https:\/\/www.spa-grillon.fr\/?page_id=14878","title":{"rendered":"GYPSY"},"content":{"rendered":"\n<div class=\"wp-block-media-text alignwide is-stacked-on-mobile\"><figure class=\"wp-block-media-text__media\"><img decoding=\"async\" loading=\"lazy\" width=\"1024\" height=\"1024\" src=\"https:\/\/www.spa-grillon.fr\/wp-content\/uploads\/2024\/02\/Gypsie-5-e1708675411661-1024x1024.jpg\" alt=\"\" class=\"wp-image-14883 size-full\" srcset=\"https:\/\/www.spa-grillon.fr\/wp-content\/uploads\/2024\/02\/Gypsie-5-e1708675411661-1024x1024.jpg 1024w, https:\/\/www.spa-grillon.fr\/wp-content\/uploads\/2024\/02\/Gypsie-5-e1708675411661-300x300.jpg 300w, https:\/\/www.spa-grillon.fr\/wp-content\/uploads\/2024\/02\/Gypsie-5-e1708675411661-150x150.jpg 150w, https:\/\/www.spa-grillon.fr\/wp-content\/uploads\/2024\/02\/Gypsie-5-e1708675411661-768x768.jpg 768w, https:\/\/www.spa-grillon.fr\/wp-content\/uploads\/2024\/02\/Gypsie-5-e1708675411661.jpg 1422w\" sizes=\"(max-width: 1024px) 100vw, 1024px\" \/><\/figure><div class=\"wp-block-media-text__content\">\n<p><strong>Sexe<\/strong> : m\u00e2le<\/p>\n\n\n\n<p><strong>Race<\/strong> : crois\u00e9 labrador<\/p>\n\n\n\n<p><strong>Age<\/strong> : n\u00e9 en 08\/2013<\/p>\n\n\n\n<p><strong>Taille<\/strong> : grande<\/p>\n<\/div><\/div>\n\n\n\n<p style=\"text-align: justify;\"> Caract\u00e9ristiques : Gypsy tra\u00eenait dans Visan depuis longtemps et a fini par nous \u00eatre amen\u00e9 au refuge. Son propri\u00e9taire n&rsquo;est jamais venu le r\u00e9cup\u00e9rer. C&rsquo;est un gentil chien qui semble s&rsquo;adapter \u00e0 beaucoup de situations. En revanche il n&rsquo;a pas beaucoup d&rsquo;\u00e9ducation. Il tire beaucoup en laisse ayant pris sans doute l&rsquo;habitude de balader par ses propres moyens. Il croise facilement les v\u00e9los, les voitures, les gens et n&rsquo;a aucune crainte de la ville. Il appr\u00e9cie beaucoup les attentions  et il a une sacr\u00e9e \u00e9nergie pour un papy de plus de dix ans ! Il c\u00f4toie les autres chiens sans probl\u00e8me. Mais dans une maison, il veut toute la place pour lui : sa r\u00e9cente adoption a \u00e9chou\u00e9 car au bout de deux semaines, il n&rsquo;a plus laiss\u00e9 le vieux chien de la famille s&rsquo;approcher de son ma\u00eetre. Cette situation se serait sans doute r\u00e9gl\u00e9e avec un peu d&rsquo;\u00e9ducation mais le grand \u00e2ge de l&rsquo;autre chien a conduit son adoptant \u00e0 nous le ramener pour laisser son autre compagnon finir ses jours sereinement, ce qui est bien compr\u00e9hensible. Pour les chats, c&rsquo;est moins clair. Il est en excellente sant\u00e9. Il faudra \u00e0 Gypsy une maison avec un jardin clos et un peu de pr\u00e9sence tout de m\u00eame. Il a vraisemblablement \u00e9t\u00e9 livr\u00e9 \u00e0 lui-m\u00eame donc une retraite de chien choy\u00e9 lui conviendrait bien. En raison de son \u00e2ge, Gypsy b\u00e9n\u00e9ficie de l&rsquo;op\u00e9ration Doyens de 30 Millions d&rsquo;Amis qui prend en charge les frais v\u00e9t\u00e9rinaires \u00e0 hauteur de 1000euros. <p style=\"text-align: justify;\">\n\n\n<div class=\"wp-block-image\">\n<figure class=\"aligncenter size-large is-resized\"><a href=\"https:\/\/www.spa-grillon.fr\/wp-content\/uploads\/2025\/11\/Gypsy-scaled.jpg\"><img decoding=\"async\" loading=\"lazy\" src=\"https:\/\/www.spa-grillon.fr\/wp-content\/uploads\/2025\/11\/Gypsy-683x1024.jpg\" alt=\"\" class=\"wp-image-17908\" width=\"457\" height=\"685\" srcset=\"https:\/\/www.spa-grillon.fr\/wp-content\/uploads\/2025\/11\/Gypsy-683x1024.jpg 683w, https:\/\/www.spa-grillon.fr\/wp-content\/uploads\/2025\/11\/Gypsy-200x300.jpg 200w, https:\/\/www.spa-grillon.fr\/wp-content\/uploads\/2025\/11\/Gypsy-768x1152.jpg 768w, https:\/\/www.spa-grillon.fr\/wp-content\/uploads\/2025\/11\/Gypsy-1024x1536.jpg 1024w, https:\/\/www.spa-grillon.fr\/wp-content\/uploads\/2025\/11\/Gypsy-1365x2048.jpg 1365w, https:\/\/www.spa-grillon.fr\/wp-content\/uploads\/2025\/11\/Gypsy-scaled.jpg 1707w\" sizes=\"(max-width: 457px) 100vw, 457px\" \/><\/a><\/figure><\/div>\n\n<div class=\"wp-block-image\">\n<figure class=\"aligncenter size-large is-resized\"><a href=\"https:\/\/www.spa-grillon.fr\/wp-content\/uploads\/2024\/02\/Gypsie-7.jpg\"><img decoding=\"async\" loading=\"lazy\" src=\"https:\/\/www.spa-grillon.fr\/wp-content\/uploads\/2024\/02\/Gypsie-7-1024x1008.jpg\" alt=\"\" class=\"wp-image-14884\" width=\"543\" height=\"534\" srcset=\"https:\/\/www.spa-grillon.fr\/wp-content\/uploads\/2024\/02\/Gypsie-7-1024x1008.jpg 1024w, https:\/\/www.spa-grillon.fr\/wp-content\/uploads\/2024\/02\/Gypsie-7-300x295.jpg 300w, https:\/\/www.spa-grillon.fr\/wp-content\/uploads\/2024\/02\/Gypsie-7-768x756.jpg 768w, https:\/\/www.spa-grillon.fr\/wp-content\/uploads\/2024\/02\/Gypsie-7.jpg 1494w\" sizes=\"(max-width: 543px) 100vw, 543px\" \/><\/a><\/figure><\/div>\n\n<div class=\"wp-block-image\">\n<figure class=\"aligncenter size-large is-resized\"><a href=\"https:\/\/www.spa-grillon.fr\/wp-content\/uploads\/2024\/09\/Gipsy-1.jpg\"><img decoding=\"async\" loading=\"lazy\" src=\"https:\/\/www.spa-grillon.fr\/wp-content\/uploads\/2024\/09\/Gipsy-1-1024x1024.jpg\" alt=\"\" class=\"wp-image-15927\" width=\"543\" height=\"543\" srcset=\"https:\/\/www.spa-grillon.fr\/wp-content\/uploads\/2024\/09\/Gipsy-1-1024x1024.jpg 1024w, https:\/\/www.spa-grillon.fr\/wp-content\/uploads\/2024\/09\/Gipsy-1-300x300.jpg 300w, https:\/\/www.spa-grillon.fr\/wp-content\/uploads\/2024\/09\/Gipsy-1-150x150.jpg 150w, https:\/\/www.spa-grillon.fr\/wp-content\/uploads\/2024\/09\/Gipsy-1-768x768.jpg 768w, https:\/\/www.spa-grillon.fr\/wp-content\/uploads\/2024\/09\/Gipsy-1.jpg 1515w\" sizes=\"(max-width: 543px) 100vw, 543px\" \/><\/a><\/figure><\/div>\n\n<div class=\"wp-block-image\">\n<figure class=\"aligncenter size-large is-resized\"><a href=\"https:\/\/www.spa-grillon.fr\/wp-content\/uploads\/2024\/09\/Gipsy-2.jpg\"><img decoding=\"async\" loading=\"lazy\" src=\"https:\/\/www.spa-grillon.fr\/wp-content\/uploads\/2024\/09\/Gipsy-2-876x1024.jpg\" alt=\"\" class=\"wp-image-15928\" width=\"412\" height=\"481\" srcset=\"https:\/\/www.spa-grillon.fr\/wp-content\/uploads\/2024\/09\/Gipsy-2-876x1024.jpg 876w, https:\/\/www.spa-grillon.fr\/wp-content\/uploads\/2024\/09\/Gipsy-2-257x300.jpg 257w, https:\/\/www.spa-grillon.fr\/wp-content\/uploads\/2024\/09\/Gipsy-2-768x898.jpg 768w, https:\/\/www.spa-grillon.fr\/wp-content\/uploads\/2024\/09\/Gipsy-2.jpg 906w\" sizes=\"(max-width: 412px) 100vw, 412px\" \/><\/a><\/figure><\/div>\n\n<div class=\"wp-block-image\">\n<figure class=\"aligncenter size-large is-resized\"><a href=\"https:\/\/www.spa-grillon.fr\/wp-content\/uploads\/2024\/02\/Gypsie-1.jpg\"><img decoding=\"async\" loading=\"lazy\" src=\"https:\/\/www.spa-grillon.fr\/wp-content\/uploads\/2024\/02\/Gypsie-1-1024x969.jpg\" alt=\"\" class=\"wp-image-14880\" width=\"542\" height=\"513\"\/><\/a><\/figure><\/div>\n\n<div class=\"wp-block-image\">\n<figure class=\"aligncenter size-large is-resized\"><a href=\"https:\/\/www.spa-grillon.fr\/wp-content\/uploads\/2024\/02\/Gypsie-2.jpg\"><img decoding=\"async\" loading=\"lazy\" src=\"https:\/\/www.spa-grillon.fr\/wp-content\/uploads\/2024\/02\/Gypsie-2-967x1024.jpg\" alt=\"\" class=\"wp-image-14881\" width=\"542\" height=\"574\" srcset=\"https:\/\/www.spa-grillon.fr\/wp-content\/uploads\/2024\/02\/Gypsie-2-967x1024.jpg 967w, https:\/\/www.spa-grillon.fr\/wp-content\/uploads\/2024\/02\/Gypsie-2-283x300.jpg 283w, https:\/\/www.spa-grillon.fr\/wp-content\/uploads\/2024\/02\/Gypsie-2-768x813.jpg 768w, https:\/\/www.spa-grillon.fr\/wp-content\/uploads\/2024\/02\/Gypsie-2.jpg 1207w\" sizes=\"(max-width: 542px) 100vw, 542px\" \/><\/a><\/figure><\/div>","protected":false},"excerpt":{"rendered":"<p>Sexe : m\u00e2le Race : crois\u00e9 labrador Age : n\u00e9 en 08\/2013 Taille : grande Caract\u00e9ristiques : Gypsy tra\u00eenait dans Visan depuis longtemps et a fini par nous \u00eatre amen\u00e9 au refuge. Son propri\u00e9taire n&rsquo;est jamais venu le r\u00e9cup\u00e9rer. C&rsquo;est &hellip; <a href=\"https:\/\/www.spa-grillon.fr\/?page_id=14878\">Continuer la lecture <span class=\"meta-nav\">&rarr;<\/span><\/a><\/p>\n","protected":false},"author":2,"featured_media":0,"parent":0,"menu_order":0,"comment_status":"closed","ping_status":"closed","template":"","meta":[],"_links":{"self":[{"href":"https:\/\/www.spa-grillon.fr\/index.php?rest_route=\/wp\/v2\/pages\/14878"}],"collection":[{"href":"https:\/\/www.spa-grillon.fr\/index.php?rest_route=\/wp\/v2\/pages"}],"about":[{"href":"https:\/\/www.spa-grillon.fr\/index.php?rest_route=\/wp\/v2\/types\/page"}],"author":[{"embeddable":true,"href":"https:\/\/www.spa-grillon.fr\/index.php?rest_route=\/wp\/v2\/users\/2"}],"replies":[{"embeddable":true,"href":"https:\/\/www.spa-grillon.fr\/index.php?rest_route=%2Fwp%2Fv2%2Fcomments&post=14878"}],"version-history":[{"count":9,"href":"https:\/\/www.spa-grillon.fr\/index.php?rest_route=\/wp\/v2\/pages\/14878\/revisions"}],"predecessor-version":[{"id":18512,"href":"https:\/\/www.spa-grillon.fr\/index.php?rest_route=\/wp\/v2\/pages\/14878\/revisions\/18512"}],"wp:attachment":[{"href":"https:\/\/www.spa-grillon.fr\/index.php?rest_route=%2Fwp%2Fv2%2Fmedia&parent=14878"}],"curies":[{"name":"wp","href":"https:\/\/api.w.org\/{rel}","templated":true}]}}