{"id":15622,"date":"2024-07-08T16:51:38","date_gmt":"2024-07-08T15:51:38","guid":{"rendered":"https:\/\/www.spa-grillon.fr\/?page_id=15622"},"modified":"2024-07-19T17:08:04","modified_gmt":"2024-07-19T16:08:04","slug":"fiche-solidaire-neon","status":"publish","type":"page","link":"https:\/\/www.spa-grillon.fr\/?page_id=15622","title":{"rendered":"FICHE SOLIDAIRE &#8211; NEON"},"content":{"rendered":"\n<div class=\"wp-block-media-text alignwide is-stacked-on-mobile\"><figure class=\"wp-block-media-text__media\"><img decoding=\"async\" src=\"https:\/\/www.spa-grillon.fr\/wp-content\/uploads\/2024\/07\/NEON-REF-iSA-ET-ROSALBA-1-283x300-1.jpg\" alt=\"\" class=\"wp-image-15623 size-full\"\/><\/figure><div class=\"wp-block-media-text__content\">\n<p class=\"has-text-align-center\"><strong>ASSOCIATION 4 PATTES SANS TOIT <\/strong><\/p>\n\n\n\n<p> <strong>Sexe <\/strong>: m\u00e2le<\/p>\n\n\n\n<p><strong>Race <\/strong>: fauve de bretagne <\/p>\n\n\n\n<p><strong>Age <\/strong>: n\u00e9 le 27\/05\/2017<\/p>\n\n\n\n<p><strong>Taille <\/strong>: grande<\/p>\n<\/div><\/div>\n\n\n\n<p style=\"text-align: justify;\"> N\u00e9on est un prot\u00e9g\u00e9 de l&rsquo;association 4 Pattes sans toit. Ce gentil loulou plein de peps a toujours v\u00e9cu \u00e0 la campagne et dehors. C&rsquo;est un chien rustique et facile. Bien qu\u2019ayant toujours v\u00e9cu avec d\u2019autres chiens, il a ses t\u00eates et il peut le faire comprendre. Il s&rsquo;entend bien avec les femelles et certains m\u00e2les mais il peut se f\u00e2cher quand il sent trop de concurrence. Il n&rsquo;aime pas les chats. En revanche, il aime beaucoup les humains! Il est tr\u00e8s joueur. Ce n&rsquo;est pas un bon chien de chasse, plut\u00f4t un chien de famille, m\u00eame si son ancien ma\u00eetre l\u2019emmenait en balade de chasse. Il a l\u2019habitude de la voiture et il marche en laisse sans trop tirer. Il lui faudra une maison avec un terrain bien cl\u00f4tur\u00e9 (ce n&rsquo;est pas un chien d&rsquo;appartement), et de grandes promenades dans la nature seront indispensables.<p style=\"text-align: justify;\">\n\n\n\n<p class=\"has-text-align-center\">Si vous souhaitez plus de renseignements , appelez le 06.74.93.63.28. <\/p>\n\n\n<div class=\"wp-block-image\">\n<figure class=\"aligncenter size-large is-resized\"><a href=\"https:\/\/www.spa-grillon.fr\/wp-content\/uploads\/2024\/07\/Neon-1.jpg\"><img decoding=\"async\" loading=\"lazy\" src=\"https:\/\/www.spa-grillon.fr\/wp-content\/uploads\/2024\/07\/Neon-1-971x1024.jpg\" alt=\"\" class=\"wp-image-15719\" width=\"503\" height=\"530\" srcset=\"https:\/\/www.spa-grillon.fr\/wp-content\/uploads\/2024\/07\/Neon-1-971x1024.jpg 971w, https:\/\/www.spa-grillon.fr\/wp-content\/uploads\/2024\/07\/Neon-1-284x300.jpg 284w, https:\/\/www.spa-grillon.fr\/wp-content\/uploads\/2024\/07\/Neon-1-768x810.jpg 768w, https:\/\/www.spa-grillon.fr\/wp-content\/uploads\/2024\/07\/Neon-1-1456x1536.jpg 1456w, https:\/\/www.spa-grillon.fr\/wp-content\/uploads\/2024\/07\/Neon-1.jpg 1514w\" sizes=\"(max-width: 503px) 100vw, 503px\" \/><\/a><\/figure><\/div>\n\n<div class=\"wp-block-image\">\n<figure class=\"aligncenter size-large is-resized\"><a href=\"https:\/\/www.spa-grillon.fr\/wp-content\/uploads\/2024\/07\/Neon-4-1.jpg\"><img decoding=\"async\" loading=\"lazy\" src=\"https:\/\/www.spa-grillon.fr\/wp-content\/uploads\/2024\/07\/Neon-4-1-1024x973.jpg\" alt=\"\" class=\"wp-image-15720\" width=\"501\" height=\"475\" srcset=\"https:\/\/www.spa-grillon.fr\/wp-content\/uploads\/2024\/07\/Neon-4-1-1024x973.jpg 1024w, https:\/\/www.spa-grillon.fr\/wp-content\/uploads\/2024\/07\/Neon-4-1-300x285.jpg 300w, https:\/\/www.spa-grillon.fr\/wp-content\/uploads\/2024\/07\/Neon-4-1-768x730.jpg 768w, https:\/\/www.spa-grillon.fr\/wp-content\/uploads\/2024\/07\/Neon-4-1-1536x1460.jpg 1536w, https:\/\/www.spa-grillon.fr\/wp-content\/uploads\/2024\/07\/Neon-4-1.jpg 1894w\" sizes=\"(max-width: 501px) 100vw, 501px\" \/><\/a><\/figure><\/div>\n\n<div class=\"wp-block-image is-style-rounded\">\n<figure class=\"aligncenter size-large\"><a href=\"https:\/\/www.spa-grillon.fr\/wp-content\/uploads\/2024\/07\/Neon-3.jpg\"><img decoding=\"async\" loading=\"lazy\" width=\"1024\" height=\"1024\" src=\"https:\/\/www.spa-grillon.fr\/wp-content\/uploads\/2024\/07\/Neon-3-1024x1024.jpg\" alt=\"\" class=\"wp-image-15722\" srcset=\"https:\/\/www.spa-grillon.fr\/wp-content\/uploads\/2024\/07\/Neon-3-1024x1024.jpg 1024w, https:\/\/www.spa-grillon.fr\/wp-content\/uploads\/2024\/07\/Neon-3-300x300.jpg 300w, https:\/\/www.spa-grillon.fr\/wp-content\/uploads\/2024\/07\/Neon-3-150x150.jpg 150w, https:\/\/www.spa-grillon.fr\/wp-content\/uploads\/2024\/07\/Neon-3-768x768.jpg 768w, https:\/\/www.spa-grillon.fr\/wp-content\/uploads\/2024\/07\/Neon-3-1536x1536.jpg 1536w, https:\/\/www.spa-grillon.fr\/wp-content\/uploads\/2024\/07\/Neon-3.jpg 1548w\" sizes=\"(max-width: 1024px) 100vw, 1024px\" \/><\/a><\/figure><\/div>","protected":false},"excerpt":{"rendered":"<p>ASSOCIATION 4 PATTES SANS TOIT Sexe : m\u00e2le Race : fauve de bretagne Age : n\u00e9 le 27\/05\/2017 Taille : grande N\u00e9on est un prot\u00e9g\u00e9 de l&rsquo;association 4 Pattes sans toit. Ce gentil loulou plein de peps a toujours v\u00e9cu &hellip; <a href=\"https:\/\/www.spa-grillon.fr\/?page_id=15622\">Continuer la lecture <span class=\"meta-nav\">&rarr;<\/span><\/a><\/p>\n","protected":false},"author":2,"featured_media":0,"parent":0,"menu_order":0,"comment_status":"closed","ping_status":"closed","template":"","meta":[],"_links":{"self":[{"href":"https:\/\/www.spa-grillon.fr\/index.php?rest_route=\/wp\/v2\/pages\/15622"}],"collection":[{"href":"https:\/\/www.spa-grillon.fr\/index.php?rest_route=\/wp\/v2\/pages"}],"about":[{"href":"https:\/\/www.spa-grillon.fr\/index.php?rest_route=\/wp\/v2\/types\/page"}],"author":[{"embeddable":true,"href":"https:\/\/www.spa-grillon.fr\/index.php?rest_route=\/wp\/v2\/users\/2"}],"replies":[{"embeddable":true,"href":"https:\/\/www.spa-grillon.fr\/index.php?rest_route=%2Fwp%2Fv2%2Fcomments&post=15622"}],"version-history":[{"count":4,"href":"https:\/\/www.spa-grillon.fr\/index.php?rest_route=\/wp\/v2\/pages\/15622\/revisions"}],"predecessor-version":[{"id":15724,"href":"https:\/\/www.spa-grillon.fr\/index.php?rest_route=\/wp\/v2\/pages\/15622\/revisions\/15724"}],"wp:attachment":[{"href":"https:\/\/www.spa-grillon.fr\/index.php?rest_route=%2Fwp%2Fv2%2Fmedia&parent=15622"}],"curies":[{"name":"wp","href":"https:\/\/api.w.org\/{rel}","templated":true}]}}