{"id":15689,"date":"2024-07-19T16:13:18","date_gmt":"2024-07-19T15:13:18","guid":{"rendered":"https:\/\/www.spa-grillon.fr\/?page_id=15689"},"modified":"2025-11-07T18:26:48","modified_gmt":"2025-11-07T17:26:48","slug":"hutch","status":"publish","type":"page","link":"https:\/\/www.spa-grillon.fr\/?page_id=15689","title":{"rendered":"HUTCH"},"content":{"rendered":"\n<div class=\"wp-block-media-text alignwide is-stacked-on-mobile\"><figure class=\"wp-block-media-text__media\"><img decoding=\"async\" loading=\"lazy\" width=\"1024\" height=\"1024\" src=\"https:\/\/www.spa-grillon.fr\/wp-content\/uploads\/2024\/07\/Hutch-7-1024x1024.jpg\" alt=\"\" class=\"wp-image-15690 size-full\" srcset=\"https:\/\/www.spa-grillon.fr\/wp-content\/uploads\/2024\/07\/Hutch-7-1024x1024.jpg 1024w, https:\/\/www.spa-grillon.fr\/wp-content\/uploads\/2024\/07\/Hutch-7-300x300.jpg 300w, https:\/\/www.spa-grillon.fr\/wp-content\/uploads\/2024\/07\/Hutch-7-150x150.jpg 150w, https:\/\/www.spa-grillon.fr\/wp-content\/uploads\/2024\/07\/Hutch-7-768x768.jpg 768w, https:\/\/www.spa-grillon.fr\/wp-content\/uploads\/2024\/07\/Hutch-7-1536x1536.jpg 1536w, https:\/\/www.spa-grillon.fr\/wp-content\/uploads\/2024\/07\/Hutch-7.jpg 1704w\" sizes=\"(max-width: 1024px) 100vw, 1024px\" \/><\/figure><div class=\"wp-block-media-text__content\">\n<p><strong>Sexe <\/strong>: m\u00e2le<\/p>\n\n\n\n<p><strong>Race <\/strong>: griffon<\/p>\n\n\n\n<p><strong>Age <\/strong>: n\u00e9 en 01\/2019<\/p>\n\n\n\n<p><strong>Taille <\/strong>: grande<\/p>\n<\/div><\/div>\n\n\n\n<p style=\"text-align: justify;\"> Hutch est arriv\u00e9 par la fourri\u00e8re et n&rsquo;a jamais \u00e9t\u00e9 r\u00e9clam\u00e9 par le propri\u00e9taire qu&rsquo;il avait certainement car il est arriv\u00e9 bien grassouillet et tr\u00e8s sociable. C&rsquo;est un chien rustique, qui a l&rsquo;habitude de rester sagement dans une niche. Il n&rsquo;aboie pas outre mesure (sauf quand il balade : l\u00e0 sa nature reprend le dessus et il se prend pour un grand chasseur) et se montre assez calme. Il tire beaucoup en laisse maintenant et il faudra un peu de temps pour que les promenades soient plus faciles. Il ne semble pas appr\u00e9cier les chats. Quant aux chiens, il est plut\u00f4t copain avec tout le monde : il participe aux randonn\u00e9es collectives et tout se passe bien. Depuis quelque temps, il cohabite m\u00eame avec un autre chien sans souci et il est totalement indiff\u00e9rent aux rodomontades de ses voisins de parc. Depuis qu&rsquo;il est castr\u00e9, il ne grogne plus \u00e0 ses rivaux masculins. C&rsquo;est un gentil chien, facile \u00e0 vivre mais qui n\u00e9cessitera un ext\u00e9rieur : ce n&rsquo;est pas un candidat pour l&rsquo;appartement. Un peu de soleil, un peu d&rsquo;herbe, un peu de compagnie et il sera heureux ! Et vous aussi car comme beaucoup de griffons, il fait preuve d&rsquo;une gentillesse envers les humains qui n&rsquo;a d&rsquo;\u00e9gale que la douceur de son regard. Il peut convenir \u00e0 tout type de famille, nombreuse ou plus solitaire. <p style=\"text-align: justify;\">\n\n\n<div class=\"wp-block-image\">\n<figure class=\"aligncenter size-large is-resized\"><a href=\"https:\/\/www.spa-grillon.fr\/wp-content\/uploads\/2025\/11\/Hutch-2.jpg\"><img decoding=\"async\" loading=\"lazy\" src=\"https:\/\/www.spa-grillon.fr\/wp-content\/uploads\/2025\/11\/Hutch-2-1024x1024.jpg\" alt=\"\" class=\"wp-image-17883\" width=\"519\" height=\"519\" srcset=\"https:\/\/www.spa-grillon.fr\/wp-content\/uploads\/2025\/11\/Hutch-2-1024x1024.jpg 1024w, https:\/\/www.spa-grillon.fr\/wp-content\/uploads\/2025\/11\/Hutch-2-300x300.jpg 300w, https:\/\/www.spa-grillon.fr\/wp-content\/uploads\/2025\/11\/Hutch-2-150x150.jpg 150w, https:\/\/www.spa-grillon.fr\/wp-content\/uploads\/2025\/11\/Hutch-2-768x768.jpg 768w, https:\/\/www.spa-grillon.fr\/wp-content\/uploads\/2025\/11\/Hutch-2.jpg 1489w\" sizes=\"(max-width: 519px) 100vw, 519px\" \/><\/a><\/figure><\/div>\n\n<div class=\"wp-block-image\">\n<figure class=\"aligncenter size-large is-resized\"><a href=\"https:\/\/www.spa-grillon.fr\/wp-content\/uploads\/2024\/07\/Hutch-3-1.jpg\"><img decoding=\"async\" loading=\"lazy\" src=\"https:\/\/www.spa-grillon.fr\/wp-content\/uploads\/2024\/07\/Hutch-3-1-1024x1024.jpg\" alt=\"\" class=\"wp-image-15692\" width=\"519\" height=\"519\" srcset=\"https:\/\/www.spa-grillon.fr\/wp-content\/uploads\/2024\/07\/Hutch-3-1-1024x1024.jpg 1024w, https:\/\/www.spa-grillon.fr\/wp-content\/uploads\/2024\/07\/Hutch-3-1-300x300.jpg 300w, https:\/\/www.spa-grillon.fr\/wp-content\/uploads\/2024\/07\/Hutch-3-1-150x150.jpg 150w, https:\/\/www.spa-grillon.fr\/wp-content\/uploads\/2024\/07\/Hutch-3-1-768x768.jpg 768w, https:\/\/www.spa-grillon.fr\/wp-content\/uploads\/2024\/07\/Hutch-3-1-1536x1536.jpg 1536w, https:\/\/www.spa-grillon.fr\/wp-content\/uploads\/2024\/07\/Hutch-3-1.jpg 1620w\" sizes=\"(max-width: 519px) 100vw, 519px\" \/><\/a><\/figure><\/div>\n\n<div class=\"wp-block-image\">\n<figure class=\"aligncenter size-large is-resized\"><a href=\"https:\/\/www.spa-grillon.fr\/wp-content\/uploads\/2025\/11\/Hutch-scaled.jpg\"><img decoding=\"async\" loading=\"lazy\" src=\"https:\/\/www.spa-grillon.fr\/wp-content\/uploads\/2025\/11\/Hutch-682x1024.jpg\" alt=\"\" class=\"wp-image-17910\" width=\"517\" height=\"775\" srcset=\"https:\/\/www.spa-grillon.fr\/wp-content\/uploads\/2025\/11\/Hutch-682x1024.jpg 682w, https:\/\/www.spa-grillon.fr\/wp-content\/uploads\/2025\/11\/Hutch-200x300.jpg 200w, https:\/\/www.spa-grillon.fr\/wp-content\/uploads\/2025\/11\/Hutch-768x1152.jpg 768w, https:\/\/www.spa-grillon.fr\/wp-content\/uploads\/2025\/11\/Hutch-1024x1536.jpg 1024w, https:\/\/www.spa-grillon.fr\/wp-content\/uploads\/2025\/11\/Hutch-1365x2048.jpg 1365w, https:\/\/www.spa-grillon.fr\/wp-content\/uploads\/2025\/11\/Hutch-scaled.jpg 1706w\" sizes=\"(max-width: 517px) 100vw, 517px\" \/><\/a><\/figure><\/div>\n\n<div class=\"wp-block-image\">\n<figure class=\"aligncenter size-large is-resized\"><a href=\"https:\/\/www.spa-grillon.fr\/wp-content\/uploads\/2024\/07\/Hutch-5.jpg\"><img decoding=\"async\" loading=\"lazy\" src=\"https:\/\/www.spa-grillon.fr\/wp-content\/uploads\/2024\/07\/Hutch-5-1024x1024.jpg\" alt=\"\" class=\"wp-image-15693\" width=\"522\" height=\"522\" srcset=\"https:\/\/www.spa-grillon.fr\/wp-content\/uploads\/2024\/07\/Hutch-5-1024x1024.jpg 1024w, https:\/\/www.spa-grillon.fr\/wp-content\/uploads\/2024\/07\/Hutch-5-300x300.jpg 300w, https:\/\/www.spa-grillon.fr\/wp-content\/uploads\/2024\/07\/Hutch-5-150x150.jpg 150w, https:\/\/www.spa-grillon.fr\/wp-content\/uploads\/2024\/07\/Hutch-5-768x768.jpg 768w, https:\/\/www.spa-grillon.fr\/wp-content\/uploads\/2024\/07\/Hutch-5-1536x1536.jpg 1536w, https:\/\/www.spa-grillon.fr\/wp-content\/uploads\/2024\/07\/Hutch-5.jpg 1593w\" sizes=\"(max-width: 522px) 100vw, 522px\" \/><\/a><\/figure><\/div>\n\n<div class=\"wp-block-image\">\n<figure class=\"aligncenter size-large is-resized\"><a href=\"https:\/\/www.spa-grillon.fr\/wp-content\/uploads\/2024\/07\/Hutch-1-rotated.jpg\"><img decoding=\"async\" loading=\"lazy\" src=\"https:\/\/www.spa-grillon.fr\/wp-content\/uploads\/2024\/07\/Hutch-1-edited-1.jpg\" alt=\"\" class=\"wp-image-15696\" width=\"521\" height=\"668\" srcset=\"https:\/\/www.spa-grillon.fr\/wp-content\/uploads\/2024\/07\/Hutch-1-edited-1.jpg 1800w, https:\/\/www.spa-grillon.fr\/wp-content\/uploads\/2024\/07\/Hutch-1-edited-1-233x300.jpg 233w, https:\/\/www.spa-grillon.fr\/wp-content\/uploads\/2024\/07\/Hutch-1-edited-1-797x1024.jpg 797w, https:\/\/www.spa-grillon.fr\/wp-content\/uploads\/2024\/07\/Hutch-1-edited-1-1594x2048.jpg 1594w\" sizes=\"(max-width: 521px) 100vw, 521px\" \/><\/a><\/figure><\/div>","protected":false},"excerpt":{"rendered":"<p>Sexe : m\u00e2le Race : griffon Age : n\u00e9 en 01\/2019 Taille : grande Hutch est arriv\u00e9 par la fourri\u00e8re et n&rsquo;a jamais \u00e9t\u00e9 r\u00e9clam\u00e9 par le propri\u00e9taire qu&rsquo;il avait certainement car il est arriv\u00e9 bien grassouillet et tr\u00e8s sociable. &hellip; <a href=\"https:\/\/www.spa-grillon.fr\/?page_id=15689\">Continuer la lecture <span class=\"meta-nav\">&rarr;<\/span><\/a><\/p>\n","protected":false},"author":2,"featured_media":0,"parent":0,"menu_order":0,"comment_status":"closed","ping_status":"closed","template":"","meta":[],"_links":{"self":[{"href":"https:\/\/www.spa-grillon.fr\/index.php?rest_route=\/wp\/v2\/pages\/15689"}],"collection":[{"href":"https:\/\/www.spa-grillon.fr\/index.php?rest_route=\/wp\/v2\/pages"}],"about":[{"href":"https:\/\/www.spa-grillon.fr\/index.php?rest_route=\/wp\/v2\/types\/page"}],"author":[{"embeddable":true,"href":"https:\/\/www.spa-grillon.fr\/index.php?rest_route=\/wp\/v2\/users\/2"}],"replies":[{"embeddable":true,"href":"https:\/\/www.spa-grillon.fr\/index.php?rest_route=%2Fwp%2Fv2%2Fcomments&post=15689"}],"version-history":[{"count":7,"href":"https:\/\/www.spa-grillon.fr\/index.php?rest_route=\/wp\/v2\/pages\/15689\/revisions"}],"predecessor-version":[{"id":17911,"href":"https:\/\/www.spa-grillon.fr\/index.php?rest_route=\/wp\/v2\/pages\/15689\/revisions\/17911"}],"wp:attachment":[{"href":"https:\/\/www.spa-grillon.fr\/index.php?rest_route=%2Fwp%2Fv2%2Fmedia&parent=15689"}],"curies":[{"name":"wp","href":"https:\/\/api.w.org\/{rel}","templated":true}]}}