{"id":15753,"date":"2024-08-06T17:40:28","date_gmt":"2024-08-06T16:40:28","guid":{"rendered":"https:\/\/www.spa-grillon.fr\/?page_id=15753"},"modified":"2025-11-07T18:23:26","modified_gmt":"2025-11-07T17:23:26","slug":"fiche-solidaire-patch","status":"publish","type":"page","link":"https:\/\/www.spa-grillon.fr\/?page_id=15753","title":{"rendered":"FICHE SOLIDAIRE &#8211; PATCH"},"content":{"rendered":"\n<div class=\"wp-block-media-text alignwide is-stacked-on-mobile\"><figure class=\"wp-block-media-text__media\"><img decoding=\"async\" loading=\"lazy\" width=\"815\" height=\"1024\" src=\"https:\/\/www.spa-grillon.fr\/wp-content\/uploads\/2024\/08\/PATCH-2-815x1024.jpg\" alt=\"\" class=\"wp-image-15754 size-full\" srcset=\"https:\/\/www.spa-grillon.fr\/wp-content\/uploads\/2024\/08\/PATCH-2-815x1024.jpg 815w, https:\/\/www.spa-grillon.fr\/wp-content\/uploads\/2024\/08\/PATCH-2-239x300.jpg 239w, https:\/\/www.spa-grillon.fr\/wp-content\/uploads\/2024\/08\/PATCH-2-768x965.jpg 768w, https:\/\/www.spa-grillon.fr\/wp-content\/uploads\/2024\/08\/PATCH-2-1222x1536.jpg 1222w, https:\/\/www.spa-grillon.fr\/wp-content\/uploads\/2024\/08\/PATCH-2-1630x2048.jpg 1630w, https:\/\/www.spa-grillon.fr\/wp-content\/uploads\/2024\/08\/PATCH-2.jpg 1800w\" sizes=\"(max-width: 815px) 100vw, 815px\" \/><\/figure><div class=\"wp-block-media-text__content\">\n<p style=\"text-align: justify;\"><strong>ASSOCIATION 4 PATTES SANS TOIT<\/strong><p style=\"text-align: justify;\">\n\n\n\n<p><strong>Sexe <\/strong>: m\u00e2le<\/p>\n\n\n\n<p><strong>Race <\/strong>: crois\u00e9 braque allemand<\/p>\n\n\n\n<p><strong>Age <\/strong>: n\u00e9 le 10\/06\/2019<\/p>\n\n\n\n<p><strong>Taille <\/strong>: grande<\/p>\n<\/div><\/div>\n\n\n\n<p style=\"text-align: justify;\"> Patch est un prot\u00e9g\u00e9 de l&rsquo;association 4 pattes sans toit qui a besoin d&rsquo;un petit coup de pouce. C&rsquo;est un chien tr\u00e8s gentil, affectueux, tr\u00e8s proche de l&rsquo;homme. Il a tr\u00e8s mal v\u00e9cu son abandon dont il n&rsquo;est en rien responsable : c&rsquo;est un changement de situation familiale qui en est la cause. Ce grand gar\u00e7on est sage : il sait rester seul sans aboyer \u00e0 tout propos. Il tire un peu en laisse mais il continue \u00e0 apprendre et c&rsquo;est de mieux en mieux. Il aime les enfants et vivait avec deux petites filles. Il peut \u00eatre un peu brutal dans sa joie de voir des gens mais rien de grave. Il s&rsquo;entend avec ses cong\u00e9n\u00e8res mais pas avec les chats. Il est n\u00e9 avec une cataracte pr\u00e9coce comme ses fr\u00e8res et s\u0153urs. Il est parfois surpris quand on arrive \u00e0 gauche car son champ de vision est un peu r\u00e9duit mais cela ne l\u2019emp\u00eache pas de vivre comme tous les autres chiens. Patch est un chien adorable qui ne cherche qu&rsquo;\u00e0 prendre sa place au sein d&rsquo;une famille qui l&rsquo;aimera autant qu&rsquo;il le m\u00e9rite.<p style=\"text-align: justify;\">  \n<p style=\"text-align: justify;\"> Si vous souhaitez plus de renseignements , appelez le 06.74.93.63.28.<p style=\"text-align: justify;\">\n\n\n<div class=\"wp-block-image\">\n<figure class=\"aligncenter size-large\"><a href=\"https:\/\/www.spa-grillon.fr\/wp-content\/uploads\/2025\/11\/Patch-2-scaled.jpg\"><img decoding=\"async\" src=\"https:\/\/www.spa-grillon.fr\/wp-content\/uploads\/2025\/11\/Patch-2-1024x683.jpg\" alt=\"\" class=\"wp-image-17901\"\/><\/a><\/figure><\/div>\n\n<div class=\"wp-block-image\">\n<figure class=\"aligncenter size-large is-resized\"><a href=\"https:\/\/www.spa-grillon.fr\/wp-content\/uploads\/2025\/11\/Patch-4-scaled.jpg\"><img decoding=\"async\" loading=\"lazy\" src=\"https:\/\/www.spa-grillon.fr\/wp-content\/uploads\/2025\/11\/Patch-4-683x1024.jpg\" alt=\"\" class=\"wp-image-17902\" width=\"477\" height=\"715\" srcset=\"https:\/\/www.spa-grillon.fr\/wp-content\/uploads\/2025\/11\/Patch-4-683x1024.jpg 683w, https:\/\/www.spa-grillon.fr\/wp-content\/uploads\/2025\/11\/Patch-4-200x300.jpg 200w, https:\/\/www.spa-grillon.fr\/wp-content\/uploads\/2025\/11\/Patch-4-768x1152.jpg 768w, https:\/\/www.spa-grillon.fr\/wp-content\/uploads\/2025\/11\/Patch-4-1024x1536.jpg 1024w, https:\/\/www.spa-grillon.fr\/wp-content\/uploads\/2025\/11\/Patch-4-1365x2048.jpg 1365w, https:\/\/www.spa-grillon.fr\/wp-content\/uploads\/2025\/11\/Patch-4-scaled.jpg 1707w\" sizes=\"(max-width: 477px) 100vw, 477px\" \/><\/a><\/figure><\/div>\n\n<div class=\"wp-block-image\">\n<figure class=\"aligncenter size-large is-resized\"><a href=\"https:\/\/www.spa-grillon.fr\/wp-content\/uploads\/2024\/08\/PATCH.jpg\"><img decoding=\"async\" loading=\"lazy\" src=\"https:\/\/www.spa-grillon.fr\/wp-content\/uploads\/2024\/08\/PATCH-1004x1024.jpg\" alt=\"\" class=\"wp-image-15755\" width=\"478\" height=\"487\" srcset=\"https:\/\/www.spa-grillon.fr\/wp-content\/uploads\/2024\/08\/PATCH-1004x1024.jpg 1004w, https:\/\/www.spa-grillon.fr\/wp-content\/uploads\/2024\/08\/PATCH-294x300.jpg 294w, https:\/\/www.spa-grillon.fr\/wp-content\/uploads\/2024\/08\/PATCH-768x784.jpg 768w, https:\/\/www.spa-grillon.fr\/wp-content\/uploads\/2024\/08\/PATCH-1505x1536.jpg 1505w, https:\/\/www.spa-grillon.fr\/wp-content\/uploads\/2024\/08\/PATCH.jpg 1764w\" sizes=\"(max-width: 478px) 100vw, 478px\" \/><\/a><\/figure><\/div>\n\n<div class=\"wp-block-image\">\n<figure class=\"aligncenter size-large is-resized\"><a href=\"https:\/\/www.spa-grillon.fr\/wp-content\/uploads\/2024\/08\/PATCH-2-1.jpg\"><img decoding=\"async\" loading=\"lazy\" src=\"https:\/\/www.spa-grillon.fr\/wp-content\/uploads\/2024\/08\/PATCH-2-1-815x1024.jpg\" alt=\"\" class=\"wp-image-15756\" width=\"477\" height=\"598\" srcset=\"https:\/\/www.spa-grillon.fr\/wp-content\/uploads\/2024\/08\/PATCH-2-1-815x1024.jpg 815w, https:\/\/www.spa-grillon.fr\/wp-content\/uploads\/2024\/08\/PATCH-2-1-239x300.jpg 239w, https:\/\/www.spa-grillon.fr\/wp-content\/uploads\/2024\/08\/PATCH-2-1-768x965.jpg 768w, https:\/\/www.spa-grillon.fr\/wp-content\/uploads\/2024\/08\/PATCH-2-1-1630x2048.jpg 1630w, https:\/\/www.spa-grillon.fr\/wp-content\/uploads\/2024\/08\/PATCH-2-1.jpg 1800w\" sizes=\"(max-width: 477px) 100vw, 477px\" \/><\/a><\/figure><\/div>\n\n\n<figure class=\"wp-block-gallery has-nested-images columns-default is-cropped wp-block-gallery-1 is-layout-flex\">\n<figure class=\"wp-block-image size-large\"><a href=\"https:\/\/www.spa-grillon.fr\/wp-content\/uploads\/2024\/08\/PATCH-REF-ISA-GRILLON-2-1-237x300-1.jpg\"><img decoding=\"async\" loading=\"lazy\" width=\"237\" height=\"300\" data-id=\"15758\"  src=\"https:\/\/www.spa-grillon.fr\/wp-content\/uploads\/2024\/08\/PATCH-REF-ISA-GRILLON-2-1-237x300-1.jpg\" alt=\"\" class=\"wp-image-15758\"\/><\/a><\/figure>\n\n\n\n<figure class=\"wp-block-image size-large\"><a href=\"https:\/\/www.spa-grillon.fr\/wp-content\/uploads\/2024\/08\/PATCH-REF-ISA-GRILLON-3-1-225x300-1.jpg\"><img decoding=\"async\" loading=\"lazy\" width=\"225\" height=\"300\" data-id=\"15757\"  src=\"https:\/\/www.spa-grillon.fr\/wp-content\/uploads\/2024\/08\/PATCH-REF-ISA-GRILLON-3-1-225x300-1.jpg\" alt=\"\" class=\"wp-image-15757\"\/><\/a><\/figure>\n<\/figure>\n","protected":false},"excerpt":{"rendered":"<p>ASSOCIATION 4 PATTES SANS TOIT Sexe : m\u00e2le Race : crois\u00e9 braque allemand Age : n\u00e9 le 10\/06\/2019 Taille : grande Patch est un prot\u00e9g\u00e9 de l&rsquo;association 4 pattes sans toit qui a besoin d&rsquo;un petit coup de pouce. C&rsquo;est &hellip; <a href=\"https:\/\/www.spa-grillon.fr\/?page_id=15753\">Continuer la lecture <span class=\"meta-nav\">&rarr;<\/span><\/a><\/p>\n","protected":false},"author":2,"featured_media":0,"parent":0,"menu_order":0,"comment_status":"closed","ping_status":"closed","template":"","meta":[],"_links":{"self":[{"href":"https:\/\/www.spa-grillon.fr\/index.php?rest_route=\/wp\/v2\/pages\/15753"}],"collection":[{"href":"https:\/\/www.spa-grillon.fr\/index.php?rest_route=\/wp\/v2\/pages"}],"about":[{"href":"https:\/\/www.spa-grillon.fr\/index.php?rest_route=\/wp\/v2\/types\/page"}],"author":[{"embeddable":true,"href":"https:\/\/www.spa-grillon.fr\/index.php?rest_route=\/wp\/v2\/users\/2"}],"replies":[{"embeddable":true,"href":"https:\/\/www.spa-grillon.fr\/index.php?rest_route=%2Fwp%2Fv2%2Fcomments&post=15753"}],"version-history":[{"count":4,"href":"https:\/\/www.spa-grillon.fr\/index.php?rest_route=\/wp\/v2\/pages\/15753\/revisions"}],"predecessor-version":[{"id":17904,"href":"https:\/\/www.spa-grillon.fr\/index.php?rest_route=\/wp\/v2\/pages\/15753\/revisions\/17904"}],"wp:attachment":[{"href":"https:\/\/www.spa-grillon.fr\/index.php?rest_route=%2Fwp%2Fv2%2Fmedia&parent=15753"}],"curies":[{"name":"wp","href":"https:\/\/api.w.org\/{rel}","templated":true}]}}