{"id":15979,"date":"2024-09-29T16:05:49","date_gmt":"2024-09-29T15:05:49","guid":{"rendered":"https:\/\/www.spa-grillon.fr\/?page_id=15979"},"modified":"2026-01-26T18:39:02","modified_gmt":"2026-01-26T17:39:02","slug":"wonka","status":"publish","type":"page","link":"https:\/\/www.spa-grillon.fr\/?page_id=15979","title":{"rendered":"WONKA"},"content":{"rendered":"\n<div class=\"wp-block-media-text alignwide is-stacked-on-mobile\"><figure class=\"wp-block-media-text__media\"><img decoding=\"async\" loading=\"lazy\" width=\"1024\" height=\"1024\" src=\"https:\/\/www.spa-grillon.fr\/wp-content\/uploads\/2024\/09\/Wonka-1024x1024.jpg\" alt=\"\" class=\"wp-image-15985 size-full\" srcset=\"https:\/\/www.spa-grillon.fr\/wp-content\/uploads\/2024\/09\/Wonka-1024x1024.jpg 1024w, https:\/\/www.spa-grillon.fr\/wp-content\/uploads\/2024\/09\/Wonka-300x300.jpg 300w, https:\/\/www.spa-grillon.fr\/wp-content\/uploads\/2024\/09\/Wonka-150x150.jpg 150w, https:\/\/www.spa-grillon.fr\/wp-content\/uploads\/2024\/09\/Wonka-768x768.jpg 768w, https:\/\/www.spa-grillon.fr\/wp-content\/uploads\/2024\/09\/Wonka.jpg 1372w\" sizes=\"(max-width: 1024px) 100vw, 1024px\" \/><\/figure><div class=\"wp-block-media-text__content\">\n<p><strong>Sexe <\/strong>: m\u00e2le<\/p>\n\n\n\n<p><strong>Race <\/strong>: crois\u00e9 Ari\u00e9geois<\/p>\n\n\n\n<p><strong>Age <\/strong>: n\u00e9 en 06\/2024<\/p>\n\n\n\n<p><strong>Taille <\/strong>: grande<\/p>\n<\/div><\/div>\n\n\n\n<p style=\"text-align: justify;\"><strong>Caract\u00e9ristiques <\/strong>&#8211; Wonka est arriv\u00e9 chiot chez nous. C&rsquo;est un garnement d&rsquo;adolescent, avec un fond joyeux et joueur, curieux de tout, avide de tout d\u00e9couvrir, de tout sentir, de tout go\u00fbter. Il a \u00e9t\u00e9 \u00e9lev\u00e9 avec sa famille humaine et canine ce qui en fait un loustic \u00e9quilibr\u00e9 et attachant. Son affection n&rsquo;a pas de bornes, elle d\u00e9borde un peu, m\u00eame ! Il sera capital de s&rsquo;investir dans son \u00e9ducation (il conna\u00eet \u00ab\u00a0assis\u00a0\u00bb mais c&rsquo;est \u00e0 peu pr\u00e8s tout), ce qui requiert du temps, de la patience, de la t\u00e9nacit\u00e9 parfois aussi. C&rsquo;est un grand chien, solide et puissant, avec un belle voix! Il s&rsquo;entend tr\u00e8s bien avec les autres chiens mais il peut \u00eatre envahissant : il lui faut donc un compagnon de caract\u00e8re qui sache le repousser quand il en fait trop et il peut \u00eatre lourdaud parfois! Il a c\u00f4toy\u00e9 des chats dans son tout jeune \u00e2ge : il devrait donc pouvoir cohabiter avec un matou mais ce sera \u00e0 confirmer car son \u00e9nergie peut rebuter. Vu la carrure de ce loustic, un grand jardin clos est obligatoire. Wonka devra \u00eatre un chien de famille, non un chien de chenil, malgr\u00e9 son profil de chasseur et nous ne connaissons pas du tout ses aptitudes en la mati\u00e8re. Il adorera sans doute les enfants car c&rsquo;est un grand tendre. Ce grand escogriffe sera le rayon de soleil de votre maison ! <p style=\"text-align: justify;\">\n\n\n<div class=\"wp-block-image\">\n<figure class=\"aligncenter size-large is-resized\"><a href=\"https:\/\/www.spa-grillon.fr\/wp-content\/uploads\/2025\/11\/WOnka-2-scaled.jpg\"><img decoding=\"async\" loading=\"lazy\" src=\"https:\/\/www.spa-grillon.fr\/wp-content\/uploads\/2026\/01\/WOnka-2-edited-scaled.jpg\" alt=\"\" class=\"wp-image-18255\" width=\"416\" height=\"624\" srcset=\"https:\/\/www.spa-grillon.fr\/wp-content\/uploads\/2026\/01\/WOnka-2-edited-scaled.jpg 1706w, https:\/\/www.spa-grillon.fr\/wp-content\/uploads\/2026\/01\/WOnka-2-edited-200x300.jpg 200w, https:\/\/www.spa-grillon.fr\/wp-content\/uploads\/2026\/01\/WOnka-2-edited-682x1024.jpg 682w, https:\/\/www.spa-grillon.fr\/wp-content\/uploads\/2026\/01\/WOnka-2-edited-768x1153.jpg 768w, https:\/\/www.spa-grillon.fr\/wp-content\/uploads\/2026\/01\/WOnka-2-edited-1023x1536.jpg 1023w, https:\/\/www.spa-grillon.fr\/wp-content\/uploads\/2026\/01\/WOnka-2-edited-1365x2048.jpg 1365w\" sizes=\"(max-width: 416px) 100vw, 416px\" \/><\/a><\/figure><\/div>\n\n<div class=\"wp-block-image\">\n<figure class=\"aligncenter size-large is-resized\"><a href=\"https:\/\/www.spa-grillon.fr\/wp-content\/uploads\/2026\/01\/Wonka-3.jpg\"><img decoding=\"async\" loading=\"lazy\" src=\"https:\/\/www.spa-grillon.fr\/wp-content\/uploads\/2026\/01\/Wonka-3-1024x1024.jpg\" alt=\"\" class=\"wp-image-18254\" width=\"521\" height=\"521\" srcset=\"https:\/\/www.spa-grillon.fr\/wp-content\/uploads\/2026\/01\/Wonka-3-1024x1024.jpg 1024w, https:\/\/www.spa-grillon.fr\/wp-content\/uploads\/2026\/01\/Wonka-3-300x300.jpg 300w, https:\/\/www.spa-grillon.fr\/wp-content\/uploads\/2026\/01\/Wonka-3-150x150.jpg 150w, https:\/\/www.spa-grillon.fr\/wp-content\/uploads\/2026\/01\/Wonka-3-768x768.jpg 768w, https:\/\/www.spa-grillon.fr\/wp-content\/uploads\/2026\/01\/Wonka-3-1536x1536.jpg 1536w, https:\/\/www.spa-grillon.fr\/wp-content\/uploads\/2026\/01\/Wonka-3.jpg 1862w\" sizes=\"(max-width: 521px) 100vw, 521px\" \/><\/a><\/figure><\/div>\n\n<div class=\"wp-block-image\">\n<figure class=\"aligncenter size-large is-resized\"><a href=\"https:\/\/www.spa-grillon.fr\/wp-content\/uploads\/2024\/09\/20240929_124436-scaled.jpg\"><img decoding=\"async\" src=\"https:\/\/www.spa-grillon.fr\/wp-content\/uploads\/2024\/09\/20240929_124436-edited.jpg\" alt=\"\" class=\"wp-image-15989\" width=\"520\" srcset=\"https:\/\/www.spa-grillon.fr\/wp-content\/uploads\/2024\/09\/20240929_124436-edited.jpg 1800w, https:\/\/www.spa-grillon.fr\/wp-content\/uploads\/2024\/09\/20240929_124436-edited-225x300.jpg 225w, https:\/\/www.spa-grillon.fr\/wp-content\/uploads\/2024\/09\/20240929_124436-edited-768x1024.jpg 768w, https:\/\/www.spa-grillon.fr\/wp-content\/uploads\/2024\/09\/20240929_124436-edited-1152x1536.jpg 1152w, https:\/\/www.spa-grillon.fr\/wp-content\/uploads\/2024\/09\/20240929_124436-edited-1537x2048.jpg 1537w\" sizes=\"(max-width: 1800px) 100vw, 1800px\" \/><\/a><\/figure><\/div>\n\n<div class=\"wp-block-image\">\n<figure class=\"aligncenter size-large is-resized\"><a href=\"https:\/\/www.spa-grillon.fr\/wp-content\/uploads\/2025\/02\/wonka.jpg\"><img decoding=\"async\" src=\"https:\/\/www.spa-grillon.fr\/wp-content\/uploads\/2025\/02\/wonka-edited-1.jpg\" alt=\"\" class=\"wp-image-16757\" width=\"474\" srcset=\"https:\/\/www.spa-grillon.fr\/wp-content\/uploads\/2025\/02\/wonka-edited-1.jpg 1230w, https:\/\/www.spa-grillon.fr\/wp-content\/uploads\/2025\/02\/wonka-edited-1-225x300.jpg 225w, https:\/\/www.spa-grillon.fr\/wp-content\/uploads\/2025\/02\/wonka-edited-1-768x1024.jpg 768w, https:\/\/www.spa-grillon.fr\/wp-content\/uploads\/2025\/02\/wonka-edited-1-1152x1536.jpg 1152w\" sizes=\"(max-width: 1230px) 100vw, 1230px\" \/><\/a><\/figure><\/div>\n\n<div class=\"wp-block-image\">\n<figure class=\"aligncenter size-large is-resized\"><a href=\"https:\/\/www.spa-grillon.fr\/wp-content\/uploads\/2024\/09\/20240929_124609.jpg\"><img decoding=\"async\" loading=\"lazy\" src=\"https:\/\/www.spa-grillon.fr\/wp-content\/uploads\/2024\/09\/20240929_124609-959x1024.jpg\" alt=\"\" class=\"wp-image-15986\" width=\"541\" height=\"577\" srcset=\"https:\/\/www.spa-grillon.fr\/wp-content\/uploads\/2024\/09\/20240929_124609-959x1024.jpg 959w, https:\/\/www.spa-grillon.fr\/wp-content\/uploads\/2024\/09\/20240929_124609-281x300.jpg 281w, https:\/\/www.spa-grillon.fr\/wp-content\/uploads\/2024\/09\/20240929_124609-768x820.jpg 768w, https:\/\/www.spa-grillon.fr\/wp-content\/uploads\/2024\/09\/20240929_124609-1438x1536.jpg 1438w, https:\/\/www.spa-grillon.fr\/wp-content\/uploads\/2024\/09\/20240929_124609.jpg 1680w\" sizes=\"(max-width: 541px) 100vw, 541px\" \/><\/a><figcaption class=\"wp-element-caption\">A bon arriv\u00e9e, \u00e0 4 mois&#8230; d\u00e9j\u00e0 un grand loulou ! <\/figcaption><\/figure><\/div>\n\n<div class=\"wp-block-image\">\n<figure class=\"aligncenter size-large is-resized\"><a href=\"https:\/\/www.spa-grillon.fr\/wp-content\/uploads\/2024\/09\/20240929_124358-1.jpg\"><img decoding=\"async\" loading=\"lazy\" src=\"https:\/\/www.spa-grillon.fr\/wp-content\/uploads\/2024\/09\/20240929_124358-1-660x1024.jpg\" alt=\"\" class=\"wp-image-15990\" width=\"520\" height=\"807\" srcset=\"https:\/\/www.spa-grillon.fr\/wp-content\/uploads\/2024\/09\/20240929_124358-1-660x1024.jpg 660w, https:\/\/www.spa-grillon.fr\/wp-content\/uploads\/2024\/09\/20240929_124358-1-193x300.jpg 193w, https:\/\/www.spa-grillon.fr\/wp-content\/uploads\/2024\/09\/20240929_124358-1-768x1192.jpg 768w, https:\/\/www.spa-grillon.fr\/wp-content\/uploads\/2024\/09\/20240929_124358-1-990x1536.jpg 990w, https:\/\/www.spa-grillon.fr\/wp-content\/uploads\/2024\/09\/20240929_124358-1-1319x2048.jpg 1319w, https:\/\/www.spa-grillon.fr\/wp-content\/uploads\/2024\/09\/20240929_124358-1.jpg 1331w\" sizes=\"(max-width: 520px) 100vw, 520px\" \/><\/a><\/figure><\/div>","protected":false},"excerpt":{"rendered":"<p>Sexe : m\u00e2le Race : crois\u00e9 Ari\u00e9geois Age : n\u00e9 en 06\/2024 Taille : grande Caract\u00e9ristiques &#8211; Wonka est arriv\u00e9 chiot chez nous. C&rsquo;est un garnement d&rsquo;adolescent, avec un fond joyeux et joueur, curieux de tout, avide de tout d\u00e9couvrir, &hellip; <a href=\"https:\/\/www.spa-grillon.fr\/?page_id=15979\">Continuer la lecture <span class=\"meta-nav\">&rarr;<\/span><\/a><\/p>\n","protected":false},"author":2,"featured_media":0,"parent":0,"menu_order":0,"comment_status":"closed","ping_status":"closed","template":"","meta":[],"_links":{"self":[{"href":"https:\/\/www.spa-grillon.fr\/index.php?rest_route=\/wp\/v2\/pages\/15979"}],"collection":[{"href":"https:\/\/www.spa-grillon.fr\/index.php?rest_route=\/wp\/v2\/pages"}],"about":[{"href":"https:\/\/www.spa-grillon.fr\/index.php?rest_route=\/wp\/v2\/types\/page"}],"author":[{"embeddable":true,"href":"https:\/\/www.spa-grillon.fr\/index.php?rest_route=\/wp\/v2\/users\/2"}],"replies":[{"embeddable":true,"href":"https:\/\/www.spa-grillon.fr\/index.php?rest_route=%2Fwp%2Fv2%2Fcomments&post=15979"}],"version-history":[{"count":9,"href":"https:\/\/www.spa-grillon.fr\/index.php?rest_route=\/wp\/v2\/pages\/15979\/revisions"}],"predecessor-version":[{"id":18257,"href":"https:\/\/www.spa-grillon.fr\/index.php?rest_route=\/wp\/v2\/pages\/15979\/revisions\/18257"}],"wp:attachment":[{"href":"https:\/\/www.spa-grillon.fr\/index.php?rest_route=%2Fwp%2Fv2%2Fmedia&parent=15979"}],"curies":[{"name":"wp","href":"https:\/\/api.w.org\/{rel}","templated":true}]}}