{"id":16161,"date":"2024-10-15T21:26:40","date_gmt":"2024-10-15T20:26:40","guid":{"rendered":"https:\/\/www.spa-grillon.fr\/?page_id=16161"},"modified":"2024-10-24T09:20:56","modified_gmt":"2024-10-24T08:20:56","slug":"sylvestre","status":"publish","type":"page","link":"https:\/\/www.spa-grillon.fr\/?page_id=16161","title":{"rendered":"SYLVESTRE"},"content":{"rendered":"\n<div class=\"wp-block-media-text alignwide is-stacked-on-mobile\"><figure class=\"wp-block-media-text__media\"><img decoding=\"async\" src=\"https:\/\/www.spa-grillon.fr\/wp-content\/uploads\/2024\/10\/20230611_090147-1-875x1024.jpg\" alt=\"\" class=\"wp-image-16257 size-full\"\/><\/figure><div class=\"wp-block-media-text__content\">\n<p style=\"text-align: justify;\">Sylvestre est un adorable matou, longiligne mais gourmand. Il est tr\u00e8s attachant avec son petit air espi\u00e8gle! Il est gentil, joueur et tr\u00e8s c\u00e2lin quand il est en confiance. Il demeure un peu fuyant envers les inconnus mais quand il vous a identifi\u00e9, il ne vous l\u00e2chera plus. Il s&rsquo;entend bien avec ses cong\u00e9n\u00e8res avec lesquels il n&rsquo;y a jamais de bagarre. Il appr\u00e9cie l&rsquo;ext\u00e9rieur : on lui \u00e9vitera donc la vie en appartement sans acc\u00e8s \u00e0 un jardin. Ind\u00e9pendant mais affectueux : un vrai chat ! <p style=\"text-align: justify;\">\n\n\n\n<p><\/p>\n<\/div><\/div>\n\n\n\n<figure class=\"wp-block-video\"><video controls src=\"https:\/\/www.spa-grillon.fr\/wp-content\/uploads\/2024\/10\/sylvestre-.mp4\"><\/video><\/figure>\n\n\n<div class=\"wp-block-image\">\n<figure class=\"aligncenter size-large is-resized\"><a href=\"https:\/\/www.spa-grillon.fr\/wp-content\/uploads\/2024\/10\/Souris-et-Sylvestre-4-1-scaled.jpg\"><img decoding=\"async\" loading=\"lazy\" src=\"https:\/\/www.spa-grillon.fr\/wp-content\/uploads\/2024\/10\/Souris-et-Sylvestre-4-1-988x1024.jpg\" alt=\"\" class=\"wp-image-16155\" width=\"477\" height=\"494\" srcset=\"https:\/\/www.spa-grillon.fr\/wp-content\/uploads\/2024\/10\/Souris-et-Sylvestre-4-1-988x1024.jpg 988w, https:\/\/www.spa-grillon.fr\/wp-content\/uploads\/2024\/10\/Souris-et-Sylvestre-4-1-290x300.jpg 290w, https:\/\/www.spa-grillon.fr\/wp-content\/uploads\/2024\/10\/Souris-et-Sylvestre-4-1-768x796.jpg 768w, https:\/\/www.spa-grillon.fr\/wp-content\/uploads\/2024\/10\/Souris-et-Sylvestre-4-1-1482x1536.jpg 1482w, https:\/\/www.spa-grillon.fr\/wp-content\/uploads\/2024\/10\/Souris-et-Sylvestre-4-1-1977x2048.jpg 1977w\" sizes=\"(max-width: 477px) 100vw, 477px\" \/><\/a><figcaption class=\"wp-element-caption\">En pleine sieste avec sa frangine, Souris&#8230;<\/figcaption><\/figure><\/div>\n\n<div class=\"wp-block-image\">\n<figure class=\"aligncenter size-large is-resized\"><a href=\"https:\/\/www.spa-grillon.fr\/wp-content\/uploads\/2024\/10\/20241011_162045.jpg\"><img decoding=\"async\" loading=\"lazy\" src=\"https:\/\/www.spa-grillon.fr\/wp-content\/uploads\/2024\/10\/20241011_162045-981x1024.jpg\" alt=\"\" class=\"wp-image-16156\" width=\"478\" height=\"499\" srcset=\"https:\/\/www.spa-grillon.fr\/wp-content\/uploads\/2024\/10\/20241011_162045-981x1024.jpg 981w, https:\/\/www.spa-grillon.fr\/wp-content\/uploads\/2024\/10\/20241011_162045-287x300.jpg 287w, https:\/\/www.spa-grillon.fr\/wp-content\/uploads\/2024\/10\/20241011_162045-768x802.jpg 768w, https:\/\/www.spa-grillon.fr\/wp-content\/uploads\/2024\/10\/20241011_162045-1471x1536.jpg 1471w, https:\/\/www.spa-grillon.fr\/wp-content\/uploads\/2024\/10\/20241011_162045.jpg 1800w\" sizes=\"(max-width: 478px) 100vw, 478px\" \/><\/a><\/figure><\/div>\n\n<div class=\"wp-block-image\">\n<figure class=\"aligncenter size-large is-resized\"><a href=\"https:\/\/www.spa-grillon.fr\/wp-content\/uploads\/2024\/10\/20241011_162236-e1729024219139.jpg\"><img decoding=\"async\" loading=\"lazy\" src=\"https:\/\/www.spa-grillon.fr\/wp-content\/uploads\/2024\/10\/20241011_162236-e1729024219139-1024x1024.jpg\" alt=\"\" class=\"wp-image-16153\" width=\"480\" height=\"480\" srcset=\"https:\/\/www.spa-grillon.fr\/wp-content\/uploads\/2024\/10\/20241011_162236-e1729024219139-1024x1024.jpg 1024w, https:\/\/www.spa-grillon.fr\/wp-content\/uploads\/2024\/10\/20241011_162236-e1729024219139-300x300.jpg 300w, https:\/\/www.spa-grillon.fr\/wp-content\/uploads\/2024\/10\/20241011_162236-e1729024219139-150x150.jpg 150w, https:\/\/www.spa-grillon.fr\/wp-content\/uploads\/2024\/10\/20241011_162236-e1729024219139-768x768.jpg 768w, https:\/\/www.spa-grillon.fr\/wp-content\/uploads\/2024\/10\/20241011_162236-e1729024219139-1536x1536.jpg 1536w, https:\/\/www.spa-grillon.fr\/wp-content\/uploads\/2024\/10\/20241011_162236-e1729024219139.jpg 1797w\" sizes=\"(max-width: 480px) 100vw, 480px\" \/><\/a><\/figure><\/div>","protected":false},"excerpt":{"rendered":"<p>Sylvestre est un adorable matou, longiligne mais gourmand. Il est tr\u00e8s attachant avec son petit air espi\u00e8gle! Il est gentil, joueur et tr\u00e8s c\u00e2lin quand il est en confiance. Il demeure un peu fuyant envers les inconnus mais quand il &hellip; <a href=\"https:\/\/www.spa-grillon.fr\/?page_id=16161\">Continuer la lecture <span class=\"meta-nav\">&rarr;<\/span><\/a><\/p>\n","protected":false},"author":2,"featured_media":0,"parent":0,"menu_order":0,"comment_status":"closed","ping_status":"closed","template":"","meta":[],"_links":{"self":[{"href":"https:\/\/www.spa-grillon.fr\/index.php?rest_route=\/wp\/v2\/pages\/16161"}],"collection":[{"href":"https:\/\/www.spa-grillon.fr\/index.php?rest_route=\/wp\/v2\/pages"}],"about":[{"href":"https:\/\/www.spa-grillon.fr\/index.php?rest_route=\/wp\/v2\/types\/page"}],"author":[{"embeddable":true,"href":"https:\/\/www.spa-grillon.fr\/index.php?rest_route=\/wp\/v2\/users\/2"}],"replies":[{"embeddable":true,"href":"https:\/\/www.spa-grillon.fr\/index.php?rest_route=%2Fwp%2Fv2%2Fcomments&post=16161"}],"version-history":[{"count":6,"href":"https:\/\/www.spa-grillon.fr\/index.php?rest_route=\/wp\/v2\/pages\/16161\/revisions"}],"predecessor-version":[{"id":16260,"href":"https:\/\/www.spa-grillon.fr\/index.php?rest_route=\/wp\/v2\/pages\/16161\/revisions\/16260"}],"wp:attachment":[{"href":"https:\/\/www.spa-grillon.fr\/index.php?rest_route=%2Fwp%2Fv2%2Fmedia&parent=16161"}],"curies":[{"name":"wp","href":"https:\/\/api.w.org\/{rel}","templated":true}]}}