{"id":16168,"date":"2024-10-15T21:40:30","date_gmt":"2024-10-15T20:40:30","guid":{"rendered":"https:\/\/www.spa-grillon.fr\/?page_id=16168"},"modified":"2024-10-15T21:40:31","modified_gmt":"2024-10-15T20:40:31","slug":"omalley","status":"publish","type":"page","link":"https:\/\/www.spa-grillon.fr\/?page_id=16168","title":{"rendered":"O&rsquo;MALLEY"},"content":{"rendered":"\n<div class=\"wp-block-media-text alignwide is-stacked-on-mobile\"><figure class=\"wp-block-media-text__media\"><img decoding=\"async\" loading=\"lazy\" width=\"1024\" height=\"1024\" src=\"https:\/\/www.spa-grillon.fr\/wp-content\/uploads\/2024\/10\/20241015_175717-1-1024x1024.jpg\" alt=\"\" class=\"wp-image-16171 size-full\" srcset=\"https:\/\/www.spa-grillon.fr\/wp-content\/uploads\/2024\/10\/20241015_175717-1-1024x1024.jpg 1024w, https:\/\/www.spa-grillon.fr\/wp-content\/uploads\/2024\/10\/20241015_175717-1-300x300.jpg 300w, https:\/\/www.spa-grillon.fr\/wp-content\/uploads\/2024\/10\/20241015_175717-1-150x150.jpg 150w, https:\/\/www.spa-grillon.fr\/wp-content\/uploads\/2024\/10\/20241015_175717-1-768x768.jpg 768w, https:\/\/www.spa-grillon.fr\/wp-content\/uploads\/2024\/10\/20241015_175717-1-1536x1536.jpg 1536w, https:\/\/www.spa-grillon.fr\/wp-content\/uploads\/2024\/10\/20241015_175717-1.jpg 1612w\" sizes=\"(max-width: 1024px) 100vw, 1024px\" \/><\/figure><div class=\"wp-block-media-text__content\">\n<p style=\"text-align: justify;\">O&rsquo;Malley est un vrai matou dans tous les sens du terme. Outre sa beaut\u00e9, il a un fort caract\u00e8re qui s&rsquo;attendrit quand on sait comment le prendre. Un chat solitaire avec une belle personnalit\u00e9 qui sera plus \u00e0 l&rsquo;aise dans une famille sans enfant.<p style=\"text-align: justify;\">\n<\/div><\/div>\n\n\n<div class=\"wp-block-image\">\n<figure class=\"aligncenter size-large is-resized\"><a href=\"https:\/\/www.spa-grillon.fr\/wp-content\/uploads\/2024\/10\/OMalley-3-1.jpg\"><img decoding=\"async\" loading=\"lazy\" src=\"https:\/\/www.spa-grillon.fr\/wp-content\/uploads\/2024\/10\/OMalley-3-1-1024x1024.jpg\" alt=\"\" class=\"wp-image-16173\" width=\"551\" height=\"551\"\/><\/a><\/figure><\/div>\n\n<div class=\"wp-block-image\">\n<figure class=\"aligncenter size-large is-resized\"><a href=\"https:\/\/www.spa-grillon.fr\/wp-content\/uploads\/2024\/10\/20241015_175706.jpg\"><img decoding=\"async\" loading=\"lazy\" src=\"https:\/\/www.spa-grillon.fr\/wp-content\/uploads\/2024\/10\/20241015_175706-1024x1024.jpg\" alt=\"\" class=\"wp-image-16172\" width=\"550\" height=\"550\" srcset=\"https:\/\/www.spa-grillon.fr\/wp-content\/uploads\/2024\/10\/20241015_175706-1024x1024.jpg 1024w, https:\/\/www.spa-grillon.fr\/wp-content\/uploads\/2024\/10\/20241015_175706-300x300.jpg 300w, https:\/\/www.spa-grillon.fr\/wp-content\/uploads\/2024\/10\/20241015_175706-150x150.jpg 150w, https:\/\/www.spa-grillon.fr\/wp-content\/uploads\/2024\/10\/20241015_175706-768x768.jpg 768w, https:\/\/www.spa-grillon.fr\/wp-content\/uploads\/2024\/10\/20241015_175706-1536x1536.jpg 1536w, https:\/\/www.spa-grillon.fr\/wp-content\/uploads\/2024\/10\/20241015_175706-2048x2048.jpg 2048w\" sizes=\"(max-width: 550px) 100vw, 550px\" \/><\/a><\/figure><\/div>\n\n<div class=\"wp-block-image\">\n<figure class=\"aligncenter size-full is-resized\"><a href=\"https:\/\/www.spa-grillon.fr\/wp-content\/uploads\/2024\/10\/OMalley.jpg\"><img decoding=\"async\" loading=\"lazy\" src=\"https:\/\/www.spa-grillon.fr\/wp-content\/uploads\/2024\/10\/OMalley.jpg\" alt=\"\" class=\"wp-image-16174\" width=\"552\" height=\"414\" srcset=\"https:\/\/www.spa-grillon.fr\/wp-content\/uploads\/2024\/10\/OMalley.jpg 960w, https:\/\/www.spa-grillon.fr\/wp-content\/uploads\/2024\/10\/OMalley-300x225.jpg 300w, https:\/\/www.spa-grillon.fr\/wp-content\/uploads\/2024\/10\/OMalley-768x576.jpg 768w\" sizes=\"(max-width: 552px) 100vw, 552px\" \/><\/a><\/figure><\/div>","protected":false},"excerpt":{"rendered":"<p>O&rsquo;Malley est un vrai matou dans tous les sens du terme. Outre sa beaut\u00e9, il a un fort caract\u00e8re qui s&rsquo;attendrit quand on sait comment le prendre. Un chat solitaire avec une belle personnalit\u00e9 qui sera plus \u00e0 l&rsquo;aise dans &hellip; <a href=\"https:\/\/www.spa-grillon.fr\/?page_id=16168\">Continuer la lecture <span class=\"meta-nav\">&rarr;<\/span><\/a><\/p>\n","protected":false},"author":2,"featured_media":0,"parent":0,"menu_order":0,"comment_status":"closed","ping_status":"closed","template":"","meta":[],"_links":{"self":[{"href":"https:\/\/www.spa-grillon.fr\/index.php?rest_route=\/wp\/v2\/pages\/16168"}],"collection":[{"href":"https:\/\/www.spa-grillon.fr\/index.php?rest_route=\/wp\/v2\/pages"}],"about":[{"href":"https:\/\/www.spa-grillon.fr\/index.php?rest_route=\/wp\/v2\/types\/page"}],"author":[{"embeddable":true,"href":"https:\/\/www.spa-grillon.fr\/index.php?rest_route=\/wp\/v2\/users\/2"}],"replies":[{"embeddable":true,"href":"https:\/\/www.spa-grillon.fr\/index.php?rest_route=%2Fwp%2Fv2%2Fcomments&post=16168"}],"version-history":[{"count":1,"href":"https:\/\/www.spa-grillon.fr\/index.php?rest_route=\/wp\/v2\/pages\/16168\/revisions"}],"predecessor-version":[{"id":16175,"href":"https:\/\/www.spa-grillon.fr\/index.php?rest_route=\/wp\/v2\/pages\/16168\/revisions\/16175"}],"wp:attachment":[{"href":"https:\/\/www.spa-grillon.fr\/index.php?rest_route=%2Fwp%2Fv2%2Fmedia&parent=16168"}],"curies":[{"name":"wp","href":"https:\/\/api.w.org\/{rel}","templated":true}]}}