{"id":16178,"date":"2024-10-15T21:56:34","date_gmt":"2024-10-15T20:56:34","guid":{"rendered":"https:\/\/www.spa-grillon.fr\/?page_id=16178"},"modified":"2024-10-15T21:56:35","modified_gmt":"2024-10-15T20:56:35","slug":"tilio","status":"publish","type":"page","link":"https:\/\/www.spa-grillon.fr\/?page_id=16178","title":{"rendered":"TILIO"},"content":{"rendered":"\n<div class=\"wp-block-media-text alignwide is-stacked-on-mobile\"><figure class=\"wp-block-media-text__media\"><img decoding=\"async\" loading=\"lazy\" width=\"1024\" height=\"1024\" src=\"https:\/\/www.spa-grillon.fr\/wp-content\/uploads\/2024\/10\/20241015_172724-1024x1024.jpg\" alt=\"\" class=\"wp-image-16180 size-full\" srcset=\"https:\/\/www.spa-grillon.fr\/wp-content\/uploads\/2024\/10\/20241015_172724-1024x1024.jpg 1024w, https:\/\/www.spa-grillon.fr\/wp-content\/uploads\/2024\/10\/20241015_172724-300x300.jpg 300w, https:\/\/www.spa-grillon.fr\/wp-content\/uploads\/2024\/10\/20241015_172724-150x150.jpg 150w, https:\/\/www.spa-grillon.fr\/wp-content\/uploads\/2024\/10\/20241015_172724-768x768.jpg 768w, https:\/\/www.spa-grillon.fr\/wp-content\/uploads\/2024\/10\/20241015_172724-1536x1536.jpg 1536w, https:\/\/www.spa-grillon.fr\/wp-content\/uploads\/2024\/10\/20241015_172724-2048x2048.jpg 2048w\" sizes=\"(max-width: 1024px) 100vw, 1024px\" \/><\/figure><div class=\"wp-block-media-text__content\">\n<p style=\"text-align: justify;\">Tilio est un tr\u00e8s gentil chat, facile qui s&rsquo;entend avec tout le monde.\u00a0Arriv\u00e9 chaton au refuge avec son fr\u00e8re et sa s\u0153ur \u00e0 la p\u00e9riode o\u00f9 il avait beaucoup de concurrence et il n&rsquo;a pas eu la chance de trouver une famille. Il aime les c\u00e2lins mais n&rsquo;aime pas \u00eatre port\u00e9. Son seul d\u00e9faut est qu&rsquo;il est goinfre, mais c&rsquo;est sans doute sa fa\u00e7on de compenser le fait qu&rsquo;il supporte mal la vie au refuge. Sil vit avec d&rsquo;autres chats, il faudra veiller \u00e0 ce qu&rsquo;il ne s&rsquo;accapare pas les gamelles de tout le monde. <p style=\"text-align: justify;\">\n<\/div><\/div>\n\n\n<div class=\"wp-block-image\">\n<figure class=\"aligncenter size-large is-resized\"><a href=\"https:\/\/www.spa-grillon.fr\/wp-content\/uploads\/2024\/10\/20241015_172639.jpg\"><img decoding=\"async\" loading=\"lazy\" src=\"https:\/\/www.spa-grillon.fr\/wp-content\/uploads\/2024\/10\/20241015_172639-1024x1024.jpg\" alt=\"\" class=\"wp-image-16181\" width=\"543\" height=\"543\" srcset=\"https:\/\/www.spa-grillon.fr\/wp-content\/uploads\/2024\/10\/20241015_172639-1024x1024.jpg 1024w, https:\/\/www.spa-grillon.fr\/wp-content\/uploads\/2024\/10\/20241015_172639-300x300.jpg 300w, https:\/\/www.spa-grillon.fr\/wp-content\/uploads\/2024\/10\/20241015_172639-150x150.jpg 150w, https:\/\/www.spa-grillon.fr\/wp-content\/uploads\/2024\/10\/20241015_172639-768x768.jpg 768w, https:\/\/www.spa-grillon.fr\/wp-content\/uploads\/2024\/10\/20241015_172639-1536x1536.jpg 1536w, https:\/\/www.spa-grillon.fr\/wp-content\/uploads\/2024\/10\/20241015_172639.jpg 1838w\" sizes=\"(max-width: 543px) 100vw, 543px\" \/><\/a><\/figure><\/div>\n\n<div class=\"wp-block-image\">\n<figure class=\"aligncenter size-large is-resized\"><a href=\"https:\/\/www.spa-grillon.fr\/wp-content\/uploads\/2024\/10\/20241015_172929.jpg\"><img decoding=\"async\" loading=\"lazy\" src=\"https:\/\/www.spa-grillon.fr\/wp-content\/uploads\/2024\/10\/20241015_172929-1024x1024.jpg\" alt=\"\" class=\"wp-image-16182\" width=\"544\" height=\"544\" srcset=\"https:\/\/www.spa-grillon.fr\/wp-content\/uploads\/2024\/10\/20241015_172929-1024x1024.jpg 1024w, https:\/\/www.spa-grillon.fr\/wp-content\/uploads\/2024\/10\/20241015_172929-300x300.jpg 300w, https:\/\/www.spa-grillon.fr\/wp-content\/uploads\/2024\/10\/20241015_172929-150x150.jpg 150w, https:\/\/www.spa-grillon.fr\/wp-content\/uploads\/2024\/10\/20241015_172929-768x768.jpg 768w, https:\/\/www.spa-grillon.fr\/wp-content\/uploads\/2024\/10\/20241015_172929-1536x1536.jpg 1536w, https:\/\/www.spa-grillon.fr\/wp-content\/uploads\/2024\/10\/20241015_172929-2048x2048.jpg 2048w\" sizes=\"(max-width: 544px) 100vw, 544px\" \/><\/a><\/figure><\/div>\n\n<div class=\"wp-block-image\">\n<figure class=\"aligncenter size-large is-resized\"><a href=\"https:\/\/www.spa-grillon.fr\/wp-content\/uploads\/2024\/10\/Tilio-10-1.jpg\"><img decoding=\"async\" loading=\"lazy\" src=\"https:\/\/www.spa-grillon.fr\/wp-content\/uploads\/2024\/10\/Tilio-10-1-1024x899.jpg\" alt=\"\" class=\"wp-image-16184\" width=\"545\" height=\"478\" srcset=\"https:\/\/www.spa-grillon.fr\/wp-content\/uploads\/2024\/10\/Tilio-10-1-1024x899.jpg 1024w, https:\/\/www.spa-grillon.fr\/wp-content\/uploads\/2024\/10\/Tilio-10-1-300x263.jpg 300w, https:\/\/www.spa-grillon.fr\/wp-content\/uploads\/2024\/10\/Tilio-10-1-768x674.jpg 768w, https:\/\/www.spa-grillon.fr\/wp-content\/uploads\/2024\/10\/Tilio-10-1-1536x1348.jpg 1536w, https:\/\/www.spa-grillon.fr\/wp-content\/uploads\/2024\/10\/Tilio-10-1.jpg 2037w\" sizes=\"(max-width: 545px) 100vw, 545px\" \/><\/a><\/figure><\/div>","protected":false},"excerpt":{"rendered":"<p>Tilio est un tr\u00e8s gentil chat, facile qui s&rsquo;entend avec tout le monde.\u00a0Arriv\u00e9 chaton au refuge avec son fr\u00e8re et sa s\u0153ur \u00e0 la p\u00e9riode o\u00f9 il avait beaucoup de concurrence et il n&rsquo;a pas eu la chance de trouver &hellip; <a href=\"https:\/\/www.spa-grillon.fr\/?page_id=16178\">Continuer la lecture <span class=\"meta-nav\">&rarr;<\/span><\/a><\/p>\n","protected":false},"author":2,"featured_media":0,"parent":0,"menu_order":0,"comment_status":"closed","ping_status":"closed","template":"","meta":[],"_links":{"self":[{"href":"https:\/\/www.spa-grillon.fr\/index.php?rest_route=\/wp\/v2\/pages\/16178"}],"collection":[{"href":"https:\/\/www.spa-grillon.fr\/index.php?rest_route=\/wp\/v2\/pages"}],"about":[{"href":"https:\/\/www.spa-grillon.fr\/index.php?rest_route=\/wp\/v2\/types\/page"}],"author":[{"embeddable":true,"href":"https:\/\/www.spa-grillon.fr\/index.php?rest_route=\/wp\/v2\/users\/2"}],"replies":[{"embeddable":true,"href":"https:\/\/www.spa-grillon.fr\/index.php?rest_route=%2Fwp%2Fv2%2Fcomments&post=16178"}],"version-history":[{"count":1,"href":"https:\/\/www.spa-grillon.fr\/index.php?rest_route=\/wp\/v2\/pages\/16178\/revisions"}],"predecessor-version":[{"id":16185,"href":"https:\/\/www.spa-grillon.fr\/index.php?rest_route=\/wp\/v2\/pages\/16178\/revisions\/16185"}],"wp:attachment":[{"href":"https:\/\/www.spa-grillon.fr\/index.php?rest_route=%2Fwp%2Fv2%2Fmedia&parent=16178"}],"curies":[{"name":"wp","href":"https:\/\/api.w.org\/{rel}","templated":true}]}}