{"id":16194,"date":"2024-10-20T16:34:41","date_gmt":"2024-10-20T15:34:41","guid":{"rendered":"https:\/\/www.spa-grillon.fr\/?page_id=16194"},"modified":"2024-10-20T16:34:42","modified_gmt":"2024-10-20T15:34:42","slug":"sake","status":"publish","type":"page","link":"https:\/\/www.spa-grillon.fr\/?page_id=16194","title":{"rendered":"SAKE"},"content":{"rendered":"\n<div class=\"wp-block-media-text alignwide is-stacked-on-mobile\"><figure class=\"wp-block-media-text__media\"><img decoding=\"async\" loading=\"lazy\" width=\"876\" height=\"1024\" src=\"https:\/\/www.spa-grillon.fr\/wp-content\/uploads\/2024\/10\/Sake-5-876x1024.jpg\" alt=\"\" class=\"wp-image-16195 size-full\" srcset=\"https:\/\/www.spa-grillon.fr\/wp-content\/uploads\/2024\/10\/Sake-5-876x1024.jpg 876w, https:\/\/www.spa-grillon.fr\/wp-content\/uploads\/2024\/10\/Sake-5-257x300.jpg 257w, https:\/\/www.spa-grillon.fr\/wp-content\/uploads\/2024\/10\/Sake-5-768x898.jpg 768w, https:\/\/www.spa-grillon.fr\/wp-content\/uploads\/2024\/10\/Sake-5-1314x1536.jpg 1314w, https:\/\/www.spa-grillon.fr\/wp-content\/uploads\/2024\/10\/Sake-5.jpg 1540w\" sizes=\"(max-width: 876px) 100vw, 876px\" \/><\/figure><div class=\"wp-block-media-text__content\">\n<p style=\"text-align: justify;\">Sak\u00e9 est un gentil chat tout roux, tout doux mais assez distant quand il ne conna\u00eet pas. Une fois la confiance install\u00e9e, il se montre affectueux, joueur et cherche le contact. Avec de la patience, il fera le bonheur d&rsquo;une famille. Il c\u00f4toie les autres chats mais peut se montrer p\u00e9nible avec certains. Il aim\u00e9 l&rsquo;exclusivit\u00e9 ! <p style=\"text-align: justify;\">\n<\/div><\/div>\n\n\n\n<figure class=\"wp-block-image size-large\"><a href=\"https:\/\/www.spa-grillon.fr\/wp-content\/uploads\/2024\/10\/Sake-3.jpg\"><img decoding=\"async\" src=\"https:\/\/www.spa-grillon.fr\/wp-content\/uploads\/2024\/10\/Sake-3-edited.jpg\" alt=\"\" class=\"wp-image-16199\"\/><\/a><\/figure>\n\n\n<div class=\"wp-block-image\">\n<figure class=\"aligncenter size-large is-resized\"><a href=\"https:\/\/www.spa-grillon.fr\/wp-content\/uploads\/2024\/10\/Sake-1-scaled.jpg\"><img decoding=\"async\" loading=\"lazy\" src=\"https:\/\/www.spa-grillon.fr\/wp-content\/uploads\/2024\/10\/Sake-1-edited-1-rotated.jpg\" alt=\"\" class=\"wp-image-16202\" width=\"539\" height=\"539\" srcset=\"https:\/\/www.spa-grillon.fr\/wp-content\/uploads\/2024\/10\/Sake-1-edited-1-rotated.jpg 1981w, https:\/\/www.spa-grillon.fr\/wp-content\/uploads\/2024\/10\/Sake-1-edited-1-300x300.jpg 300w, https:\/\/www.spa-grillon.fr\/wp-content\/uploads\/2024\/10\/Sake-1-edited-1-1024x1024.jpg 1024w, https:\/\/www.spa-grillon.fr\/wp-content\/uploads\/2024\/10\/Sake-1-edited-1-150x150.jpg 150w, https:\/\/www.spa-grillon.fr\/wp-content\/uploads\/2024\/10\/Sake-1-edited-1-768x768.jpg 768w, https:\/\/www.spa-grillon.fr\/wp-content\/uploads\/2024\/10\/Sake-1-edited-1-1536x1536.jpg 1536w\" sizes=\"(max-width: 539px) 100vw, 539px\" \/><\/a><\/figure><\/div>\n\n<div class=\"wp-block-image\">\n<figure class=\"aligncenter size-large is-resized\"><a href=\"https:\/\/www.spa-grillon.fr\/wp-content\/uploads\/2024\/10\/Sake-2.jpg\"><img decoding=\"async\" loading=\"lazy\" src=\"https:\/\/www.spa-grillon.fr\/wp-content\/uploads\/2024\/10\/Sake-2-edited.jpg\" alt=\"\" class=\"wp-image-16200\" width=\"600\" height=\"337\" srcset=\"https:\/\/www.spa-grillon.fr\/wp-content\/uploads\/2024\/10\/Sake-2-edited.jpg 1762w, https:\/\/www.spa-grillon.fr\/wp-content\/uploads\/2024\/10\/Sake-2-edited-300x169.jpg 300w, https:\/\/www.spa-grillon.fr\/wp-content\/uploads\/2024\/10\/Sake-2-edited-1024x576.jpg 1024w, https:\/\/www.spa-grillon.fr\/wp-content\/uploads\/2024\/10\/Sake-2-edited-768x432.jpg 768w, https:\/\/www.spa-grillon.fr\/wp-content\/uploads\/2024\/10\/Sake-2-edited-1536x864.jpg 1536w\" sizes=\"(max-width: 600px) 100vw, 600px\" \/><\/a><\/figure><\/div>","protected":false},"excerpt":{"rendered":"<p>Sak\u00e9 est un gentil chat tout roux, tout doux mais assez distant quand il ne conna\u00eet pas. Une fois la confiance install\u00e9e, il se montre affectueux, joueur et cherche le contact. Avec de la patience, il fera le bonheur d&rsquo;une &hellip; <a href=\"https:\/\/www.spa-grillon.fr\/?page_id=16194\">Continuer la lecture <span class=\"meta-nav\">&rarr;<\/span><\/a><\/p>\n","protected":false},"author":2,"featured_media":0,"parent":0,"menu_order":0,"comment_status":"closed","ping_status":"closed","template":"","meta":[],"_links":{"self":[{"href":"https:\/\/www.spa-grillon.fr\/index.php?rest_route=\/wp\/v2\/pages\/16194"}],"collection":[{"href":"https:\/\/www.spa-grillon.fr\/index.php?rest_route=\/wp\/v2\/pages"}],"about":[{"href":"https:\/\/www.spa-grillon.fr\/index.php?rest_route=\/wp\/v2\/types\/page"}],"author":[{"embeddable":true,"href":"https:\/\/www.spa-grillon.fr\/index.php?rest_route=\/wp\/v2\/users\/2"}],"replies":[{"embeddable":true,"href":"https:\/\/www.spa-grillon.fr\/index.php?rest_route=%2Fwp%2Fv2%2Fcomments&post=16194"}],"version-history":[{"count":1,"href":"https:\/\/www.spa-grillon.fr\/index.php?rest_route=\/wp\/v2\/pages\/16194\/revisions"}],"predecessor-version":[{"id":16203,"href":"https:\/\/www.spa-grillon.fr\/index.php?rest_route=\/wp\/v2\/pages\/16194\/revisions\/16203"}],"wp:attachment":[{"href":"https:\/\/www.spa-grillon.fr\/index.php?rest_route=%2Fwp%2Fv2%2Fmedia&parent=16194"}],"curies":[{"name":"wp","href":"https:\/\/api.w.org\/{rel}","templated":true}]}}