{"id":16565,"date":"2025-01-07T17:03:43","date_gmt":"2025-01-07T16:03:43","guid":{"rendered":"https:\/\/www.spa-grillon.fr\/?page_id=16565"},"modified":"2025-11-07T18:37:43","modified_gmt":"2025-11-07T17:37:43","slug":"rambo","status":"publish","type":"page","link":"https:\/\/www.spa-grillon.fr\/?page_id=16565","title":{"rendered":"RAMBO"},"content":{"rendered":"\n<div class=\"wp-block-media-text alignwide is-stacked-on-mobile\"><figure class=\"wp-block-media-text__media\"><img decoding=\"async\" loading=\"lazy\" width=\"1024\" height=\"1024\" src=\"https:\/\/www.spa-grillon.fr\/wp-content\/uploads\/2025\/01\/Rambo-4-1024x1024.jpg\" alt=\"\" class=\"wp-image-16566 size-full\" srcset=\"https:\/\/www.spa-grillon.fr\/wp-content\/uploads\/2025\/01\/Rambo-4-1024x1024.jpg 1024w, https:\/\/www.spa-grillon.fr\/wp-content\/uploads\/2025\/01\/Rambo-4-300x300.jpg 300w, https:\/\/www.spa-grillon.fr\/wp-content\/uploads\/2025\/01\/Rambo-4-150x150.jpg 150w, https:\/\/www.spa-grillon.fr\/wp-content\/uploads\/2025\/01\/Rambo-4-768x768.jpg 768w, https:\/\/www.spa-grillon.fr\/wp-content\/uploads\/2025\/01\/Rambo-4-1536x1536.jpg 1536w, https:\/\/www.spa-grillon.fr\/wp-content\/uploads\/2025\/01\/Rambo-4-2048x2048.jpg 2048w\" sizes=\"(max-width: 1024px) 100vw, 1024px\" \/><\/figure><div class=\"wp-block-media-text__content\">\n<p><strong>Sexe <\/strong>: m\u00e2le<\/p>\n\n\n\n<p><strong>Race <\/strong>: griffon vend\u00e9en (non LOF)<\/p>\n\n\n\n<p><strong>Age <\/strong>: n\u00e9 en 28\/08\/2020<\/p>\n\n\n\n<p><strong>Taille <\/strong>: grand<\/p>\n<\/div><\/div>\n\n\n\n<p style=\"text-align: justify;\"> <strong> Caract\u00e9ristiques <\/strong> Rambo est un griffon comme on les aime avec toutes les qualit\u00e9s de ces chiens-l\u00e0. Tr\u00e8s gentil avec les humains, il aime les caresses et n&rsquo;a pas de m\u00e9chancet\u00e9 envers les gens. Il est parfois absorb\u00e9 par les pistes qu&rsquo;il renifle ce qui donne l&rsquo;impression qu&rsquo;il vous snobe, mais non : c&rsquo;est juste qu&rsquo;il a une mission ! Il serait sans doute un bon chasseur mais nous voulons aussi pour lui des conditions de vie de famille, pas une vie solitaire de chenil (sinon, il a la m\u00eame ici !). Il vivait en maison avec son humain et \u00e9tait tr\u00e8s propre. Avec ses cong\u00e9n\u00e8res, il s&rsquo;entend tr\u00e8s bien. Il est castr\u00e9 et n&rsquo;a pas particuli\u00e8rement de vell\u00e9it\u00e9s de s&rsquo;imposer sur les autres. Les chats, c&rsquo;est autre chose : l&rsquo;instinct de pr\u00e9dateur parle quand il les voit. Il faudrait donc \u00e0 Rambo une vie au grand air, en balades (s\u00fbrement pas en appartement), avec ou sans autres chiens. Il sera sans doute heureux avec des enfants aussi. Rambo est un chien adaptable et sans difficult\u00e9s particuli\u00e8re, si ce n&rsquo;est qu&rsquo;il n&rsquo;a pas vraiment d&rsquo;\u00e9ducation mais ce n&rsquo;est pas le genre de chien \u00e0 \u00ab\u00a0jouer \u00e0 assis &#8211; couch\u00e9 &#8211; papatte en rond\u00a0\u00bb! Un brave cl\u00e9bard, sans fa\u00e7ons mais plein d&rsquo;affection. <p style=\"text-align: justify;\">\n\n\n\n<figure class=\"wp-block-image size-large\"><a href=\"https:\/\/www.spa-grillon.fr\/wp-content\/uploads\/2025\/01\/Rambo-3-scaled.jpg\"><img decoding=\"async\" loading=\"lazy\" width=\"1024\" height=\"1024\" src=\"https:\/\/www.spa-grillon.fr\/wp-content\/uploads\/2025\/01\/Rambo-3-1024x1024.jpg\" alt=\"\" class=\"wp-image-16568\" srcset=\"https:\/\/www.spa-grillon.fr\/wp-content\/uploads\/2025\/01\/Rambo-3-1024x1024.jpg 1024w, https:\/\/www.spa-grillon.fr\/wp-content\/uploads\/2025\/01\/Rambo-3-300x300.jpg 300w, https:\/\/www.spa-grillon.fr\/wp-content\/uploads\/2025\/01\/Rambo-3-150x150.jpg 150w, https:\/\/www.spa-grillon.fr\/wp-content\/uploads\/2025\/01\/Rambo-3-768x768.jpg 768w, https:\/\/www.spa-grillon.fr\/wp-content\/uploads\/2025\/01\/Rambo-3-1536x1536.jpg 1536w, https:\/\/www.spa-grillon.fr\/wp-content\/uploads\/2025\/01\/Rambo-3-2048x2048.jpg 2048w\" sizes=\"(max-width: 1024px) 100vw, 1024px\" \/><\/a><\/figure>\n\n\n\n<figure class=\"wp-block-image size-large\"><a href=\"https:\/\/www.spa-grillon.fr\/wp-content\/uploads\/2025\/01\/Rambo-2-scaled.jpg\"><img decoding=\"async\" loading=\"lazy\" width=\"1024\" height=\"1024\" src=\"https:\/\/www.spa-grillon.fr\/wp-content\/uploads\/2025\/01\/Rambo-2-1024x1024.jpg\" alt=\"\" class=\"wp-image-16567\" srcset=\"https:\/\/www.spa-grillon.fr\/wp-content\/uploads\/2025\/01\/Rambo-2-1024x1024.jpg 1024w, https:\/\/www.spa-grillon.fr\/wp-content\/uploads\/2025\/01\/Rambo-2-300x300.jpg 300w, https:\/\/www.spa-grillon.fr\/wp-content\/uploads\/2025\/01\/Rambo-2-150x150.jpg 150w, https:\/\/www.spa-grillon.fr\/wp-content\/uploads\/2025\/01\/Rambo-2-768x768.jpg 768w, https:\/\/www.spa-grillon.fr\/wp-content\/uploads\/2025\/01\/Rambo-2-1536x1536.jpg 1536w, https:\/\/www.spa-grillon.fr\/wp-content\/uploads\/2025\/01\/Rambo-2-2048x2048.jpg 2048w\" sizes=\"(max-width: 1024px) 100vw, 1024px\" \/><\/a><\/figure>\n\n\n<div class=\"wp-block-image\">\n<figure class=\"aligncenter size-large is-resized\"><a href=\"https:\/\/www.spa-grillon.fr\/wp-content\/uploads\/2025\/11\/08c-scaled.jpg\"><img decoding=\"async\" loading=\"lazy\" src=\"https:\/\/www.spa-grillon.fr\/wp-content\/uploads\/2025\/11\/08c-1024x683.jpg\" alt=\"\" class=\"wp-image-17924\" width=\"519\" height=\"345\" srcset=\"https:\/\/www.spa-grillon.fr\/wp-content\/uploads\/2025\/11\/08c-1024x683.jpg 1024w, https:\/\/www.spa-grillon.fr\/wp-content\/uploads\/2025\/11\/08c-300x200.jpg 300w, https:\/\/www.spa-grillon.fr\/wp-content\/uploads\/2025\/11\/08c-768x512.jpg 768w, https:\/\/www.spa-grillon.fr\/wp-content\/uploads\/2025\/11\/08c-1536x1024.jpg 1536w, https:\/\/www.spa-grillon.fr\/wp-content\/uploads\/2025\/11\/08c-2048x1365.jpg 2048w\" sizes=\"(max-width: 519px) 100vw, 519px\" \/><\/a><\/figure><\/div>","protected":false},"excerpt":{"rendered":"<p>Sexe : m\u00e2le Race : griffon vend\u00e9en (non LOF) Age : n\u00e9 en 28\/08\/2020 Taille : grand Caract\u00e9ristiques Rambo est un griffon comme on les aime avec toutes les qualit\u00e9s de ces chiens-l\u00e0. Tr\u00e8s gentil avec les humains, il aime &hellip; <a href=\"https:\/\/www.spa-grillon.fr\/?page_id=16565\">Continuer la lecture <span class=\"meta-nav\">&rarr;<\/span><\/a><\/p>\n","protected":false},"author":2,"featured_media":0,"parent":0,"menu_order":0,"comment_status":"closed","ping_status":"closed","template":"","meta":[],"_links":{"self":[{"href":"https:\/\/www.spa-grillon.fr\/index.php?rest_route=\/wp\/v2\/pages\/16565"}],"collection":[{"href":"https:\/\/www.spa-grillon.fr\/index.php?rest_route=\/wp\/v2\/pages"}],"about":[{"href":"https:\/\/www.spa-grillon.fr\/index.php?rest_route=\/wp\/v2\/types\/page"}],"author":[{"embeddable":true,"href":"https:\/\/www.spa-grillon.fr\/index.php?rest_route=\/wp\/v2\/users\/2"}],"replies":[{"embeddable":true,"href":"https:\/\/www.spa-grillon.fr\/index.php?rest_route=%2Fwp%2Fv2%2Fcomments&post=16565"}],"version-history":[{"count":5,"href":"https:\/\/www.spa-grillon.fr\/index.php?rest_route=\/wp\/v2\/pages\/16565\/revisions"}],"predecessor-version":[{"id":17925,"href":"https:\/\/www.spa-grillon.fr\/index.php?rest_route=\/wp\/v2\/pages\/16565\/revisions\/17925"}],"wp:attachment":[{"href":"https:\/\/www.spa-grillon.fr\/index.php?rest_route=%2Fwp%2Fv2%2Fmedia&parent=16565"}],"curies":[{"name":"wp","href":"https:\/\/api.w.org\/{rel}","templated":true}]}}