{"id":16601,"date":"2025-01-07T18:53:29","date_gmt":"2025-01-07T17:53:29","guid":{"rendered":"https:\/\/www.spa-grillon.fr\/?page_id=16601"},"modified":"2025-07-11T17:05:28","modified_gmt":"2025-07-11T16:05:28","slug":"alpha","status":"publish","type":"page","link":"https:\/\/www.spa-grillon.fr\/?page_id=16601","title":{"rendered":"ALPHA"},"content":{"rendered":"\n<div class=\"wp-block-media-text alignwide is-stacked-on-mobile\"><figure class=\"wp-block-media-text__media\"><img decoding=\"async\" loading=\"lazy\" width=\"1024\" height=\"1024\" src=\"https:\/\/www.spa-grillon.fr\/wp-content\/uploads\/2025\/01\/Alpha-5-1024x1024.jpg\" alt=\"\" class=\"wp-image-16602 size-full\" srcset=\"https:\/\/www.spa-grillon.fr\/wp-content\/uploads\/2025\/01\/Alpha-5-1024x1024.jpg 1024w, https:\/\/www.spa-grillon.fr\/wp-content\/uploads\/2025\/01\/Alpha-5-300x300.jpg 300w, https:\/\/www.spa-grillon.fr\/wp-content\/uploads\/2025\/01\/Alpha-5-150x150.jpg 150w, https:\/\/www.spa-grillon.fr\/wp-content\/uploads\/2025\/01\/Alpha-5-768x768.jpg 768w, https:\/\/www.spa-grillon.fr\/wp-content\/uploads\/2025\/01\/Alpha-5.jpg 1097w\" sizes=\"(max-width: 1024px) 100vw, 1024px\" \/><\/figure><div class=\"wp-block-media-text__content\">\n<p><strong>Sexe <\/strong>: femelle<\/p>\n\n\n\n<p><strong>Race <\/strong>: race commune <\/p>\n\n\n\n<p><strong>Age <\/strong>: n\u00e9 en 11\/2019<\/p>\n\n\n\n<p><strong>Taille <\/strong>: grande<\/p>\n<\/div><\/div>\n\n\n\n<p style=\"text-align: justify;\"><strong>Caract\u00e9ristiques<\/strong> : Alpha a \u00e9t\u00e9 abandonn\u00e9e avec sa s\u0153ur, La\u00efka. Toutes deux \u00e9taient tr\u00e8s fusionnelles. Si elles sont assez ind\u00e9pendantes et peuvent rester seules, elles sont plus heureuses avec du monde autour d&rsquo;elles. C&rsquo;est une vie de famille qu&rsquo;il leur faut, \u00e0 toutes deux. Nous avons d\u00fb les s\u00e9parer pour esp\u00e9rer les faire adopter et elles ont plut\u00f4t bien v\u00e9cu leur s\u00e9paration. Avec ses cong\u00e9n\u00e8res, Alpha frime, essaie d&rsquo;en imposer mais avec un chien \u00e9quilibr\u00e9 qui ne se laisse pas impressionner par ses rodomontades, tout se passe bien. Ce n&rsquo;est que de l&rsquo;esbroufe. D&rsquo;ailleurs, elle participe aux randos en groupes sans souci particulier. Elle ne pourra pas cohabiter avec un chat. Elle semble un peu d\u00e9lur\u00e9e dans son parc mais une fois en promenade, elle est assez sage : elle saute mais c\u2019est surtout pour r\u00e9clamer de l\u2019attention, des caresses. Avec les humains, elle est adorable mais brusque. Il faudra donc faire attention avec de jeunes enfants qu&rsquo;elle pourrait bousculer. C\u2019est une chienne intelligente, p\u00eachue et tr\u00e8s demandeuse d\u2019interactions avec les gens. Il faudra donc approfondir son \u00e9ducation et lui donner de l\u2019occupation pour en faire un superbe compagne. <\/p>\n\n\n<div class=\"wp-block-image\">\n<figure class=\"aligncenter size-large is-resized\"><a href=\"https:\/\/www.spa-grillon.fr\/wp-content\/uploads\/2025\/01\/Alpha-6.jpg\"><img decoding=\"async\" loading=\"lazy\" src=\"https:\/\/www.spa-grillon.fr\/wp-content\/uploads\/2025\/01\/Alpha-6-1024x1024.jpg\" alt=\"\" class=\"wp-image-16603\" width=\"556\" height=\"556\" srcset=\"https:\/\/www.spa-grillon.fr\/wp-content\/uploads\/2025\/01\/Alpha-6-1024x1024.jpg 1024w, https:\/\/www.spa-grillon.fr\/wp-content\/uploads\/2025\/01\/Alpha-6-300x300.jpg 300w, https:\/\/www.spa-grillon.fr\/wp-content\/uploads\/2025\/01\/Alpha-6-150x150.jpg 150w, https:\/\/www.spa-grillon.fr\/wp-content\/uploads\/2025\/01\/Alpha-6-768x768.jpg 768w, https:\/\/www.spa-grillon.fr\/wp-content\/uploads\/2025\/01\/Alpha-6.jpg 1125w\" sizes=\"(max-width: 556px) 100vw, 556px\" \/><\/a><\/figure><\/div>\n\n<div class=\"wp-block-image\">\n<figure class=\"aligncenter size-large is-resized\"><a href=\"https:\/\/www.spa-grillon.fr\/wp-content\/uploads\/2025\/01\/Alpha.jpg\"><img decoding=\"async\" loading=\"lazy\" src=\"https:\/\/www.spa-grillon.fr\/wp-content\/uploads\/2025\/01\/Alpha-1024x1024.jpg\" alt=\"\" class=\"wp-image-16604\" width=\"557\" height=\"557\" srcset=\"https:\/\/www.spa-grillon.fr\/wp-content\/uploads\/2025\/01\/Alpha-1024x1024.jpg 1024w, https:\/\/www.spa-grillon.fr\/wp-content\/uploads\/2025\/01\/Alpha-300x300.jpg 300w, https:\/\/www.spa-grillon.fr\/wp-content\/uploads\/2025\/01\/Alpha-150x150.jpg 150w, https:\/\/www.spa-grillon.fr\/wp-content\/uploads\/2025\/01\/Alpha-768x768.jpg 768w, https:\/\/www.spa-grillon.fr\/wp-content\/uploads\/2025\/01\/Alpha.jpg 1075w\" sizes=\"(max-width: 557px) 100vw, 557px\" \/><\/a><\/figure><\/div>\n\n<div class=\"wp-block-image\">\n<figure class=\"aligncenter size-large is-resized\"><a href=\"https:\/\/www.spa-grillon.fr\/wp-content\/uploads\/2025\/01\/Alpha-2.jpg\"><img decoding=\"async\" loading=\"lazy\" src=\"https:\/\/www.spa-grillon.fr\/wp-content\/uploads\/2025\/01\/Alpha-2-1024x1024.jpg\" alt=\"\" class=\"wp-image-16605\" width=\"560\" height=\"560\" srcset=\"https:\/\/www.spa-grillon.fr\/wp-content\/uploads\/2025\/01\/Alpha-2-1024x1024.jpg 1024w, https:\/\/www.spa-grillon.fr\/wp-content\/uploads\/2025\/01\/Alpha-2-300x300.jpg 300w, https:\/\/www.spa-grillon.fr\/wp-content\/uploads\/2025\/01\/Alpha-2-150x150.jpg 150w, https:\/\/www.spa-grillon.fr\/wp-content\/uploads\/2025\/01\/Alpha-2-768x768.jpg 768w, https:\/\/www.spa-grillon.fr\/wp-content\/uploads\/2025\/01\/Alpha-2-1536x1536.jpg 1536w, https:\/\/www.spa-grillon.fr\/wp-content\/uploads\/2025\/01\/Alpha-2.jpg 1710w\" sizes=\"(max-width: 560px) 100vw, 560px\" \/><\/a><\/figure><\/div>\n\n<div class=\"wp-block-image\">\n<figure class=\"aligncenter size-large is-resized\"><a href=\"https:\/\/www.spa-grillon.fr\/wp-content\/uploads\/2025\/01\/Alpha-7-1.jpg\"><img decoding=\"async\" loading=\"lazy\" src=\"https:\/\/www.spa-grillon.fr\/wp-content\/uploads\/2025\/01\/Alpha-7-1-1024x1024.jpg\" alt=\"\" class=\"wp-image-16606\" width=\"560\" height=\"560\" srcset=\"https:\/\/www.spa-grillon.fr\/wp-content\/uploads\/2025\/01\/Alpha-7-1-1024x1024.jpg 1024w, https:\/\/www.spa-grillon.fr\/wp-content\/uploads\/2025\/01\/Alpha-7-1-300x300.jpg 300w, https:\/\/www.spa-grillon.fr\/wp-content\/uploads\/2025\/01\/Alpha-7-1-150x150.jpg 150w, https:\/\/www.spa-grillon.fr\/wp-content\/uploads\/2025\/01\/Alpha-7-1-768x768.jpg 768w, https:\/\/www.spa-grillon.fr\/wp-content\/uploads\/2025\/01\/Alpha-7-1.jpg 1393w\" sizes=\"(max-width: 560px) 100vw, 560px\" \/><\/a><\/figure><\/div>","protected":false},"excerpt":{"rendered":"<p>Sexe : femelle Race : race commune Age : n\u00e9 en 11\/2019 Taille : grande Caract\u00e9ristiques : Alpha a \u00e9t\u00e9 abandonn\u00e9e avec sa s\u0153ur, La\u00efka. Toutes deux \u00e9taient tr\u00e8s fusionnelles. Si elles sont assez ind\u00e9pendantes et peuvent rester seules, elles &hellip; <a href=\"https:\/\/www.spa-grillon.fr\/?page_id=16601\">Continuer la lecture <span class=\"meta-nav\">&rarr;<\/span><\/a><\/p>\n","protected":false},"author":2,"featured_media":0,"parent":0,"menu_order":0,"comment_status":"closed","ping_status":"closed","template":"","meta":[],"_links":{"self":[{"href":"https:\/\/www.spa-grillon.fr\/index.php?rest_route=\/wp\/v2\/pages\/16601"}],"collection":[{"href":"https:\/\/www.spa-grillon.fr\/index.php?rest_route=\/wp\/v2\/pages"}],"about":[{"href":"https:\/\/www.spa-grillon.fr\/index.php?rest_route=\/wp\/v2\/types\/page"}],"author":[{"embeddable":true,"href":"https:\/\/www.spa-grillon.fr\/index.php?rest_route=\/wp\/v2\/users\/2"}],"replies":[{"embeddable":true,"href":"https:\/\/www.spa-grillon.fr\/index.php?rest_route=%2Fwp%2Fv2%2Fcomments&post=16601"}],"version-history":[{"count":5,"href":"https:\/\/www.spa-grillon.fr\/index.php?rest_route=\/wp\/v2\/pages\/16601\/revisions"}],"predecessor-version":[{"id":17327,"href":"https:\/\/www.spa-grillon.fr\/index.php?rest_route=\/wp\/v2\/pages\/16601\/revisions\/17327"}],"wp:attachment":[{"href":"https:\/\/www.spa-grillon.fr\/index.php?rest_route=%2Fwp%2Fv2%2Fmedia&parent=16601"}],"curies":[{"name":"wp","href":"https:\/\/api.w.org\/{rel}","templated":true}]}}