{"id":16866,"date":"2025-03-23T18:39:31","date_gmt":"2025-03-23T17:39:31","guid":{"rendered":"https:\/\/www.spa-grillon.fr\/?page_id=16866"},"modified":"2025-10-20T15:10:09","modified_gmt":"2025-10-20T14:10:09","slug":"zenon-2","status":"publish","type":"page","link":"https:\/\/www.spa-grillon.fr\/?page_id=16866","title":{"rendered":"ZENON"},"content":{"rendered":"\n<div class=\"wp-block-media-text alignwide is-stacked-on-mobile\"><figure class=\"wp-block-media-text__media\"><img decoding=\"async\" loading=\"lazy\" width=\"1024\" height=\"1024\" src=\"https:\/\/www.spa-grillon.fr\/wp-content\/uploads\/2024\/11\/Zenon-1-1024x1024.jpg\" alt=\"\" class=\"wp-image-16321 size-full\" srcset=\"https:\/\/www.spa-grillon.fr\/wp-content\/uploads\/2024\/11\/Zenon-1-1024x1024.jpg 1024w, https:\/\/www.spa-grillon.fr\/wp-content\/uploads\/2024\/11\/Zenon-1-300x300.jpg 300w, https:\/\/www.spa-grillon.fr\/wp-content\/uploads\/2024\/11\/Zenon-1-150x150.jpg 150w, https:\/\/www.spa-grillon.fr\/wp-content\/uploads\/2024\/11\/Zenon-1-768x768.jpg 768w, https:\/\/www.spa-grillon.fr\/wp-content\/uploads\/2024\/11\/Zenon-1-1536x1536.jpg 1536w, https:\/\/www.spa-grillon.fr\/wp-content\/uploads\/2024\/11\/Zenon-1-2048x2048.jpg 2048w\" sizes=\"(max-width: 1024px) 100vw, 1024px\" \/><\/figure><div class=\"wp-block-media-text__content\">\n<p align=\"justify\">Z\u00e9non est arriv\u00e9 chaton, extr\u00eamement timide. Nous l&rsquo;avons peu \u00e0 peu socialis\u00e9 et m\u00eame s&rsquo;il restait craintif, il nous manifestait beaucoup d&rsquo;affection. Il n&rsquo;a malheureusement pas s\u00e9duit d&rsquo;adoptant et a rejoint notre petite communaut\u00e9 de chats libres. Et voil\u00e0 que contre toute attente, monsieur Z\u00e9non est redevenu le gros c\u00e2linou qu&rsquo;il \u00e9tait petit. Certes n&rsquo;importe qui ne l&rsquo;approche pas, surtout un inconnu et il faudra nous croire sur parole. <\/p>\n<\/div><\/div>\n\n\n\n<p align=\"justify\">Dans un environnement plus calme avec une personne patiente, le temps fera sans doute ressortir ce gentil minet si affectueux dont t\u00e9moigne la vid\u00e9o ci-dessous. Une famille calme, douce, patiente et connaissant les chats (et ne s&rsquo;attendant pas \u00e0 des r\u00e9sultats miraculeux en deux semaines!)sera indispensable \u00e0 ce gentil petit bonhomme peureux qui ne demande qu&rsquo;\u00e0 \u00eatre en confiance pour \u00e9clore. <p align=\"justify\">\n\n\n\n<figure class=\"wp-block-video\"><video controls src=\"https:\/\/www.spa-grillon.fr\/wp-content\/uploads\/2024\/10\/Zenon.mp4\"><\/video><\/figure>\n","protected":false},"excerpt":{"rendered":"<p>Z\u00e9non est arriv\u00e9 chaton, extr\u00eamement timide. Nous l&rsquo;avons peu \u00e0 peu socialis\u00e9 et m\u00eame s&rsquo;il restait craintif, il nous manifestait beaucoup d&rsquo;affection. Il n&rsquo;a malheureusement pas s\u00e9duit d&rsquo;adoptant et a rejoint notre petite communaut\u00e9 de chats libres. Et voil\u00e0 que &hellip; <a href=\"https:\/\/www.spa-grillon.fr\/?page_id=16866\">Continuer la lecture <span class=\"meta-nav\">&rarr;<\/span><\/a><\/p>\n","protected":false},"author":2,"featured_media":0,"parent":0,"menu_order":0,"comment_status":"closed","ping_status":"closed","template":"","meta":[],"_links":{"self":[{"href":"https:\/\/www.spa-grillon.fr\/index.php?rest_route=\/wp\/v2\/pages\/16866"}],"collection":[{"href":"https:\/\/www.spa-grillon.fr\/index.php?rest_route=\/wp\/v2\/pages"}],"about":[{"href":"https:\/\/www.spa-grillon.fr\/index.php?rest_route=\/wp\/v2\/types\/page"}],"author":[{"embeddable":true,"href":"https:\/\/www.spa-grillon.fr\/index.php?rest_route=\/wp\/v2\/users\/2"}],"replies":[{"embeddable":true,"href":"https:\/\/www.spa-grillon.fr\/index.php?rest_route=%2Fwp%2Fv2%2Fcomments&post=16866"}],"version-history":[{"count":5,"href":"https:\/\/www.spa-grillon.fr\/index.php?rest_route=\/wp\/v2\/pages\/16866\/revisions"}],"predecessor-version":[{"id":17784,"href":"https:\/\/www.spa-grillon.fr\/index.php?rest_route=\/wp\/v2\/pages\/16866\/revisions\/17784"}],"wp:attachment":[{"href":"https:\/\/www.spa-grillon.fr\/index.php?rest_route=%2Fwp%2Fv2%2Fmedia&parent=16866"}],"curies":[{"name":"wp","href":"https:\/\/api.w.org\/{rel}","templated":true}]}}