{"id":16868,"date":"2025-03-23T18:43:25","date_gmt":"2025-03-23T17:43:25","guid":{"rendered":"https:\/\/www.spa-grillon.fr\/?page_id=16868"},"modified":"2025-08-09T10:15:42","modified_gmt":"2025-08-09T09:15:42","slug":"zola","status":"publish","type":"page","link":"https:\/\/www.spa-grillon.fr\/?page_id=16868","title":{"rendered":"ZOLA"},"content":{"rendered":"\n<div class=\"wp-block-media-text alignwide is-stacked-on-mobile\"><figure class=\"wp-block-media-text__media\"><img decoding=\"async\" loading=\"lazy\" width=\"1024\" height=\"1024\" src=\"https:\/\/www.spa-grillon.fr\/wp-content\/uploads\/2024\/10\/Zola-1024x1024.jpg\" alt=\"\" class=\"wp-image-16230 size-full\" srcset=\"https:\/\/www.spa-grillon.fr\/wp-content\/uploads\/2024\/10\/Zola-1024x1024.jpg 1024w, https:\/\/www.spa-grillon.fr\/wp-content\/uploads\/2024\/10\/Zola-300x300.jpg 300w, https:\/\/www.spa-grillon.fr\/wp-content\/uploads\/2024\/10\/Zola-150x150.jpg 150w, https:\/\/www.spa-grillon.fr\/wp-content\/uploads\/2024\/10\/Zola-768x768.jpg 768w, https:\/\/www.spa-grillon.fr\/wp-content\/uploads\/2024\/10\/Zola.jpg 1335w\" sizes=\"(max-width: 1024px) 100vw, 1024px\" \/><\/figure><div class=\"wp-block-media-text__content\">\n<p align=\"justify\">Zola est arriv\u00e9 chaton mais nous n&rsquo;avons pas eu le temps n\u00e9cessaire pour le socialiser correctement. S&rsquo;il a toujours \u00e9t\u00e9 craintif, il se laisse approcher depuis qu&rsquo;il est en libert\u00e9, voire se laisse caresser. Mais son adoption ne pourra s&rsquo;envisager qu&rsquo;aupr\u00e8s d&rsquo;une personne motiv\u00e9e, connaissant les chats, patiente et surtout consciente qu&rsquo;il ne deviendra peut-\u00eatre jamais un chat facile. Zola est tr\u00e8s pacifique, il s&rsquo;entend tr\u00e8s bien avec les autres chats. il est doux, ne fait pas de b\u00eatises. Il faut juste parvenir \u00e0 gagner sa confiance. <\/p>\n<\/div><\/div>\n","protected":false},"excerpt":{"rendered":"<p>Zola est arriv\u00e9 chaton mais nous n&rsquo;avons pas eu le temps n\u00e9cessaire pour le socialiser correctement. S&rsquo;il a toujours \u00e9t\u00e9 craintif, il se laisse approcher depuis qu&rsquo;il est en libert\u00e9, voire se laisse caresser. Mais son adoption ne pourra s&rsquo;envisager &hellip; <a href=\"https:\/\/www.spa-grillon.fr\/?page_id=16868\">Continuer la lecture <span class=\"meta-nav\">&rarr;<\/span><\/a><\/p>\n","protected":false},"author":2,"featured_media":0,"parent":0,"menu_order":0,"comment_status":"closed","ping_status":"closed","template":"","meta":[],"_links":{"self":[{"href":"https:\/\/www.spa-grillon.fr\/index.php?rest_route=\/wp\/v2\/pages\/16868"}],"collection":[{"href":"https:\/\/www.spa-grillon.fr\/index.php?rest_route=\/wp\/v2\/pages"}],"about":[{"href":"https:\/\/www.spa-grillon.fr\/index.php?rest_route=\/wp\/v2\/types\/page"}],"author":[{"embeddable":true,"href":"https:\/\/www.spa-grillon.fr\/index.php?rest_route=\/wp\/v2\/users\/2"}],"replies":[{"embeddable":true,"href":"https:\/\/www.spa-grillon.fr\/index.php?rest_route=%2Fwp%2Fv2%2Fcomments&post=16868"}],"version-history":[{"count":3,"href":"https:\/\/www.spa-grillon.fr\/index.php?rest_route=\/wp\/v2\/pages\/16868\/revisions"}],"predecessor-version":[{"id":17437,"href":"https:\/\/www.spa-grillon.fr\/index.php?rest_route=\/wp\/v2\/pages\/16868\/revisions\/17437"}],"wp:attachment":[{"href":"https:\/\/www.spa-grillon.fr\/index.php?rest_route=%2Fwp%2Fv2%2Fmedia&parent=16868"}],"curies":[{"name":"wp","href":"https:\/\/api.w.org\/{rel}","templated":true}]}}