{"id":1704,"date":"2013-12-31T14:47:00","date_gmt":"2013-12-31T13:47:00","guid":{"rendered":"http:\/\/www.spa-grillon.fr\/?page_id=1704"},"modified":"2026-03-07T12:20:34","modified_gmt":"2026-03-07T11:20:34","slug":"les-chattes","status":"publish","type":"page","link":"https:\/\/www.spa-grillon.fr\/?page_id=1704","title":{"rendered":"Les chattes"},"content":{"rendered":"<p style=\"text-align: center;\">Pour conna\u00eetre les caract\u00e9ristiques de chaque chatte, cliquer sur l&rsquo;image.<\/p>\n<p style=\"text-align: justify;\">Une pr\u00e9cision \u00e0 l&rsquo;attention des visiteurs. Les chats que vous viendrez voir auront parfois tendance \u00e0 s&rsquo;enfuir. N&rsquo;en tirez pas de conclusion h\u00e2tive : certains sont tr\u00e8s familiers mais d&rsquo;autres sont simplement timides et leur attitude r\u00e9serv\u00e9e ne pr\u00e9juge en rien de leur comportement futur. Prenez donc le temps, avec les chats, c&rsquo;est une pr\u00e9caution indispensable.<\/p>\n<div id=\"attachment_18212\" style=\"width: 280px\" class=\"wp-caption alignleft\"><a href=\"https:\/\/www.spa-grillon.fr\/?page_id=18210\"><img aria-describedby=\"caption-attachment-18212\" decoding=\"async\" loading=\"lazy\" class=\" wp-image-18212\" src=\"https:\/\/www.spa-grillon.fr\/wp-content\/uploads\/2026\/01\/IMG-20260116-WA0018-300x300.jpg\" alt=\"\" width=\"270\" height=\"270\" srcset=\"https:\/\/www.spa-grillon.fr\/wp-content\/uploads\/2026\/01\/IMG-20260116-WA0018-300x300.jpg 300w, https:\/\/www.spa-grillon.fr\/wp-content\/uploads\/2026\/01\/IMG-20260116-WA0018-150x150.jpg 150w, https:\/\/www.spa-grillon.fr\/wp-content\/uploads\/2026\/01\/IMG-20260116-WA0018-768x768.jpg 768w, https:\/\/www.spa-grillon.fr\/wp-content\/uploads\/2026\/01\/IMG-20260116-WA0018.jpg 1009w\" sizes=\"(max-width: 270px) 100vw, 270px\" \/><\/a><p id=\"caption-attachment-18212\" class=\"wp-caption-text\"><a href=\"https:\/\/www.spa-grillon.fr\/?page_id=18210\">COLOMBINE, n\u00e9e en 01\/01\/2016<\/a><\/p><\/div>\n<div id=\"attachment_16242\" style=\"width: 280px\" class=\"wp-caption alignleft\"><a href=\"https:\/\/www.spa-grillon.fr\/?page_id=16241\"><img aria-describedby=\"caption-attachment-16242\" decoding=\"async\" loading=\"lazy\" class=\"wp-image-16242\" src=\"https:\/\/www.spa-grillon.fr\/wp-content\/uploads\/2024\/10\/20241021_122555-e1729755663886-300x300.jpg\" alt=\"\" width=\"270\" height=\"270\" srcset=\"https:\/\/www.spa-grillon.fr\/wp-content\/uploads\/2024\/10\/20241021_122555-e1729755663886-300x300.jpg 300w, https:\/\/www.spa-grillon.fr\/wp-content\/uploads\/2024\/10\/20241021_122555-e1729755663886-1024x1024.jpg 1024w, https:\/\/www.spa-grillon.fr\/wp-content\/uploads\/2024\/10\/20241021_122555-e1729755663886-150x150.jpg 150w, https:\/\/www.spa-grillon.fr\/wp-content\/uploads\/2024\/10\/20241021_122555-e1729755663886-768x768.jpg 768w, https:\/\/www.spa-grillon.fr\/wp-content\/uploads\/2024\/10\/20241021_122555-e1729755663886.jpg 1320w\" sizes=\"(max-width: 270px) 100vw, 270px\" \/><\/a><p id=\"caption-attachment-16242\" class=\"wp-caption-text\"><a href=\"https:\/\/www.spa-grillon.fr\/?page_id=16241\">HEIDI, n\u00e9e en 2016<\/a><\/p><\/div>\n<div id=\"attachment_15192\" style=\"width: 280px\" class=\"wp-caption alignleft\"><a href=\"https:\/\/www.spa-grillon.fr\/?page_id=14697\"><img aria-describedby=\"caption-attachment-15192\" decoding=\"async\" loading=\"lazy\" class=\"wp-image-15192\" src=\"https:\/\/www.spa-grillon.fr\/wp-content\/uploads\/2024\/03\/Annabelle-1-e1711800049909-300x300.jpg\" alt=\"\" width=\"270\" height=\"270\" srcset=\"https:\/\/www.spa-grillon.fr\/wp-content\/uploads\/2024\/03\/Annabelle-1-e1711800049909-300x300.jpg 300w, https:\/\/www.spa-grillon.fr\/wp-content\/uploads\/2024\/03\/Annabelle-1-e1711800049909-1024x1024.jpg 1024w, https:\/\/www.spa-grillon.fr\/wp-content\/uploads\/2024\/03\/Annabelle-1-e1711800049909-150x150.jpg 150w, https:\/\/www.spa-grillon.fr\/wp-content\/uploads\/2024\/03\/Annabelle-1-e1711800049909-768x768.jpg 768w, https:\/\/www.spa-grillon.fr\/wp-content\/uploads\/2024\/03\/Annabelle-1-e1711800049909-1536x1536.jpg 1536w, https:\/\/www.spa-grillon.fr\/wp-content\/uploads\/2024\/03\/Annabelle-1-e1711800049909.jpg 1793w\" sizes=\"(max-width: 270px) 100vw, 270px\" \/><\/a><p id=\"caption-attachment-15192\" class=\"wp-caption-text\"><a href=\"https:\/\/www.spa-grillon.fr\/?page_id=14697\">ANNABELLE, n\u00e9e en 01\/2022<\/a><\/p><\/div>\n<div id=\"attachment_13063\" style=\"width: 280px\" class=\"wp-caption alignleft\"><a href=\"http:\/\/www.spa-grillon.fr\/?page_id=13073\"><img aria-describedby=\"caption-attachment-13063\" decoding=\"async\" loading=\"lazy\" class=\"wp-image-13063\" src=\"http:\/\/www.spa-grillon.fr\/wp-content\/uploads\/2013\/12\/Tistou-5-e1676221058178-1024x1024.jpg\" alt=\"TISTOU, n\u00e9e en 05\/2022\" width=\"270\" height=\"270\" srcset=\"https:\/\/www.spa-grillon.fr\/wp-content\/uploads\/2013\/12\/Tistou-5-e1676221058178-1024x1024.jpg 1024w, https:\/\/www.spa-grillon.fr\/wp-content\/uploads\/2013\/12\/Tistou-5-e1676221058178-150x150.jpg 150w, https:\/\/www.spa-grillon.fr\/wp-content\/uploads\/2013\/12\/Tistou-5-e1676221058178-300x300.jpg 300w, https:\/\/www.spa-grillon.fr\/wp-content\/uploads\/2013\/12\/Tistou-5-e1676221058178-768x768.jpg 768w, https:\/\/www.spa-grillon.fr\/wp-content\/uploads\/2013\/12\/Tistou-5-e1676221058178.jpg 1542w\" sizes=\"(max-width: 270px) 100vw, 270px\" \/><\/a><p id=\"caption-attachment-13063\" class=\"wp-caption-text\"><a href=\"http:\/\/www.spa-grillon.fr\/?page_id=13073\">TISTOU, n\u00e9e en 05\/2022<\/a><\/p><\/div>\n<div id=\"attachment_13064\" style=\"width: 280px\" class=\"wp-caption alignleft\"><a href=\"https:\/\/www.spa-grillon.fr\/?page_id=13087\"><img aria-describedby=\"caption-attachment-13064\" decoding=\"async\" loading=\"lazy\" class=\"wp-image-13064\" src=\"https:\/\/www.spa-grillon.fr\/wp-content\/uploads\/2013\/12\/Thais-et-T\u00e9tris-3-e1676221176621-1024x1024.jpg\" alt=\"\" width=\"270\" height=\"270\" srcset=\"https:\/\/www.spa-grillon.fr\/wp-content\/uploads\/2013\/12\/Thais-et-T\u00e9tris-3-e1676221176621-1024x1024.jpg 1024w, https:\/\/www.spa-grillon.fr\/wp-content\/uploads\/2013\/12\/Thais-et-T\u00e9tris-3-e1676221176621-150x150.jpg 150w, https:\/\/www.spa-grillon.fr\/wp-content\/uploads\/2013\/12\/Thais-et-T\u00e9tris-3-e1676221176621-300x300.jpg 300w, https:\/\/www.spa-grillon.fr\/wp-content\/uploads\/2013\/12\/Thais-et-T\u00e9tris-3-e1676221176621-768x768.jpg 768w, https:\/\/www.spa-grillon.fr\/wp-content\/uploads\/2013\/12\/Thais-et-T\u00e9tris-3-e1676221176621.jpg 1198w\" sizes=\"(max-width: 270px) 100vw, 270px\" \/><\/a><p id=\"caption-attachment-13064\" class=\"wp-caption-text\"><a href=\"https:\/\/www.spa-grillon.fr\/?page_id=13087\">THAIS, n\u00e9e en 05\/2022<\/a><\/p><\/div>\n","protected":false},"excerpt":{"rendered":"<p>Pour conna\u00eetre les caract\u00e9ristiques de chaque chatte, cliquer sur l&rsquo;image. Une pr\u00e9cision \u00e0 l&rsquo;attention des visiteurs. Les chats que vous viendrez voir auront parfois tendance \u00e0 s&rsquo;enfuir. N&rsquo;en tirez pas de conclusion h\u00e2tive : certains sont tr\u00e8s familiers mais d&rsquo;autres &hellip; <a href=\"https:\/\/www.spa-grillon.fr\/?page_id=1704\">Continuer la lecture <span class=\"meta-nav\">&rarr;<\/span><\/a><\/p>\n","protected":false},"author":2,"featured_media":0,"parent":0,"menu_order":0,"comment_status":"closed","ping_status":"closed","template":"","meta":[],"_links":{"self":[{"href":"https:\/\/www.spa-grillon.fr\/index.php?rest_route=\/wp\/v2\/pages\/1704"}],"collection":[{"href":"https:\/\/www.spa-grillon.fr\/index.php?rest_route=\/wp\/v2\/pages"}],"about":[{"href":"https:\/\/www.spa-grillon.fr\/index.php?rest_route=\/wp\/v2\/types\/page"}],"author":[{"embeddable":true,"href":"https:\/\/www.spa-grillon.fr\/index.php?rest_route=\/wp\/v2\/users\/2"}],"replies":[{"embeddable":true,"href":"https:\/\/www.spa-grillon.fr\/index.php?rest_route=%2Fwp%2Fv2%2Fcomments&post=1704"}],"version-history":[{"count":212,"href":"https:\/\/www.spa-grillon.fr\/index.php?rest_route=\/wp\/v2\/pages\/1704\/revisions"}],"predecessor-version":[{"id":18477,"href":"https:\/\/www.spa-grillon.fr\/index.php?rest_route=\/wp\/v2\/pages\/1704\/revisions\/18477"}],"wp:attachment":[{"href":"https:\/\/www.spa-grillon.fr\/index.php?rest_route=%2Fwp%2Fv2%2Fmedia&parent=1704"}],"curies":[{"name":"wp","href":"https:\/\/api.w.org\/{rel}","templated":true}]}}