{"id":17086,"date":"2025-05-12T15:04:53","date_gmt":"2025-05-12T14:04:53","guid":{"rendered":"https:\/\/www.spa-grillon.fr\/?page_id=17086"},"modified":"2025-05-12T15:04:54","modified_gmt":"2025-05-12T14:04:54","slug":"la-marche-de-lenclave-2025","status":"publish","type":"page","link":"https:\/\/www.spa-grillon.fr\/?page_id=17086","title":{"rendered":"LA MARCHE DE L&rsquo;ENCLAVE 2025"},"content":{"rendered":"\n<p>La 6\u00b0 \u00e9dition de la Marche de l\u2019Enclave des Papes (la MEP) est un \u00e9v\u00e9nement sportif, festif et solidaire qui se d\u00e9roule dans 4 communes du Vaucluse au milieu de la Dr\u00f4me proven\u00e7ale.<\/p>\n\n\n\n<p>Cette randonn\u00e9e p\u00e9destre traverse de beaux paysages avec des vues sur le Ventoux, les dentelles de Montmirail et la Lance. Elle passe aussi par le centre de Grillon, de Richerenches, de Valr\u00e9as et de Visan pour apercevoir les principaux b\u00e2timents et des quartiers historiques.<\/p>\n\n\n\n<p>La MEP n\u2019est pas une comp\u00e9tition sportive. Elle se veut accessible au plus grand nombre. Il faut bien s\u00fbr \u00eatre en bonne sant\u00e9 et fournir un effort, m\u00eame tr\u00e8s important pour les participants en individuel.<\/p>\n\n\n\n<p>Elle pr\u00e9sente aussi un aspect solidaire, cette ann\u00e9e au profit des Restos du C\u0153ur et de la S.P.A. de l\u2019Enclave des Papes. Les dons vers\u00e9s leur seront transmis int\u00e9gralement.<\/p>\n\n\n\n<p><strong>Informations pratiques<\/strong><\/p>\n\n\n\n<p>Quand&nbsp;? Le 11 octobre 2025<\/p>\n\n\n\n<p>Possibilit\u00e9s de s\u2019inscrire et distances \u00e0 parcourir ?<\/p>\n\n\n\n<ul>\n<li>En individuel pour effectuer environ 42 km<\/li>\n\n\n\n<li>Au sein d\u2019une \u00e9quipe relais qui se partage les 4 \u00e9tapes pour effectuer les 42 km<\/li>\n\n\n\n<li>\u00c0 la carte&nbsp;: vous choisissez la commune de d\u00e9part selon un cr\u00e9neau horaire fix\u00e9 afin d\u2019effectuer 8 km, 15 km ou plus.<\/li>\n<\/ul>\n\n\n\n<p>D\u00e9part&nbsp;? Richerenches, parking en face de la Mairie, \u00e0 9 h00<\/p>\n\n\n\n<p><strong><u>Inscriptions<\/u><\/strong><\/p>\n\n\n\n<p>Possible jusqu\u2019\u00e0 la veille<\/p>\n\n\n\n<p>Le prix&nbsp;? 10 \u20ac par personne<\/p>\n\n\n\n<p>Formulaires d\u2019inscription&nbsp;? Sur le site internet <a href=\"http:\/\/www.association-mep.fr\">www.association-mep.fr<\/a><\/p>\n\n\n\n<p><strong><u>Informations<\/u><\/strong><strong><\/strong><\/p>\n\n\n\n<p><a href=\"http:\/\/www.association-mep.fr\">www.association-mep.fr<\/a> et page Facebook<\/p>\n\n\n\n<p><a href=\"mailto:info@association-mep.fr\">info@association-mep.fr<\/a><\/p>\n\n\n\n<p>Office de Tourisme Grignan &#8211; Enclave des Papes&nbsp;: Tel 00 33(0)4 90 35 04 71<\/p>\n","protected":false},"excerpt":{"rendered":"<p>La 6\u00b0 \u00e9dition de la Marche de l\u2019Enclave des Papes (la MEP) est un \u00e9v\u00e9nement sportif, festif et solidaire qui se d\u00e9roule dans 4 communes du Vaucluse au milieu de la Dr\u00f4me proven\u00e7ale. Cette randonn\u00e9e p\u00e9destre traverse de beaux paysages &hellip; <a href=\"https:\/\/www.spa-grillon.fr\/?page_id=17086\">Continuer la lecture <span class=\"meta-nav\">&rarr;<\/span><\/a><\/p>\n","protected":false},"author":2,"featured_media":0,"parent":0,"menu_order":0,"comment_status":"closed","ping_status":"closed","template":"","meta":[],"_links":{"self":[{"href":"https:\/\/www.spa-grillon.fr\/index.php?rest_route=\/wp\/v2\/pages\/17086"}],"collection":[{"href":"https:\/\/www.spa-grillon.fr\/index.php?rest_route=\/wp\/v2\/pages"}],"about":[{"href":"https:\/\/www.spa-grillon.fr\/index.php?rest_route=\/wp\/v2\/types\/page"}],"author":[{"embeddable":true,"href":"https:\/\/www.spa-grillon.fr\/index.php?rest_route=\/wp\/v2\/users\/2"}],"replies":[{"embeddable":true,"href":"https:\/\/www.spa-grillon.fr\/index.php?rest_route=%2Fwp%2Fv2%2Fcomments&post=17086"}],"version-history":[{"count":1,"href":"https:\/\/www.spa-grillon.fr\/index.php?rest_route=\/wp\/v2\/pages\/17086\/revisions"}],"predecessor-version":[{"id":17087,"href":"https:\/\/www.spa-grillon.fr\/index.php?rest_route=\/wp\/v2\/pages\/17086\/revisions\/17087"}],"wp:attachment":[{"href":"https:\/\/www.spa-grillon.fr\/index.php?rest_route=%2Fwp%2Fv2%2Fmedia&parent=17086"}],"curies":[{"name":"wp","href":"https:\/\/api.w.org\/{rel}","templated":true}]}}