{"id":17173,"date":"2025-06-12T15:52:39","date_gmt":"2025-06-12T14:52:39","guid":{"rendered":"https:\/\/www.spa-grillon.fr\/?page_id=17173"},"modified":"2026-04-03T18:53:26","modified_gmt":"2026-04-03T17:53:26","slug":"les-chiots-2","status":"publish","type":"page","link":"https:\/\/www.spa-grillon.fr\/?page_id=17173","title":{"rendered":"LES CHIOTS"},"content":{"rendered":"\n<div class=\"wp-block-columns is-layout-flex wp-container-3\">\n<div class=\"wp-block-column is-layout-flow\"><\/div>\n\n\n\n<div class=\"wp-block-column is-layout-flow\"><\/div>\n<\/div>\n\n\n\n<div class=\"wp-block-columns is-layout-flex wp-container-6\">\n<div class=\"wp-block-column is-layout-flow\">\n<figure class=\"wp-block-image size-large\"><img decoding=\"async\" loading=\"lazy\" width=\"1024\" height=\"1024\" src=\"https:\/\/www.spa-grillon.fr\/wp-content\/uploads\/2026\/02\/20260201_123653-1-1024x1024.jpg\" alt=\"\" class=\"wp-image-18299\" srcset=\"https:\/\/www.spa-grillon.fr\/wp-content\/uploads\/2026\/02\/20260201_123653-1-1024x1024.jpg 1024w, https:\/\/www.spa-grillon.fr\/wp-content\/uploads\/2026\/02\/20260201_123653-1-300x300.jpg 300w, https:\/\/www.spa-grillon.fr\/wp-content\/uploads\/2026\/02\/20260201_123653-1-150x150.jpg 150w, https:\/\/www.spa-grillon.fr\/wp-content\/uploads\/2026\/02\/20260201_123653-1-768x768.jpg 768w, https:\/\/www.spa-grillon.fr\/wp-content\/uploads\/2026\/02\/20260201_123653-1-1536x1536.jpg 1536w, https:\/\/www.spa-grillon.fr\/wp-content\/uploads\/2026\/02\/20260201_123653-1.jpg 1862w\" sizes=\"(max-width: 1024px) 100vw, 1024px\" \/><\/figure>\n\n\n\n<p style=\"font-size:14px\"><strong>ARKO<\/strong> <br>Crois\u00e9, n\u00e9 en 06\/2025<br>Fr\u00e8re d&rsquo;Akyo, il est victime lui aussi d&rsquo;un l\u00e2che abandon. Vif et \u00e9nergique, il aura besoin d&rsquo;\u00eatre \u00e9duqu\u00e9 m\u00eame si la chienne avec qui il cohabite fait son possible. C&rsquo;est un gentil chien qui doit apprendre \u00e0 se canaliser. <\/p>\n<\/div>\n\n\n\n<div class=\"wp-block-column is-layout-flow\">\n<p style=\"font-size:14px\"><\/p>\n<\/div>\n<\/div>\n","protected":false},"excerpt":{"rendered":"<p>ARKO Crois\u00e9, n\u00e9 en 06\/2025Fr\u00e8re d&rsquo;Akyo, il est victime lui aussi d&rsquo;un l\u00e2che abandon. Vif et \u00e9nergique, il aura besoin d&rsquo;\u00eatre \u00e9duqu\u00e9 m\u00eame si la chienne avec qui il cohabite fait son possible. C&rsquo;est un gentil chien qui doit apprendre &hellip; <a href=\"https:\/\/www.spa-grillon.fr\/?page_id=17173\">Continuer la lecture <span class=\"meta-nav\">&rarr;<\/span><\/a><\/p>\n","protected":false},"author":2,"featured_media":0,"parent":0,"menu_order":0,"comment_status":"closed","ping_status":"closed","template":"","meta":[],"_links":{"self":[{"href":"https:\/\/www.spa-grillon.fr\/index.php?rest_route=\/wp\/v2\/pages\/17173"}],"collection":[{"href":"https:\/\/www.spa-grillon.fr\/index.php?rest_route=\/wp\/v2\/pages"}],"about":[{"href":"https:\/\/www.spa-grillon.fr\/index.php?rest_route=\/wp\/v2\/types\/page"}],"author":[{"embeddable":true,"href":"https:\/\/www.spa-grillon.fr\/index.php?rest_route=\/wp\/v2\/users\/2"}],"replies":[{"embeddable":true,"href":"https:\/\/www.spa-grillon.fr\/index.php?rest_route=%2Fwp%2Fv2%2Fcomments&post=17173"}],"version-history":[{"count":18,"href":"https:\/\/www.spa-grillon.fr\/index.php?rest_route=\/wp\/v2\/pages\/17173\/revisions"}],"predecessor-version":[{"id":18519,"href":"https:\/\/www.spa-grillon.fr\/index.php?rest_route=\/wp\/v2\/pages\/17173\/revisions\/18519"}],"wp:attachment":[{"href":"https:\/\/www.spa-grillon.fr\/index.php?rest_route=%2Fwp%2Fv2%2Fmedia&parent=17173"}],"curies":[{"name":"wp","href":"https:\/\/api.w.org\/{rel}","templated":true}]}}