{"id":17383,"date":"2025-07-18T16:09:54","date_gmt":"2025-07-18T15:09:54","guid":{"rendered":"https:\/\/www.spa-grillon.fr\/?page_id=17383"},"modified":"2025-12-31T08:31:22","modified_gmt":"2025-12-31T07:31:22","slug":"ushka","status":"publish","type":"page","link":"https:\/\/www.spa-grillon.fr\/?page_id=17383","title":{"rendered":"USHKA"},"content":{"rendered":"\n<div class=\"wp-block-media-text alignwide is-stacked-on-mobile\"><figure class=\"wp-block-media-text__media\"><img decoding=\"async\" loading=\"lazy\" width=\"1024\" height=\"1024\" src=\"https:\/\/www.spa-grillon.fr\/wp-content\/uploads\/2025\/12\/20251207_130220-1-1024x1024.jpg\" alt=\"\" class=\"wp-image-18144 size-full\" srcset=\"https:\/\/www.spa-grillon.fr\/wp-content\/uploads\/2025\/12\/20251207_130220-1-1024x1024.jpg 1024w, https:\/\/www.spa-grillon.fr\/wp-content\/uploads\/2025\/12\/20251207_130220-1-300x300.jpg 300w, https:\/\/www.spa-grillon.fr\/wp-content\/uploads\/2025\/12\/20251207_130220-1-150x150.jpg 150w, https:\/\/www.spa-grillon.fr\/wp-content\/uploads\/2025\/12\/20251207_130220-1-768x768.jpg 768w, https:\/\/www.spa-grillon.fr\/wp-content\/uploads\/2025\/12\/20251207_130220-1-1536x1536.jpg 1536w, https:\/\/www.spa-grillon.fr\/wp-content\/uploads\/2025\/12\/20251207_130220-1.jpg 1911w\" sizes=\"(max-width: 1024px) 100vw, 1024px\" \/><\/figure><div class=\"wp-block-media-text__content\">\n<p><strong>Sexe <\/strong>: femelle<\/p>\n\n\n\n<p><strong>Race <\/strong>: Bruno du Jura X ari\u00e9geois<\/p>\n\n\n\n<p><strong>Age <\/strong>: n\u00e9 en 03\/2023<\/p>\n\n\n\n<p><strong>Taille <\/strong>: grande<\/p>\n<\/div><\/div>\n\n\n\n<p align=\"justify\">Ushka a \u00e9t\u00e9 abandonn\u00e9e en raison de son caract\u00e8re de fugueuse. Son propri\u00e9taire n&rsquo;est jamais arriv\u00e9 \u00e0 consolider suffisamment sa cl\u00f4ture : au refuge, pas de souci de fuite : elle ne saute pas et ne creuse pas non plus. Un bon grillage assez haut et bien ancr\u00e9 au sol devraient donc suffire \u00e0 la d\u00e9courager. C&rsquo;est une chienne tr\u00e8s gentille, affectueuse mais un brin fofolle, qui aboie beaucoup (c&rsquo;est un peu la caract\u00e9ristique de sa race). Elle a besoin de d\u00e9penser son \u00e9nergie mais aussi de recevoir de l&rsquo;attention et de l&rsquo;affection. Elle s&rsquo;entend bien avec les autres chiens, m\u00e2les ou femelles. La pr\u00e9sence d&rsquo;un compagnon de son \u00e2ge avec qui elle puisse s&rsquo;occuper serait sans doute un plus car elle a de la peine \u00e0 rester seule. Les chats, c&rsquo;est selon : son attitude d\u00e9lur\u00e9e et fougueuse fait fuir les craintifs. Elle aime les enfants et a d\u00e9j\u00e0 v\u00e9cu avec eux en toute qui\u00e9tude. En laisse, elle tire quand quelque chose l&rsquo;attire mais sinon, elle est assez calme. Les probl\u00e8mes de comportement d&rsquo;Ushka viennent sans doute du fait qu&rsquo;elle ne pouvait pas assez se d\u00e9penser : une famille plus disponible et disposant d&rsquo;un jardin bien clos qui lui procure suffisamment d&rsquo;occupation sera la condition pour que cette gentille louloute se sente \u00e0 sa place. <p align=\"justify\">\n\n\n<div class=\"wp-block-image\">\n<figure class=\"aligncenter size-large is-resized\"><a href=\"https:\/\/www.spa-grillon.fr\/wp-content\/uploads\/2025\/07\/20250716_102731_002_saved-scaled.jpg\"><img decoding=\"async\" loading=\"lazy\" src=\"https:\/\/www.spa-grillon.fr\/wp-content\/uploads\/2025\/07\/20250716_102731_002_saved-edited-1.jpg\" alt=\"\" class=\"wp-image-17382\" width=\"440\" height=\"440\" srcset=\"https:\/\/www.spa-grillon.fr\/wp-content\/uploads\/2025\/07\/20250716_102731_002_saved-edited-1.jpg 750w, https:\/\/www.spa-grillon.fr\/wp-content\/uploads\/2025\/07\/20250716_102731_002_saved-edited-1-300x300.jpg 300w, https:\/\/www.spa-grillon.fr\/wp-content\/uploads\/2025\/07\/20250716_102731_002_saved-edited-1-150x150.jpg 150w\" sizes=\"(max-width: 440px) 100vw, 440px\" \/><\/a><\/figure><\/div>\n\n<div class=\"wp-block-image\">\n<figure class=\"aligncenter size-large is-resized\"><img decoding=\"async\" loading=\"lazy\" src=\"https:\/\/www.spa-grillon.fr\/wp-content\/uploads\/2025\/07\/20250716_102718-1-edited-1.jpg\" alt=\"\" class=\"wp-image-17377\" width=\"533\" height=\"710\" srcset=\"https:\/\/www.spa-grillon.fr\/wp-content\/uploads\/2025\/07\/20250716_102718-1-edited-1.jpg 1003w, https:\/\/www.spa-grillon.fr\/wp-content\/uploads\/2025\/07\/20250716_102718-1-edited-1-225x300.jpg 225w, https:\/\/www.spa-grillon.fr\/wp-content\/uploads\/2025\/07\/20250716_102718-1-edited-1-768x1024.jpg 768w\" sizes=\"(max-width: 533px) 100vw, 533px\" \/><\/figure><\/div>\n\n\n<figure class=\"wp-block-image size-large\"><a href=\"https:\/\/www.spa-grillon.fr\/wp-content\/uploads\/2025\/12\/20251207_130123.jpg\"><img decoding=\"async\" src=\"https:\/\/www.spa-grillon.fr\/wp-content\/uploads\/2025\/12\/20251207_130123-1024x1021.jpg\" alt=\"\" class=\"wp-image-18141\"\/><\/a><\/figure>\n\n\n<div class=\"wp-block-image\">\n<figure class=\"aligncenter size-large is-resized\"><a href=\"https:\/\/www.spa-grillon.fr\/wp-content\/uploads\/2025\/07\/20250716_102721.jpg\"><img decoding=\"async\" loading=\"lazy\" src=\"https:\/\/www.spa-grillon.fr\/wp-content\/uploads\/2025\/07\/20250716_102721-1024x1024.jpg\" alt=\"\" class=\"wp-image-17378\" width=\"468\" height=\"468\" srcset=\"https:\/\/www.spa-grillon.fr\/wp-content\/uploads\/2025\/07\/20250716_102721-1024x1024.jpg 1024w, https:\/\/www.spa-grillon.fr\/wp-content\/uploads\/2025\/07\/20250716_102721-300x300.jpg 300w, https:\/\/www.spa-grillon.fr\/wp-content\/uploads\/2025\/07\/20250716_102721-150x150.jpg 150w, https:\/\/www.spa-grillon.fr\/wp-content\/uploads\/2025\/07\/20250716_102721-768x768.jpg 768w, https:\/\/www.spa-grillon.fr\/wp-content\/uploads\/2025\/07\/20250716_102721-1536x1536.jpg 1536w, https:\/\/www.spa-grillon.fr\/wp-content\/uploads\/2025\/07\/20250716_102721.jpg 1872w\" sizes=\"(max-width: 468px) 100vw, 468px\" \/><\/a><\/figure><\/div>\n\n<div class=\"wp-block-image\">\n<figure class=\"aligncenter size-large is-resized\"><a href=\"https:\/\/www.spa-grillon.fr\/wp-content\/uploads\/2025\/12\/20251207_130218.jpg\"><img decoding=\"async\" loading=\"lazy\" src=\"https:\/\/www.spa-grillon.fr\/wp-content\/uploads\/2025\/12\/20251207_130218-1024x1024.jpg\" alt=\"\" class=\"wp-image-18143\" width=\"382\" height=\"382\" srcset=\"https:\/\/www.spa-grillon.fr\/wp-content\/uploads\/2025\/12\/20251207_130218-1024x1024.jpg 1024w, https:\/\/www.spa-grillon.fr\/wp-content\/uploads\/2025\/12\/20251207_130218-300x300.jpg 300w, https:\/\/www.spa-grillon.fr\/wp-content\/uploads\/2025\/12\/20251207_130218-150x150.jpg 150w, https:\/\/www.spa-grillon.fr\/wp-content\/uploads\/2025\/12\/20251207_130218-768x768.jpg 768w, https:\/\/www.spa-grillon.fr\/wp-content\/uploads\/2025\/12\/20251207_130218-1536x1536.jpg 1536w, https:\/\/www.spa-grillon.fr\/wp-content\/uploads\/2025\/12\/20251207_130218.jpg 1880w\" sizes=\"(max-width: 382px) 100vw, 382px\" \/><\/a><\/figure><\/div>","protected":false},"excerpt":{"rendered":"<p>Sexe : femelle Race : Bruno du Jura X ari\u00e9geois Age : n\u00e9 en 03\/2023 Taille : grande Ushka a \u00e9t\u00e9 abandonn\u00e9e en raison de son caract\u00e8re de fugueuse. Son propri\u00e9taire n&rsquo;est jamais arriv\u00e9 \u00e0 consolider suffisamment sa cl\u00f4ture : &hellip; <a href=\"https:\/\/www.spa-grillon.fr\/?page_id=17383\">Continuer la lecture <span class=\"meta-nav\">&rarr;<\/span><\/a><\/p>\n","protected":false},"author":2,"featured_media":0,"parent":0,"menu_order":0,"comment_status":"closed","ping_status":"closed","template":"","meta":[],"_links":{"self":[{"href":"https:\/\/www.spa-grillon.fr\/index.php?rest_route=\/wp\/v2\/pages\/17383"}],"collection":[{"href":"https:\/\/www.spa-grillon.fr\/index.php?rest_route=\/wp\/v2\/pages"}],"about":[{"href":"https:\/\/www.spa-grillon.fr\/index.php?rest_route=\/wp\/v2\/types\/page"}],"author":[{"embeddable":true,"href":"https:\/\/www.spa-grillon.fr\/index.php?rest_route=\/wp\/v2\/users\/2"}],"replies":[{"embeddable":true,"href":"https:\/\/www.spa-grillon.fr\/index.php?rest_route=%2Fwp%2Fv2%2Fcomments&post=17383"}],"version-history":[{"count":3,"href":"https:\/\/www.spa-grillon.fr\/index.php?rest_route=\/wp\/v2\/pages\/17383\/revisions"}],"predecessor-version":[{"id":18145,"href":"https:\/\/www.spa-grillon.fr\/index.php?rest_route=\/wp\/v2\/pages\/17383\/revisions\/18145"}],"wp:attachment":[{"href":"https:\/\/www.spa-grillon.fr\/index.php?rest_route=%2Fwp%2Fv2%2Fmedia&parent=17383"}],"curies":[{"name":"wp","href":"https:\/\/api.w.org\/{rel}","templated":true}]}}