{"id":17716,"date":"2025-10-06T19:12:34","date_gmt":"2025-10-06T18:12:34","guid":{"rendered":"https:\/\/www.spa-grillon.fr\/?page_id=17716"},"modified":"2025-10-10T17:52:38","modified_gmt":"2025-10-10T16:52:38","slug":"gandhi","status":"publish","type":"page","link":"https:\/\/www.spa-grillon.fr\/?page_id=17716","title":{"rendered":"GANDHI"},"content":{"rendered":"\n<div class=\"wp-block-media-text alignwide is-stacked-on-mobile\"><figure class=\"wp-block-media-text__media\"><img decoding=\"async\" loading=\"lazy\" width=\"831\" height=\"831\" src=\"https:\/\/www.spa-grillon.fr\/wp-content\/uploads\/2025\/10\/IMG-20251002-WA0065.jpg\" alt=\"\" class=\"wp-image-17717 size-full\" srcset=\"https:\/\/www.spa-grillon.fr\/wp-content\/uploads\/2025\/10\/IMG-20251002-WA0065.jpg 831w, https:\/\/www.spa-grillon.fr\/wp-content\/uploads\/2025\/10\/IMG-20251002-WA0065-300x300.jpg 300w, https:\/\/www.spa-grillon.fr\/wp-content\/uploads\/2025\/10\/IMG-20251002-WA0065-150x150.jpg 150w, https:\/\/www.spa-grillon.fr\/wp-content\/uploads\/2025\/10\/IMG-20251002-WA0065-768x768.jpg 768w\" sizes=\"(max-width: 831px) 100vw, 831px\" \/><\/figure><div class=\"wp-block-media-text__content\">\n<p><strong>Sexe<\/strong> : m\u00e2le<\/p>\n\n\n\n<p><strong>Race<\/strong> : commune<\/p>\n\n\n\n<p><strong>Age<\/strong> : n\u00e9 en 06\/2025<\/p>\n\n\n\n<p><strong>Taille<\/strong> : moyenne<\/p>\n<\/div><\/div>\n\n\n\n<p align=\"justify\"> Gandhi est arriv\u00e9 \u00e0 deux mois au refuge. Il grandit actuellement en famille d&rsquo;accueil, ce qui lui permet de vivre dans un contexte rassurant. C&rsquo;est un chiot, avec tout ce que cela implique : du g\u00e2tisme avanc\u00e9 devant sa bouille toute mignonne et ses gestes patauds mais aussi la responsabilit\u00e9 de lui donner l&rsquo;\u00e9ducation qui en fera un chien sociable et heureux. Calme et affectueux avec l&rsquo;humain, il recherche les marques d&rsquo;affection. Comme pour tout chiot, la s\u00e9paration peut \u00eatre source d&rsquo;angoisse : il faudra donc lui apprendre la solitude progressivement. La pr\u00e9sence d&rsquo;un autre chien adulte pourra aider. Joueur et \u00e9nergique, il se prom\u00e8ne d\u00e9j\u00e0 avec entrain et adore fureter dans les herbes. Mais les siestes au soleil ne sont pas non plus pour lui d\u00e9plaire. L&rsquo;apprentissage de la propret\u00e9 est en bonne voie. C&rsquo;est un bon \u00e9l\u00e8ve qui sait d\u00e9j\u00e0 marcher en laisse et s&rsquo;asseoir. Il travaille le rappel. Il c\u00f4toie aussi un chat dont il est curieux : un peureux pourra \u00eatre effray\u00e9 par son envie de jouer mais la cohabitation devrait bien se passer. Adopter un chiot demandera un peu de patience et de pr\u00e9sence au d\u00e9but : il ne sera pas possible de le laisser 8 heures par jour tout seul et il est important de s&rsquo;assurer d&rsquo;avoir les moyens et le temps n\u00e9cessaires \u00e0 une bonne adaptation. Gandhi est un petit loulou tout mignon qui n&rsquo;attend qu&rsquo;une famille pour se lancer vraiment dans la vie ! <p align=\"justify\">\n\n\n\n<figure class=\"wp-block-video\"><video controls src=\"https:\/\/www.spa-grillon.fr\/wp-content\/uploads\/2025\/10\/Gandhi.mp4\"><\/video><\/figure>\n\n\n<div class=\"wp-block-image\">\n<figure class=\"aligncenter size-large is-resized\"><a href=\"https:\/\/www.spa-grillon.fr\/wp-content\/uploads\/2025\/10\/Boudha-e1759773245133.jpg\"><img decoding=\"async\" loading=\"lazy\" src=\"https:\/\/www.spa-grillon.fr\/wp-content\/uploads\/2025\/10\/Boudha-e1759773245133-994x1024.jpg\" alt=\"\" class=\"wp-image-17719\" width=\"493\" height=\"508\" srcset=\"https:\/\/www.spa-grillon.fr\/wp-content\/uploads\/2025\/10\/Boudha-e1759773245133-994x1024.jpg 994w, https:\/\/www.spa-grillon.fr\/wp-content\/uploads\/2025\/10\/Boudha-e1759773245133-291x300.jpg 291w, https:\/\/www.spa-grillon.fr\/wp-content\/uploads\/2025\/10\/Boudha-e1759773245133-768x791.jpg 768w, https:\/\/www.spa-grillon.fr\/wp-content\/uploads\/2025\/10\/Boudha-e1759773245133.jpg 1039w\" sizes=\"(max-width: 493px) 100vw, 493px\" \/><\/a><\/figure><\/div>\n\n<div class=\"wp-block-image\">\n<figure class=\"aligncenter size-full is-resized\"><a href=\"https:\/\/www.spa-grillon.fr\/wp-content\/uploads\/2025\/10\/IMG-20251008-WA0001.jpg\"><img decoding=\"async\" loading=\"lazy\" src=\"https:\/\/www.spa-grillon.fr\/wp-content\/uploads\/2025\/10\/IMG-20251008-WA0001.jpg\" alt=\"\" class=\"wp-image-17751\" width=\"492\" height=\"492\" srcset=\"https:\/\/www.spa-grillon.fr\/wp-content\/uploads\/2025\/10\/IMG-20251008-WA0001.jpg 974w, https:\/\/www.spa-grillon.fr\/wp-content\/uploads\/2025\/10\/IMG-20251008-WA0001-300x300.jpg 300w, https:\/\/www.spa-grillon.fr\/wp-content\/uploads\/2025\/10\/IMG-20251008-WA0001-150x150.jpg 150w, https:\/\/www.spa-grillon.fr\/wp-content\/uploads\/2025\/10\/IMG-20251008-WA0001-768x768.jpg 768w\" sizes=\"(max-width: 492px) 100vw, 492px\" \/><\/a><\/figure><\/div>\n\n<div class=\"wp-block-image\">\n<figure class=\"aligncenter size-large is-resized\"><a href=\"https:\/\/www.spa-grillon.fr\/wp-content\/uploads\/2025\/10\/IMG-20251002-WA0068.jpg\"><img decoding=\"async\" loading=\"lazy\" src=\"https:\/\/www.spa-grillon.fr\/wp-content\/uploads\/2025\/10\/IMG-20251002-WA0068-1024x1024.jpg\" alt=\"\" class=\"wp-image-17718\" width=\"435\" height=\"435\" srcset=\"https:\/\/www.spa-grillon.fr\/wp-content\/uploads\/2025\/10\/IMG-20251002-WA0068-1024x1024.jpg 1024w, https:\/\/www.spa-grillon.fr\/wp-content\/uploads\/2025\/10\/IMG-20251002-WA0068-300x300.jpg 300w, https:\/\/www.spa-grillon.fr\/wp-content\/uploads\/2025\/10\/IMG-20251002-WA0068-150x150.jpg 150w, https:\/\/www.spa-grillon.fr\/wp-content\/uploads\/2025\/10\/IMG-20251002-WA0068-768x768.jpg 768w, https:\/\/www.spa-grillon.fr\/wp-content\/uploads\/2025\/10\/IMG-20251002-WA0068.jpg 1200w\" sizes=\"(max-width: 435px) 100vw, 435px\" \/><\/a><\/figure><\/div>","protected":false},"excerpt":{"rendered":"<p>Sexe : m\u00e2le Race : commune Age : n\u00e9 en 06\/2025 Taille : moyenne Gandhi est arriv\u00e9 \u00e0 deux mois au refuge. Il grandit actuellement en famille d&rsquo;accueil, ce qui lui permet de vivre dans un contexte rassurant. C&rsquo;est un &hellip; <a href=\"https:\/\/www.spa-grillon.fr\/?page_id=17716\">Continuer la lecture <span class=\"meta-nav\">&rarr;<\/span><\/a><\/p>\n","protected":false},"author":2,"featured_media":0,"parent":0,"menu_order":0,"comment_status":"closed","ping_status":"closed","template":"","meta":[],"_links":{"self":[{"href":"https:\/\/www.spa-grillon.fr\/index.php?rest_route=\/wp\/v2\/pages\/17716"}],"collection":[{"href":"https:\/\/www.spa-grillon.fr\/index.php?rest_route=\/wp\/v2\/pages"}],"about":[{"href":"https:\/\/www.spa-grillon.fr\/index.php?rest_route=\/wp\/v2\/types\/page"}],"author":[{"embeddable":true,"href":"https:\/\/www.spa-grillon.fr\/index.php?rest_route=\/wp\/v2\/users\/2"}],"replies":[{"embeddable":true,"href":"https:\/\/www.spa-grillon.fr\/index.php?rest_route=%2Fwp%2Fv2%2Fcomments&post=17716"}],"version-history":[{"count":4,"href":"https:\/\/www.spa-grillon.fr\/index.php?rest_route=\/wp\/v2\/pages\/17716\/revisions"}],"predecessor-version":[{"id":17752,"href":"https:\/\/www.spa-grillon.fr\/index.php?rest_route=\/wp\/v2\/pages\/17716\/revisions\/17752"}],"wp:attachment":[{"href":"https:\/\/www.spa-grillon.fr\/index.php?rest_route=%2Fwp%2Fv2%2Fmedia&parent=17716"}],"curies":[{"name":"wp","href":"https:\/\/api.w.org\/{rel}","templated":true}]}}