{"id":17738,"date":"2025-10-06T19:55:08","date_gmt":"2025-10-06T18:55:08","guid":{"rendered":"https:\/\/www.spa-grillon.fr\/?page_id=17738"},"modified":"2025-10-06T19:55:18","modified_gmt":"2025-10-06T18:55:18","slug":"pearl","status":"publish","type":"page","link":"https:\/\/www.spa-grillon.fr\/?page_id=17738","title":{"rendered":"PEARL"},"content":{"rendered":"\n<div class=\"wp-block-media-text alignwide is-stacked-on-mobile\"><figure class=\"wp-block-media-text__media\"><img decoding=\"async\" loading=\"lazy\" width=\"1024\" height=\"1024\" src=\"https:\/\/www.spa-grillon.fr\/wp-content\/uploads\/2025\/10\/20251002_154153-1024x1024.jpg\" alt=\"\" class=\"wp-image-17739 size-full\" srcset=\"https:\/\/www.spa-grillon.fr\/wp-content\/uploads\/2025\/10\/20251002_154153-1024x1024.jpg 1024w, https:\/\/www.spa-grillon.fr\/wp-content\/uploads\/2025\/10\/20251002_154153-300x300.jpg 300w, https:\/\/www.spa-grillon.fr\/wp-content\/uploads\/2025\/10\/20251002_154153-150x150.jpg 150w, https:\/\/www.spa-grillon.fr\/wp-content\/uploads\/2025\/10\/20251002_154153-768x768.jpg 768w, https:\/\/www.spa-grillon.fr\/wp-content\/uploads\/2025\/10\/20251002_154153-1536x1536.jpg 1536w, https:\/\/www.spa-grillon.fr\/wp-content\/uploads\/2025\/10\/20251002_154153.jpg 1723w\" sizes=\"(max-width: 1024px) 100vw, 1024px\" \/><\/figure><div class=\"wp-block-media-text__content\">\n<p><strong>Sexe<\/strong> : femelle<\/p>\n\n\n\n<p><strong>Race<\/strong> : american bully<\/p>\n\n\n\n<p><strong>Age<\/strong> : n\u00e9e en 02\/2021<\/p>\n\n\n\n<p><strong>Taille<\/strong> : moyenne<\/p>\n<\/div><\/div>\n\n\n\n<p align=\"justify\">Attention ! Super tanker en approche ! Ce cube \u00e0 l&rsquo;air f\u00e9roce est en r\u00e9alit\u00e9 une grosse p\u00e2te de chienne, gentille comme tout, d\u00e9bordante d&rsquo;affection. Oui, c&rsquo;est une b\u00eate tr\u00e8s puissante et brusque parfois dans ses mouvements. Pourtant, elle est calme dans son parc et n&rsquo;aboie que lorsqu&rsquo;elle nous voit nous \u00e9loigner d&rsquo;elle. Enfin, aboie&#8230; qui n&rsquo;a jamais entendu aboyer un bully risque d&rsquo;\u00eatre surpris ! En balade, elle tire mod\u00e9r\u00e9ment mais elle n&rsquo;a surtout aucune endurance : ces chiens sont certes rac\u00e9s mais pas du tout faits pour l&rsquo;exercice et le sport. Tr\u00e8s vite essouffl\u00e9e, elle n&rsquo;aura pas besoin de grandes balades. Cependant, il faudra avoir la force suffisante pour la retenir si besoin et Mademoiselle a du muscle ! C\u00f4t\u00e9 entente, c&rsquo;est encore flou. Les chats semblent hors de question. Pour les chiens, c&rsquo;est encore un peu t\u00f4t pour se prononcer : elle ne para\u00eet pas r\u00e9active avec ses voisins mais nous n&rsquo;avons pas encore fait de test r\u00e9el. Cette gentille crois\u00e9e hippopotame n&rsquo;a rien \u00e0 faire en refuge : c&rsquo;est une chienne de famille, qui aime les enfants et les gros g\u00e2t\u00e9s et qui adorera mener une vie de farniente, au soleil, sur un canap\u00e9. Pearl est un bully donc n&rsquo;est pas cat\u00e9goris\u00e9e. Comme toutes nos chiennes, elle partira st\u00e9rilis\u00e9e. <p align=\"justify\">\n\n\n<div class=\"wp-block-image\">\n<figure class=\"aligncenter size-large is-resized\"><a href=\"https:\/\/www.spa-grillon.fr\/wp-content\/uploads\/2025\/10\/IMG-20251002-WA0045.jpg\"><img decoding=\"async\" loading=\"lazy\" src=\"https:\/\/www.spa-grillon.fr\/wp-content\/uploads\/2025\/10\/IMG-20251002-WA0045-1024x1024.jpg\" alt=\"\" class=\"wp-image-17744\" width=\"517\" height=\"517\" srcset=\"https:\/\/www.spa-grillon.fr\/wp-content\/uploads\/2025\/10\/IMG-20251002-WA0045-1024x1024.jpg 1024w, https:\/\/www.spa-grillon.fr\/wp-content\/uploads\/2025\/10\/IMG-20251002-WA0045-300x300.jpg 300w, https:\/\/www.spa-grillon.fr\/wp-content\/uploads\/2025\/10\/IMG-20251002-WA0045-150x150.jpg 150w, https:\/\/www.spa-grillon.fr\/wp-content\/uploads\/2025\/10\/IMG-20251002-WA0045-768x768.jpg 768w, https:\/\/www.spa-grillon.fr\/wp-content\/uploads\/2025\/10\/IMG-20251002-WA0045.jpg 1240w\" sizes=\"(max-width: 517px) 100vw, 517px\" \/><\/a><\/figure><\/div>\n\n<div class=\"wp-block-image\">\n<figure class=\"aligncenter size-large is-resized\"><a href=\"https:\/\/www.spa-grillon.fr\/wp-content\/uploads\/2025\/10\/20251002_154807.jpg\"><img decoding=\"async\" loading=\"lazy\" src=\"https:\/\/www.spa-grillon.fr\/wp-content\/uploads\/2025\/10\/20251002_154807-1024x1024.jpg\" alt=\"\" class=\"wp-image-17740\" width=\"460\" height=\"460\" srcset=\"https:\/\/www.spa-grillon.fr\/wp-content\/uploads\/2025\/10\/20251002_154807-1024x1024.jpg 1024w, https:\/\/www.spa-grillon.fr\/wp-content\/uploads\/2025\/10\/20251002_154807-300x300.jpg 300w, https:\/\/www.spa-grillon.fr\/wp-content\/uploads\/2025\/10\/20251002_154807-150x150.jpg 150w, https:\/\/www.spa-grillon.fr\/wp-content\/uploads\/2025\/10\/20251002_154807-768x768.jpg 768w, https:\/\/www.spa-grillon.fr\/wp-content\/uploads\/2025\/10\/20251002_154807-1536x1536.jpg 1536w, https:\/\/www.spa-grillon.fr\/wp-content\/uploads\/2025\/10\/20251002_154807-2048x2048.jpg 2048w\" sizes=\"(max-width: 460px) 100vw, 460px\" \/><\/a><\/figure><\/div>\n\n<div class=\"wp-block-image\">\n<figure class=\"aligncenter size-large is-resized\"><a href=\"https:\/\/www.spa-grillon.fr\/wp-content\/uploads\/2025\/10\/20251002_154153-1.jpg\"><img decoding=\"async\" loading=\"lazy\" src=\"https:\/\/www.spa-grillon.fr\/wp-content\/uploads\/2025\/10\/20251002_154153-1-1024x1024.jpg\" alt=\"\" class=\"wp-image-17743\" width=\"550\" height=\"550\" srcset=\"https:\/\/www.spa-grillon.fr\/wp-content\/uploads\/2025\/10\/20251002_154153-1-1024x1024.jpg 1024w, https:\/\/www.spa-grillon.fr\/wp-content\/uploads\/2025\/10\/20251002_154153-1-300x300.jpg 300w, https:\/\/www.spa-grillon.fr\/wp-content\/uploads\/2025\/10\/20251002_154153-1-150x150.jpg 150w, https:\/\/www.spa-grillon.fr\/wp-content\/uploads\/2025\/10\/20251002_154153-1-768x768.jpg 768w, https:\/\/www.spa-grillon.fr\/wp-content\/uploads\/2025\/10\/20251002_154153-1-1536x1536.jpg 1536w, https:\/\/www.spa-grillon.fr\/wp-content\/uploads\/2025\/10\/20251002_154153-1.jpg 1723w\" sizes=\"(max-width: 550px) 100vw, 550px\" \/><\/a><\/figure><\/div>\n\n<div class=\"wp-block-image\">\n<figure class=\"aligncenter size-full is-resized\"><a href=\"https:\/\/www.spa-grillon.fr\/wp-content\/uploads\/2025\/10\/20251002_154210.jpg\"><img decoding=\"async\" loading=\"lazy\" src=\"https:\/\/www.spa-grillon.fr\/wp-content\/uploads\/2025\/10\/20251002_154210.jpg\" alt=\"\" class=\"wp-image-17741\" width=\"459\" height=\"459\" srcset=\"https:\/\/www.spa-grillon.fr\/wp-content\/uploads\/2025\/10\/20251002_154210.jpg 1008w, https:\/\/www.spa-grillon.fr\/wp-content\/uploads\/2025\/10\/20251002_154210-300x300.jpg 300w, https:\/\/www.spa-grillon.fr\/wp-content\/uploads\/2025\/10\/20251002_154210-150x150.jpg 150w, https:\/\/www.spa-grillon.fr\/wp-content\/uploads\/2025\/10\/20251002_154210-768x768.jpg 768w\" sizes=\"(max-width: 459px) 100vw, 459px\" \/><\/a><\/figure><\/div>\n\n<div class=\"wp-block-image\">\n<figure class=\"aligncenter size-large is-resized\"><a href=\"https:\/\/www.spa-grillon.fr\/wp-content\/uploads\/2025\/10\/20251002_154827.jpg\"><img decoding=\"async\" loading=\"lazy\" src=\"https:\/\/www.spa-grillon.fr\/wp-content\/uploads\/2025\/10\/20251002_154827-1024x1024.jpg\" alt=\"\" class=\"wp-image-17742\" width=\"471\" height=\"471\" srcset=\"https:\/\/www.spa-grillon.fr\/wp-content\/uploads\/2025\/10\/20251002_154827-1024x1024.jpg 1024w, https:\/\/www.spa-grillon.fr\/wp-content\/uploads\/2025\/10\/20251002_154827-300x300.jpg 300w, https:\/\/www.spa-grillon.fr\/wp-content\/uploads\/2025\/10\/20251002_154827-150x150.jpg 150w, https:\/\/www.spa-grillon.fr\/wp-content\/uploads\/2025\/10\/20251002_154827-768x768.jpg 768w, https:\/\/www.spa-grillon.fr\/wp-content\/uploads\/2025\/10\/20251002_154827-1536x1536.jpg 1536w, https:\/\/www.spa-grillon.fr\/wp-content\/uploads\/2025\/10\/20251002_154827-2048x2048.jpg 2048w\" sizes=\"(max-width: 471px) 100vw, 471px\" \/><\/a><\/figure><\/div>","protected":false},"excerpt":{"rendered":"<p>Sexe : femelle Race : american bully Age : n\u00e9e en 02\/2021 Taille : moyenne Attention ! Super tanker en approche ! Ce cube \u00e0 l&rsquo;air f\u00e9roce est en r\u00e9alit\u00e9 une grosse p\u00e2te de chienne, gentille comme tout, d\u00e9bordante d&rsquo;affection. &hellip; <a href=\"https:\/\/www.spa-grillon.fr\/?page_id=17738\">Continuer la lecture <span class=\"meta-nav\">&rarr;<\/span><\/a><\/p>\n","protected":false},"author":2,"featured_media":0,"parent":0,"menu_order":0,"comment_status":"closed","ping_status":"closed","template":"","meta":[],"_links":{"self":[{"href":"https:\/\/www.spa-grillon.fr\/index.php?rest_route=\/wp\/v2\/pages\/17738"}],"collection":[{"href":"https:\/\/www.spa-grillon.fr\/index.php?rest_route=\/wp\/v2\/pages"}],"about":[{"href":"https:\/\/www.spa-grillon.fr\/index.php?rest_route=\/wp\/v2\/types\/page"}],"author":[{"embeddable":true,"href":"https:\/\/www.spa-grillon.fr\/index.php?rest_route=\/wp\/v2\/users\/2"}],"replies":[{"embeddable":true,"href":"https:\/\/www.spa-grillon.fr\/index.php?rest_route=%2Fwp%2Fv2%2Fcomments&post=17738"}],"version-history":[{"count":1,"href":"https:\/\/www.spa-grillon.fr\/index.php?rest_route=\/wp\/v2\/pages\/17738\/revisions"}],"predecessor-version":[{"id":17745,"href":"https:\/\/www.spa-grillon.fr\/index.php?rest_route=\/wp\/v2\/pages\/17738\/revisions\/17745"}],"wp:attachment":[{"href":"https:\/\/www.spa-grillon.fr\/index.php?rest_route=%2Fwp%2Fv2%2Fmedia&parent=17738"}],"curies":[{"name":"wp","href":"https:\/\/api.w.org\/{rel}","templated":true}]}}