{"id":17894,"date":"2025-11-07T19:14:21","date_gmt":"2025-11-07T18:14:21","guid":{"rendered":"https:\/\/www.spa-grillon.fr\/?page_id=17894"},"modified":"2025-11-10T21:57:46","modified_gmt":"2025-11-10T20:57:46","slug":"balto","status":"publish","type":"page","link":"https:\/\/www.spa-grillon.fr\/?page_id=17894","title":{"rendered":"BALTO"},"content":{"rendered":"\n<div class=\"wp-block-media-text alignwide is-stacked-on-mobile\"><figure class=\"wp-block-media-text__media\"><img decoding=\"async\" loading=\"lazy\" width=\"1024\" height=\"1024\" src=\"https:\/\/www.spa-grillon.fr\/wp-content\/uploads\/2025\/11\/20251105_163717-1024x1024.jpg\" alt=\"\" class=\"wp-image-17936 size-full\" srcset=\"https:\/\/www.spa-grillon.fr\/wp-content\/uploads\/2025\/11\/20251105_163717-1024x1024.jpg 1024w, https:\/\/www.spa-grillon.fr\/wp-content\/uploads\/2025\/11\/20251105_163717-300x300.jpg 300w, https:\/\/www.spa-grillon.fr\/wp-content\/uploads\/2025\/11\/20251105_163717-150x150.jpg 150w, https:\/\/www.spa-grillon.fr\/wp-content\/uploads\/2025\/11\/20251105_163717-768x768.jpg 768w, https:\/\/www.spa-grillon.fr\/wp-content\/uploads\/2025\/11\/20251105_163717.jpg 1410w\" sizes=\"(max-width: 1024px) 100vw, 1024px\" \/><\/figure><div class=\"wp-block-media-text__content\">\n<p><strong>Sexe <\/strong>: m\u00e2le<\/p>\n\n\n\n<p><strong>Race <\/strong>: beagle<\/p>\n\n\n\n<p><strong>Age <\/strong>: n\u00e9 en 01\/2022<\/p>\n\n\n\n<p><strong>Taille <\/strong>: moyenne<\/p>\n<\/div><\/div>\n\n\n\n<p align=\"justify\"><strong>Caract\u00e9ristiques :&nbsp;<\/strong>Balto est arriv\u00e9 par la fourri\u00e8re et n&rsquo;a jamais \u00e9t\u00e9 r\u00e9clam\u00e9. Son tour de taille bien dodu laisse \u00e0 penser que pourtant, il appartenait \u00e0 quelqu&rsquo;un. Balto ne conna\u00eet pas grand chose de la vie : il ne sait pas encore bien marcher en laisse (il d\u00e9couvre le principe de la balade et va tr\u00e8s vite apprendre !), il se montre tant\u00f4t craintif tant\u00f4t totalement envahissant de c\u00e2lins. C&rsquo;est un chien tr\u00e8s sympa \u00e0 qui il ne faudra pas demander d&rsquo;arpenter le pav\u00e9 d&rsquo;une ville tout de suite mais une maison \u00e0 la campagne, avec un cour ou un jardin et il sera heureux. La compagnie d&rsquo;un humain, jeune ou non, lui suffira. Il peut vivre avec des enfants car il est tr\u00e8s affectueux et pas trop brusque m\u00eame s&rsquo;il peut se dresser sur ses pattes pour mieux vous faire des bisous. Il s&rsquo;entend bien avec ses cong\u00e9n\u00e8res a priori, ce sera \u00e0 confirmer ; en revanche, il n&rsquo;appr\u00e9cie pas les chats qu&rsquo;il semble vouloir courser avidement ! Balto est un chien tout simple qui a beaucoup \u00e0 donner.&nbsp;<p align=\"justify\">\n\n\n\n<figure class=\"wp-block-image size-large\"><a href=\"https:\/\/www.spa-grillon.fr\/wp-content\/uploads\/2025\/11\/20251105_163802.jpg\"><img decoding=\"async\" loading=\"lazy\" width=\"1024\" height=\"1024\" src=\"https:\/\/www.spa-grillon.fr\/wp-content\/uploads\/2025\/11\/20251105_163802-1024x1024.jpg\" alt=\"\" class=\"wp-image-17937\" srcset=\"https:\/\/www.spa-grillon.fr\/wp-content\/uploads\/2025\/11\/20251105_163802-1024x1024.jpg 1024w, https:\/\/www.spa-grillon.fr\/wp-content\/uploads\/2025\/11\/20251105_163802-300x300.jpg 300w, https:\/\/www.spa-grillon.fr\/wp-content\/uploads\/2025\/11\/20251105_163802-150x150.jpg 150w, https:\/\/www.spa-grillon.fr\/wp-content\/uploads\/2025\/11\/20251105_163802-768x768.jpg 768w, https:\/\/www.spa-grillon.fr\/wp-content\/uploads\/2025\/11\/20251105_163802-1536x1536.jpg 1536w, https:\/\/www.spa-grillon.fr\/wp-content\/uploads\/2025\/11\/20251105_163802.jpg 1800w\" sizes=\"(max-width: 1024px) 100vw, 1024px\" \/><\/a><\/figure>\n\n\n\n<figure class=\"wp-block-image size-large\"><a href=\"https:\/\/www.spa-grillon.fr\/wp-content\/uploads\/2025\/11\/20251105_163702-scaled.jpg\"><img decoding=\"async\" loading=\"lazy\" width=\"812\" height=\"1024\" src=\"https:\/\/www.spa-grillon.fr\/wp-content\/uploads\/2025\/11\/20251105_163702-812x1024.jpg\" alt=\"\" class=\"wp-image-17938\" srcset=\"https:\/\/www.spa-grillon.fr\/wp-content\/uploads\/2025\/11\/20251105_163702-812x1024.jpg 812w, https:\/\/www.spa-grillon.fr\/wp-content\/uploads\/2025\/11\/20251105_163702-238x300.jpg 238w, https:\/\/www.spa-grillon.fr\/wp-content\/uploads\/2025\/11\/20251105_163702-768x969.jpg 768w, https:\/\/www.spa-grillon.fr\/wp-content\/uploads\/2025\/11\/20251105_163702-1218x1536.jpg 1218w, https:\/\/www.spa-grillon.fr\/wp-content\/uploads\/2025\/11\/20251105_163702-1624x2048.jpg 1624w, https:\/\/www.spa-grillon.fr\/wp-content\/uploads\/2025\/11\/20251105_163702-scaled.jpg 2030w\" sizes=\"(max-width: 812px) 100vw, 812px\" \/><\/a><\/figure>\n\n\n<div class=\"wp-block-image\">\n<figure class=\"aligncenter size-large is-resized\"><a href=\"https:\/\/www.spa-grillon.fr\/wp-content\/uploads\/2025\/11\/20251105_163714.jpg\"><img decoding=\"async\" loading=\"lazy\" src=\"https:\/\/www.spa-grillon.fr\/wp-content\/uploads\/2025\/11\/20251105_163714-1024x1024.jpg\" alt=\"\" class=\"wp-image-17939\" width=\"520\" height=\"520\" srcset=\"https:\/\/www.spa-grillon.fr\/wp-content\/uploads\/2025\/11\/20251105_163714-1024x1024.jpg 1024w, https:\/\/www.spa-grillon.fr\/wp-content\/uploads\/2025\/11\/20251105_163714-300x300.jpg 300w, https:\/\/www.spa-grillon.fr\/wp-content\/uploads\/2025\/11\/20251105_163714-150x150.jpg 150w, https:\/\/www.spa-grillon.fr\/wp-content\/uploads\/2025\/11\/20251105_163714-768x768.jpg 768w, https:\/\/www.spa-grillon.fr\/wp-content\/uploads\/2025\/11\/20251105_163714-1536x1536.jpg 1536w, https:\/\/www.spa-grillon.fr\/wp-content\/uploads\/2025\/11\/20251105_163714.jpg 1800w\" sizes=\"(max-width: 520px) 100vw, 520px\" \/><\/a><\/figure><\/div>\n\n\n<figure class=\"wp-block-image size-large\"><a href=\"https:\/\/www.spa-grillon.fr\/wp-content\/uploads\/2025\/11\/20251105_163757.jpg\"><img decoding=\"async\" loading=\"lazy\" width=\"1024\" height=\"1024\" src=\"https:\/\/www.spa-grillon.fr\/wp-content\/uploads\/2025\/11\/20251105_163757-1024x1024.jpg\" alt=\"\" class=\"wp-image-17940\" srcset=\"https:\/\/www.spa-grillon.fr\/wp-content\/uploads\/2025\/11\/20251105_163757-1024x1024.jpg 1024w, https:\/\/www.spa-grillon.fr\/wp-content\/uploads\/2025\/11\/20251105_163757-300x300.jpg 300w, https:\/\/www.spa-grillon.fr\/wp-content\/uploads\/2025\/11\/20251105_163757-150x150.jpg 150w, https:\/\/www.spa-grillon.fr\/wp-content\/uploads\/2025\/11\/20251105_163757-768x769.jpg 768w, https:\/\/www.spa-grillon.fr\/wp-content\/uploads\/2025\/11\/20251105_163757.jpg 1071w\" sizes=\"(max-width: 1024px) 100vw, 1024px\" \/><\/a><\/figure>\n","protected":false},"excerpt":{"rendered":"<p>Sexe : m\u00e2le Race : beagle Age : n\u00e9 en 01\/2022 Taille : moyenne Caract\u00e9ristiques :&nbsp;Balto est arriv\u00e9 par la fourri\u00e8re et n&rsquo;a jamais \u00e9t\u00e9 r\u00e9clam\u00e9. Son tour de taille bien dodu laisse \u00e0 penser que pourtant, il appartenait \u00e0 &hellip; <a href=\"https:\/\/www.spa-grillon.fr\/?page_id=17894\">Continuer la lecture <span class=\"meta-nav\">&rarr;<\/span><\/a><\/p>\n","protected":false},"author":2,"featured_media":0,"parent":0,"menu_order":0,"comment_status":"closed","ping_status":"closed","template":"","meta":[],"_links":{"self":[{"href":"https:\/\/www.spa-grillon.fr\/index.php?rest_route=\/wp\/v2\/pages\/17894"}],"collection":[{"href":"https:\/\/www.spa-grillon.fr\/index.php?rest_route=\/wp\/v2\/pages"}],"about":[{"href":"https:\/\/www.spa-grillon.fr\/index.php?rest_route=\/wp\/v2\/types\/page"}],"author":[{"embeddable":true,"href":"https:\/\/www.spa-grillon.fr\/index.php?rest_route=\/wp\/v2\/users\/2"}],"replies":[{"embeddable":true,"href":"https:\/\/www.spa-grillon.fr\/index.php?rest_route=%2Fwp%2Fv2%2Fcomments&post=17894"}],"version-history":[{"count":3,"href":"https:\/\/www.spa-grillon.fr\/index.php?rest_route=\/wp\/v2\/pages\/17894\/revisions"}],"predecessor-version":[{"id":17954,"href":"https:\/\/www.spa-grillon.fr\/index.php?rest_route=\/wp\/v2\/pages\/17894\/revisions\/17954"}],"wp:attachment":[{"href":"https:\/\/www.spa-grillon.fr\/index.php?rest_route=%2Fwp%2Fv2%2Fmedia&parent=17894"}],"curies":[{"name":"wp","href":"https:\/\/api.w.org\/{rel}","templated":true}]}}