{"id":17942,"date":"2025-11-07T19:35:29","date_gmt":"2025-11-07T18:35:29","guid":{"rendered":"https:\/\/www.spa-grillon.fr\/?page_id=17942"},"modified":"2026-02-09T07:59:29","modified_gmt":"2026-02-09T06:59:29","slug":"vera","status":"publish","type":"page","link":"https:\/\/www.spa-grillon.fr\/?page_id=17942","title":{"rendered":"VERA"},"content":{"rendered":"\n<div class=\"wp-block-media-text alignwide is-stacked-on-mobile\"><figure class=\"wp-block-media-text__media\"><img decoding=\"async\" loading=\"lazy\" width=\"1024\" height=\"1024\" src=\"https:\/\/www.spa-grillon.fr\/wp-content\/uploads\/2025\/11\/20251105_1620390-1024x1024.jpg\" alt=\"\" class=\"wp-image-17943 size-full\" srcset=\"https:\/\/www.spa-grillon.fr\/wp-content\/uploads\/2025\/11\/20251105_1620390-1024x1024.jpg 1024w, https:\/\/www.spa-grillon.fr\/wp-content\/uploads\/2025\/11\/20251105_1620390-300x300.jpg 300w, https:\/\/www.spa-grillon.fr\/wp-content\/uploads\/2025\/11\/20251105_1620390-150x150.jpg 150w, https:\/\/www.spa-grillon.fr\/wp-content\/uploads\/2025\/11\/20251105_1620390-768x768.jpg 768w, https:\/\/www.spa-grillon.fr\/wp-content\/uploads\/2025\/11\/20251105_1620390-1536x1536.jpg 1536w, https:\/\/www.spa-grillon.fr\/wp-content\/uploads\/2025\/11\/20251105_1620390.jpg 1801w\" sizes=\"(max-width: 1024px) 100vw, 1024px\" \/><\/figure><div class=\"wp-block-media-text__content\">\n<p><strong>Sexe<\/strong> : femelle<\/p>\n\n\n\n<p><strong>Race<\/strong> : \u00e9pagneul crois\u00e9e braque<\/p>\n\n\n\n<p><strong>Age<\/strong> : n\u00e9e en 01\/2024<\/p>\n\n\n\n<p><strong>Taille<\/strong> : moyenne<\/p>\n<\/div><\/div>\n\n\n\n<p align=\"justify\"><strong>Caract\u00e9ristiques <\/strong>: Vera a \u00e9t\u00e9 abandonn\u00e9e en raison de ses fugues \u00e0 r\u00e9p\u00e9tition. Au refuge, elle n&rsquo;a pas r\u00e9ussi \u00e0 se sauver : un bon grillage assez haut et un minimum de s\u00e9rieux dans la surveillance suffiront mais elle ne pourra pas promener sans laisse sans un apprentissage s\u00e9rieux. Toute jeune, c&rsquo;est une chienne tr\u00e8s active qui aura besoin de pr\u00e9sence et d&rsquo;\u00e9ducation pour lui apprendre \u00e0 mieux g\u00e9rer la solitude. Il lui faudra aussi d\u00e9penser son \u00e9nergie, aussi bien physique que mentale. Un entourage familial, des enfants, du monde \u00e0 qui dispenser toute sa tendresse, un copain aussi, feraient bien son affaire. Elle appr\u00e9cie la compagnie de ses cong\u00e9n\u00e8res mais pas du tout des chats qui ne seront pas en s\u00e9curit\u00e9 avec V\u00e9ra. En laisse, elle reste vive mais son petit gabarit rend la balade g\u00e9rable. Elle se calme d&rsquo;ailleurs vite mais l&rsquo;envie de renifler, de suivre des odeurs s\u00e9duisantes peut d\u00e9cupler son entrain. Elle aura sans doute du mal \u00e0 se faire \u00e0 une vie trop \u00ab\u00a0plan-plan\u00a0\u00bb. L&rsquo;appartement peut tout \u00e0 fait s&rsquo;envisager car elle est propre \u00e0 condition de ne pas compter que sur trois balades hygi\u00e9niques par jour mais sur de vraies sorties et par tous les temps, comme pour la grande majorit\u00e9 des chiens. Si vous savez g\u00e9rer sa jeune fougue, vous serez r\u00e9compens\u00e9 par l&rsquo;affection sans bornes de cette chienne fofolle et si attachante. <p align=\"justify\">\n\n\n\n<figure class=\"wp-block-image size-large\"><a href=\"https:\/\/www.spa-grillon.fr\/wp-content\/uploads\/2025\/11\/20251105_161745.jpg\"><img decoding=\"async\" loading=\"lazy\" width=\"1024\" height=\"1024\" src=\"https:\/\/www.spa-grillon.fr\/wp-content\/uploads\/2025\/11\/20251105_161745-1024x1024.jpg\" alt=\"\" class=\"wp-image-17945\" srcset=\"https:\/\/www.spa-grillon.fr\/wp-content\/uploads\/2025\/11\/20251105_161745-1024x1024.jpg 1024w, https:\/\/www.spa-grillon.fr\/wp-content\/uploads\/2025\/11\/20251105_161745-300x300.jpg 300w, https:\/\/www.spa-grillon.fr\/wp-content\/uploads\/2025\/11\/20251105_161745-150x150.jpg 150w, https:\/\/www.spa-grillon.fr\/wp-content\/uploads\/2025\/11\/20251105_161745-768x768.jpg 768w, https:\/\/www.spa-grillon.fr\/wp-content\/uploads\/2025\/11\/20251105_161745-1536x1536.jpg 1536w, https:\/\/www.spa-grillon.fr\/wp-content\/uploads\/2025\/11\/20251105_161745.jpg 1880w\" sizes=\"(max-width: 1024px) 100vw, 1024px\" \/><\/a><\/figure>\n\n\n<div class=\"wp-block-image\">\n<figure class=\"aligncenter size-large is-resized\"><a href=\"https:\/\/www.spa-grillon.fr\/wp-content\/uploads\/2025\/11\/20251105_161728.jpg\"><img decoding=\"async\" loading=\"lazy\" src=\"https:\/\/www.spa-grillon.fr\/wp-content\/uploads\/2025\/11\/20251105_161728-835x1024.jpg\" alt=\"\" class=\"wp-image-17944\" width=\"522\" height=\"639\" srcset=\"https:\/\/www.spa-grillon.fr\/wp-content\/uploads\/2025\/11\/20251105_161728-835x1024.jpg 835w, https:\/\/www.spa-grillon.fr\/wp-content\/uploads\/2025\/11\/20251105_161728-245x300.jpg 245w, https:\/\/www.spa-grillon.fr\/wp-content\/uploads\/2025\/11\/20251105_161728-768x942.jpg 768w, https:\/\/www.spa-grillon.fr\/wp-content\/uploads\/2025\/11\/20251105_161728-1253x1536.jpg 1253w, https:\/\/www.spa-grillon.fr\/wp-content\/uploads\/2025\/11\/20251105_161728.jpg 1635w\" sizes=\"(max-width: 522px) 100vw, 522px\" \/><\/a><\/figure><\/div>\n\n<div class=\"wp-block-image\">\n<figure class=\"aligncenter size-large is-resized\"><a href=\"https:\/\/www.spa-grillon.fr\/wp-content\/uploads\/2025\/11\/20251105_161904.jpg\"><img decoding=\"async\" loading=\"lazy\" src=\"https:\/\/www.spa-grillon.fr\/wp-content\/uploads\/2025\/11\/20251105_161904-1012x1024.jpg\" alt=\"\" class=\"wp-image-17946\" width=\"542\" height=\"547\" srcset=\"https:\/\/www.spa-grillon.fr\/wp-content\/uploads\/2025\/11\/20251105_161904-1012x1024.jpg 1012w, https:\/\/www.spa-grillon.fr\/wp-content\/uploads\/2025\/11\/20251105_161904-297x300.jpg 297w, https:\/\/www.spa-grillon.fr\/wp-content\/uploads\/2025\/11\/20251105_161904-150x150.jpg 150w, https:\/\/www.spa-grillon.fr\/wp-content\/uploads\/2025\/11\/20251105_161904-768x777.jpg 768w, https:\/\/www.spa-grillon.fr\/wp-content\/uploads\/2025\/11\/20251105_161904.jpg 1287w\" sizes=\"(max-width: 542px) 100vw, 542px\" \/><\/a><\/figure><\/div>\n\n\n<figure class=\"wp-block-video\"><video controls src=\"https:\/\/www.spa-grillon.fr\/wp-content\/uploads\/2025\/11\/20251105_162035.mp4\"><\/video><\/figure>\n\n\n<div class=\"wp-block-image\">\n<figure class=\"aligncenter size-large is-resized\"><a href=\"https:\/\/www.spa-grillon.fr\/wp-content\/uploads\/2026\/02\/Vera-6.jpg\"><img decoding=\"async\" loading=\"lazy\" src=\"https:\/\/www.spa-grillon.fr\/wp-content\/uploads\/2026\/02\/Vera-6-1024x906.jpg\" alt=\"\" class=\"wp-image-18318\" width=\"518\" height=\"457\" srcset=\"https:\/\/www.spa-grillon.fr\/wp-content\/uploads\/2026\/02\/Vera-6-1024x906.jpg 1024w, https:\/\/www.spa-grillon.fr\/wp-content\/uploads\/2026\/02\/Vera-6-300x266.jpg 300w, https:\/\/www.spa-grillon.fr\/wp-content\/uploads\/2026\/02\/Vera-6-1536x1359.jpg 1536w, https:\/\/www.spa-grillon.fr\/wp-content\/uploads\/2026\/02\/Vera-6.jpg 1992w\" sizes=\"(max-width: 518px) 100vw, 518px\" \/><\/a><\/figure><\/div>\n\n<div class=\"wp-block-image\">\n<figure class=\"aligncenter size-large is-resized\"><a href=\"https:\/\/www.spa-grillon.fr\/wp-content\/uploads\/2025\/11\/20251123_123911.jpg\"><img decoding=\"async\" loading=\"lazy\" src=\"https:\/\/www.spa-grillon.fr\/wp-content\/uploads\/2025\/11\/20251123_123911-1024x1024.jpg\" alt=\"\" class=\"wp-image-18013\" width=\"488\" height=\"488\" srcset=\"https:\/\/www.spa-grillon.fr\/wp-content\/uploads\/2025\/11\/20251123_123911-1024x1024.jpg 1024w, https:\/\/www.spa-grillon.fr\/wp-content\/uploads\/2025\/11\/20251123_123911-300x300.jpg 300w, https:\/\/www.spa-grillon.fr\/wp-content\/uploads\/2025\/11\/20251123_123911-150x150.jpg 150w, https:\/\/www.spa-grillon.fr\/wp-content\/uploads\/2025\/11\/20251123_123911-768x768.jpg 768w, https:\/\/www.spa-grillon.fr\/wp-content\/uploads\/2025\/11\/20251123_123911-1536x1536.jpg 1536w, https:\/\/www.spa-grillon.fr\/wp-content\/uploads\/2025\/11\/20251123_123911-2048x2048.jpg 2048w\" sizes=\"(max-width: 488px) 100vw, 488px\" \/><\/a><\/figure><\/div>\n\n<div class=\"wp-block-image\">\n<figure class=\"aligncenter size-large is-resized\"><a href=\"https:\/\/www.spa-grillon.fr\/wp-content\/uploads\/2025\/11\/Vera-2.jpg\"><img decoding=\"async\" loading=\"lazy\" src=\"https:\/\/www.spa-grillon.fr\/wp-content\/uploads\/2025\/11\/Vera-2-1018x1024.jpg\" alt=\"\" class=\"wp-image-17947\" width=\"500\" height=\"502\" srcset=\"https:\/\/www.spa-grillon.fr\/wp-content\/uploads\/2025\/11\/Vera-2-1018x1024.jpg 1018w, https:\/\/www.spa-grillon.fr\/wp-content\/uploads\/2025\/11\/Vera-2-298x300.jpg 298w, https:\/\/www.spa-grillon.fr\/wp-content\/uploads\/2025\/11\/Vera-2-150x150.jpg 150w, https:\/\/www.spa-grillon.fr\/wp-content\/uploads\/2025\/11\/Vera-2-768x773.jpg 768w, https:\/\/www.spa-grillon.fr\/wp-content\/uploads\/2025\/11\/Vera-2.jpg 1145w\" sizes=\"(max-width: 500px) 100vw, 500px\" \/><\/a><\/figure><\/div>","protected":false},"excerpt":{"rendered":"<p>Sexe : femelle Race : \u00e9pagneul crois\u00e9e braque Age : n\u00e9e en 01\/2024 Taille : moyenne Caract\u00e9ristiques : Vera a \u00e9t\u00e9 abandonn\u00e9e en raison de ses fugues \u00e0 r\u00e9p\u00e9tition. Au refuge, elle n&rsquo;a pas r\u00e9ussi \u00e0 se sauver : un &hellip; <a href=\"https:\/\/www.spa-grillon.fr\/?page_id=17942\">Continuer la lecture <span class=\"meta-nav\">&rarr;<\/span><\/a><\/p>\n","protected":false},"author":2,"featured_media":0,"parent":0,"menu_order":0,"comment_status":"closed","ping_status":"closed","template":"","meta":[],"_links":{"self":[{"href":"https:\/\/www.spa-grillon.fr\/index.php?rest_route=\/wp\/v2\/pages\/17942"}],"collection":[{"href":"https:\/\/www.spa-grillon.fr\/index.php?rest_route=\/wp\/v2\/pages"}],"about":[{"href":"https:\/\/www.spa-grillon.fr\/index.php?rest_route=\/wp\/v2\/types\/page"}],"author":[{"embeddable":true,"href":"https:\/\/www.spa-grillon.fr\/index.php?rest_route=\/wp\/v2\/users\/2"}],"replies":[{"embeddable":true,"href":"https:\/\/www.spa-grillon.fr\/index.php?rest_route=%2Fwp%2Fv2%2Fcomments&post=17942"}],"version-history":[{"count":4,"href":"https:\/\/www.spa-grillon.fr\/index.php?rest_route=\/wp\/v2\/pages\/17942\/revisions"}],"predecessor-version":[{"id":18319,"href":"https:\/\/www.spa-grillon.fr\/index.php?rest_route=\/wp\/v2\/pages\/17942\/revisions\/18319"}],"wp:attachment":[{"href":"https:\/\/www.spa-grillon.fr\/index.php?rest_route=%2Fwp%2Fv2%2Fmedia&parent=17942"}],"curies":[{"name":"wp","href":"https:\/\/api.w.org\/{rel}","templated":true}]}}