{"id":18156,"date":"2026-01-02T18:14:53","date_gmt":"2026-01-02T17:14:53","guid":{"rendered":"https:\/\/www.spa-grillon.fr\/?page_id=18156"},"modified":"2026-01-02T18:14:55","modified_gmt":"2026-01-02T17:14:55","slug":"vango","status":"publish","type":"page","link":"https:\/\/www.spa-grillon.fr\/?page_id=18156","title":{"rendered":"VANGO"},"content":{"rendered":"\n<div class=\"wp-block-media-text alignwide is-stacked-on-mobile\"><figure class=\"wp-block-media-text__media\"><img decoding=\"async\" loading=\"lazy\" width=\"843\" height=\"843\" src=\"https:\/\/www.spa-grillon.fr\/wp-content\/uploads\/2026\/01\/20251231_142522.jpg\" alt=\"\" class=\"wp-image-18157 size-full\" srcset=\"https:\/\/www.spa-grillon.fr\/wp-content\/uploads\/2026\/01\/20251231_142522.jpg 843w, https:\/\/www.spa-grillon.fr\/wp-content\/uploads\/2026\/01\/20251231_142522-300x300.jpg 300w, https:\/\/www.spa-grillon.fr\/wp-content\/uploads\/2026\/01\/20251231_142522-150x150.jpg 150w, https:\/\/www.spa-grillon.fr\/wp-content\/uploads\/2026\/01\/20251231_142522-768x768.jpg 768w\" sizes=\"(max-width: 843px) 100vw, 843px\" \/><\/figure><div class=\"wp-block-media-text__content\">\n<p><strong>Sexe <\/strong>: m\u00e2le<\/p>\n\n\n\n<p><strong>Race <\/strong>: race commune<\/p>\n\n\n\n<p><strong>Age <\/strong>: n\u00e9 en 01\/2025<\/p>\n\n\n\n<p><strong>Taille <\/strong>: moyenne<\/p>\n<\/div><\/div>\n\n\n\n<p align=\"justify\">Vango a \u00e9t\u00e9 trouv\u00e9 bless\u00e9 : sans doute attaqu\u00e9 par un autre chien, il a gard\u00e9 de cette m\u00e9saventure une oreille amput\u00e9e d&rsquo;un bon morceau. Elle est totalement cicatris\u00e9 et n&rsquo;a d&rsquo;autre effet que de lui donner un charme unique. C&rsquo;est un tr\u00e8s gentil chien, affectueux et demandeur d&rsquo;attention. P\u00eachu et sportif, il a de l&rsquo;\u00e9nergie \u00e0 revendre mais il est finalement assez sage en laisse et il \u00e9coute&nbsp;bien. \u00c9videmment, son \u00e9ducation sera \u00e0 parfaire mais il sera sans doute un bon chien de famille et la pr\u00e9sence d&rsquo;enfants le ravirait certainement car il appr\u00e9cie les jeux, les poursuites et les cabrioles. Avec les autres animaux, son entente est ind\u00e9cise. Il se pr\u00e9sente brusquement aupr\u00e8s des chiens et pour l&rsquo;heure, ses intentions ne sont pas tr\u00e8s \u00e9videntes : des essais seront donc indispensables en cas de cohabitation. Avec les chats, cela semble plus difficile et il semble vouloir les pourchasser.&nbsp; Si vous cherchez un petit chien gentil, dynamique et joyeux, pensez \u00e0 lui! Ce sera le gai luron parfait de votre foyer. <p align=\"justify\">\n\n\n<div class=\"wp-block-image\">\n<figure class=\"aligncenter size-large is-resized\"><a href=\"https:\/\/www.spa-grillon.fr\/wp-content\/uploads\/2026\/01\/20251231_142434.jpg\"><img decoding=\"async\" loading=\"lazy\" src=\"https:\/\/www.spa-grillon.fr\/wp-content\/uploads\/2026\/01\/20251231_142434-1024x1024.jpg\" alt=\"\" class=\"wp-image-18159\" width=\"515\" height=\"515\" srcset=\"https:\/\/www.spa-grillon.fr\/wp-content\/uploads\/2026\/01\/20251231_142434-1024x1024.jpg 1024w, https:\/\/www.spa-grillon.fr\/wp-content\/uploads\/2026\/01\/20251231_142434-300x300.jpg 300w, https:\/\/www.spa-grillon.fr\/wp-content\/uploads\/2026\/01\/20251231_142434-150x150.jpg 150w, https:\/\/www.spa-grillon.fr\/wp-content\/uploads\/2026\/01\/20251231_142434-768x768.jpg 768w, https:\/\/www.spa-grillon.fr\/wp-content\/uploads\/2026\/01\/20251231_142434.jpg 1374w\" sizes=\"(max-width: 515px) 100vw, 515px\" \/><\/a><\/figure><\/div>\n\n<div class=\"wp-block-image\">\n<figure class=\"aligncenter size-large is-resized\"><a href=\"https:\/\/www.spa-grillon.fr\/wp-content\/uploads\/2026\/01\/20251231_142519.jpg\"><img decoding=\"async\" loading=\"lazy\" src=\"https:\/\/www.spa-grillon.fr\/wp-content\/uploads\/2026\/01\/20251231_142519-1024x1024.jpg\" alt=\"\" class=\"wp-image-18158\" width=\"516\" height=\"516\" srcset=\"https:\/\/www.spa-grillon.fr\/wp-content\/uploads\/2026\/01\/20251231_142519-1024x1024.jpg 1024w, https:\/\/www.spa-grillon.fr\/wp-content\/uploads\/2026\/01\/20251231_142519-300x300.jpg 300w, https:\/\/www.spa-grillon.fr\/wp-content\/uploads\/2026\/01\/20251231_142519-150x150.jpg 150w, https:\/\/www.spa-grillon.fr\/wp-content\/uploads\/2026\/01\/20251231_142519-768x768.jpg 768w, https:\/\/www.spa-grillon.fr\/wp-content\/uploads\/2026\/01\/20251231_142519-1536x1536.jpg 1536w, https:\/\/www.spa-grillon.fr\/wp-content\/uploads\/2026\/01\/20251231_142519.jpg 1644w\" sizes=\"(max-width: 516px) 100vw, 516px\" \/><\/a><\/figure><\/div>","protected":false},"excerpt":{"rendered":"<p>Sexe : m\u00e2le Race : race commune Age : n\u00e9 en 01\/2025 Taille : moyenne Vango a \u00e9t\u00e9 trouv\u00e9 bless\u00e9 : sans doute attaqu\u00e9 par un autre chien, il a gard\u00e9 de cette m\u00e9saventure une oreille amput\u00e9e d&rsquo;un bon morceau. &hellip; <a href=\"https:\/\/www.spa-grillon.fr\/?page_id=18156\">Continuer la lecture <span class=\"meta-nav\">&rarr;<\/span><\/a><\/p>\n","protected":false},"author":2,"featured_media":0,"parent":0,"menu_order":0,"comment_status":"closed","ping_status":"closed","template":"","meta":[],"_links":{"self":[{"href":"https:\/\/www.spa-grillon.fr\/index.php?rest_route=\/wp\/v2\/pages\/18156"}],"collection":[{"href":"https:\/\/www.spa-grillon.fr\/index.php?rest_route=\/wp\/v2\/pages"}],"about":[{"href":"https:\/\/www.spa-grillon.fr\/index.php?rest_route=\/wp\/v2\/types\/page"}],"author":[{"embeddable":true,"href":"https:\/\/www.spa-grillon.fr\/index.php?rest_route=\/wp\/v2\/users\/2"}],"replies":[{"embeddable":true,"href":"https:\/\/www.spa-grillon.fr\/index.php?rest_route=%2Fwp%2Fv2%2Fcomments&post=18156"}],"version-history":[{"count":1,"href":"https:\/\/www.spa-grillon.fr\/index.php?rest_route=\/wp\/v2\/pages\/18156\/revisions"}],"predecessor-version":[{"id":18160,"href":"https:\/\/www.spa-grillon.fr\/index.php?rest_route=\/wp\/v2\/pages\/18156\/revisions\/18160"}],"wp:attachment":[{"href":"https:\/\/www.spa-grillon.fr\/index.php?rest_route=%2Fwp%2Fv2%2Fmedia&parent=18156"}],"curies":[{"name":"wp","href":"https:\/\/api.w.org\/{rel}","templated":true}]}}