{"id":18210,"date":"2026-01-17T07:25:58","date_gmt":"2026-01-17T06:25:58","guid":{"rendered":"https:\/\/www.spa-grillon.fr\/?page_id=18210"},"modified":"2026-01-20T21:28:28","modified_gmt":"2026-01-20T20:28:28","slug":"colombine","status":"publish","type":"page","link":"https:\/\/www.spa-grillon.fr\/?page_id=18210","title":{"rendered":"COLOMBINE"},"content":{"rendered":"\n<div class=\"wp-block-media-text alignwide is-stacked-on-mobile\"><figure class=\"wp-block-media-text__media\"><img decoding=\"async\" loading=\"lazy\" width=\"1009\" height=\"1009\" src=\"https:\/\/www.spa-grillon.fr\/wp-content\/uploads\/2026\/01\/IMG-20260116-WA0018.jpg\" alt=\"\" class=\"wp-image-18212 size-full\" srcset=\"https:\/\/www.spa-grillon.fr\/wp-content\/uploads\/2026\/01\/IMG-20260116-WA0018.jpg 1009w, https:\/\/www.spa-grillon.fr\/wp-content\/uploads\/2026\/01\/IMG-20260116-WA0018-300x300.jpg 300w, https:\/\/www.spa-grillon.fr\/wp-content\/uploads\/2026\/01\/IMG-20260116-WA0018-150x150.jpg 150w, https:\/\/www.spa-grillon.fr\/wp-content\/uploads\/2026\/01\/IMG-20260116-WA0018-768x768.jpg 768w\" sizes=\"(max-width: 1009px) 100vw, 1009px\" \/><\/figure><div class=\"wp-block-media-text__content\">\n<p align=\"justify\">Mamie chat d&rsquo;environ dix ans, sans doute un peu plus, Colombine a \u00e9t\u00e9 trouv\u00e9e dans la rue, \u00e9gar\u00e9e depuis un certain temps. Elle se porte plut\u00f4t bien : elle a \u00e9t\u00e9 soign\u00e9e pour ses dents, bien us\u00e9es et g\u00e2t\u00e9es, et maintenant, elle n&rsquo;a plus de difficult\u00e9s pour manger. Elle appartenait d&rsquo;\u00e9vidence \u00e0 quelqu&rsquo;un car elle est parfaitement famili\u00e8re des coussins, des liti\u00e8res, des brosses&#8230; Elle adore les gens et les s\u00e9ances de c\u00e2lins et vit en bonne entente avec ses cong\u00e9n\u00e8res pr\u00e9f\u00e9rant toutefois les calmes. <p align=\"justify\">\n<\/div><\/div>\n\n\n\n<p align=\"justify\">Elle n&rsquo;a pas de besoins extravagants : elle dort beaucoup (la vie \u00e0 la rue semble l&rsquo;avoir \u00e9puis\u00e9e). Une vie en appartement lui conviendrait tout \u00e0 fait. Un humain aupr\u00e8s de qui passer de douces siestes et avec qui partager des c\u00e2lins \u00e0 profusion, voil\u00e0 ce qu&rsquo;il lui faut. Elle sera une compagne fid\u00e8le, une discr\u00e8te pr\u00e9sence pleine d&rsquo;affection. A son \u00e2ge, elle b\u00e9n\u00e9ficie de l&rsquo;op\u00e9ration Doyens de 30 Millions d&rsquo;Amis qui prend en charge 1000 euros de frais v\u00e9t\u00e9rinaires.<p align=\"justify\">\n","protected":false},"excerpt":{"rendered":"<p>Mamie chat d&rsquo;environ dix ans, sans doute un peu plus, Colombine a \u00e9t\u00e9 trouv\u00e9e dans la rue, \u00e9gar\u00e9e depuis un certain temps. Elle se porte plut\u00f4t bien : elle a \u00e9t\u00e9 soign\u00e9e pour ses dents, bien us\u00e9es et g\u00e2t\u00e9es, et &hellip; <a href=\"https:\/\/www.spa-grillon.fr\/?page_id=18210\">Continuer la lecture <span class=\"meta-nav\">&rarr;<\/span><\/a><\/p>\n","protected":false},"author":2,"featured_media":0,"parent":0,"menu_order":0,"comment_status":"closed","ping_status":"closed","template":"","meta":[],"_links":{"self":[{"href":"https:\/\/www.spa-grillon.fr\/index.php?rest_route=\/wp\/v2\/pages\/18210"}],"collection":[{"href":"https:\/\/www.spa-grillon.fr\/index.php?rest_route=\/wp\/v2\/pages"}],"about":[{"href":"https:\/\/www.spa-grillon.fr\/index.php?rest_route=\/wp\/v2\/types\/page"}],"author":[{"embeddable":true,"href":"https:\/\/www.spa-grillon.fr\/index.php?rest_route=\/wp\/v2\/users\/2"}],"replies":[{"embeddable":true,"href":"https:\/\/www.spa-grillon.fr\/index.php?rest_route=%2Fwp%2Fv2%2Fcomments&post=18210"}],"version-history":[{"count":6,"href":"https:\/\/www.spa-grillon.fr\/index.php?rest_route=\/wp\/v2\/pages\/18210\/revisions"}],"predecessor-version":[{"id":18219,"href":"https:\/\/www.spa-grillon.fr\/index.php?rest_route=\/wp\/v2\/pages\/18210\/revisions\/18219"}],"wp:attachment":[{"href":"https:\/\/www.spa-grillon.fr\/index.php?rest_route=%2Fwp%2Fv2%2Fmedia&parent=18210"}],"curies":[{"name":"wp","href":"https:\/\/api.w.org\/{rel}","templated":true}]}}