{"id":18268,"date":"2026-01-26T19:13:26","date_gmt":"2026-01-26T18:13:26","guid":{"rendered":"https:\/\/www.spa-grillon.fr\/?page_id=18268"},"modified":"2026-01-26T19:13:26","modified_gmt":"2026-01-26T18:13:26","slug":"jouna-2","status":"publish","type":"page","link":"https:\/\/www.spa-grillon.fr\/?page_id=18268","title":{"rendered":"JOUNA"},"content":{"rendered":"\n<div class=\"wp-block-media-text alignwide is-stacked-on-mobile\"><figure class=\"wp-block-media-text__media\"><img decoding=\"async\" src=\"https:\/\/www.spa-grillon.fr\/wp-content\/uploads\/2026\/01\/Jouna-1-853x1024.jpg\" alt=\"\" class=\"wp-image-18269 size-full\"\/><\/figure><div class=\"wp-block-media-text__content\">\n<p><strong>Sexe<\/strong> : femelle<\/p>\n\n\n\n<p><strong>Race<\/strong> : commune<\/p>\n\n\n\n<p><strong>Age<\/strong> : n\u00e9e en 01\/2025<\/p>\n\n\n\n<p><strong>Taille<\/strong> : grande<\/p>\n<\/div><\/div>\n\n\n\n<p align=\"justify\">Jouna a \u00e9t\u00e9 l\u00e2chement abandonn\u00e9e : trouv\u00e9e sur la route, au milieu du balai des voitures, totalement perdue, elle a heureusement trouv\u00e9 refuge aupr\u00e8s de personnes qui nous l&rsquo;ont amen\u00e9e. C&rsquo;est une sacr\u00e9e fille ! brut de d\u00e9coffrage, elle est assez brutale dans ses d\u00e9placements et ses actions et elle se prom\u00e8ne \u00e9nergiquement.  Elle adore le canivtt. Il faudra bien tenir sur ses jambes au d\u00e9but et pr\u00e9voir un temps d&rsquo;\u00e9ducation pour la marche en laisse. Pour autant, elle est aussi tr\u00e8s affectueuse et adore les c\u00e2lins. Elle sera une bonne chienne de famille. C\u00f4t\u00e9 ententes, on a connu plus subtil pour se pr\u00e9senter : elle a tendance \u00e0 charger, sans forc\u00e9ment de mauvaises intentions mais il faut en face un chien \u00e9quilibr\u00e9 et peu impressionnable qui ne se m\u00e9prenne pas sur ses intentions. Elle semble ne pas conna\u00eetre et chercher \u00e0 en imposer. Les chats, ce ne sera pas possible. Jouna est une gentille fille, qui m\u00e9rite de trouver un \u00e9quilibre hors du refuge dans une famille qui saura g\u00e9rer son dynamisme et appr\u00e9cier sa p\u00eache joyeuse ! <p align=\"justify\">\n\n\n<div class=\"wp-block-image\">\n<figure class=\"aligncenter size-large is-resized\"><a href=\"https:\/\/www.spa-grillon.fr\/wp-content\/uploads\/2026\/01\/Jouna-3.jpg\"><img decoding=\"async\" loading=\"lazy\" src=\"https:\/\/www.spa-grillon.fr\/wp-content\/uploads\/2026\/01\/Jouna-3-751x1024.jpg\" alt=\"\" class=\"wp-image-18273\" width=\"580\" height=\"790\" srcset=\"https:\/\/www.spa-grillon.fr\/wp-content\/uploads\/2026\/01\/Jouna-3-751x1024.jpg 751w, https:\/\/www.spa-grillon.fr\/wp-content\/uploads\/2026\/01\/Jouna-3-220x300.jpg 220w, https:\/\/www.spa-grillon.fr\/wp-content\/uploads\/2026\/01\/Jouna-3-768x1047.jpg 768w, https:\/\/www.spa-grillon.fr\/wp-content\/uploads\/2026\/01\/Jouna-3-1127x1536.jpg 1127w, https:\/\/www.spa-grillon.fr\/wp-content\/uploads\/2026\/01\/Jouna-3-1502x2048.jpg 1502w, https:\/\/www.spa-grillon.fr\/wp-content\/uploads\/2026\/01\/Jouna-3.jpg 1800w\" sizes=\"(max-width: 580px) 100vw, 580px\" \/><\/a><\/figure><\/div>\n\n<div class=\"wp-block-image\">\n<figure class=\"aligncenter size-large is-resized\"><a href=\"https:\/\/www.spa-grillon.fr\/wp-content\/uploads\/2026\/01\/Jouna-2-scaled.jpg\"><img decoding=\"async\" loading=\"lazy\" src=\"https:\/\/www.spa-grillon.fr\/wp-content\/uploads\/2026\/01\/Jouna-2-891x1024.jpg\" alt=\"\" class=\"wp-image-18272\" width=\"521\" height=\"599\" srcset=\"https:\/\/www.spa-grillon.fr\/wp-content\/uploads\/2026\/01\/Jouna-2-891x1024.jpg 891w, https:\/\/www.spa-grillon.fr\/wp-content\/uploads\/2026\/01\/Jouna-2-261x300.jpg 261w, https:\/\/www.spa-grillon.fr\/wp-content\/uploads\/2026\/01\/Jouna-2-768x883.jpg 768w, https:\/\/www.spa-grillon.fr\/wp-content\/uploads\/2026\/01\/Jouna-2-1336x1536.jpg 1336w, https:\/\/www.spa-grillon.fr\/wp-content\/uploads\/2026\/01\/Jouna-2-1781x2048.jpg 1781w\" sizes=\"(max-width: 521px) 100vw, 521px\" \/><\/a><\/figure><\/div>\n\n<div class=\"wp-block-image\">\n<figure class=\"aligncenter size-large is-resized\"><a href=\"https:\/\/www.spa-grillon.fr\/wp-content\/uploads\/2026\/01\/Jouna-4.jpg\"><img decoding=\"async\" loading=\"lazy\" src=\"https:\/\/www.spa-grillon.fr\/wp-content\/uploads\/2026\/01\/Jouna-4-1024x1024.jpg\" alt=\"\" class=\"wp-image-18270\" width=\"550\" height=\"550\" srcset=\"https:\/\/www.spa-grillon.fr\/wp-content\/uploads\/2026\/01\/Jouna-4-1024x1024.jpg 1024w, https:\/\/www.spa-grillon.fr\/wp-content\/uploads\/2026\/01\/Jouna-4-300x300.jpg 300w, https:\/\/www.spa-grillon.fr\/wp-content\/uploads\/2026\/01\/Jouna-4-150x150.jpg 150w, https:\/\/www.spa-grillon.fr\/wp-content\/uploads\/2026\/01\/Jouna-4-768x768.jpg 768w, https:\/\/www.spa-grillon.fr\/wp-content\/uploads\/2026\/01\/Jouna-4-1536x1536.jpg 1536w, https:\/\/www.spa-grillon.fr\/wp-content\/uploads\/2026\/01\/Jouna-4.jpg 1904w\" sizes=\"(max-width: 550px) 100vw, 550px\" \/><\/a><\/figure><\/div>","protected":false},"excerpt":{"rendered":"<p>Sexe : femelle Race : commune Age : n\u00e9e en 01\/2025 Taille : grande Jouna a \u00e9t\u00e9 l\u00e2chement abandonn\u00e9e : trouv\u00e9e sur la route, au milieu du balai des voitures, totalement perdue, elle a heureusement trouv\u00e9 refuge aupr\u00e8s de personnes &hellip; <a href=\"https:\/\/www.spa-grillon.fr\/?page_id=18268\">Continuer la lecture <span class=\"meta-nav\">&rarr;<\/span><\/a><\/p>\n","protected":false},"author":2,"featured_media":0,"parent":0,"menu_order":0,"comment_status":"closed","ping_status":"closed","template":"","meta":[],"_links":{"self":[{"href":"https:\/\/www.spa-grillon.fr\/index.php?rest_route=\/wp\/v2\/pages\/18268"}],"collection":[{"href":"https:\/\/www.spa-grillon.fr\/index.php?rest_route=\/wp\/v2\/pages"}],"about":[{"href":"https:\/\/www.spa-grillon.fr\/index.php?rest_route=\/wp\/v2\/types\/page"}],"author":[{"embeddable":true,"href":"https:\/\/www.spa-grillon.fr\/index.php?rest_route=\/wp\/v2\/users\/2"}],"replies":[{"embeddable":true,"href":"https:\/\/www.spa-grillon.fr\/index.php?rest_route=%2Fwp%2Fv2%2Fcomments&post=18268"}],"version-history":[{"count":1,"href":"https:\/\/www.spa-grillon.fr\/index.php?rest_route=\/wp\/v2\/pages\/18268\/revisions"}],"predecessor-version":[{"id":18274,"href":"https:\/\/www.spa-grillon.fr\/index.php?rest_route=\/wp\/v2\/pages\/18268\/revisions\/18274"}],"wp:attachment":[{"href":"https:\/\/www.spa-grillon.fr\/index.php?rest_route=%2Fwp%2Fv2%2Fmedia&parent=18268"}],"curies":[{"name":"wp","href":"https:\/\/api.w.org\/{rel}","templated":true}]}}