{"id":18288,"date":"2026-02-02T19:30:36","date_gmt":"2026-02-02T18:30:36","guid":{"rendered":"https:\/\/www.spa-grillon.fr\/?page_id=18288"},"modified":"2026-02-04T20:07:03","modified_gmt":"2026-02-04T19:07:03","slug":"tequila-2","status":"publish","type":"page","link":"https:\/\/www.spa-grillon.fr\/?page_id=18288","title":{"rendered":"TEQUILA"},"content":{"rendered":"\n<div class=\"wp-block-media-text alignwide is-stacked-on-mobile\"><figure class=\"wp-block-media-text__media\"><img decoding=\"async\" loading=\"lazy\" width=\"1024\" height=\"1020\" src=\"https:\/\/www.spa-grillon.fr\/wp-content\/uploads\/2026\/02\/20260201_121255-1024x1020.jpg\" alt=\"\" class=\"wp-image-18289 size-full\" srcset=\"https:\/\/www.spa-grillon.fr\/wp-content\/uploads\/2026\/02\/20260201_121255-1024x1020.jpg 1024w, https:\/\/www.spa-grillon.fr\/wp-content\/uploads\/2026\/02\/20260201_121255-300x300.jpg 300w, https:\/\/www.spa-grillon.fr\/wp-content\/uploads\/2026\/02\/20260201_121255-150x150.jpg 150w, https:\/\/www.spa-grillon.fr\/wp-content\/uploads\/2026\/02\/20260201_121255-768x765.jpg 768w, https:\/\/www.spa-grillon.fr\/wp-content\/uploads\/2026\/02\/20260201_121255-1536x1529.jpg 1536w, https:\/\/www.spa-grillon.fr\/wp-content\/uploads\/2026\/02\/20260201_121255.jpg 1648w\" sizes=\"(max-width: 1024px) 100vw, 1024px\" \/><\/figure><div class=\"wp-block-media-text__content\">\n<p><strong>Sexe<\/strong> : femelle<\/p>\n\n\n\n<p><strong>Race<\/strong> : commune<\/p>\n\n\n\n<p><strong>Age<\/strong> : n\u00e9e en 01\/2021<\/p>\n\n\n\n<p><strong>Taille<\/strong> : moyenne<\/p>\n<\/div><\/div>\n\n\n\n<p align=\"justify\">Tequila a \u00e9t\u00e9 abandonn\u00e9e suite \u00e0 des difficult\u00e9s familiales. Elle avait \u00e9t\u00e9 laiss\u00e9e livr\u00e9e \u00e0 elle-m\u00eame dans le jardin, toute maigre. Son propri\u00e9taire a admis qu&rsquo;il n&rsquo;\u00e9tait plus en capacit\u00e9 de s&rsquo;occuper d&rsquo;elle et a accept\u00e9 de nous la confier, pour son bien-\u00eatre. Depuis, elle a bien grossi et elle r\u00e9v\u00e8le un caract\u00e8re adorable. C&rsquo;est la chienne de famille typique : elle est tr\u00e8s douce et c\u00e2line. Elle a \u00e9t\u00e9 \u00e9lev\u00e9e avec des enfants en bas-\u00e2ge et leur a laiss\u00e9 lui tirer les oreilles avec patience. Elle a v\u00e9cu avec un chien et un chat. Elle acceptait le chat de la maison mais pas ceux de l&rsquo;ext\u00e9rieur qu&rsquo;elle peut courser : il faudra lui apprendre qu&rsquo;on ne touche pas au mistigri familial! Elle ne savait pas promener, mais elle a appris et elle adore \u00e7a. Elle reste timide car son abandon a tout de m\u00eame \u00e9t\u00e9 rude mais elle commence \u00e0 r\u00e9v\u00e9ler son caract\u00e8re. Malgr\u00e9 ses airs de petite racaille c&rsquo;est une douceur ! Un vrai tr\u00e9sor qui \u00e9gaiera votre famille. <p align=\"justify\">\n\n\n<div class=\"wp-block-image\">\n<figure class=\"aligncenter size-large is-resized\"><a href=\"https:\/\/www.spa-grillon.fr\/wp-content\/uploads\/2026\/02\/20260201_121325.jpg\"><img decoding=\"async\" loading=\"lazy\" src=\"https:\/\/www.spa-grillon.fr\/wp-content\/uploads\/2026\/02\/20260201_121325-1024x1024.jpg\" alt=\"\" class=\"wp-image-18291\" width=\"479\" height=\"479\" srcset=\"https:\/\/www.spa-grillon.fr\/wp-content\/uploads\/2026\/02\/20260201_121325-1024x1024.jpg 1024w, https:\/\/www.spa-grillon.fr\/wp-content\/uploads\/2026\/02\/20260201_121325-300x300.jpg 300w, https:\/\/www.spa-grillon.fr\/wp-content\/uploads\/2026\/02\/20260201_121325-150x150.jpg 150w, https:\/\/www.spa-grillon.fr\/wp-content\/uploads\/2026\/02\/20260201_121325-768x768.jpg 768w, https:\/\/www.spa-grillon.fr\/wp-content\/uploads\/2026\/02\/20260201_121325-1536x1536.jpg 1536w, https:\/\/www.spa-grillon.fr\/wp-content\/uploads\/2026\/02\/20260201_121325.jpg 1657w\" sizes=\"(max-width: 479px) 100vw, 479px\" \/><\/a><\/figure><\/div>\n\n<div class=\"wp-block-image\">\n<figure class=\"aligncenter size-large is-resized\"><a href=\"https:\/\/www.spa-grillon.fr\/wp-content\/uploads\/2026\/02\/20260201_121223.jpg\"><img decoding=\"async\" loading=\"lazy\" src=\"https:\/\/www.spa-grillon.fr\/wp-content\/uploads\/2026\/02\/20260201_121223-1024x1019.jpg\" alt=\"\" class=\"wp-image-18290\" width=\"558\" height=\"555\" srcset=\"https:\/\/www.spa-grillon.fr\/wp-content\/uploads\/2026\/02\/20260201_121223-1024x1019.jpg 1024w, https:\/\/www.spa-grillon.fr\/wp-content\/uploads\/2026\/02\/20260201_121223-150x150.jpg 150w, https:\/\/www.spa-grillon.fr\/wp-content\/uploads\/2026\/02\/20260201_121223-768x765.jpg 768w, https:\/\/www.spa-grillon.fr\/wp-content\/uploads\/2026\/02\/20260201_121223-1536x1529.jpg 1536w, https:\/\/www.spa-grillon.fr\/wp-content\/uploads\/2026\/02\/20260201_121223.jpg 1817w\" sizes=\"(max-width: 558px) 100vw, 558px\" \/><\/a><\/figure><\/div>\n\n<div class=\"wp-block-image\">\n<figure class=\"aligncenter size-large is-resized\"><a href=\"https:\/\/www.spa-grillon.fr\/wp-content\/uploads\/2026\/02\/20260201_121253.jpg\"><img decoding=\"async\" loading=\"lazy\" src=\"https:\/\/www.spa-grillon.fr\/wp-content\/uploads\/2026\/02\/20260201_121253-1018x1024.jpg\" alt=\"\" class=\"wp-image-18292\" width=\"480\" height=\"482\"\/><\/a><\/figure><\/div>","protected":false},"excerpt":{"rendered":"<p>Sexe : femelle Race : commune Age : n\u00e9e en 01\/2021 Taille : moyenne Tequila a \u00e9t\u00e9 abandonn\u00e9e suite \u00e0 des difficult\u00e9s familiales. Elle avait \u00e9t\u00e9 laiss\u00e9e livr\u00e9e \u00e0 elle-m\u00eame dans le jardin, toute maigre. Son propri\u00e9taire a admis qu&rsquo;il &hellip; <a href=\"https:\/\/www.spa-grillon.fr\/?page_id=18288\">Continuer la lecture <span class=\"meta-nav\">&rarr;<\/span><\/a><\/p>\n","protected":false},"author":2,"featured_media":0,"parent":0,"menu_order":0,"comment_status":"closed","ping_status":"closed","template":"","meta":[],"_links":{"self":[{"href":"https:\/\/www.spa-grillon.fr\/index.php?rest_route=\/wp\/v2\/pages\/18288"}],"collection":[{"href":"https:\/\/www.spa-grillon.fr\/index.php?rest_route=\/wp\/v2\/pages"}],"about":[{"href":"https:\/\/www.spa-grillon.fr\/index.php?rest_route=\/wp\/v2\/types\/page"}],"author":[{"embeddable":true,"href":"https:\/\/www.spa-grillon.fr\/index.php?rest_route=\/wp\/v2\/users\/2"}],"replies":[{"embeddable":true,"href":"https:\/\/www.spa-grillon.fr\/index.php?rest_route=%2Fwp%2Fv2%2Fcomments&post=18288"}],"version-history":[{"count":2,"href":"https:\/\/www.spa-grillon.fr\/index.php?rest_route=\/wp\/v2\/pages\/18288\/revisions"}],"predecessor-version":[{"id":18307,"href":"https:\/\/www.spa-grillon.fr\/index.php?rest_route=\/wp\/v2\/pages\/18288\/revisions\/18307"}],"wp:attachment":[{"href":"https:\/\/www.spa-grillon.fr\/index.php?rest_route=%2Fwp%2Fv2%2Fmedia&parent=18288"}],"curies":[{"name":"wp","href":"https:\/\/api.w.org\/{rel}","templated":true}]}}