{"id":18347,"date":"2026-02-13T19:35:49","date_gmt":"2026-02-13T18:35:49","guid":{"rendered":"https:\/\/www.spa-grillon.fr\/?page_id=18347"},"modified":"2026-02-19T12:16:17","modified_gmt":"2026-02-19T11:16:17","slug":"laly","status":"publish","type":"page","link":"https:\/\/www.spa-grillon.fr\/?page_id=18347","title":{"rendered":"LALY"},"content":{"rendered":"\n<div class=\"wp-block-media-text alignwide is-stacked-on-mobile\"><figure class=\"wp-block-media-text__media\"><img decoding=\"async\" loading=\"lazy\" width=\"1024\" height=\"1024\" src=\"https:\/\/www.spa-grillon.fr\/wp-content\/uploads\/2026\/02\/Laly-2-1024x1024.jpg\" alt=\"\" class=\"wp-image-18349 size-full\" srcset=\"https:\/\/www.spa-grillon.fr\/wp-content\/uploads\/2026\/02\/Laly-2-1024x1024.jpg 1024w, https:\/\/www.spa-grillon.fr\/wp-content\/uploads\/2026\/02\/Laly-2-300x300.jpg 300w, https:\/\/www.spa-grillon.fr\/wp-content\/uploads\/2026\/02\/Laly-2-150x150.jpg 150w, https:\/\/www.spa-grillon.fr\/wp-content\/uploads\/2026\/02\/Laly-2-768x768.jpg 768w, https:\/\/www.spa-grillon.fr\/wp-content\/uploads\/2026\/02\/Laly-2-1536x1536.jpg 1536w, https:\/\/www.spa-grillon.fr\/wp-content\/uploads\/2026\/02\/Laly-2-2048x2048.jpg 2048w\" sizes=\"(max-width: 1024px) 100vw, 1024px\" \/><\/figure><div class=\"wp-block-media-text__content\">\n<p align=\"justify\">Cette adorable minette a \u00e9t\u00e9 trouv\u00e9e sur une propri\u00e9t\u00e9 de Visan mais elle n&rsquo;a jamais \u00e9t\u00e9 r\u00e9clam\u00e9e. Elle est pourtant terriblement famili\u00e8re et vivait sans aucune doute dans une maison. Quelque temps apr\u00e8s son arriv\u00e9e, nous avons compris peut-\u00eatre la raison de ce silence : la belle est asthmatique. Elle a donc un traitement qui la soulage un peu mais nocif pour son organisme. Sans, elle peine \u00e0 respirer et un effort trop important, un stress intense peuvent la mettre en grande difficult\u00e9.<p align=\"justify\">\n<\/div><\/div>\n\n\n\n<p align=\"justify\"> Il est possible de lui donner ses m\u00e9dicaments par inhalations mais ce syst\u00e8me r\u00e9clame tout un apprentissage pour qu&rsquo;elle accepte le masque et nous ne disposons pas du temps n\u00e9cessaire pour cela. Elle est donc sous m\u00e9dicaments, \u00e0 vie. C&rsquo;est pourquoi nous cherchons une famille d&rsquo;accueil pour cette minette si gentille, caressante et tranquille, qui pourrait lui apprendre \u00e0 tol\u00e9rer ce masque ou, si elle reste r\u00e9calcitrante comme elle l&rsquo;est au refuge, qui serait capable de comprendre que certes son traitement est imp\u00e9ratif pour la soulager mais qu&rsquo;il r\u00e9duira aussi son esp\u00e9rance de vie. C&rsquo;est un vrai dilemme mais nous pr\u00e9f\u00e9rons privil\u00e9gier sa qualit\u00e9 de vie \u00e0 sa dur\u00e9e. Laly prend facilement ses cachets, ne demande pas grand chose : un coussin au chaud, des c\u00e2lins et de la tranquillit\u00e9. Elle est sociable avec les autres chats. Si vous pensez r\u00e9unir ces qualit\u00e9s de patience, de d\u00e9vouement \u00e0 un animal fragile qui vous quittera peut-\u00eatre plus vite qu&rsquo;un autre mais qui vivra d&rsquo;autant plus intens\u00e9ment son bonheur aupr\u00e8s de vous, si vous \u00eates cette perle rare, merci de nous contacter. Laly est propos\u00e9e \u00e0 l&rsquo;adoption pleine et enti\u00e8re ou en famille d&rsquo;accueil (la SPA prendra en charge les soins m\u00e9dicaux sous r\u00e9serve que les soins soient pratiqu\u00e9s dans notre clinique v\u00e9t\u00e9rinaire.) <p align=\"justify\">\n\n\n<div class=\"wp-block-image\">\n<figure class=\"aligncenter size-large is-resized\"><a href=\"https:\/\/www.spa-grillon.fr\/wp-content\/uploads\/2026\/02\/20260215_132744-2.jpg\"><img decoding=\"async\" loading=\"lazy\" src=\"https:\/\/www.spa-grillon.fr\/wp-content\/uploads\/2026\/02\/20260215_132744-2-1024x1024.jpg\" alt=\"\" class=\"wp-image-18435\" width=\"492\" height=\"492\" srcset=\"https:\/\/www.spa-grillon.fr\/wp-content\/uploads\/2026\/02\/20260215_132744-2-1024x1024.jpg 1024w, https:\/\/www.spa-grillon.fr\/wp-content\/uploads\/2026\/02\/20260215_132744-2-300x300.jpg 300w, https:\/\/www.spa-grillon.fr\/wp-content\/uploads\/2026\/02\/20260215_132744-2-150x150.jpg 150w, https:\/\/www.spa-grillon.fr\/wp-content\/uploads\/2026\/02\/20260215_132744-2-768x768.jpg 768w, https:\/\/www.spa-grillon.fr\/wp-content\/uploads\/2026\/02\/20260215_132744-2-1536x1536.jpg 1536w, https:\/\/www.spa-grillon.fr\/wp-content\/uploads\/2026\/02\/20260215_132744-2.jpg 1886w\" sizes=\"(max-width: 492px) 100vw, 492px\" \/><\/a><\/figure><\/div>\n\n<div class=\"wp-block-image\">\n<figure class=\"aligncenter size-large is-resized\"><a href=\"https:\/\/www.spa-grillon.fr\/wp-content\/uploads\/2026\/02\/20260215_132808-1-scaled.jpg\"><img decoding=\"async\" loading=\"lazy\" src=\"https:\/\/www.spa-grillon.fr\/wp-content\/uploads\/2026\/02\/20260215_132808-1-875x1024.jpg\" alt=\"\" class=\"wp-image-18436\" width=\"494\" height=\"578\"\/><\/a><\/figure><\/div>\n\n<div class=\"wp-block-image\">\n<figure class=\"aligncenter size-large is-resized\"><a href=\"https:\/\/www.spa-grillon.fr\/wp-content\/uploads\/2026\/02\/20260215_132843-3-scaled.jpg\"><img decoding=\"async\" loading=\"lazy\" src=\"https:\/\/www.spa-grillon.fr\/wp-content\/uploads\/2026\/02\/20260215_132843-3-817x1024.jpg\" alt=\"\" class=\"wp-image-18434\" width=\"495\" height=\"620\" srcset=\"https:\/\/www.spa-grillon.fr\/wp-content\/uploads\/2026\/02\/20260215_132843-3-817x1024.jpg 817w, https:\/\/www.spa-grillon.fr\/wp-content\/uploads\/2026\/02\/20260215_132843-3-239x300.jpg 239w, https:\/\/www.spa-grillon.fr\/wp-content\/uploads\/2026\/02\/20260215_132843-3-768x963.jpg 768w, https:\/\/www.spa-grillon.fr\/wp-content\/uploads\/2026\/02\/20260215_132843-3-1225x1536.jpg 1225w, https:\/\/www.spa-grillon.fr\/wp-content\/uploads\/2026\/02\/20260215_132843-3-1633x2048.jpg 1633w, https:\/\/www.spa-grillon.fr\/wp-content\/uploads\/2026\/02\/20260215_132843-3-scaled.jpg 2042w\" sizes=\"(max-width: 495px) 100vw, 495px\" \/><\/a><\/figure><\/div>\n\n<div class=\"wp-block-image\">\n<figure class=\"aligncenter size-large is-resized\"><a href=\"https:\/\/www.spa-grillon.fr\/wp-content\/uploads\/2026\/02\/20260215_132814-scaled.jpg\"><img decoding=\"async\" loading=\"lazy\" src=\"https:\/\/www.spa-grillon.fr\/wp-content\/uploads\/2026\/02\/20260215_132814-895x1024.jpg\" alt=\"\" class=\"wp-image-18424\" width=\"529\" height=\"605\" srcset=\"https:\/\/www.spa-grillon.fr\/wp-content\/uploads\/2026\/02\/20260215_132814-895x1024.jpg 895w, https:\/\/www.spa-grillon.fr\/wp-content\/uploads\/2026\/02\/20260215_132814-262x300.jpg 262w, https:\/\/www.spa-grillon.fr\/wp-content\/uploads\/2026\/02\/20260215_132814-768x878.jpg 768w, https:\/\/www.spa-grillon.fr\/wp-content\/uploads\/2026\/02\/20260215_132814-1343x1536.jpg 1343w, https:\/\/www.spa-grillon.fr\/wp-content\/uploads\/2026\/02\/20260215_132814-1790x2048.jpg 1790w\" sizes=\"(max-width: 529px) 100vw, 529px\" \/><\/a><\/figure><\/div>\n\n<div class=\"wp-block-image\">\n<figure class=\"aligncenter size-large is-resized\"><a href=\"https:\/\/www.spa-grillon.fr\/wp-content\/uploads\/2026\/02\/Laly-8-1.jpg\"><img decoding=\"async\" loading=\"lazy\" src=\"https:\/\/www.spa-grillon.fr\/wp-content\/uploads\/2026\/02\/Laly-8-1-755x1024.jpg\" alt=\"\" class=\"wp-image-18350\" width=\"473\" height=\"641\" srcset=\"https:\/\/www.spa-grillon.fr\/wp-content\/uploads\/2026\/02\/Laly-8-1-755x1024.jpg 755w, https:\/\/www.spa-grillon.fr\/wp-content\/uploads\/2026\/02\/Laly-8-1-221x300.jpg 221w, https:\/\/www.spa-grillon.fr\/wp-content\/uploads\/2026\/02\/Laly-8-1-768x1041.jpg 768w, https:\/\/www.spa-grillon.fr\/wp-content\/uploads\/2026\/02\/Laly-8-1-1133x1536.jpg 1133w, https:\/\/www.spa-grillon.fr\/wp-content\/uploads\/2026\/02\/Laly-8-1-1511x2048.jpg 1511w, https:\/\/www.spa-grillon.fr\/wp-content\/uploads\/2026\/02\/Laly-8-1.jpg 1800w\" sizes=\"(max-width: 473px) 100vw, 473px\" \/><\/a><\/figure><\/div>","protected":false},"excerpt":{"rendered":"<p>Cette adorable minette a \u00e9t\u00e9 trouv\u00e9e sur une propri\u00e9t\u00e9 de Visan mais elle n&rsquo;a jamais \u00e9t\u00e9 r\u00e9clam\u00e9e. Elle est pourtant terriblement famili\u00e8re et vivait sans aucune doute dans une maison. Quelque temps apr\u00e8s son arriv\u00e9e, nous avons compris peut-\u00eatre la &hellip; <a href=\"https:\/\/www.spa-grillon.fr\/?page_id=18347\">Continuer la lecture <span class=\"meta-nav\">&rarr;<\/span><\/a><\/p>\n","protected":false},"author":2,"featured_media":0,"parent":0,"menu_order":0,"comment_status":"closed","ping_status":"closed","template":"","meta":[],"_links":{"self":[{"href":"https:\/\/www.spa-grillon.fr\/index.php?rest_route=\/wp\/v2\/pages\/18347"}],"collection":[{"href":"https:\/\/www.spa-grillon.fr\/index.php?rest_route=\/wp\/v2\/pages"}],"about":[{"href":"https:\/\/www.spa-grillon.fr\/index.php?rest_route=\/wp\/v2\/types\/page"}],"author":[{"embeddable":true,"href":"https:\/\/www.spa-grillon.fr\/index.php?rest_route=\/wp\/v2\/users\/2"}],"replies":[{"embeddable":true,"href":"https:\/\/www.spa-grillon.fr\/index.php?rest_route=%2Fwp%2Fv2%2Fcomments&post=18347"}],"version-history":[{"count":8,"href":"https:\/\/www.spa-grillon.fr\/index.php?rest_route=\/wp\/v2\/pages\/18347\/revisions"}],"predecessor-version":[{"id":18437,"href":"https:\/\/www.spa-grillon.fr\/index.php?rest_route=\/wp\/v2\/pages\/18347\/revisions\/18437"}],"wp:attachment":[{"href":"https:\/\/www.spa-grillon.fr\/index.php?rest_route=%2Fwp%2Fv2%2Fmedia&parent=18347"}],"curies":[{"name":"wp","href":"https:\/\/api.w.org\/{rel}","templated":true}]}}