{"id":18374,"date":"2026-02-16T20:28:11","date_gmt":"2026-02-16T19:28:11","guid":{"rendered":"https:\/\/www.spa-grillon.fr\/?page_id=18374"},"modified":"2026-02-16T20:30:40","modified_gmt":"2026-02-16T19:30:40","slug":"bella-3","status":"publish","type":"page","link":"https:\/\/www.spa-grillon.fr\/?page_id=18374","title":{"rendered":"BELLA"},"content":{"rendered":"\n<div class=\"wp-block-media-text alignwide is-stacked-on-mobile\"><figure class=\"wp-block-media-text__media\"><img decoding=\"async\" loading=\"lazy\" width=\"827\" height=\"1024\" src=\"https:\/\/www.spa-grillon.fr\/wp-content\/uploads\/2026\/02\/20260215_132008-827x1024.jpg\" alt=\"\" class=\"wp-image-18375 size-full\" srcset=\"https:\/\/www.spa-grillon.fr\/wp-content\/uploads\/2026\/02\/20260215_132008-827x1024.jpg 827w, https:\/\/www.spa-grillon.fr\/wp-content\/uploads\/2026\/02\/20260215_132008-242x300.jpg 242w, https:\/\/www.spa-grillon.fr\/wp-content\/uploads\/2026\/02\/20260215_132008-768x951.jpg 768w, https:\/\/www.spa-grillon.fr\/wp-content\/uploads\/2026\/02\/20260215_132008-1240x1536.jpg 1240w, https:\/\/www.spa-grillon.fr\/wp-content\/uploads\/2026\/02\/20260215_132008.jpg 1640w\" sizes=\"(max-width: 827px) 100vw, 827px\" \/><\/figure><div class=\"wp-block-media-text__content\">\n<p><strong>Sexe <\/strong>: femelle<\/p>\n\n\n\n<p><strong>Race <\/strong>: Podenco du Portugal<\/p>\n\n\n\n<p><strong>Age <\/strong>: n\u00e9 en 03\/2025<\/p>\n\n\n\n<p><strong>Taille <\/strong>: moyenne<\/p>\n<\/div><\/div>\n\n\n\n<p align=\"justify\">Caract\u00e9ristiques : Bella a \u00e9t\u00e9 r\u00e9cup\u00e9r\u00e9e \u00e0 deux mois par des personnes \u00e2g\u00e9es, certes bien intentionn\u00e9es mais peu conscientes de l&rsquo;\u00e9nergie qu&rsquo;il faut d\u00e9ployer lorsqu&rsquo;on veut \u00e9duquer un chiot. Et de l&rsquo;\u00e9nergie, Bella en d\u00e9borde ! C&rsquo;est une adorable petite chienne. Elle n&rsquo;a pas de tare : c&rsquo;est juste l&rsquo;incompatibilit\u00e9 pr\u00e9visible d&rsquo;une jeunette dynamique avec la vie qu&rsquo;on pouvait lui proposer qui est cause de son abandon. Tr\u00e8s vive, elle aura besoin d&rsquo;apprendre \u00e0 canaliser son \u00e9nergie, \u00e0 se poser pour devenir un chien parfait. Elle a quasi tout \u00e0 acqu\u00e9rir mais l&rsquo;essentiel est l\u00e0 : elle est gentille, aime beaucoup les gens (un peu trop : elle saute de fa\u00e7on fr\u00e9n\u00e9tique quand elle nous voit) et recherche la compagnie. Elle pourra \u00eatre un chien de famille et c\u00f4toyer des enfants sans souci, m\u00eame tr\u00e8s jeunes. Elle s&rsquo;entend aussi tr\u00e8s bien avec les chiens. La pr\u00e9sence d&rsquo;un cong\u00e9n\u00e8re pourrait aussi faciliter son apprentissage en lui servant de mod\u00e8le. Elle accepte grosso modo le chat de la maison mais chasse les autres. C\u00f4t\u00e9 contraintes, elle aura besoin d&rsquo;apprendre \u00e0 g\u00e9rer la solitude (il faudra donc \u00eatre pr\u00e9sent au d\u00e9but et lui apprendre progressivement), \u00e0 marcher en laisse sans tirer et \u00e0 ma\u00eetriser les ordres de base, surtout le rappel. Il lui faudra une bonne cl\u00f4ture car elle peut fuguer (mais le manque de sorties, de d\u00e9pense physique est dans doute en cause). C&rsquo;est vraiment une gentille louloute qui a fait les frais d&rsquo;une erreur de casting et a loup\u00e9 les bases. Mais elle a bon fond et une fois dans un contexte rassurant et cadr\u00e9, tout ira bien ! <p align=\"justify\">\n\n\n<div class=\"wp-block-image\">\n<figure class=\"aligncenter size-large is-resized\"><a href=\"https:\/\/www.spa-grillon.fr\/wp-content\/uploads\/2026\/02\/20260215_1320200.jpg\"><img decoding=\"async\" loading=\"lazy\" src=\"https:\/\/www.spa-grillon.fr\/wp-content\/uploads\/2026\/02\/20260215_1320200-1024x1018.jpg\" alt=\"\" class=\"wp-image-18376\" width=\"554\" height=\"551\"\/><\/a><\/figure><\/div>\n\n<div class=\"wp-block-image\">\n<figure class=\"aligncenter size-large is-resized\"><a href=\"https:\/\/www.spa-grillon.fr\/wp-content\/uploads\/2026\/02\/20260215_132059.jpg\"><img decoding=\"async\" loading=\"lazy\" src=\"https:\/\/www.spa-grillon.fr\/wp-content\/uploads\/2026\/02\/20260215_132059-1024x1024.jpg\" alt=\"\" class=\"wp-image-18377\" width=\"557\" height=\"557\" srcset=\"https:\/\/www.spa-grillon.fr\/wp-content\/uploads\/2026\/02\/20260215_132059-1024x1024.jpg 1024w, https:\/\/www.spa-grillon.fr\/wp-content\/uploads\/2026\/02\/20260215_132059-300x300.jpg 300w, https:\/\/www.spa-grillon.fr\/wp-content\/uploads\/2026\/02\/20260215_132059-150x150.jpg 150w, https:\/\/www.spa-grillon.fr\/wp-content\/uploads\/2026\/02\/20260215_132059-768x768.jpg 768w, https:\/\/www.spa-grillon.fr\/wp-content\/uploads\/2026\/02\/20260215_132059.jpg 1456w\" sizes=\"(max-width: 557px) 100vw, 557px\" \/><\/a><\/figure><\/div>\n\n<div class=\"wp-block-image\">\n<figure class=\"aligncenter size-large is-resized\"><a href=\"https:\/\/www.spa-grillon.fr\/wp-content\/uploads\/2026\/02\/20260215_1320450.jpg\"><img decoding=\"async\" loading=\"lazy\" src=\"https:\/\/www.spa-grillon.fr\/wp-content\/uploads\/2026\/02\/20260215_1320450-1024x1024.jpg\" alt=\"\" class=\"wp-image-18379\" width=\"560\" height=\"560\" srcset=\"https:\/\/www.spa-grillon.fr\/wp-content\/uploads\/2026\/02\/20260215_1320450-1024x1024.jpg 1024w, https:\/\/www.spa-grillon.fr\/wp-content\/uploads\/2026\/02\/20260215_1320450-300x300.jpg 300w, https:\/\/www.spa-grillon.fr\/wp-content\/uploads\/2026\/02\/20260215_1320450-150x150.jpg 150w, https:\/\/www.spa-grillon.fr\/wp-content\/uploads\/2026\/02\/20260215_1320450-768x768.jpg 768w, https:\/\/www.spa-grillon.fr\/wp-content\/uploads\/2026\/02\/20260215_1320450-1536x1536.jpg 1536w, https:\/\/www.spa-grillon.fr\/wp-content\/uploads\/2026\/02\/20260215_1320450.jpg 1681w\" sizes=\"(max-width: 560px) 100vw, 560px\" \/><\/a><\/figure><\/div>\n\n<div class=\"wp-block-image\">\n<figure class=\"aligncenter size-large is-resized\"><a href=\"https:\/\/www.spa-grillon.fr\/wp-content\/uploads\/2026\/02\/20260215_132008-1.jpg\"><img decoding=\"async\" loading=\"lazy\" src=\"https:\/\/www.spa-grillon.fr\/wp-content\/uploads\/2026\/02\/20260215_132008-1-827x1024.jpg\" alt=\"\" class=\"wp-image-18380\" width=\"609\" height=\"753\" srcset=\"https:\/\/www.spa-grillon.fr\/wp-content\/uploads\/2026\/02\/20260215_132008-1-827x1024.jpg 827w, https:\/\/www.spa-grillon.fr\/wp-content\/uploads\/2026\/02\/20260215_132008-1-242x300.jpg 242w, https:\/\/www.spa-grillon.fr\/wp-content\/uploads\/2026\/02\/20260215_132008-1-768x951.jpg 768w, https:\/\/www.spa-grillon.fr\/wp-content\/uploads\/2026\/02\/20260215_132008-1-1240x1536.jpg 1240w, https:\/\/www.spa-grillon.fr\/wp-content\/uploads\/2026\/02\/20260215_132008-1.jpg 1640w\" sizes=\"(max-width: 609px) 100vw, 609px\" \/><\/a><\/figure><\/div>","protected":false},"excerpt":{"rendered":"<p>Sexe : femelle Race : Podenco du Portugal Age : n\u00e9 en 03\/2025 Taille : moyenne Caract\u00e9ristiques : Bella a \u00e9t\u00e9 r\u00e9cup\u00e9r\u00e9e \u00e0 deux mois par des personnes \u00e2g\u00e9es, certes bien intentionn\u00e9es mais peu conscientes de l&rsquo;\u00e9nergie qu&rsquo;il faut d\u00e9ployer &hellip; <a href=\"https:\/\/www.spa-grillon.fr\/?page_id=18374\">Continuer la lecture <span class=\"meta-nav\">&rarr;<\/span><\/a><\/p>\n","protected":false},"author":2,"featured_media":0,"parent":0,"menu_order":0,"comment_status":"closed","ping_status":"closed","template":"","meta":[],"_links":{"self":[{"href":"https:\/\/www.spa-grillon.fr\/index.php?rest_route=\/wp\/v2\/pages\/18374"}],"collection":[{"href":"https:\/\/www.spa-grillon.fr\/index.php?rest_route=\/wp\/v2\/pages"}],"about":[{"href":"https:\/\/www.spa-grillon.fr\/index.php?rest_route=\/wp\/v2\/types\/page"}],"author":[{"embeddable":true,"href":"https:\/\/www.spa-grillon.fr\/index.php?rest_route=\/wp\/v2\/users\/2"}],"replies":[{"embeddable":true,"href":"https:\/\/www.spa-grillon.fr\/index.php?rest_route=%2Fwp%2Fv2%2Fcomments&post=18374"}],"version-history":[{"count":4,"href":"https:\/\/www.spa-grillon.fr\/index.php?rest_route=\/wp\/v2\/pages\/18374\/revisions"}],"predecessor-version":[{"id":18384,"href":"https:\/\/www.spa-grillon.fr\/index.php?rest_route=\/wp\/v2\/pages\/18374\/revisions\/18384"}],"wp:attachment":[{"href":"https:\/\/www.spa-grillon.fr\/index.php?rest_route=%2Fwp%2Fv2%2Fmedia&parent=18374"}],"curies":[{"name":"wp","href":"https:\/\/api.w.org\/{rel}","templated":true}]}}