{"id":18387,"date":"2026-02-17T08:13:02","date_gmt":"2026-02-17T07:13:02","guid":{"rendered":"https:\/\/www.spa-grillon.fr\/?page_id=18387"},"modified":"2026-02-17T08:13:03","modified_gmt":"2026-02-17T07:13:03","slug":"akila","status":"publish","type":"page","link":"https:\/\/www.spa-grillon.fr\/?page_id=18387","title":{"rendered":"AKILA"},"content":{"rendered":"\n<div class=\"wp-block-media-text alignwide is-stacked-on-mobile\"><figure class=\"wp-block-media-text__media\"><img decoding=\"async\" loading=\"lazy\" width=\"1024\" height=\"1024\" src=\"https:\/\/www.spa-grillon.fr\/wp-content\/uploads\/2026\/02\/Akila-4-1024x1024.jpg\" alt=\"\" class=\"wp-image-18388 size-full\" srcset=\"https:\/\/www.spa-grillon.fr\/wp-content\/uploads\/2026\/02\/Akila-4-1024x1024.jpg 1024w, https:\/\/www.spa-grillon.fr\/wp-content\/uploads\/2026\/02\/Akila-4-300x300.jpg 300w, https:\/\/www.spa-grillon.fr\/wp-content\/uploads\/2026\/02\/Akila-4-150x150.jpg 150w, https:\/\/www.spa-grillon.fr\/wp-content\/uploads\/2026\/02\/Akila-4-768x768.jpg 768w, https:\/\/www.spa-grillon.fr\/wp-content\/uploads\/2026\/02\/Akila-4.jpg 1454w\" sizes=\"(max-width: 1024px) 100vw, 1024px\" \/><\/figure><div class=\"wp-block-media-text__content\">\n<p><strong>Sexe <\/strong>: femelle<\/p>\n\n\n\n<p><strong>Race <\/strong>: berger belge malinois<\/p>\n\n\n\n<p><strong>Age <\/strong>: n\u00e9 en 01\/2025<\/p>\n\n\n\n<p><strong>Taille <\/strong>: grande<\/p>\n<\/div><\/div>\n\n\n\n<p align=\"justify\">Nous ne conna\u00eetrons jamais le pass\u00e9 d&rsquo;Akila mais difficile de penser qu&rsquo;il ait pu \u00eatre rose. Celle-ci a \u00e9t\u00e9 trouv\u00e9e par des chasseurs attach\u00e9e dans un bois. Comment imaginer fin plus cruelle? Terrifi\u00e9e, elle a \u00e9t\u00e9 difficile \u00e0 approcher pendant quelque temps mais on voyait bien qu&rsquo;elle n&rsquo;avait pas de m\u00e9chancet\u00e9. Puis, peu \u00e0 peu, elle a r\u00e9v\u00e9l\u00e9 sa gentillesse. Il lui aura fallu quelques jours pour comprendre que tous les humains n&rsquo;\u00e9taient pas des ordures. Maintenant, tout cela est derri\u00e8re elle. Elle est affectueuse mais aussi tr\u00e8s \u00e9nergique ! Elle adore se promener (elle tire beaucoup en laisse), truffe au sol et elle semble avoir un bon flair. L&rsquo;\u00e9ducateur avec qui nous travaillons, Jean-Claude, a d\u00e9cel\u00e9 en elle de belles capacit\u00e9s. Elle aime travailler et apprendre : un contexte plus serein que le refuge r\u00e9v\u00e9lerait sans doute bien plus vite ses qualit\u00e9s. Elle est propre, ne d\u00e9truit pas ses couvertures et appr\u00e9cie son petit confort. C\u00f4t\u00e9 ententes, il faudra creuser davantage mais cela semble passer avec les m\u00e2les. Nous ferons des essais plus approfondis. L&rsquo;entente avec les chats, en revanche, semble assez compromise. Akila semble \u00eatre assez sage et calme quand ses voisins de parc ne la perturbent pas. Il faudra travailler l&rsquo;acceptation de la manipulation qui est difficile, notamment chez le v\u00e9t\u00e9rinaire. Elle peut sans doute \u00eatre une chienne de famille, avec de grands enfants, respectueux. Mais elle aura besoin d&rsquo;activit\u00e9, d&rsquo;occupation, comme tout malinois, comme quasi tout chien. <p align=\"justify\">\n\n\n<div class=\"wp-block-image\">\n<figure class=\"aligncenter size-large is-resized\"><a href=\"https:\/\/www.spa-grillon.fr\/wp-content\/uploads\/2026\/02\/Akila-10.jpg\"><img decoding=\"async\" loading=\"lazy\" src=\"https:\/\/www.spa-grillon.fr\/wp-content\/uploads\/2026\/02\/Akila-10-1024x1024.jpg\" alt=\"\" class=\"wp-image-18389\" width=\"528\" height=\"528\"\/><\/a><\/figure><\/div>\n\n<div class=\"wp-block-image\">\n<figure class=\"aligncenter size-large is-resized\"><a href=\"https:\/\/www.spa-grillon.fr\/wp-content\/uploads\/2026\/02\/Akila-5-scaled.jpg\"><img decoding=\"async\" loading=\"lazy\" src=\"https:\/\/www.spa-grillon.fr\/wp-content\/uploads\/2026\/02\/Akila-5-827x1024.jpg\" alt=\"\" class=\"wp-image-18392\" width=\"533\" height=\"660\" srcset=\"https:\/\/www.spa-grillon.fr\/wp-content\/uploads\/2026\/02\/Akila-5-827x1024.jpg 827w, https:\/\/www.spa-grillon.fr\/wp-content\/uploads\/2026\/02\/Akila-5-242x300.jpg 242w, https:\/\/www.spa-grillon.fr\/wp-content\/uploads\/2026\/02\/Akila-5-768x951.jpg 768w, https:\/\/www.spa-grillon.fr\/wp-content\/uploads\/2026\/02\/Akila-5-1241x1536.jpg 1241w, https:\/\/www.spa-grillon.fr\/wp-content\/uploads\/2026\/02\/Akila-5-1654x2048.jpg 1654w\" sizes=\"(max-width: 533px) 100vw, 533px\" \/><\/a><\/figure><\/div>\n\n<div class=\"wp-block-image\">\n<figure class=\"aligncenter size-large is-resized\"><a href=\"https:\/\/www.spa-grillon.fr\/wp-content\/uploads\/2026\/02\/Akila-8.jpg\"><img decoding=\"async\" loading=\"lazy\" src=\"https:\/\/www.spa-grillon.fr\/wp-content\/uploads\/2026\/02\/Akila-8-1024x1024.jpg\" alt=\"\" class=\"wp-image-18390\" width=\"526\" height=\"526\" srcset=\"https:\/\/www.spa-grillon.fr\/wp-content\/uploads\/2026\/02\/Akila-8-1024x1024.jpg 1024w, https:\/\/www.spa-grillon.fr\/wp-content\/uploads\/2026\/02\/Akila-8-300x300.jpg 300w, https:\/\/www.spa-grillon.fr\/wp-content\/uploads\/2026\/02\/Akila-8-150x150.jpg 150w, https:\/\/www.spa-grillon.fr\/wp-content\/uploads\/2026\/02\/Akila-8-768x768.jpg 768w, https:\/\/www.spa-grillon.fr\/wp-content\/uploads\/2026\/02\/Akila-8-1536x1536.jpg 1536w, https:\/\/www.spa-grillon.fr\/wp-content\/uploads\/2026\/02\/Akila-8.jpg 1786w\" sizes=\"(max-width: 526px) 100vw, 526px\" \/><\/a><\/figure><\/div>\n\n<div class=\"wp-block-image\">\n<figure class=\"aligncenter size-large is-resized\"><a href=\"https:\/\/www.spa-grillon.fr\/wp-content\/uploads\/2026\/02\/Akila-11.jpg\"><img decoding=\"async\" loading=\"lazy\" src=\"https:\/\/www.spa-grillon.fr\/wp-content\/uploads\/2026\/02\/Akila-11-1024x1024.jpg\" alt=\"\" class=\"wp-image-18391\" width=\"534\" height=\"534\" srcset=\"https:\/\/www.spa-grillon.fr\/wp-content\/uploads\/2026\/02\/Akila-11-1024x1024.jpg 1024w, https:\/\/www.spa-grillon.fr\/wp-content\/uploads\/2026\/02\/Akila-11-300x300.jpg 300w, https:\/\/www.spa-grillon.fr\/wp-content\/uploads\/2026\/02\/Akila-11-150x150.jpg 150w, https:\/\/www.spa-grillon.fr\/wp-content\/uploads\/2026\/02\/Akila-11-768x768.jpg 768w, https:\/\/www.spa-grillon.fr\/wp-content\/uploads\/2026\/02\/Akila-11-1536x1536.jpg 1536w, https:\/\/www.spa-grillon.fr\/wp-content\/uploads\/2026\/02\/Akila-11-2048x2048.jpg 2048w\" sizes=\"(max-width: 534px) 100vw, 534px\" \/><\/a><\/figure><\/div>\n\n<div class=\"wp-block-image\">\n<figure class=\"aligncenter size-large is-resized\"><a href=\"https:\/\/www.spa-grillon.fr\/wp-content\/uploads\/2026\/02\/Akila-6.jpg\"><img decoding=\"async\" loading=\"lazy\" src=\"https:\/\/www.spa-grillon.fr\/wp-content\/uploads\/2026\/02\/Akila-6-1024x1024.jpg\" alt=\"\" class=\"wp-image-18394\" width=\"536\" height=\"536\" srcset=\"https:\/\/www.spa-grillon.fr\/wp-content\/uploads\/2026\/02\/Akila-6-1024x1024.jpg 1024w, https:\/\/www.spa-grillon.fr\/wp-content\/uploads\/2026\/02\/Akila-6-300x300.jpg 300w, https:\/\/www.spa-grillon.fr\/wp-content\/uploads\/2026\/02\/Akila-6-150x150.jpg 150w, https:\/\/www.spa-grillon.fr\/wp-content\/uploads\/2026\/02\/Akila-6-768x768.jpg 768w, https:\/\/www.spa-grillon.fr\/wp-content\/uploads\/2026\/02\/Akila-6-1536x1536.jpg 1536w, https:\/\/www.spa-grillon.fr\/wp-content\/uploads\/2026\/02\/Akila-6.jpg 1589w\" sizes=\"(max-width: 536px) 100vw, 536px\" \/><\/a><\/figure><\/div>","protected":false},"excerpt":{"rendered":"<p>Sexe : femelle Race : berger belge malinois Age : n\u00e9 en 01\/2025 Taille : grande Nous ne conna\u00eetrons jamais le pass\u00e9 d&rsquo;Akila mais difficile de penser qu&rsquo;il ait pu \u00eatre rose. Celle-ci a \u00e9t\u00e9 trouv\u00e9e par des chasseurs attach\u00e9e &hellip; <a href=\"https:\/\/www.spa-grillon.fr\/?page_id=18387\">Continuer la lecture <span class=\"meta-nav\">&rarr;<\/span><\/a><\/p>\n","protected":false},"author":2,"featured_media":0,"parent":0,"menu_order":0,"comment_status":"closed","ping_status":"closed","template":"","meta":[],"_links":{"self":[{"href":"https:\/\/www.spa-grillon.fr\/index.php?rest_route=\/wp\/v2\/pages\/18387"}],"collection":[{"href":"https:\/\/www.spa-grillon.fr\/index.php?rest_route=\/wp\/v2\/pages"}],"about":[{"href":"https:\/\/www.spa-grillon.fr\/index.php?rest_route=\/wp\/v2\/types\/page"}],"author":[{"embeddable":true,"href":"https:\/\/www.spa-grillon.fr\/index.php?rest_route=\/wp\/v2\/users\/2"}],"replies":[{"embeddable":true,"href":"https:\/\/www.spa-grillon.fr\/index.php?rest_route=%2Fwp%2Fv2%2Fcomments&post=18387"}],"version-history":[{"count":1,"href":"https:\/\/www.spa-grillon.fr\/index.php?rest_route=\/wp\/v2\/pages\/18387\/revisions"}],"predecessor-version":[{"id":18395,"href":"https:\/\/www.spa-grillon.fr\/index.php?rest_route=\/wp\/v2\/pages\/18387\/revisions\/18395"}],"wp:attachment":[{"href":"https:\/\/www.spa-grillon.fr\/index.php?rest_route=%2Fwp%2Fv2%2Fmedia&parent=18387"}],"curies":[{"name":"wp","href":"https:\/\/api.w.org\/{rel}","templated":true}]}}