{"id":18407,"date":"2026-02-19T11:42:08","date_gmt":"2026-02-19T10:42:08","guid":{"rendered":"https:\/\/www.spa-grillon.fr\/?page_id=18407"},"modified":"2026-02-19T11:42:09","modified_gmt":"2026-02-19T10:42:09","slug":"mina-adoption-sos","status":"publish","type":"page","link":"https:\/\/www.spa-grillon.fr\/?page_id=18407","title":{"rendered":"MINA (adoption SOS)"},"content":{"rendered":"\n<div class=\"wp-block-media-text alignwide is-stacked-on-mobile\"><figure class=\"wp-block-media-text__media\"><img decoding=\"async\" loading=\"lazy\" width=\"1024\" height=\"1024\" src=\"https:\/\/www.spa-grillon.fr\/wp-content\/uploads\/2026\/02\/20260218_122258-e1771497629574-1024x1024.jpg\" alt=\"\" class=\"wp-image-18408 size-full\" srcset=\"https:\/\/www.spa-grillon.fr\/wp-content\/uploads\/2026\/02\/20260218_122258-e1771497629574-1024x1024.jpg 1024w, https:\/\/www.spa-grillon.fr\/wp-content\/uploads\/2026\/02\/20260218_122258-e1771497629574-300x300.jpg 300w, https:\/\/www.spa-grillon.fr\/wp-content\/uploads\/2026\/02\/20260218_122258-e1771497629574-150x150.jpg 150w, https:\/\/www.spa-grillon.fr\/wp-content\/uploads\/2026\/02\/20260218_122258-e1771497629574-768x768.jpg 768w, https:\/\/www.spa-grillon.fr\/wp-content\/uploads\/2026\/02\/20260218_122258-e1771497629574.jpg 1189w\" sizes=\"(max-width: 1024px) 100vw, 1024px\" \/><\/figure><div class=\"wp-block-media-text__content\">\n<p><strong>Sexe <\/strong>: femelle<\/p>\n\n\n\n<p><strong>Race <\/strong>: griffon<\/p>\n\n\n\n<p><strong>Age <\/strong>: n\u00e9 en 01\/2020<\/p>\n\n\n\n<p><strong>Taille <\/strong>: grande<\/p>\n<\/div><\/div>\n\n\n\n<p align=\"justify\">Mina est une chienne arriv\u00e9e par la fourri\u00e8re. Peu familiaris\u00e9e \u00e0 l&rsquo;humain, elle est rest\u00e9e craintive. Nous arrivons \u00e0 la promener mais elle tire beaucoup car elle n&rsquo;avait sans doute jamais connu cela. Mais notre pauvre Mina cumule les soucis.  Arriv\u00e9e avec une vilaine plaie \u00e0 l&rsquo;oreille, il s&rsquo;est av\u00e9r\u00e9 qu&rsquo;il s&rsquo;agissait en fait d&rsquo;une tumeur. Cette tumeur a \u00e9t\u00e9 enlev\u00e9e mais l&rsquo;analyse a r\u00e9v\u00e9l\u00e9 qu&rsquo;elle \u00e9tait maligne. L&rsquo;ablation de l&rsquo;oreille a \u00e9t\u00e9 envisag\u00e9e mais nous y avons renonc\u00e9 car d&rsquo;autres masses sont apparues sur son cou. D&rsquo;apr\u00e8s le v\u00e9t\u00e9rinaire, il s&rsquo;agit d&rsquo;une tumeur agressive et il ne reste \u00e0 Mina que quelques mois de vie. C&rsquo;est un d\u00e9chirement pour nous que de voir un de nos prot\u00e9g\u00e9s mourir au refuge : c&rsquo;est pourquoi nous lui cherchons une famille d&rsquo;accueil. Mina ne s&rsquo;entend pas avec les chats mais elle cohabite sans souci avec les chiens. A noter toutefois : elle n&rsquo;est pas st\u00e9rilis\u00e9e. Elle reste assez distante et craint encore qu&rsquo;on l&rsquo;approche mais elle commence \u00e0 se laisser caresser et dans une maison elle pourrait apprendre \u00e0 \u00eatre aim\u00e9e. Mais peut-\u00eatre aussi qu&rsquo;elle pr\u00e9f\u00e9rera vivre dehors, avec un abri moins douillet. Nous sommes bien conscients que le cas de Mina trouvera difficilement une solution mais il faut tenter&#8230; Il n&rsquo;y a pas de soins \u00e0 prodiguer. Le refuge prendra en charge les soins v\u00e9t\u00e9rinaires. Pour l&rsquo;instant, Mina ne souffre pas. Son euthanasie ne sera envisag\u00e9e que si nous la voyons souffrir sans avoir les moyens de la soulager. Nous la garderons au refuge jusqu&rsquo;au bout mais de m\u00eame qu&rsquo;il y a de meilleurs endroits o\u00f9 passer sa vie, il y a aussi de meilleurs lieux pour la quitter&#8230; Merci pour elle ! <p align=\"justify\">\n\n\n<div class=\"wp-block-image\">\n<figure class=\"aligncenter size-large is-resized\"><a href=\"https:\/\/www.spa-grillon.fr\/wp-content\/uploads\/2026\/02\/20260218_1223000.jpg\"><img decoding=\"async\" loading=\"lazy\" src=\"https:\/\/www.spa-grillon.fr\/wp-content\/uploads\/2026\/02\/20260218_1223000-1024x1024.jpg\" alt=\"\" class=\"wp-image-18410\" width=\"578\" height=\"578\" srcset=\"https:\/\/www.spa-grillon.fr\/wp-content\/uploads\/2026\/02\/20260218_1223000-1024x1024.jpg 1024w, https:\/\/www.spa-grillon.fr\/wp-content\/uploads\/2026\/02\/20260218_1223000-300x300.jpg 300w, https:\/\/www.spa-grillon.fr\/wp-content\/uploads\/2026\/02\/20260218_1223000-150x150.jpg 150w, https:\/\/www.spa-grillon.fr\/wp-content\/uploads\/2026\/02\/20260218_1223000-768x768.jpg 768w, https:\/\/www.spa-grillon.fr\/wp-content\/uploads\/2026\/02\/20260218_1223000-1536x1536.jpg 1536w, https:\/\/www.spa-grillon.fr\/wp-content\/uploads\/2026\/02\/20260218_1223000.jpg 1585w\" sizes=\"(max-width: 578px) 100vw, 578px\" \/><\/a><\/figure><\/div>\n\n<div class=\"wp-block-image\">\n<figure class=\"aligncenter size-large is-resized\"><a href=\"https:\/\/www.spa-grillon.fr\/wp-content\/uploads\/2026\/02\/20260218_122209.jpg\"><img decoding=\"async\" loading=\"lazy\" src=\"https:\/\/www.spa-grillon.fr\/wp-content\/uploads\/2026\/02\/20260218_122209-1024x1024.jpg\" alt=\"\" class=\"wp-image-18409\" width=\"577\" height=\"577\" srcset=\"https:\/\/www.spa-grillon.fr\/wp-content\/uploads\/2026\/02\/20260218_122209-1024x1024.jpg 1024w, https:\/\/www.spa-grillon.fr\/wp-content\/uploads\/2026\/02\/20260218_122209-300x300.jpg 300w, https:\/\/www.spa-grillon.fr\/wp-content\/uploads\/2026\/02\/20260218_122209-150x150.jpg 150w, https:\/\/www.spa-grillon.fr\/wp-content\/uploads\/2026\/02\/20260218_122209-768x768.jpg 768w, https:\/\/www.spa-grillon.fr\/wp-content\/uploads\/2026\/02\/20260218_122209.jpg 1343w\" sizes=\"(max-width: 577px) 100vw, 577px\" \/><\/a><\/figure><\/div>\n\n<div class=\"wp-block-image\">\n<figure class=\"aligncenter size-large is-resized\"><a href=\"https:\/\/www.spa-grillon.fr\/wp-content\/uploads\/2026\/02\/20260218_122212.jpg\"><img decoding=\"async\" loading=\"lazy\" src=\"https:\/\/www.spa-grillon.fr\/wp-content\/uploads\/2026\/02\/20260218_122212-993x1024.jpg\" alt=\"\" class=\"wp-image-18411\" width=\"580\" height=\"597\" srcset=\"https:\/\/www.spa-grillon.fr\/wp-content\/uploads\/2026\/02\/20260218_122212-993x1024.jpg 993w, https:\/\/www.spa-grillon.fr\/wp-content\/uploads\/2026\/02\/20260218_122212-291x300.jpg 291w, https:\/\/www.spa-grillon.fr\/wp-content\/uploads\/2026\/02\/20260218_122212-768x792.jpg 768w, https:\/\/www.spa-grillon.fr\/wp-content\/uploads\/2026\/02\/20260218_122212-1490x1536.jpg 1490w, https:\/\/www.spa-grillon.fr\/wp-content\/uploads\/2026\/02\/20260218_122212-1987x2048.jpg 1987w, https:\/\/www.spa-grillon.fr\/wp-content\/uploads\/2026\/02\/20260218_122212.jpg 2013w\" sizes=\"(max-width: 580px) 100vw, 580px\" \/><\/a><\/figure><\/div>","protected":false},"excerpt":{"rendered":"<p>Sexe : femelle Race : griffon Age : n\u00e9 en 01\/2020 Taille : grande Mina est une chienne arriv\u00e9e par la fourri\u00e8re. Peu familiaris\u00e9e \u00e0 l&rsquo;humain, elle est rest\u00e9e craintive. Nous arrivons \u00e0 la promener mais elle tire beaucoup car &hellip; <a href=\"https:\/\/www.spa-grillon.fr\/?page_id=18407\">Continuer la lecture <span class=\"meta-nav\">&rarr;<\/span><\/a><\/p>\n","protected":false},"author":2,"featured_media":0,"parent":0,"menu_order":0,"comment_status":"closed","ping_status":"closed","template":"","meta":[],"_links":{"self":[{"href":"https:\/\/www.spa-grillon.fr\/index.php?rest_route=\/wp\/v2\/pages\/18407"}],"collection":[{"href":"https:\/\/www.spa-grillon.fr\/index.php?rest_route=\/wp\/v2\/pages"}],"about":[{"href":"https:\/\/www.spa-grillon.fr\/index.php?rest_route=\/wp\/v2\/types\/page"}],"author":[{"embeddable":true,"href":"https:\/\/www.spa-grillon.fr\/index.php?rest_route=\/wp\/v2\/users\/2"}],"replies":[{"embeddable":true,"href":"https:\/\/www.spa-grillon.fr\/index.php?rest_route=%2Fwp%2Fv2%2Fcomments&post=18407"}],"version-history":[{"count":1,"href":"https:\/\/www.spa-grillon.fr\/index.php?rest_route=\/wp\/v2\/pages\/18407\/revisions"}],"predecessor-version":[{"id":18414,"href":"https:\/\/www.spa-grillon.fr\/index.php?rest_route=\/wp\/v2\/pages\/18407\/revisions\/18414"}],"wp:attachment":[{"href":"https:\/\/www.spa-grillon.fr\/index.php?rest_route=%2Fwp%2Fv2%2Fmedia&parent=18407"}],"curies":[{"name":"wp","href":"https:\/\/api.w.org\/{rel}","templated":true}]}}