{"id":18478,"date":"2026-03-07T21:30:06","date_gmt":"2026-03-07T20:30:06","guid":{"rendered":"https:\/\/www.spa-grillon.fr\/?page_id=18478"},"modified":"2026-03-07T21:39:18","modified_gmt":"2026-03-07T20:39:18","slug":"opium-2","status":"publish","type":"page","link":"https:\/\/www.spa-grillon.fr\/?page_id=18478","title":{"rendered":"OPIUM"},"content":{"rendered":"\n<div class=\"wp-block-media-text alignwide is-stacked-on-mobile\"><figure class=\"wp-block-media-text__media\"><img decoding=\"async\" loading=\"lazy\" width=\"1024\" height=\"1024\" src=\"https:\/\/www.spa-grillon.fr\/wp-content\/uploads\/2026\/03\/20260301_125423-1024x1024.jpg\" alt=\"\" class=\"wp-image-18479 size-full\" srcset=\"https:\/\/www.spa-grillon.fr\/wp-content\/uploads\/2026\/03\/20260301_125423-1024x1024.jpg 1024w, https:\/\/www.spa-grillon.fr\/wp-content\/uploads\/2026\/03\/20260301_125423-300x300.jpg 300w, https:\/\/www.spa-grillon.fr\/wp-content\/uploads\/2026\/03\/20260301_125423-150x150.jpg 150w, https:\/\/www.spa-grillon.fr\/wp-content\/uploads\/2026\/03\/20260301_125423-768x768.jpg 768w, https:\/\/www.spa-grillon.fr\/wp-content\/uploads\/2026\/03\/20260301_125423-1536x1536.jpg 1536w, https:\/\/www.spa-grillon.fr\/wp-content\/uploads\/2026\/03\/20260301_125423.jpg 1944w\" sizes=\"(max-width: 1024px) 100vw, 1024px\" \/><\/figure><div class=\"wp-block-media-text__content\">\n<p><strong>Sexe <\/strong>: m\u00e2le<\/p>\n\n\n\n<p><strong>Race <\/strong>: border collie<\/p>\n\n\n\n<p><strong>Age <\/strong>: n\u00e9 en 2018<\/p>\n\n\n\n<p><strong>Taille <\/strong>: grand<\/p>\n<\/div><\/div>\n\n\n\n<p align=\"justify\"><strong>Caract\u00e9ristiques<\/strong> : Arriv\u00e9 en fourri\u00e8re, bien \u00e9duqu\u00e9, st\u00e9rilis\u00e9, identifi\u00e9, Opium appartenait \u00e0 quelqu&rsquo;un mais malgr\u00e9 les coordonn\u00e9es n&rsquo;\u00e9taient plus \u00e0 jour et nos recherches sur les r\u00e9seaux n&rsquo;ont rien donn\u00e9. Le voil\u00e0 donc \u00e0 la case refuge. Gentil chien, il est proche des humains et il \u00e9tait sans doute un chien de famille. Vous trouverez en lui tout ce qui fait le charme du border collie : ob\u00e9issant et calme, sympa et joyeux, joueur (ah ! les b\u00e2tons, regardez la vid\u00e9o ci-dessous !) avec un petit caract\u00e8re tout de m\u00eame. Il ne tire pas en laisse et n&rsquo;aboie pas \u00e0 tout propos. C\u00f4t\u00e9 ententes, c&rsquo;est variable. Il peut c\u00f4toyer un chien cool et \u00e9quilibr\u00e9 en balade mais les premiers abords peuvent \u00eatre plus compliqu\u00e9s, surtout s&rsquo;il y a un gros caract\u00e8re en face. Il faudra tester si une cohabitation se profile. Les chats, m\u00eame pas en r\u00eave ! Est-ce pour les \u00ab\u00a0ranger\u00a0\u00bb comme il ferait des moutons? Ou pour les croquer? Nous n&rsquo;avons pas tent\u00e9 l&rsquo;exp\u00e9rience mais une entente semble tr\u00e8s compromise et puis tout le monde n&rsquo;a pas un de ces moustachus infr\u00e9quentables chez soi, n\u2019est-ce pas ? Opium est un chien attachant qui pourra convenir \u00e0 de nombreux profils.&nbsp;<p align=\"justify\">\n\n\n<div class=\"wp-block-image\">\n<figure class=\"aligncenter size-large is-resized\"><a href=\"https:\/\/www.spa-grillon.fr\/wp-content\/uploads\/2026\/03\/20260301_125458.jpg\"><img decoding=\"async\" loading=\"lazy\" src=\"https:\/\/www.spa-grillon.fr\/wp-content\/uploads\/2026\/03\/20260301_125458-1024x1024.jpg\" alt=\"\" class=\"wp-image-18480\" width=\"543\" height=\"543\" srcset=\"https:\/\/www.spa-grillon.fr\/wp-content\/uploads\/2026\/03\/20260301_125458-1024x1024.jpg 1024w, https:\/\/www.spa-grillon.fr\/wp-content\/uploads\/2026\/03\/20260301_125458-300x300.jpg 300w, https:\/\/www.spa-grillon.fr\/wp-content\/uploads\/2026\/03\/20260301_125458-150x150.jpg 150w, https:\/\/www.spa-grillon.fr\/wp-content\/uploads\/2026\/03\/20260301_125458-768x768.jpg 768w, https:\/\/www.spa-grillon.fr\/wp-content\/uploads\/2026\/03\/20260301_125458-1536x1536.jpg 1536w, https:\/\/www.spa-grillon.fr\/wp-content\/uploads\/2026\/03\/20260301_125458-2048x2048.jpg 2048w\" sizes=\"(max-width: 543px) 100vw, 543px\" \/><\/a><\/figure><\/div>\n\n<div class=\"wp-block-image\">\n<figure class=\"aligncenter size-large is-resized\"><a href=\"https:\/\/www.spa-grillon.fr\/wp-content\/uploads\/2026\/03\/20260301_125424.jpg\"><img decoding=\"async\" loading=\"lazy\" src=\"https:\/\/www.spa-grillon.fr\/wp-content\/uploads\/2026\/03\/20260301_125424-1024x1024.jpg\" alt=\"\" class=\"wp-image-18481\" width=\"546\" height=\"546\" srcset=\"https:\/\/www.spa-grillon.fr\/wp-content\/uploads\/2026\/03\/20260301_125424-1024x1024.jpg 1024w, https:\/\/www.spa-grillon.fr\/wp-content\/uploads\/2026\/03\/20260301_125424-300x300.jpg 300w, https:\/\/www.spa-grillon.fr\/wp-content\/uploads\/2026\/03\/20260301_125424-150x150.jpg 150w, https:\/\/www.spa-grillon.fr\/wp-content\/uploads\/2026\/03\/20260301_125424-768x768.jpg 768w, https:\/\/www.spa-grillon.fr\/wp-content\/uploads\/2026\/03\/20260301_125424-1536x1536.jpg 1536w, https:\/\/www.spa-grillon.fr\/wp-content\/uploads\/2026\/03\/20260301_125424.jpg 1829w\" sizes=\"(max-width: 546px) 100vw, 546px\" \/><\/a><\/figure><\/div>\n\n\n<figure class=\"wp-block-video\"><video controls src=\"https:\/\/www.spa-grillon.fr\/wp-content\/uploads\/2026\/03\/OPIUM.mp4\"><\/video><\/figure>\n","protected":false},"excerpt":{"rendered":"<p>Sexe : m\u00e2le Race : border collie Age : n\u00e9 en 2018 Taille : grand Caract\u00e9ristiques : Arriv\u00e9 en fourri\u00e8re, bien \u00e9duqu\u00e9, st\u00e9rilis\u00e9, identifi\u00e9, Opium appartenait \u00e0 quelqu&rsquo;un mais malgr\u00e9 les coordonn\u00e9es n&rsquo;\u00e9taient plus \u00e0 jour et nos recherches sur &hellip; <a href=\"https:\/\/www.spa-grillon.fr\/?page_id=18478\">Continuer la lecture <span class=\"meta-nav\">&rarr;<\/span><\/a><\/p>\n","protected":false},"author":2,"featured_media":0,"parent":0,"menu_order":0,"comment_status":"closed","ping_status":"closed","template":"","meta":[],"_links":{"self":[{"href":"https:\/\/www.spa-grillon.fr\/index.php?rest_route=\/wp\/v2\/pages\/18478"}],"collection":[{"href":"https:\/\/www.spa-grillon.fr\/index.php?rest_route=\/wp\/v2\/pages"}],"about":[{"href":"https:\/\/www.spa-grillon.fr\/index.php?rest_route=\/wp\/v2\/types\/page"}],"author":[{"embeddable":true,"href":"https:\/\/www.spa-grillon.fr\/index.php?rest_route=\/wp\/v2\/users\/2"}],"replies":[{"embeddable":true,"href":"https:\/\/www.spa-grillon.fr\/index.php?rest_route=%2Fwp%2Fv2%2Fcomments&post=18478"}],"version-history":[{"count":1,"href":"https:\/\/www.spa-grillon.fr\/index.php?rest_route=\/wp\/v2\/pages\/18478\/revisions"}],"predecessor-version":[{"id":18483,"href":"https:\/\/www.spa-grillon.fr\/index.php?rest_route=\/wp\/v2\/pages\/18478\/revisions\/18483"}],"wp:attachment":[{"href":"https:\/\/www.spa-grillon.fr\/index.php?rest_route=%2Fwp%2Fv2%2Fmedia&parent=18478"}],"curies":[{"name":"wp","href":"https:\/\/api.w.org\/{rel}","templated":true}]}}