{"id":18528,"date":"2026-04-10T17:58:45","date_gmt":"2026-04-10T16:58:45","guid":{"rendered":"https:\/\/www.spa-grillon.fr\/?page_id=18528"},"modified":"2026-04-14T17:21:33","modified_gmt":"2026-04-14T16:21:33","slug":"pillow","status":"publish","type":"page","link":"https:\/\/www.spa-grillon.fr\/?page_id=18528","title":{"rendered":"PILLOW"},"content":{"rendered":"\n<div class=\"wp-block-media-text alignwide is-stacked-on-mobile\"><figure class=\"wp-block-media-text__media\"><img decoding=\"async\" loading=\"lazy\" width=\"823\" height=\"1024\" src=\"https:\/\/www.spa-grillon.fr\/wp-content\/uploads\/2026\/04\/Pillow-11-823x1024.jpg\" alt=\"\" class=\"wp-image-18529 size-full\" srcset=\"https:\/\/www.spa-grillon.fr\/wp-content\/uploads\/2026\/04\/Pillow-11-823x1024.jpg 823w, https:\/\/www.spa-grillon.fr\/wp-content\/uploads\/2026\/04\/Pillow-11-241x300.jpg 241w, https:\/\/www.spa-grillon.fr\/wp-content\/uploads\/2026\/04\/Pillow-11-768x956.jpg 768w, https:\/\/www.spa-grillon.fr\/wp-content\/uploads\/2026\/04\/Pillow-11-1234x1536.jpg 1234w, https:\/\/www.spa-grillon.fr\/wp-content\/uploads\/2026\/04\/Pillow-11.jpg 1382w\" sizes=\"(max-width: 823px) 100vw, 823px\" \/><\/figure><div class=\"wp-block-media-text__content\">\n<p><strong>Sexe <\/strong>: femelle<\/p>\n\n\n\n<p><strong>Race <\/strong>: crois\u00e9 porcelaine<\/p>\n\n\n\n<p><strong>Age <\/strong>: n\u00e9 en 01\/2020<\/p>\n\n\n\n<p><strong>Taille <\/strong>: grande<\/p>\n<\/div><\/div>\n\n\n<p align=\"justify\"><strong>Caract\u00e9ristiques<\/strong> : Pillow a \u00e9t\u00e9 sortie d&rsquo;une maison dans laquelle ses propri\u00e9taires la laissaient dans des immondices, attach\u00e9e \u00e0 un canap\u00e9 avec cinq autres de ses cong\u00e9n\u00e8res. Elle n&rsquo;\u00e9tait pas battue et elle \u00e9tait bien nourrie, en tout cas abondamment, mais elle a fait les frais d&rsquo;une vision r\u00e9trograde de ce qu&rsquo;est un chien et de la mis\u00e8re sociale. Son nom, elle le doit \u00e0 ses rondeurs qui font d&rsquo;elle un oreiller tout moelleux mais aussi \u00e0 son caract\u00e8re aussi doux qu&rsquo;un \u00e9dredon ! Une gentille m\u00e9m\u00e8re, loyale et douce, qui d\u00e9couvre les balades, qui aime tout et tout le monde : chiens, chats, humains, quels qu&rsquo;ils soient. Comment trouver chienne plus attachante? Elle a tant d&rsquo;amour \u00e0 donner ! On \u00e9vitera pour elle la vie solitaire en appartement mais une maison avec une petite cour\u00a0 lui irait tr\u00e8s bien. A priori, elle n&rsquo;aboie pas particuli\u00e8rement. Elle ne sera pas une grande athl\u00e8te mais quelques balades pour divertir son renifleur feront l&rsquo;affaire. Tout ce dont elle r\u00eave, ce sont des c\u00e2lins, de l&rsquo;attention, quelques gourmandises pour m\u00e9riter son pr\u00e9nom et hop ! son bonheur est l\u00e0 &#8230;C&rsquo;est une chienne assez facile et d&rsquo;une gentillesse \u00e0 toute \u00e9preuve. La pr\u00e9sence d&rsquo;un autre chien lui plaira sans doute.<\/p>\n\n<div class=\"wp-block-image\">\n<figure class=\"aligncenter size-large is-resized\"><a href=\"https:\/\/www.spa-grillon.fr\/wp-content\/uploads\/2026\/04\/pILLOW-1.jpg\"><img decoding=\"async\" loading=\"lazy\" src=\"https:\/\/www.spa-grillon.fr\/wp-content\/uploads\/2026\/04\/pILLOW-1-1003x1024.jpg\" alt=\"\" class=\"wp-image-18530\" width=\"554\" height=\"566\" srcset=\"https:\/\/www.spa-grillon.fr\/wp-content\/uploads\/2026\/04\/pILLOW-1-1003x1024.jpg 1003w, https:\/\/www.spa-grillon.fr\/wp-content\/uploads\/2026\/04\/pILLOW-1-294x300.jpg 294w, https:\/\/www.spa-grillon.fr\/wp-content\/uploads\/2026\/04\/pILLOW-1-768x784.jpg 768w, https:\/\/www.spa-grillon.fr\/wp-content\/uploads\/2026\/04\/pILLOW-1.jpg 1366w\" sizes=\"(max-width: 554px) 100vw, 554px\" \/><\/a><\/figure><\/div>\n\n<div class=\"wp-block-image\">\n<figure class=\"aligncenter size-large is-resized\"><a href=\"https:\/\/www.spa-grillon.fr\/wp-content\/uploads\/2026\/04\/pILLOW-2.jpg\"><img decoding=\"async\" loading=\"lazy\" src=\"https:\/\/www.spa-grillon.fr\/wp-content\/uploads\/2026\/04\/pILLOW-2-1024x1024.jpg\" alt=\"\" class=\"wp-image-18536\" width=\"495\" height=\"495\" srcset=\"https:\/\/www.spa-grillon.fr\/wp-content\/uploads\/2026\/04\/pILLOW-2-1024x1024.jpg 1024w, https:\/\/www.spa-grillon.fr\/wp-content\/uploads\/2026\/04\/pILLOW-2-300x300.jpg 300w, https:\/\/www.spa-grillon.fr\/wp-content\/uploads\/2026\/04\/pILLOW-2-150x150.jpg 150w, https:\/\/www.spa-grillon.fr\/wp-content\/uploads\/2026\/04\/pILLOW-2-768x768.jpg 768w, https:\/\/www.spa-grillon.fr\/wp-content\/uploads\/2026\/04\/pILLOW-2.jpg 1222w\" sizes=\"(max-width: 495px) 100vw, 495px\" \/><\/a><\/figure><\/div>\n\n<div class=\"wp-block-image\">\n<figure class=\"aligncenter size-large is-resized\"><a href=\"https:\/\/www.spa-grillon.fr\/wp-content\/uploads\/2026\/04\/Pillow-13.jpg\"><img decoding=\"async\" loading=\"lazy\" src=\"https:\/\/www.spa-grillon.fr\/wp-content\/uploads\/2026\/04\/Pillow-13-1024x1024.jpg\" alt=\"\" class=\"wp-image-18531\" width=\"555\" height=\"555\" srcset=\"https:\/\/www.spa-grillon.fr\/wp-content\/uploads\/2026\/04\/Pillow-13-1024x1024.jpg 1024w, https:\/\/www.spa-grillon.fr\/wp-content\/uploads\/2026\/04\/Pillow-13-300x300.jpg 300w, https:\/\/www.spa-grillon.fr\/wp-content\/uploads\/2026\/04\/Pillow-13-150x150.jpg 150w, https:\/\/www.spa-grillon.fr\/wp-content\/uploads\/2026\/04\/Pillow-13-768x768.jpg 768w, https:\/\/www.spa-grillon.fr\/wp-content\/uploads\/2026\/04\/Pillow-13.jpg 1121w\" sizes=\"(max-width: 555px) 100vw, 555px\" \/><\/a><\/figure><\/div>\n\n<div class=\"wp-block-image\">\n<figure class=\"aligncenter size-large is-resized\"><a href=\"https:\/\/www.spa-grillon.fr\/wp-content\/uploads\/2026\/04\/Pillow-8.jpg\"><img decoding=\"async\" loading=\"lazy\" src=\"https:\/\/www.spa-grillon.fr\/wp-content\/uploads\/2026\/04\/Pillow-8-1024x1024.jpg\" alt=\"\" class=\"wp-image-18533\" width=\"557\" height=\"557\" srcset=\"https:\/\/www.spa-grillon.fr\/wp-content\/uploads\/2026\/04\/Pillow-8-1024x1024.jpg 1024w, https:\/\/www.spa-grillon.fr\/wp-content\/uploads\/2026\/04\/Pillow-8-300x300.jpg 300w, https:\/\/www.spa-grillon.fr\/wp-content\/uploads\/2026\/04\/Pillow-8-150x150.jpg 150w, https:\/\/www.spa-grillon.fr\/wp-content\/uploads\/2026\/04\/Pillow-8-768x768.jpg 768w, https:\/\/www.spa-grillon.fr\/wp-content\/uploads\/2026\/04\/Pillow-8-1536x1536.jpg 1536w, https:\/\/www.spa-grillon.fr\/wp-content\/uploads\/2026\/04\/Pillow-8.jpg 1710w\" sizes=\"(max-width: 557px) 100vw, 557px\" \/><\/a><\/figure><\/div>\n\n<div class=\"wp-block-image\">\n<figure class=\"aligncenter size-full is-resized\"><a href=\"https:\/\/www.spa-grillon.fr\/wp-content\/uploads\/2026\/04\/Pillow-10.jpg\"><img decoding=\"async\" loading=\"lazy\" src=\"https:\/\/www.spa-grillon.fr\/wp-content\/uploads\/2026\/04\/Pillow-10.jpg\" alt=\"\" class=\"wp-image-18534\" width=\"391\" height=\"391\" srcset=\"https:\/\/www.spa-grillon.fr\/wp-content\/uploads\/2026\/04\/Pillow-10.jpg 843w, https:\/\/www.spa-grillon.fr\/wp-content\/uploads\/2026\/04\/Pillow-10-300x300.jpg 300w, https:\/\/www.spa-grillon.fr\/wp-content\/uploads\/2026\/04\/Pillow-10-150x150.jpg 150w, https:\/\/www.spa-grillon.fr\/wp-content\/uploads\/2026\/04\/Pillow-10-768x768.jpg 768w\" sizes=\"(max-width: 391px) 100vw, 391px\" \/><\/a><\/figure><\/div>","protected":false},"excerpt":{"rendered":"<p>Sexe : femelle Race : crois\u00e9 porcelaine Age : n\u00e9 en 01\/2020 Taille : grande Caract\u00e9ristiques : Pillow a \u00e9t\u00e9 sortie d&rsquo;une maison dans laquelle ses propri\u00e9taires la laissaient dans des immondices, attach\u00e9e \u00e0 un canap\u00e9 avec cinq autres de &hellip; <a href=\"https:\/\/www.spa-grillon.fr\/?page_id=18528\">Continuer la lecture <span class=\"meta-nav\">&rarr;<\/span><\/a><\/p>\n","protected":false},"author":2,"featured_media":0,"parent":0,"menu_order":0,"comment_status":"closed","ping_status":"closed","template":"","meta":[],"_links":{"self":[{"href":"https:\/\/www.spa-grillon.fr\/index.php?rest_route=\/wp\/v2\/pages\/18528"}],"collection":[{"href":"https:\/\/www.spa-grillon.fr\/index.php?rest_route=\/wp\/v2\/pages"}],"about":[{"href":"https:\/\/www.spa-grillon.fr\/index.php?rest_route=\/wp\/v2\/types\/page"}],"author":[{"embeddable":true,"href":"https:\/\/www.spa-grillon.fr\/index.php?rest_route=\/wp\/v2\/users\/2"}],"replies":[{"embeddable":true,"href":"https:\/\/www.spa-grillon.fr\/index.php?rest_route=%2Fwp%2Fv2%2Fcomments&post=18528"}],"version-history":[{"count":3,"href":"https:\/\/www.spa-grillon.fr\/index.php?rest_route=\/wp\/v2\/pages\/18528\/revisions"}],"predecessor-version":[{"id":18551,"href":"https:\/\/www.spa-grillon.fr\/index.php?rest_route=\/wp\/v2\/pages\/18528\/revisions\/18551"}],"wp:attachment":[{"href":"https:\/\/www.spa-grillon.fr\/index.php?rest_route=%2Fwp%2Fv2%2Fmedia&parent=18528"}],"curies":[{"name":"wp","href":"https:\/\/api.w.org\/{rel}","templated":true}]}}