{"id":18541,"date":"2026-04-14T17:19:07","date_gmt":"2026-04-14T16:19:07","guid":{"rendered":"https:\/\/www.spa-grillon.fr\/?page_id=18541"},"modified":"2026-04-14T17:53:19","modified_gmt":"2026-04-14T16:53:19","slug":"pop","status":"publish","type":"page","link":"https:\/\/www.spa-grillon.fr\/?page_id=18541","title":{"rendered":"POP"},"content":{"rendered":"\n<div class=\"wp-block-media-text alignwide is-stacked-on-mobile\"><figure class=\"wp-block-media-text__media\"><img decoding=\"async\" loading=\"lazy\" width=\"840\" height=\"840\" src=\"https:\/\/www.spa-grillon.fr\/wp-content\/uploads\/2026\/04\/Pop-15.jpg\" alt=\"\" class=\"wp-image-18542 size-full\" srcset=\"https:\/\/www.spa-grillon.fr\/wp-content\/uploads\/2026\/04\/Pop-15.jpg 840w, https:\/\/www.spa-grillon.fr\/wp-content\/uploads\/2026\/04\/Pop-15-300x300.jpg 300w, https:\/\/www.spa-grillon.fr\/wp-content\/uploads\/2026\/04\/Pop-15-150x150.jpg 150w, https:\/\/www.spa-grillon.fr\/wp-content\/uploads\/2026\/04\/Pop-15-768x768.jpg 768w\" sizes=\"(max-width: 840px) 100vw, 840px\" \/><\/figure><div class=\"wp-block-media-text__content\">\n<p><strong>Sexe <\/strong>: m\u00e2le<\/p>\n\n\n\n<p><strong>Race <\/strong>: chien de chasse courant<\/p>\n\n\n\n<p><strong>Age <\/strong>: n\u00e9 en 2016<\/p>\n\n\n\n<p><strong>Taille <\/strong>: grand<\/p>\n<\/div><\/div>\n\n\n\n<p align=\"justify\"> Caract\u00e9ristiques: Pop est un pauvre chien qui n&rsquo;a pas eu la belle vie. R\u00e9cup\u00e9r\u00e9 apr\u00e8s le d\u00e9c\u00e8s de son propri\u00e9taire, il vivait, avec cinq autres chiens, soit dans un chenil, soit dans une v\u00e9randa couvertes d&rsquo;immondices. A son arriv\u00e9e, il souffrait d&rsquo;otites purulentes, en bonne voie de gu\u00e9rison maintenant mais qui l&rsquo;ont fait beaucoup souffrir. Assez peureux, il est toutefois tr\u00e8s attir\u00e9 par l&rsquo;humain dont il d\u00e9couvre qu&rsquo;il peut \u00eatre gentil, que sa main peut caresser. Il apprend \u00e0 se promener en laisse, chose qu&rsquo;il ne connaissait pas et cette d\u00e9couverte l&rsquo;enchante. Tr\u00e8s sociable avec ses cong\u00e9n\u00e8res, il cohabite avec les m\u00e2les, les femelles, les chats. Il se peut qu&rsquo;il y ait au d\u00e9but quelques soucis de propret\u00e9, ou pas. Pop est doux comme un agneau et pourra vivre avec des enfants calmes. Sa maigreur est due en partie \u00e0 une insuffisance r\u00e9nale d\u00e9butante : il n&rsquo;a pas de traitement, juste une nourriture adapt\u00e9e. Il faudra \u00e0 Pop un jardin mais il ne devra pas vivre dehors car il est fragile : il a besoin maintenant d&rsquo;\u00eatre chouchout\u00e9, de reprendre un peu de s\u00e9r\u00e9nit\u00e9, de confort et de repos. A son \u00e2ge, il est \u00e9ligible \u00e0 l&rsquo;op\u00e9ration Doyens de 30 Millions d&rsquo;Amis qui prend en charge jusqu&rsquo;\u00e0 1000 euros de frais v\u00e9t\u00e9rinaires. <p align=\"justify\">\n\n\n\n<figure class=\"wp-block-image size-large\"><a href=\"https:\/\/www.spa-grillon.fr\/wp-content\/uploads\/2026\/04\/Pop-13-1.jpg\"><img decoding=\"async\" loading=\"lazy\" width=\"1024\" height=\"1024\" src=\"https:\/\/www.spa-grillon.fr\/wp-content\/uploads\/2026\/04\/Pop-13-1-1024x1024.jpg\" alt=\"\" class=\"wp-image-18545\" srcset=\"https:\/\/www.spa-grillon.fr\/wp-content\/uploads\/2026\/04\/Pop-13-1-1024x1024.jpg 1024w, https:\/\/www.spa-grillon.fr\/wp-content\/uploads\/2026\/04\/Pop-13-1-300x300.jpg 300w, https:\/\/www.spa-grillon.fr\/wp-content\/uploads\/2026\/04\/Pop-13-1-150x150.jpg 150w, https:\/\/www.spa-grillon.fr\/wp-content\/uploads\/2026\/04\/Pop-13-1-768x768.jpg 768w, https:\/\/www.spa-grillon.fr\/wp-content\/uploads\/2026\/04\/Pop-13-1-1536x1536.jpg 1536w, https:\/\/www.spa-grillon.fr\/wp-content\/uploads\/2026\/04\/Pop-13-1.jpg 1781w\" sizes=\"(max-width: 1024px) 100vw, 1024px\" \/><\/a><\/figure>\n\n\n\n<figure class=\"wp-block-image size-large\"><a href=\"https:\/\/www.spa-grillon.fr\/wp-content\/uploads\/2026\/04\/Pop-8.jpg\"><img decoding=\"async\" loading=\"lazy\" width=\"1024\" height=\"1024\" src=\"https:\/\/www.spa-grillon.fr\/wp-content\/uploads\/2026\/04\/Pop-8-1024x1024.jpg\" alt=\"\" class=\"wp-image-18544\" srcset=\"https:\/\/www.spa-grillon.fr\/wp-content\/uploads\/2026\/04\/Pop-8-1024x1024.jpg 1024w, https:\/\/www.spa-grillon.fr\/wp-content\/uploads\/2026\/04\/Pop-8-300x300.jpg 300w, https:\/\/www.spa-grillon.fr\/wp-content\/uploads\/2026\/04\/Pop-8-150x150.jpg 150w, https:\/\/www.spa-grillon.fr\/wp-content\/uploads\/2026\/04\/Pop-8-768x768.jpg 768w, https:\/\/www.spa-grillon.fr\/wp-content\/uploads\/2026\/04\/Pop-8-1536x1536.jpg 1536w, https:\/\/www.spa-grillon.fr\/wp-content\/uploads\/2026\/04\/Pop-8.jpg 1722w\" sizes=\"(max-width: 1024px) 100vw, 1024px\" \/><\/a><\/figure>\n\n\n<div class=\"wp-block-image\">\n<figure class=\"aligncenter size-large is-resized\"><a href=\"https:\/\/www.spa-grillon.fr\/wp-content\/uploads\/2026\/04\/Pop-3.jpg\"><img decoding=\"async\" loading=\"lazy\" src=\"https:\/\/www.spa-grillon.fr\/wp-content\/uploads\/2026\/04\/Pop-3-1024x1024.jpg\" alt=\"\" class=\"wp-image-18546\" width=\"534\" height=\"534\" srcset=\"https:\/\/www.spa-grillon.fr\/wp-content\/uploads\/2026\/04\/Pop-3-1024x1024.jpg 1024w, https:\/\/www.spa-grillon.fr\/wp-content\/uploads\/2026\/04\/Pop-3-300x300.jpg 300w, https:\/\/www.spa-grillon.fr\/wp-content\/uploads\/2026\/04\/Pop-3-150x150.jpg 150w, https:\/\/www.spa-grillon.fr\/wp-content\/uploads\/2026\/04\/Pop-3-768x768.jpg 768w, https:\/\/www.spa-grillon.fr\/wp-content\/uploads\/2026\/04\/Pop-3.jpg 1360w\" sizes=\"(max-width: 534px) 100vw, 534px\" \/><\/a><\/figure><\/div>\n\n<div class=\"wp-block-image\">\n<figure class=\"aligncenter size-full is-resized\"><a href=\"https:\/\/www.spa-grillon.fr\/wp-content\/uploads\/2026\/04\/Pop-1.jpg\"><img decoding=\"async\" loading=\"lazy\" src=\"https:\/\/www.spa-grillon.fr\/wp-content\/uploads\/2026\/04\/Pop-1.jpg\" alt=\"\" class=\"wp-image-18547\" width=\"448\" height=\"448\" srcset=\"https:\/\/www.spa-grillon.fr\/wp-content\/uploads\/2026\/04\/Pop-1.jpg 638w, https:\/\/www.spa-grillon.fr\/wp-content\/uploads\/2026\/04\/Pop-1-300x300.jpg 300w, https:\/\/www.spa-grillon.fr\/wp-content\/uploads\/2026\/04\/Pop-1-150x150.jpg 150w\" sizes=\"(max-width: 448px) 100vw, 448px\" \/><\/a><\/figure><\/div>","protected":false},"excerpt":{"rendered":"<p>Sexe : m\u00e2le Race : chien de chasse courant Age : n\u00e9 en 2016 Taille : grand Caract\u00e9ristiques: Pop est un pauvre chien qui n&rsquo;a pas eu la belle vie. R\u00e9cup\u00e9r\u00e9 apr\u00e8s le d\u00e9c\u00e8s de son propri\u00e9taire, il vivait, avec &hellip; <a href=\"https:\/\/www.spa-grillon.fr\/?page_id=18541\">Continuer la lecture <span class=\"meta-nav\">&rarr;<\/span><\/a><\/p>\n","protected":false},"author":2,"featured_media":0,"parent":0,"menu_order":0,"comment_status":"closed","ping_status":"closed","template":"","meta":[],"_links":{"self":[{"href":"https:\/\/www.spa-grillon.fr\/index.php?rest_route=\/wp\/v2\/pages\/18541"}],"collection":[{"href":"https:\/\/www.spa-grillon.fr\/index.php?rest_route=\/wp\/v2\/pages"}],"about":[{"href":"https:\/\/www.spa-grillon.fr\/index.php?rest_route=\/wp\/v2\/types\/page"}],"author":[{"embeddable":true,"href":"https:\/\/www.spa-grillon.fr\/index.php?rest_route=\/wp\/v2\/users\/2"}],"replies":[{"embeddable":true,"href":"https:\/\/www.spa-grillon.fr\/index.php?rest_route=%2Fwp%2Fv2%2Fcomments&post=18541"}],"version-history":[{"count":6,"href":"https:\/\/www.spa-grillon.fr\/index.php?rest_route=\/wp\/v2\/pages\/18541\/revisions"}],"predecessor-version":[{"id":18569,"href":"https:\/\/www.spa-grillon.fr\/index.php?rest_route=\/wp\/v2\/pages\/18541\/revisions\/18569"}],"wp:attachment":[{"href":"https:\/\/www.spa-grillon.fr\/index.php?rest_route=%2Fwp%2Fv2%2Fmedia&parent=18541"}],"curies":[{"name":"wp","href":"https:\/\/api.w.org\/{rel}","templated":true}]}}