{"id":259,"date":"2011-03-22T15:39:40","date_gmt":"2011-03-22T14:39:40","guid":{"rendered":"http:\/\/www.spa-grillon.fr\/?page_id=259"},"modified":"2020-08-16T15:50:48","modified_gmt":"2020-08-16T14:50:48","slug":"j%e2%80%99ai-perdu-mon-animal-que-faire","status":"publish","type":"page","link":"https:\/\/www.spa-grillon.fr\/?page_id=259","title":{"rendered":"J\u2019ai perdu mon animal : que faire ?"},"content":{"rendered":"<p style=\"text-align: justify;\"><strong>Pensez \u00e0 appeler : <\/strong><br \/>\n&#8211; Les v\u00e9t\u00e9rinaires<br \/>\n&#8211; Les refuges et les fourri\u00e8res<br \/>\n&#8211; La gendarmerie et la police municipale<\/p>\n<p style=\"text-align: justify;\">N&rsquo;h\u00e9sitez pas \u00e0 \u00e9largir le secteur de recherche.<\/p>\n<p style=\"text-align: justify;\"><strong>Sur Internet :<\/strong><br \/>\n&#8211; <strong>Mettez des annonces sur pet alert<\/strong> (en pensant \u00e0 les enlever lorsque vous aurez retrouv\u00e9 votre compagnon) dans les petites annonces aux rubriques perdu\/trouv\u00e9 (par exemple Le Bon Coin, Vivastreet) et sur les forums d\u00e9di\u00e9s aux animaux comme <em>Rescue<\/em> ou, pour les chiens seulement, <a href=\"http:\/\/chien-perdu.org\/\" target=\"_blank\">chien-perdu.org<\/a><\/p>\n<p style=\"text-align: justify;\"><strong>&#8211; Vous pouvez aussi faire des affiches<\/strong> avec la photo de votre\u00a0 animal, la date \u00e0 laquelle vous l\u2019avez perdu et les placer chez les v\u00e9t\u00e9rinaires, dans les commerces.<\/p>\n<p style=\"text-align: justify;\"><span style=\"text-decoration: underline;\">Si vous avez perdu votre chien<\/span> au cours d\u2019une balade, laissez \u00e0 l\u2019endroit, o\u00f9 vous vous \u00eates aper\u00e7us de son absence, un de vos v\u00eatements. S\u2019il revient apr\u00e8s une escapade de quelques heures, c\u2019est couch\u00e9 l\u00e0 que vous le retrouverez. Pensez donc \u00e0 y revenir fr\u00e9quemment.<\/p>\n<p style=\"text-align: justify;\"><span style=\"text-decoration: underline;\">Si votre matou n&rsquo;est pas rentr\u00e9 de sa promenade<\/span>, faites le tour de vos voisins au cas o\u00f9 il soit enferm\u00e9 dans un garage ou une cave, appelez-le \u00e0 la nuit tombante, de nombreuses fois et mettez sa liti\u00e8re on nettoy\u00e9e dehors.<\/p>\n<p style=\"text-align: justify;\">Dans tous les cas, faire identifier son animal, c\u2019est d\u2019une part respecter la loi, car tout animal, chien ou chat, doit \u00eatre identifi\u00e9 par un tatouage ou une puce \u00e9lectronique, mais c\u2019est surtout <span style=\"text-decoration: underline;\">la meilleure fa\u00e7on de le retrouver<\/span>. Pour plus de s\u00e9curit\u00e9, vous pouvez, en plus de la puce ou du tatouage, lui faire graver une m\u00e9daille avec vos coordonn\u00e9es\u00a0: beaucoup ne gens ne pensent pas que l\u2019animal peut \u00eatre puc\u00e9 et le tatouage est parfois peu lisible avec le temps. Il existe, pour les chats aventuriers, des colliers anti-\u00e9tranglement.<\/p>\n<p style=\"text-align: justify;\">La \u00ab\u00a0drague\u00a0\u00bb est une des causes majeures de fugue ! La st\u00e9rilisation est donc aussi un bon moyen de pr\u00e9venir les fugues et de s&rsquo;\u00e9pargner ces moments bien difficiles&#8230;<\/p>\n","protected":false},"excerpt":{"rendered":"<p>Pensez \u00e0 appeler : &#8211; Les v\u00e9t\u00e9rinaires &#8211; Les refuges et les fourri\u00e8res &#8211; La gendarmerie et la police municipale N&rsquo;h\u00e9sitez pas \u00e0 \u00e9largir le secteur de recherche. Sur Internet : &#8211; Mettez des annonces sur pet alert (en pensant &hellip; <a href=\"https:\/\/www.spa-grillon.fr\/?page_id=259\">Continuer la lecture <span class=\"meta-nav\">&rarr;<\/span><\/a><\/p>\n","protected":false},"author":2,"featured_media":0,"parent":132,"menu_order":0,"comment_status":"closed","ping_status":"closed","template":"","meta":[],"_links":{"self":[{"href":"https:\/\/www.spa-grillon.fr\/index.php?rest_route=\/wp\/v2\/pages\/259"}],"collection":[{"href":"https:\/\/www.spa-grillon.fr\/index.php?rest_route=\/wp\/v2\/pages"}],"about":[{"href":"https:\/\/www.spa-grillon.fr\/index.php?rest_route=\/wp\/v2\/types\/page"}],"author":[{"embeddable":true,"href":"https:\/\/www.spa-grillon.fr\/index.php?rest_route=\/wp\/v2\/users\/2"}],"replies":[{"embeddable":true,"href":"https:\/\/www.spa-grillon.fr\/index.php?rest_route=%2Fwp%2Fv2%2Fcomments&post=259"}],"version-history":[{"count":13,"href":"https:\/\/www.spa-grillon.fr\/index.php?rest_route=\/wp\/v2\/pages\/259\/revisions"}],"predecessor-version":[{"id":9426,"href":"https:\/\/www.spa-grillon.fr\/index.php?rest_route=\/wp\/v2\/pages\/259\/revisions\/9426"}],"up":[{"embeddable":true,"href":"https:\/\/www.spa-grillon.fr\/index.php?rest_route=\/wp\/v2\/pages\/132"}],"wp:attachment":[{"href":"https:\/\/www.spa-grillon.fr\/index.php?rest_route=%2Fwp%2Fv2%2Fmedia&parent=259"}],"curies":[{"name":"wp","href":"https:\/\/api.w.org\/{rel}","templated":true}]}}