{"id":326,"date":"2011-03-22T17:42:59","date_gmt":"2011-03-22T16:42:59","guid":{"rendered":"http:\/\/www.spa-grillon.fr\/?page_id=326"},"modified":"2026-04-24T17:51:06","modified_gmt":"2026-04-24T16:51:06","slug":"les-males","status":"publish","type":"page","link":"https:\/\/www.spa-grillon.fr\/?page_id=326","title":{"rendered":"Les chiens"},"content":{"rendered":"<p style=\"text-align: left;\">Pour conna\u00eetre les caract\u00e9ristiques de chaque chien, cliquer sur l&rsquo;image.<\/p>\n<div id=\"attachment_18547\" style=\"width: 267px\" class=\"wp-caption alignleft\"><a href=\"https:\/\/www.spa-grillon.fr\/?page_id=18541\"><img aria-describedby=\"caption-attachment-18547\" decoding=\"async\" loading=\"lazy\" class=\" wp-image-18547\" src=\"https:\/\/www.spa-grillon.fr\/wp-content\/uploads\/2026\/04\/Pop-1-300x300.jpg\" alt=\"\" width=\"257\" height=\"257\" srcset=\"https:\/\/www.spa-grillon.fr\/wp-content\/uploads\/2026\/04\/Pop-1-300x300.jpg 300w, https:\/\/www.spa-grillon.fr\/wp-content\/uploads\/2026\/04\/Pop-1-150x150.jpg 150w, https:\/\/www.spa-grillon.fr\/wp-content\/uploads\/2026\/04\/Pop-1.jpg 638w\" sizes=\"(max-width: 257px) 100vw, 257px\" \/><\/a><p id=\"caption-attachment-18547\" class=\"wp-caption-text\"><a href=\"https:\/\/www.spa-grillon.fr\/?page_id=18541\">POP, chien courant, n\u00e9 en 2016<\/a><\/p><\/div>\n<div id=\"attachment_18480\" style=\"width: 267px\" class=\"wp-caption alignleft\"><a href=\"https:\/\/www.spa-grillon.fr\/?page_id=18478\"><img aria-describedby=\"caption-attachment-18480\" decoding=\"async\" loading=\"lazy\" class=\" wp-image-18480\" src=\"https:\/\/www.spa-grillon.fr\/wp-content\/uploads\/2026\/03\/20260301_125458-300x300.jpg\" alt=\"\" width=\"257\" height=\"257\" srcset=\"https:\/\/www.spa-grillon.fr\/wp-content\/uploads\/2026\/03\/20260301_125458-300x300.jpg 300w, https:\/\/www.spa-grillon.fr\/wp-content\/uploads\/2026\/03\/20260301_125458-1024x1024.jpg 1024w, https:\/\/www.spa-grillon.fr\/wp-content\/uploads\/2026\/03\/20260301_125458-150x150.jpg 150w, https:\/\/www.spa-grillon.fr\/wp-content\/uploads\/2026\/03\/20260301_125458-768x768.jpg 768w, https:\/\/www.spa-grillon.fr\/wp-content\/uploads\/2026\/03\/20260301_125458-1536x1536.jpg 1536w, https:\/\/www.spa-grillon.fr\/wp-content\/uploads\/2026\/03\/20260301_125458-2048x2048.jpg 2048w\" sizes=\"(max-width: 257px) 100vw, 257px\" \/><\/a><p id=\"caption-attachment-18480\" class=\"wp-caption-text\"><a href=\"https:\/\/www.spa-grillon.fr\/?page_id=18478\">OPIUM, border collie, n\u00e9 en 2018<\/a><\/p><\/div>\n<div id=\"attachment_18157\" style=\"width: 267px\" class=\"wp-caption alignleft\"><a href=\"https:\/\/www.spa-grillon.fr\/?page_id=18156\"><img aria-describedby=\"caption-attachment-18157\" decoding=\"async\" loading=\"lazy\" class=\" wp-image-18157\" src=\"https:\/\/www.spa-grillon.fr\/wp-content\/uploads\/2026\/01\/20251231_142522-300x300.jpg\" alt=\"\" width=\"257\" height=\"257\" srcset=\"https:\/\/www.spa-grillon.fr\/wp-content\/uploads\/2026\/01\/20251231_142522-300x300.jpg 300w, https:\/\/www.spa-grillon.fr\/wp-content\/uploads\/2026\/01\/20251231_142522-150x150.jpg 150w, https:\/\/www.spa-grillon.fr\/wp-content\/uploads\/2026\/01\/20251231_142522-768x768.jpg 768w, https:\/\/www.spa-grillon.fr\/wp-content\/uploads\/2026\/01\/20251231_142522.jpg 843w\" sizes=\"(max-width: 257px) 100vw, 257px\" \/><\/a><p id=\"caption-attachment-18157\" class=\"wp-caption-text\"><a href=\"https:\/\/www.spa-grillon.fr\/?page_id=18156\">VANGO, race commune, n\u00e9 en 01\/2025<\/a><\/p><\/div>\n<div id=\"attachment_17937\" style=\"width: 267px\" class=\"wp-caption alignleft\"><a href=\"https:\/\/www.spa-grillon.fr\/?page_id=17894\"><img aria-describedby=\"caption-attachment-17937\" decoding=\"async\" loading=\"lazy\" class=\" wp-image-17937\" src=\"https:\/\/www.spa-grillon.fr\/wp-content\/uploads\/2025\/11\/20251105_163802-300x300.jpg\" alt=\"\" width=\"257\" height=\"257\" srcset=\"https:\/\/www.spa-grillon.fr\/wp-content\/uploads\/2025\/11\/20251105_163802-300x300.jpg 300w, https:\/\/www.spa-grillon.fr\/wp-content\/uploads\/2025\/11\/20251105_163802-1024x1024.jpg 1024w, https:\/\/www.spa-grillon.fr\/wp-content\/uploads\/2025\/11\/20251105_163802-150x150.jpg 150w, https:\/\/www.spa-grillon.fr\/wp-content\/uploads\/2025\/11\/20251105_163802-768x768.jpg 768w, https:\/\/www.spa-grillon.fr\/wp-content\/uploads\/2025\/11\/20251105_163802-1536x1536.jpg 1536w, https:\/\/www.spa-grillon.fr\/wp-content\/uploads\/2025\/11\/20251105_163802.jpg 1800w\" sizes=\"(max-width: 257px) 100vw, 257px\" \/><\/a><p id=\"caption-attachment-17937\" class=\"wp-caption-text\"><a href=\"https:\/\/www.spa-grillon.fr\/?page_id=17894\">BALTO, crois\u00e9 beagle, n\u00e9 en 2022<\/a><\/p><\/div>\n<div id=\"attachment_17656\" style=\"width: 267px\" class=\"wp-caption alignleft\"><a href=\"https:\/\/www.spa-grillon.fr\/?page_id=14878\"><img aria-describedby=\"caption-attachment-17656\" decoding=\"async\" loading=\"lazy\" class=\"wp-image-17656\" src=\"https:\/\/www.spa-grillon.fr\/wp-content\/uploads\/2025\/09\/Gipsy-1-e1757083461663-300x300.jpg\" alt=\"\" width=\"257\" height=\"257\" srcset=\"https:\/\/www.spa-grillon.fr\/wp-content\/uploads\/2025\/09\/Gipsy-1-e1757083461663-300x300.jpg 300w, https:\/\/www.spa-grillon.fr\/wp-content\/uploads\/2025\/09\/Gipsy-1-e1757083461663-1024x1024.jpg 1024w, https:\/\/www.spa-grillon.fr\/wp-content\/uploads\/2025\/09\/Gipsy-1-e1757083461663-150x150.jpg 150w, https:\/\/www.spa-grillon.fr\/wp-content\/uploads\/2025\/09\/Gipsy-1-e1757083461663-768x768.jpg 768w, https:\/\/www.spa-grillon.fr\/wp-content\/uploads\/2025\/09\/Gipsy-1-e1757083461663.jpg 1253w\" sizes=\"(max-width: 257px) 100vw, 257px\" \/><\/a><p id=\"caption-attachment-17656\" class=\"wp-caption-text\"><a href=\"https:\/\/www.spa-grillon.fr\/?page_id=14878\">GYPSY, crois\u00e9 labrador, n\u00e9 en 08\/2013<\/a><\/p><\/div>\n<div id=\"attachment_16568\" style=\"width: 267px\" class=\"wp-caption alignleft\"><a href=\"https:\/\/www.spa-grillon.fr\/?page_id=16565\"><img aria-describedby=\"caption-attachment-16568\" decoding=\"async\" loading=\"lazy\" class=\" wp-image-16568\" src=\"https:\/\/www.spa-grillon.fr\/wp-content\/uploads\/2025\/01\/Rambo-3-300x300.jpg\" alt=\"\" width=\"257\" height=\"257\" srcset=\"https:\/\/www.spa-grillon.fr\/wp-content\/uploads\/2025\/01\/Rambo-3-300x300.jpg 300w, https:\/\/www.spa-grillon.fr\/wp-content\/uploads\/2025\/01\/Rambo-3-1024x1024.jpg 1024w, https:\/\/www.spa-grillon.fr\/wp-content\/uploads\/2025\/01\/Rambo-3-150x150.jpg 150w, https:\/\/www.spa-grillon.fr\/wp-content\/uploads\/2025\/01\/Rambo-3-768x768.jpg 768w, https:\/\/www.spa-grillon.fr\/wp-content\/uploads\/2025\/01\/Rambo-3-1536x1536.jpg 1536w, https:\/\/www.spa-grillon.fr\/wp-content\/uploads\/2025\/01\/Rambo-3-2048x2048.jpg 2048w\" sizes=\"(max-width: 257px) 100vw, 257px\" \/><\/a><p id=\"caption-attachment-16568\" class=\"wp-caption-text\"><a href=\"https:\/\/www.spa-grillon.fr\/?page_id=16565\">RAMBO, griffon vend\u00e9en, n\u00e9 en 08\/2020<\/a><\/p><\/div>\n<div id=\"attachment_16213\" style=\"width: 267px\" class=\"wp-caption alignleft\"><a href=\"https:\/\/www.spa-grillon.fr\/?page_id=16208\"><img aria-describedby=\"caption-attachment-16213\" decoding=\"async\" loading=\"lazy\" class=\"wp-image-16213 \" src=\"https:\/\/www.spa-grillon.fr\/wp-content\/uploads\/2024\/10\/Prosper-4-1-e1729441500131-300x300.jpg\" alt=\"\" width=\"257\" height=\"257\" srcset=\"https:\/\/www.spa-grillon.fr\/wp-content\/uploads\/2024\/10\/Prosper-4-1-e1729441500131-300x300.jpg 300w, https:\/\/www.spa-grillon.fr\/wp-content\/uploads\/2024\/10\/Prosper-4-1-e1729441500131-1024x1024.jpg 1024w, https:\/\/www.spa-grillon.fr\/wp-content\/uploads\/2024\/10\/Prosper-4-1-e1729441500131-150x150.jpg 150w, https:\/\/www.spa-grillon.fr\/wp-content\/uploads\/2024\/10\/Prosper-4-1-e1729441500131-768x768.jpg 768w, https:\/\/www.spa-grillon.fr\/wp-content\/uploads\/2024\/10\/Prosper-4-1-e1729441500131-1536x1536.jpg 1536w, https:\/\/www.spa-grillon.fr\/wp-content\/uploads\/2024\/10\/Prosper-4-1-e1729441500131-2048x2048.jpg 2048w\" sizes=\"(max-width: 257px) 100vw, 257px\" \/><\/a><p id=\"caption-attachment-16213\" class=\"wp-caption-text\"><a href=\"https:\/\/www.spa-grillon.fr\/?page_id=16208\">PROSPER, crois\u00e9 malinois, n\u00e9 en 11\/2022<\/a><\/p><\/div>\n<div id=\"attachment_15985\" style=\"width: 267px\" class=\"wp-caption alignleft\"><a href=\"https:\/\/www.spa-grillon.fr\/?page_id=15979\"><img aria-describedby=\"caption-attachment-15985\" decoding=\"async\" loading=\"lazy\" class=\" wp-image-15985\" src=\"https:\/\/www.spa-grillon.fr\/wp-content\/uploads\/2024\/09\/Wonka-1024x1024.jpg\" alt=\"\" width=\"257\" height=\"257\" srcset=\"https:\/\/www.spa-grillon.fr\/wp-content\/uploads\/2024\/09\/Wonka-1024x1024.jpg 1024w, https:\/\/www.spa-grillon.fr\/wp-content\/uploads\/2024\/09\/Wonka-300x300.jpg 300w, https:\/\/www.spa-grillon.fr\/wp-content\/uploads\/2024\/09\/Wonka-150x150.jpg 150w, https:\/\/www.spa-grillon.fr\/wp-content\/uploads\/2024\/09\/Wonka-768x768.jpg 768w, https:\/\/www.spa-grillon.fr\/wp-content\/uploads\/2024\/09\/Wonka.jpg 1372w\" sizes=\"(max-width: 257px) 100vw, 257px\" \/><\/a><p id=\"caption-attachment-15985\" class=\"wp-caption-text\"><a href=\"https:\/\/www.spa-grillon.fr\/?page_id=15979\">WONKA, crois\u00e9 Ari\u00e9geois, n\u00e9 en 06\/2024<\/a><\/p><\/div>\n<div id=\"attachment_15690\" style=\"width: 267px\" class=\"wp-caption alignleft\"><a href=\"https:\/\/www.spa-grillon.fr\/?page_id=15689\"><img aria-describedby=\"caption-attachment-15690\" decoding=\"async\" loading=\"lazy\" class=\"wp-image-15690 \" src=\"https:\/\/www.spa-grillon.fr\/wp-content\/uploads\/2024\/07\/Hutch-7-300x300.jpg\" alt=\"\" width=\"257\" height=\"257\" srcset=\"https:\/\/www.spa-grillon.fr\/wp-content\/uploads\/2024\/07\/Hutch-7-300x300.jpg 300w, https:\/\/www.spa-grillon.fr\/wp-content\/uploads\/2024\/07\/Hutch-7-1024x1024.jpg 1024w, https:\/\/www.spa-grillon.fr\/wp-content\/uploads\/2024\/07\/Hutch-7-150x150.jpg 150w, https:\/\/www.spa-grillon.fr\/wp-content\/uploads\/2024\/07\/Hutch-7-768x768.jpg 768w, https:\/\/www.spa-grillon.fr\/wp-content\/uploads\/2024\/07\/Hutch-7-1536x1536.jpg 1536w, https:\/\/www.spa-grillon.fr\/wp-content\/uploads\/2024\/07\/Hutch-7.jpg 1704w\" sizes=\"(max-width: 257px) 100vw, 257px\" \/><\/a><p id=\"caption-attachment-15690\" class=\"wp-caption-text\"><a href=\"https:\/\/www.spa-grillon.fr\/?page_id=15689\">HUTCH, griffon, n\u00e9 en 07\/2019<\/a><\/p><\/div>\n<div id=\"attachment_15509\" style=\"width: 267px\" class=\"wp-caption alignleft\"><a href=\"https:\/\/www.spa-grillon.fr\/?page_id=15503\"><img aria-describedby=\"caption-attachment-15509\" decoding=\"async\" loading=\"lazy\" class=\"wp-image-15509\" src=\"https:\/\/www.spa-grillon.fr\/wp-content\/uploads\/2024\/07\/Teddy-5-e1720007505903-300x300.jpg\" alt=\"\" width=\"257\" height=\"257\" srcset=\"https:\/\/www.spa-grillon.fr\/wp-content\/uploads\/2024\/07\/Teddy-5-e1720007505903-300x300.jpg 300w, https:\/\/www.spa-grillon.fr\/wp-content\/uploads\/2024\/07\/Teddy-5-e1720007505903-1024x1024.jpg 1024w, https:\/\/www.spa-grillon.fr\/wp-content\/uploads\/2024\/07\/Teddy-5-e1720007505903-150x150.jpg 150w, https:\/\/www.spa-grillon.fr\/wp-content\/uploads\/2024\/07\/Teddy-5-e1720007505903-768x768.jpg 768w, https:\/\/www.spa-grillon.fr\/wp-content\/uploads\/2024\/07\/Teddy-5-e1720007505903-1536x1536.jpg 1536w, https:\/\/www.spa-grillon.fr\/wp-content\/uploads\/2024\/07\/Teddy-5-e1720007505903.jpg 1799w\" sizes=\"(max-width: 257px) 100vw, 257px\" \/><\/a><p id=\"caption-attachment-15509\" class=\"wp-caption-text\"><a href=\"https:\/\/www.spa-grillon.fr\/?page_id=15503\">TEDDY, griffon, n\u00e9 en 06\/2020<\/a><\/p><\/div>\n<div id=\"attachment_14299\" style=\"width: 267px\" class=\"wp-caption alignleft\"><a href=\"https:\/\/www.spa-grillon.fr\/?page_id=14281\"><img aria-describedby=\"caption-attachment-14299\" decoding=\"async\" loading=\"lazy\" class=\"wp-image-14299\" src=\"https:\/\/www.spa-grillon.fr\/wp-content\/uploads\/2023\/12\/20231129_153533-e1703405465480-300x300.jpg\" alt=\"STARKI, griffon nivernais, n\u00e9 en 09\/2021\" width=\"257\" height=\"257\" srcset=\"https:\/\/www.spa-grillon.fr\/wp-content\/uploads\/2023\/12\/20231129_153533-e1703405465480-300x300.jpg 300w, https:\/\/www.spa-grillon.fr\/wp-content\/uploads\/2023\/12\/20231129_153533-e1703405465480-150x150.jpg 150w, https:\/\/www.spa-grillon.fr\/wp-content\/uploads\/2023\/12\/20231129_153533-e1703405465480-768x768.jpg 768w, https:\/\/www.spa-grillon.fr\/wp-content\/uploads\/2023\/12\/20231129_153533-e1703405465480-1024x1024.jpg 1024w, https:\/\/www.spa-grillon.fr\/wp-content\/uploads\/2023\/12\/20231129_153533-e1703405465480.jpg 1258w\" sizes=\"(max-width: 257px) 100vw, 257px\" \/><\/a><p id=\"caption-attachment-14299\" class=\"wp-caption-text\"><a href=\"https:\/\/www.spa-grillon.fr\/?page_id=14281\">STARKI, griffon nivernais, n\u00e9 en 09\/2021<\/a><\/p><\/div>\n<div id=\"attachment_13980\" style=\"width: 267px\" class=\"wp-caption alignleft\"><a href=\"https:\/\/www.spa-grillon.fr\/?page_id=13977\"><img aria-describedby=\"caption-attachment-13980\" decoding=\"async\" loading=\"lazy\" class=\" wp-image-13980\" src=\"https:\/\/www.spa-grillon.fr\/wp-content\/uploads\/2023\/09\/20230926_153559-e1695908548119-300x300.jpg\" alt=\"MILKA, berger malinois, n\u00e9 en 01\/2019\" width=\"257\" height=\"257\" srcset=\"https:\/\/www.spa-grillon.fr\/wp-content\/uploads\/2023\/09\/20230926_153559-e1695908548119-300x300.jpg 300w, https:\/\/www.spa-grillon.fr\/wp-content\/uploads\/2023\/09\/20230926_153559-e1695908548119-150x150.jpg 150w, https:\/\/www.spa-grillon.fr\/wp-content\/uploads\/2023\/09\/20230926_153559-e1695908548119.jpg 691w\" sizes=\"(max-width: 257px) 100vw, 257px\" \/><\/a><p id=\"caption-attachment-13980\" class=\"wp-caption-text\"><a href=\"https:\/\/www.spa-grillon.fr\/?page_id=13977\">MILKA, berger malinois, n\u00e9 en 01\/2019<\/a><\/p><\/div>\n<div id=\"attachment_11632\" style=\"width: 267px\" class=\"wp-caption alignleft\"><a href=\"http:\/\/www.spa-grillon.fr\/?page_id=11519\"><img aria-describedby=\"caption-attachment-11632\" decoding=\"async\" loading=\"lazy\" class=\"wp-image-11632\" src=\"http:\/\/www.spa-grillon.fr\/wp-content\/uploads\/2021\/12\/IMG-20220119-WA0004-e1675013104157-300x300.jpg\" alt=\"\" width=\"257\" height=\"257\" srcset=\"https:\/\/www.spa-grillon.fr\/wp-content\/uploads\/2021\/12\/IMG-20220119-WA0004-e1675013104157-300x300.jpg 300w, https:\/\/www.spa-grillon.fr\/wp-content\/uploads\/2021\/12\/IMG-20220119-WA0004-e1675013104157-150x150.jpg 150w, https:\/\/www.spa-grillon.fr\/wp-content\/uploads\/2021\/12\/IMG-20220119-WA0004-e1675013104157-768x768.jpg 768w, https:\/\/www.spa-grillon.fr\/wp-content\/uploads\/2021\/12\/IMG-20220119-WA0004-e1675013104157-1024x1024.jpg 1024w, https:\/\/www.spa-grillon.fr\/wp-content\/uploads\/2021\/12\/IMG-20220119-WA0004-e1675013104157.jpg 1488w\" sizes=\"(max-width: 257px) 100vw, 257px\" \/><\/a><p id=\"caption-attachment-11632\" class=\"wp-caption-text\"><a href=\"http:\/\/www.spa-grillon.fr\/?page_id=11519\">WILLY, crois\u00e9 \u00e9pagneul, n\u00e9 en 2019<\/a><\/p><\/div>\n<div id=\"attachment_17901\" style=\"width: 267px\" class=\"wp-caption alignleft\"><a href=\"http:\/\/patch\" data-wplink-url-error=\"true\"><img aria-describedby=\"caption-attachment-17901\" decoding=\"async\" loading=\"lazy\" class=\"wp-image-17901 \" src=\"https:\/\/www.spa-grillon.fr\/wp-content\/uploads\/2025\/11\/Patch-2-scaled-e1767165736188-300x300.jpg\" alt=\"\" width=\"257\" height=\"257\" srcset=\"https:\/\/www.spa-grillon.fr\/wp-content\/uploads\/2025\/11\/Patch-2-scaled-e1767165736188-300x300.jpg 300w, https:\/\/www.spa-grillon.fr\/wp-content\/uploads\/2025\/11\/Patch-2-scaled-e1767165736188-1024x1024.jpg 1024w, https:\/\/www.spa-grillon.fr\/wp-content\/uploads\/2025\/11\/Patch-2-scaled-e1767165736188-150x150.jpg 150w, https:\/\/www.spa-grillon.fr\/wp-content\/uploads\/2025\/11\/Patch-2-scaled-e1767165736188-768x768.jpg 768w, https:\/\/www.spa-grillon.fr\/wp-content\/uploads\/2025\/11\/Patch-2-scaled-e1767165736188-1536x1536.jpg 1536w, https:\/\/www.spa-grillon.fr\/wp-content\/uploads\/2025\/11\/Patch-2-scaled-e1767165736188.jpg 1689w\" sizes=\"(max-width: 257px) 100vw, 257px\" \/><\/a><p id=\"caption-attachment-17901\" class=\"wp-caption-text\"><a href=\"https:\/\/www.spa-grillon.fr\/?page_id=15753\">FICHE SOLIDAIRE 4 PATTES SANS TOIT &#8211; PATCH<\/a><\/p><\/div>\n","protected":false},"excerpt":{"rendered":"<p>Pour conna\u00eetre les caract\u00e9ristiques de chaque chien, cliquer sur l&rsquo;image.<\/p>\n","protected":false},"author":2,"featured_media":382,"parent":213,"menu_order":0,"comment_status":"closed","ping_status":"closed","template":"onecolumn-page.php","meta":[],"_links":{"self":[{"href":"https:\/\/www.spa-grillon.fr\/index.php?rest_route=\/wp\/v2\/pages\/326"}],"collection":[{"href":"https:\/\/www.spa-grillon.fr\/index.php?rest_route=\/wp\/v2\/pages"}],"about":[{"href":"https:\/\/www.spa-grillon.fr\/index.php?rest_route=\/wp\/v2\/types\/page"}],"author":[{"embeddable":true,"href":"https:\/\/www.spa-grillon.fr\/index.php?rest_route=\/wp\/v2\/users\/2"}],"replies":[{"embeddable":true,"href":"https:\/\/www.spa-grillon.fr\/index.php?rest_route=%2Fwp%2Fv2%2Fcomments&post=326"}],"version-history":[{"count":742,"href":"https:\/\/www.spa-grillon.fr\/index.php?rest_route=\/wp\/v2\/pages\/326\/revisions"}],"predecessor-version":[{"id":18583,"href":"https:\/\/www.spa-grillon.fr\/index.php?rest_route=\/wp\/v2\/pages\/326\/revisions\/18583"}],"up":[{"embeddable":true,"href":"https:\/\/www.spa-grillon.fr\/index.php?rest_route=\/wp\/v2\/pages\/213"}],"wp:featuredmedia":[{"embeddable":true,"href":"https:\/\/www.spa-grillon.fr\/index.php?rest_route=\/wp\/v2\/media\/382"}],"wp:attachment":[{"href":"https:\/\/www.spa-grillon.fr\/index.php?rest_route=%2Fwp%2Fv2%2Fmedia&parent=326"}],"curies":[{"name":"wp","href":"https:\/\/api.w.org\/{rel}","templated":true}]}}