{"id":329,"date":"2011-03-22T17:43:10","date_gmt":"2011-03-22T16:43:10","guid":{"rendered":"http:\/\/www.spa-grillon.fr\/?page_id=329"},"modified":"2026-04-10T18:01:17","modified_gmt":"2026-04-10T17:01:17","slug":"les-femelles","status":"publish","type":"page","link":"https:\/\/www.spa-grillon.fr\/?page_id=329","title":{"rendered":"Les chiennes"},"content":{"rendered":"<p style=\"text-align: left;\">Pour conna\u00eetre les caract\u00e9ristiques de chaque chienne, cliquer sur la photo.<\/p>\n<div id=\"attachment_18536\" style=\"width: 267px\" class=\"wp-caption alignleft\"><a href=\"https:\/\/www.spa-grillon.fr\/?page_id=18528\"><img aria-describedby=\"caption-attachment-18536\" decoding=\"async\" loading=\"lazy\" class=\" wp-image-18536\" src=\"https:\/\/www.spa-grillon.fr\/wp-content\/uploads\/2026\/04\/pILLOW-2-300x300.jpg\" alt=\"\" width=\"257\" height=\"257\" srcset=\"https:\/\/www.spa-grillon.fr\/wp-content\/uploads\/2026\/04\/pILLOW-2-300x300.jpg 300w, https:\/\/www.spa-grillon.fr\/wp-content\/uploads\/2026\/04\/pILLOW-2-1024x1024.jpg 1024w, https:\/\/www.spa-grillon.fr\/wp-content\/uploads\/2026\/04\/pILLOW-2-150x150.jpg 150w, https:\/\/www.spa-grillon.fr\/wp-content\/uploads\/2026\/04\/pILLOW-2-768x768.jpg 768w, https:\/\/www.spa-grillon.fr\/wp-content\/uploads\/2026\/04\/pILLOW-2.jpg 1222w\" sizes=\"(max-width: 257px) 100vw, 257px\" \/><\/a><p id=\"caption-attachment-18536\" class=\"wp-caption-text\"><a href=\"https:\/\/www.spa-grillon.fr\/?page_id=18528\">PILLOW, X porcelaine, n\u00e9e en 01\/2020<\/a><\/p><\/div>\n<div id=\"attachment_18418\" style=\"width: 267px\" class=\"wp-caption alignleft\"><a href=\"https:\/\/www.spa-grillon.fr\/?page_id=18407\"><img aria-describedby=\"caption-attachment-18418\" decoding=\"async\" loading=\"lazy\" class=\"wp-image-18418 \" src=\"https:\/\/www.spa-grillon.fr\/wp-content\/uploads\/2026\/02\/20260218_122258-2-e1771498781372-300x300.jpg\" alt=\"\" width=\"257\" height=\"257\" srcset=\"https:\/\/www.spa-grillon.fr\/wp-content\/uploads\/2026\/02\/20260218_122258-2-e1771498781372-300x300.jpg 300w, https:\/\/www.spa-grillon.fr\/wp-content\/uploads\/2026\/02\/20260218_122258-2-e1771498781372-1024x1024.jpg 1024w, https:\/\/www.spa-grillon.fr\/wp-content\/uploads\/2026\/02\/20260218_122258-2-e1771498781372-150x150.jpg 150w, https:\/\/www.spa-grillon.fr\/wp-content\/uploads\/2026\/02\/20260218_122258-2-e1771498781372-768x768.jpg 768w, https:\/\/www.spa-grillon.fr\/wp-content\/uploads\/2026\/02\/20260218_122258-2-e1771498781372.jpg 1390w\" sizes=\"(max-width: 257px) 100vw, 257px\" \/><\/a><p id=\"caption-attachment-18418\" class=\"wp-caption-text\"><a href=\"https:\/\/www.spa-grillon.fr\/?page_id=18407\">\u00a0MINA, griffon, n\u00e9e en 2020<\/a><\/p><\/div>\n<div id=\"attachment_18388\" style=\"width: 267px\" class=\"wp-caption alignleft\"><a href=\"https:\/\/www.spa-grillon.fr\/?page_id=18387\"><img aria-describedby=\"caption-attachment-18388\" decoding=\"async\" loading=\"lazy\" class=\" wp-image-18388\" src=\"https:\/\/www.spa-grillon.fr\/wp-content\/uploads\/2026\/02\/Akila-4-300x300.jpg\" alt=\"\" width=\"257\" height=\"257\" srcset=\"https:\/\/www.spa-grillon.fr\/wp-content\/uploads\/2026\/02\/Akila-4-300x300.jpg 300w, https:\/\/www.spa-grillon.fr\/wp-content\/uploads\/2026\/02\/Akila-4-1024x1024.jpg 1024w, https:\/\/www.spa-grillon.fr\/wp-content\/uploads\/2026\/02\/Akila-4-150x150.jpg 150w, https:\/\/www.spa-grillon.fr\/wp-content\/uploads\/2026\/02\/Akila-4-768x768.jpg 768w, https:\/\/www.spa-grillon.fr\/wp-content\/uploads\/2026\/02\/Akila-4.jpg 1454w\" sizes=\"(max-width: 257px) 100vw, 257px\" \/><\/a><p id=\"caption-attachment-18388\" class=\"wp-caption-text\"><a href=\"https:\/\/www.spa-grillon.fr\/?page_id=18387\">AKILA, berger belge malinois, n\u00e9e en 01\/2025<\/a><\/p><\/div>\n<div id=\"attachment_18376\" style=\"width: 267px\" class=\"wp-caption alignleft\"><a href=\"https:\/\/www.spa-grillon.fr\/?page_id=18374\"><img aria-describedby=\"caption-attachment-18376\" decoding=\"async\" loading=\"lazy\" class=\"wp-image-18376 \" src=\"https:\/\/www.spa-grillon.fr\/wp-content\/uploads\/2026\/02\/20260215_1320200-e1771270385145-300x300.jpg\" alt=\"\" width=\"257\" height=\"257\" srcset=\"https:\/\/www.spa-grillon.fr\/wp-content\/uploads\/2026\/02\/20260215_1320200-e1771270385145-300x300.jpg 300w, https:\/\/www.spa-grillon.fr\/wp-content\/uploads\/2026\/02\/20260215_1320200-e1771270385145-1024x1024.jpg 1024w, https:\/\/www.spa-grillon.fr\/wp-content\/uploads\/2026\/02\/20260215_1320200-e1771270385145-150x150.jpg 150w, https:\/\/www.spa-grillon.fr\/wp-content\/uploads\/2026\/02\/20260215_1320200-e1771270385145-768x767.jpg 768w, https:\/\/www.spa-grillon.fr\/wp-content\/uploads\/2026\/02\/20260215_1320200-e1771270385145-1536x1536.jpg 1536w, https:\/\/www.spa-grillon.fr\/wp-content\/uploads\/2026\/02\/20260215_1320200-e1771270385145-2048x2046.jpg 2048w\" sizes=\"(max-width: 257px) 100vw, 257px\" \/><\/a><p id=\"caption-attachment-18376\" class=\"wp-caption-text\"><a href=\"https:\/\/www.spa-grillon.fr\/?page_id=18374\">BELLA, podenco du portugal, n\u00e9e en 03\/2025<\/a><\/p><\/div>\n<div id=\"attachment_18335\" style=\"width: 267px\" class=\"wp-caption alignleft\"><a href=\"https:\/\/www.spa-grillon.fr\/?page_id=18334\"><img aria-describedby=\"caption-attachment-18335\" decoding=\"async\" loading=\"lazy\" class=\" wp-image-18335\" src=\"https:\/\/www.spa-grillon.fr\/wp-content\/uploads\/2026\/02\/Vaiana-5-e1770745395917-300x300.jpg\" alt=\"\" width=\"257\" height=\"257\" srcset=\"https:\/\/www.spa-grillon.fr\/wp-content\/uploads\/2026\/02\/Vaiana-5-e1770745395917-300x300.jpg 300w, https:\/\/www.spa-grillon.fr\/wp-content\/uploads\/2026\/02\/Vaiana-5-e1770745395917-1024x1024.jpg 1024w, https:\/\/www.spa-grillon.fr\/wp-content\/uploads\/2026\/02\/Vaiana-5-e1770745395917-150x150.jpg 150w, https:\/\/www.spa-grillon.fr\/wp-content\/uploads\/2026\/02\/Vaiana-5-e1770745395917-768x768.jpg 768w, https:\/\/www.spa-grillon.fr\/wp-content\/uploads\/2026\/02\/Vaiana-5-e1770745395917.jpg 1046w\" sizes=\"(max-width: 257px) 100vw, 257px\" \/><\/a><p id=\"caption-attachment-18335\" class=\"wp-caption-text\"><a href=\"https:\/\/www.spa-grillon.fr\/?page_id=18334\">VAIANA, berger belge malinois, n\u00e9e en 02\/2025<\/a><\/p><\/div>\n<div id=\"attachment_18269\" style=\"width: 267px\" class=\"wp-caption alignleft\"><a href=\"https:\/\/www.spa-grillon.fr\/?page_id=18268\"><img aria-describedby=\"caption-attachment-18269\" decoding=\"async\" loading=\"lazy\" class=\"wp-image-18269 \" src=\"https:\/\/www.spa-grillon.fr\/wp-content\/uploads\/2026\/01\/Jouna-1-e1769451279457-300x300.jpg\" alt=\"\" width=\"257\" height=\"257\" srcset=\"https:\/\/www.spa-grillon.fr\/wp-content\/uploads\/2026\/01\/Jouna-1-e1769451279457-300x300.jpg 300w, https:\/\/www.spa-grillon.fr\/wp-content\/uploads\/2026\/01\/Jouna-1-e1769451279457-1024x1024.jpg 1024w, https:\/\/www.spa-grillon.fr\/wp-content\/uploads\/2026\/01\/Jouna-1-e1769451279457-150x150.jpg 150w, https:\/\/www.spa-grillon.fr\/wp-content\/uploads\/2026\/01\/Jouna-1-e1769451279457-768x768.jpg 768w, https:\/\/www.spa-grillon.fr\/wp-content\/uploads\/2026\/01\/Jouna-1-e1769451279457.jpg 1351w\" sizes=\"(max-width: 257px) 100vw, 257px\" \/><\/a><p id=\"caption-attachment-18269\" class=\"wp-caption-text\"><a href=\"https:\/\/www.spa-grillon.fr\/?page_id=18268\">JOUNA, race commune, n\u00e9e en 01\/2025<\/a><\/p><\/div>\n<div id=\"attachment_18316\" style=\"width: 267px\" class=\"wp-caption alignleft\"><a href=\"https:\/\/www.spa-grillon.fr\/?page_id=17942\"><img aria-describedby=\"caption-attachment-18316\" decoding=\"async\" loading=\"lazy\" class=\"wp-image-18316 \" src=\"https:\/\/www.spa-grillon.fr\/wp-content\/uploads\/2026\/02\/Vera-5-300x300.jpg\" alt=\"\" width=\"257\" height=\"257\" srcset=\"https:\/\/www.spa-grillon.fr\/wp-content\/uploads\/2026\/02\/Vera-5-300x300.jpg 300w, https:\/\/www.spa-grillon.fr\/wp-content\/uploads\/2026\/02\/Vera-5-1024x1024.jpg 1024w, https:\/\/www.spa-grillon.fr\/wp-content\/uploads\/2026\/02\/Vera-5-150x150.jpg 150w, https:\/\/www.spa-grillon.fr\/wp-content\/uploads\/2026\/02\/Vera-5-768x767.jpg 768w, https:\/\/www.spa-grillon.fr\/wp-content\/uploads\/2026\/02\/Vera-5.jpg 1521w\" sizes=\"(max-width: 257px) 100vw, 257px\" \/><\/a><p id=\"caption-attachment-18316\" class=\"wp-caption-text\"><a href=\"https:\/\/www.spa-grillon.fr\/?page_id=17942\">VERA, crois\u00e9e braque \u00e9pagneul, n\u00e9e en 2024<\/a><\/p><\/div>\n<div id=\"attachment_17382\" style=\"width: 267px\" class=\"wp-caption alignleft\"><a href=\"https:\/\/www.spa-grillon.fr\/?page_id=17383\"><img aria-describedby=\"caption-attachment-17382\" decoding=\"async\" loading=\"lazy\" class=\" wp-image-17382\" src=\"https:\/\/www.spa-grillon.fr\/wp-content\/uploads\/2025\/07\/20250716_102731_002_saved-edited-1-300x300.jpg\" alt=\"\" width=\"257\" height=\"257\" srcset=\"https:\/\/www.spa-grillon.fr\/wp-content\/uploads\/2025\/07\/20250716_102731_002_saved-edited-1-300x300.jpg 300w, https:\/\/www.spa-grillon.fr\/wp-content\/uploads\/2025\/07\/20250716_102731_002_saved-edited-1-150x150.jpg 150w, https:\/\/www.spa-grillon.fr\/wp-content\/uploads\/2025\/07\/20250716_102731_002_saved-edited-1.jpg 750w\" sizes=\"(max-width: 257px) 100vw, 257px\" \/><\/a><p id=\"caption-attachment-17382\" class=\"wp-caption-text\"><a href=\"https:\/\/www.spa-grillon.fr\/?page_id=17383\">USHKA, X bruno du Jura, n\u00e9e en 2023<\/a><\/p><\/div>\n<div id=\"attachment_17357\" style=\"width: 267px\" class=\"wp-caption alignleft\"><a href=\"https:\/\/www.spa-grillon.fr\/?page_id=17356\"><img aria-describedby=\"caption-attachment-17357\" decoding=\"async\" loading=\"lazy\" class=\" wp-image-17357\" src=\"https:\/\/www.spa-grillon.fr\/wp-content\/uploads\/2025\/07\/Laya-10-e1752594393584-300x300.jpg\" alt=\"\" width=\"257\" height=\"257\" srcset=\"https:\/\/www.spa-grillon.fr\/wp-content\/uploads\/2025\/07\/Laya-10-e1752594393584-300x300.jpg 300w, https:\/\/www.spa-grillon.fr\/wp-content\/uploads\/2025\/07\/Laya-10-e1752594393584-1024x1024.jpg 1024w, https:\/\/www.spa-grillon.fr\/wp-content\/uploads\/2025\/07\/Laya-10-e1752594393584-150x150.jpg 150w, https:\/\/www.spa-grillon.fr\/wp-content\/uploads\/2025\/07\/Laya-10-e1752594393584-768x768.jpg 768w, https:\/\/www.spa-grillon.fr\/wp-content\/uploads\/2025\/07\/Laya-10-e1752594393584.jpg 1179w\" sizes=\"(max-width: 257px) 100vw, 257px\" \/><\/a><p id=\"caption-attachment-17357\" class=\"wp-caption-text\"><a href=\"https:\/\/www.spa-grillon.fr\/?page_id=17356\">LAYA, crois\u00e9e sharpei, n\u00e9e en 08\/2021<\/a><\/p><\/div>\n<div id=\"attachment_16594\" style=\"width: 267px\" class=\"wp-caption alignleft\"><a href=\"https:\/\/www.spa-grillon.fr\/?page_id=16593\"><img aria-describedby=\"caption-attachment-16594\" decoding=\"async\" loading=\"lazy\" class=\" wp-image-16594\" src=\"https:\/\/www.spa-grillon.fr\/wp-content\/uploads\/2025\/01\/Laika-4-300x300.jpg\" alt=\"\" width=\"257\" height=\"257\" srcset=\"https:\/\/www.spa-grillon.fr\/wp-content\/uploads\/2025\/01\/Laika-4-300x300.jpg 300w, https:\/\/www.spa-grillon.fr\/wp-content\/uploads\/2025\/01\/Laika-4-150x150.jpg 150w, https:\/\/www.spa-grillon.fr\/wp-content\/uploads\/2025\/01\/Laika-4-768x768.jpg 768w, https:\/\/www.spa-grillon.fr\/wp-content\/uploads\/2025\/01\/Laika-4.jpg 872w\" sizes=\"(max-width: 257px) 100vw, 257px\" \/><\/a><p id=\"caption-attachment-16594\" class=\"wp-caption-text\"><a href=\"https:\/\/www.spa-grillon.fr\/?page_id=16593\">LAIKA, race commune, n\u00e9e en 11\/2019<\/a><\/p><\/div>\n<div id=\"attachment_12859\" style=\"width: 267px\" class=\"wp-caption alignleft\"><a href=\"https:\/\/www.spa-grillon.fr\/?page_id=12810\"><img aria-describedby=\"caption-attachment-12859\" decoding=\"async\" loading=\"lazy\" class=\" wp-image-12859\" src=\"https:\/\/www.spa-grillon.fr\/wp-content\/uploads\/2022\/11\/Belle-11-e1703070796498-300x300.jpg\" alt=\"BELLE, crois\u00e9 labrador, n\u00e9e en 06\/2015\" width=\"257\" height=\"257\" srcset=\"https:\/\/www.spa-grillon.fr\/wp-content\/uploads\/2022\/11\/Belle-11-e1703070796498-300x300.jpg 300w, https:\/\/www.spa-grillon.fr\/wp-content\/uploads\/2022\/11\/Belle-11-e1703070796498-150x150.jpg 150w, https:\/\/www.spa-grillon.fr\/wp-content\/uploads\/2022\/11\/Belle-11-e1703070796498-768x768.jpg 768w, https:\/\/www.spa-grillon.fr\/wp-content\/uploads\/2022\/11\/Belle-11-e1703070796498-1024x1024.jpg 1024w, https:\/\/www.spa-grillon.fr\/wp-content\/uploads\/2022\/11\/Belle-11-e1703070796498.jpg 1051w\" sizes=\"(max-width: 257px) 100vw, 257px\" \/><\/a><p id=\"caption-attachment-12859\" class=\"wp-caption-text\"><a href=\"https:\/\/www.spa-grillon.fr\/?page_id=12810\">BELLE, crois\u00e9 labrador, n\u00e9e en 06\/2015<\/a><\/p><\/div>\n<div id=\"attachment_13608\" style=\"width: 267px\" class=\"wp-caption alignleft\"><a href=\"http:\/\/www.spa-grillon.fr\/?page_id=13596\"><img aria-describedby=\"caption-attachment-13608\" decoding=\"async\" loading=\"lazy\" class=\"wp-image-13608\" src=\"http:\/\/www.spa-grillon.fr\/wp-content\/uploads\/2023\/07\/Poxi-5-e1688413858190-300x300.jpg\" alt=\"POXI, X malinois, n\u00e9e en 12\/2019\" width=\"257\" height=\"257\" \/><\/a><p id=\"caption-attachment-13608\" class=\"wp-caption-text\"><a href=\"http:\/\/www.spa-grillon.fr\/?page_id=13596\">POXI, X malinois, n\u00e9e en 12\/2019<\/a><\/p><\/div>\n","protected":false},"excerpt":{"rendered":"<p>Pour conna\u00eetre les caract\u00e9ristiques de chaque chienne, cliquer sur la photo.<\/p>\n","protected":false},"author":2,"featured_media":382,"parent":213,"menu_order":0,"comment_status":"closed","ping_status":"closed","template":"","meta":[],"_links":{"self":[{"href":"https:\/\/www.spa-grillon.fr\/index.php?rest_route=\/wp\/v2\/pages\/329"}],"collection":[{"href":"https:\/\/www.spa-grillon.fr\/index.php?rest_route=\/wp\/v2\/pages"}],"about":[{"href":"https:\/\/www.spa-grillon.fr\/index.php?rest_route=\/wp\/v2\/types\/page"}],"author":[{"embeddable":true,"href":"https:\/\/www.spa-grillon.fr\/index.php?rest_route=\/wp\/v2\/users\/2"}],"replies":[{"embeddable":true,"href":"https:\/\/www.spa-grillon.fr\/index.php?rest_route=%2Fwp%2Fv2%2Fcomments&post=329"}],"version-history":[{"count":368,"href":"https:\/\/www.spa-grillon.fr\/index.php?rest_route=\/wp\/v2\/pages\/329\/revisions"}],"predecessor-version":[{"id":18540,"href":"https:\/\/www.spa-grillon.fr\/index.php?rest_route=\/wp\/v2\/pages\/329\/revisions\/18540"}],"up":[{"embeddable":true,"href":"https:\/\/www.spa-grillon.fr\/index.php?rest_route=\/wp\/v2\/pages\/213"}],"wp:featuredmedia":[{"embeddable":true,"href":"https:\/\/www.spa-grillon.fr\/index.php?rest_route=\/wp\/v2\/media\/382"}],"wp:attachment":[{"href":"https:\/\/www.spa-grillon.fr\/index.php?rest_route=%2Fwp%2Fv2%2Fmedia&parent=329"}],"curies":[{"name":"wp","href":"https:\/\/api.w.org\/{rel}","templated":true}]}}