{"id":3359,"date":"2015-12-29T16:34:07","date_gmt":"2015-12-29T15:34:07","guid":{"rendered":"http:\/\/www.spa-grillon.fr\/?page_id=3359"},"modified":"2018-08-18T13:39:38","modified_gmt":"2018-08-18T12:39:38","slug":"gaspard-2","status":"publish","type":"page","link":"https:\/\/www.spa-grillon.fr\/?page_id=3359","title":{"rendered":"GASPARD"},"content":{"rendered":"<p><strong><img decoding=\"async\" loading=\"lazy\" class=\"alignleft size-medium wp-image-3361\" src=\"http:\/\/www.spa-grillon.fr\/wp-content\/uploads\/2015\/12\/Gaspard-300x300.jpg\" alt=\"Gaspard\" width=\"300\" height=\"300\" \/><\/strong><\/p>\n<p>&nbsp;<\/p>\n<p><strong>Sexe <\/strong>: m\u00e2le<\/p>\n<p><strong>Race <\/strong>: porcelaine<\/p>\n<p><strong>Age <\/strong>: n\u00e9 en 2011<\/p>\n<p><strong>Taille <\/strong>: grande<\/p>\n<p>&nbsp;<\/p>\n<p>&nbsp;<\/p>\n<p style=\"text-align: justify;\"><strong>Caract\u00e9ristiques <\/strong>: Gaspard est un grand chien simple et gentil. Tr\u00e8s enthousiaste en balade, il est relativement calme et ne tire pas trop sur sa laisse, m\u00eame pour d\u00e9gourdir ses grandes pattes. Il est tr\u00e8s c\u00e2lin et affectueux, un peu collant, m\u00eame. Ce n&rsquo;est pas un grand randonneur et il se contentera d&rsquo;un petit tour. Il s\u2019entend bien avec les autres chiens (m\u00eame si des pr\u00e9sentations en r\u00e8gle et sont toujours indispensables entre chiens) et les chats ne semblent pas l&rsquo;int\u00e9resser outre mesure. La vie au grand air dans un petit jardin o\u00f9 prendre le soleil, il en r\u00eave ! A noter : Gaspard souffre de polypes intestinaux, sans cons\u00e9quence grave sur sa sant\u00e9.<\/p>\n","protected":false},"excerpt":{"rendered":"<p>&nbsp; Sexe : m\u00e2le Race : porcelaine Age : n\u00e9 en 2011 Taille : grande &nbsp; &nbsp; Caract\u00e9ristiques : Gaspard est un grand chien simple et gentil. Tr\u00e8s enthousiaste en balade, il est relativement calme et ne tire pas trop &hellip; <a href=\"https:\/\/www.spa-grillon.fr\/?page_id=3359\">Continuer la lecture <span class=\"meta-nav\">&rarr;<\/span><\/a><\/p>\n","protected":false},"author":2,"featured_media":0,"parent":0,"menu_order":0,"comment_status":"closed","ping_status":"closed","template":"","meta":[],"_links":{"self":[{"href":"https:\/\/www.spa-grillon.fr\/index.php?rest_route=\/wp\/v2\/pages\/3359"}],"collection":[{"href":"https:\/\/www.spa-grillon.fr\/index.php?rest_route=\/wp\/v2\/pages"}],"about":[{"href":"https:\/\/www.spa-grillon.fr\/index.php?rest_route=\/wp\/v2\/types\/page"}],"author":[{"embeddable":true,"href":"https:\/\/www.spa-grillon.fr\/index.php?rest_route=\/wp\/v2\/users\/2"}],"replies":[{"embeddable":true,"href":"https:\/\/www.spa-grillon.fr\/index.php?rest_route=%2Fwp%2Fv2%2Fcomments&post=3359"}],"version-history":[{"count":7,"href":"https:\/\/www.spa-grillon.fr\/index.php?rest_route=\/wp\/v2\/pages\/3359\/revisions"}],"predecessor-version":[{"id":6100,"href":"https:\/\/www.spa-grillon.fr\/index.php?rest_route=\/wp\/v2\/pages\/3359\/revisions\/6100"}],"wp:attachment":[{"href":"https:\/\/www.spa-grillon.fr\/index.php?rest_route=%2Fwp%2Fv2%2Fmedia&parent=3359"}],"curies":[{"name":"wp","href":"https:\/\/api.w.org\/{rel}","templated":true}]}}