{"id":3488,"date":"2016-02-27T20:55:53","date_gmt":"2016-02-27T19:55:53","guid":{"rendered":"http:\/\/www.spa-grillon.fr\/?page_id=3488"},"modified":"2022-03-28T15:02:59","modified_gmt":"2022-03-28T14:02:59","slug":"levin","status":"publish","type":"page","link":"https:\/\/www.spa-grillon.fr\/?page_id=3488","title":{"rendered":"LEVIN"},"content":{"rendered":"<p style=\"text-align: justify;\"><img decoding=\"async\" loading=\"lazy\" class=\"alignleft size-medium wp-image-3489\" src=\"http:\/\/www.spa-grillon.fr\/wp-content\/uploads\/2016\/02\/levin-300x300.jpg\" alt=\"levin\" width=\"300\" height=\"300\" srcset=\"https:\/\/www.spa-grillon.fr\/wp-content\/uploads\/2016\/02\/levin-300x300.jpg 300w, https:\/\/www.spa-grillon.fr\/wp-content\/uploads\/2016\/02\/levin-150x150.jpg 150w, https:\/\/www.spa-grillon.fr\/wp-content\/uploads\/2016\/02\/levin-768x768.jpg 768w, https:\/\/www.spa-grillon.fr\/wp-content\/uploads\/2016\/02\/levin-1024x1024.jpg 1024w\" sizes=\"(max-width: 300px) 100vw, 300px\" \/>Encore un matou placide et tr\u00e8s gentil, affectueux, proche de l\u2019homme. Arriv\u00e9 tout jeune au refuge, il a l\u2019habitude de c\u00f4toyer les autres chats et ne se montre jamais agressif. Il fuit les conflits. Ce n&rsquo;est pas un infatigable boute-en-train et ses jeux \u00e9gaieront votre foyer avec discr\u00e9tion : s&rsquo;il est calme, il appr\u00e9cie toutefois les plumeaux, les balles et les souris. Mais ce qu&rsquo;il aime par dessus tout, ce sont les c\u00e2lins, les caresses et les attentions. Avis aux genoux confortables ! Avec le temps, Levin s&rsquo;est attrist\u00e9 au refuge : il se montre fuyant parfois alors qu&rsquo;une fois dans une pi\u00e8ce avec quelqu&rsquo;un, il n&rsquo;y a pas plus c\u00e2lin que lui. Il se r\u00e9v\u00e9lera quand il se sentira chez lui. Il a \u00e9t\u00e9 mis en famille d&rsquo;accueil le temps d&rsquo;\u00eatre soign\u00e9 pour ses dents et il s&rsquo;est montr\u00e9 extr\u00eamement affectueux. Un doux matou fl\u00e9tri qui n&rsquo;attend qu&rsquo;un peu de bonheur pour s&rsquo;\u00e9panouir \u00e0 nouveau. Il n&rsquo;a maintenant plus de dents : il aura donc besoin de nourriture humide et de toutes petites croquettes. Son coryza chronique le fragilise un peu mais il se manifeste par les yeux qui coulent et quelques \u00e9ternuements : ce n&rsquo;est pas une forme grave.<\/p>\n<p style=\"text-align: justify;\">Levin est un chat hypersensible qui vous demandera un peu de pers\u00e9v\u00e9rance et de patience pour lui laisser prendre ses marques. Il en vaut la peine !<\/p>\n","protected":false},"excerpt":{"rendered":"<p>Encore un matou placide et tr\u00e8s gentil, affectueux, proche de l\u2019homme. Arriv\u00e9 tout jeune au refuge, il a l\u2019habitude de c\u00f4toyer les autres chats et ne se montre jamais agressif. Il fuit les conflits. Ce n&rsquo;est pas un infatigable boute-en-train &hellip; <a href=\"https:\/\/www.spa-grillon.fr\/?page_id=3488\">Continuer la lecture <span class=\"meta-nav\">&rarr;<\/span><\/a><\/p>\n","protected":false},"author":2,"featured_media":0,"parent":0,"menu_order":0,"comment_status":"closed","ping_status":"closed","template":"","meta":[],"_links":{"self":[{"href":"https:\/\/www.spa-grillon.fr\/index.php?rest_route=\/wp\/v2\/pages\/3488"}],"collection":[{"href":"https:\/\/www.spa-grillon.fr\/index.php?rest_route=\/wp\/v2\/pages"}],"about":[{"href":"https:\/\/www.spa-grillon.fr\/index.php?rest_route=\/wp\/v2\/types\/page"}],"author":[{"embeddable":true,"href":"https:\/\/www.spa-grillon.fr\/index.php?rest_route=\/wp\/v2\/users\/2"}],"replies":[{"embeddable":true,"href":"https:\/\/www.spa-grillon.fr\/index.php?rest_route=%2Fwp%2Fv2%2Fcomments&post=3488"}],"version-history":[{"count":11,"href":"https:\/\/www.spa-grillon.fr\/index.php?rest_route=\/wp\/v2\/pages\/3488\/revisions"}],"predecessor-version":[{"id":11919,"href":"https:\/\/www.spa-grillon.fr\/index.php?rest_route=\/wp\/v2\/pages\/3488\/revisions\/11919"}],"wp:attachment":[{"href":"https:\/\/www.spa-grillon.fr\/index.php?rest_route=%2Fwp%2Fv2%2Fmedia&parent=3488"}],"curies":[{"name":"wp","href":"https:\/\/api.w.org\/{rel}","templated":true}]}}