{"id":4250,"date":"2017-04-27T09:45:36","date_gmt":"2017-04-27T08:45:36","guid":{"rendered":"http:\/\/www.spa-grillon.fr\/?page_id=4250"},"modified":"2018-07-19T17:47:20","modified_gmt":"2018-07-19T16:47:20","slug":"mickey","status":"publish","type":"page","link":"https:\/\/www.spa-grillon.fr\/?page_id=4250","title":{"rendered":"MICKEY"},"content":{"rendered":"<p style=\"text-align: justify;\"><img decoding=\"async\" loading=\"lazy\" class=\"alignleft wp-image-4248 \" src=\"http:\/\/www.spa-grillon.fr\/wp-content\/uploads\/2015\/07\/Mickey-2-300x300.jpg\" alt=\"Mickey (2)\" width=\"304\" height=\"304\" srcset=\"https:\/\/www.spa-grillon.fr\/wp-content\/uploads\/2015\/07\/Mickey-2-300x300.jpg 300w, https:\/\/www.spa-grillon.fr\/wp-content\/uploads\/2015\/07\/Mickey-2-150x150.jpg 150w, https:\/\/www.spa-grillon.fr\/wp-content\/uploads\/2015\/07\/Mickey-2-768x768.jpg 768w, https:\/\/www.spa-grillon.fr\/wp-content\/uploads\/2015\/07\/Mickey-2-1024x1024.jpg 1024w\" sizes=\"(max-width: 304px) 100vw, 304px\" \/>Mickey est une jeune minette n\u00e9e en ao\u00fbt 2016. Elle est toute craintive mais elle sait reprendre confiance quand elle voit que les mains qui s&rsquo;approchent d&rsquo;elle ne font que la caresser. Elle sera sans doute bien plus facile \u00e0 apaiser une fois en int\u00e9rieur. Elle a besoin d&rsquo;\u00eatre rassur\u00e9e et demandera une famille calme, au moins au d\u00e9but. La promiscuit\u00e9 avec les autres chats la stresse encore parfois quand elle a affaire \u00e0 des loustics trop surs d&rsquo;eux. Elle a longtemps v\u00e9cu en int\u00e9rieur et pourra se faire probablement \u00e0 la vie en appartement avec balcon, m\u00eame si l&rsquo;acc\u00e8s progressif \u00e0 un jardin est plus souhaitable pour des chats. C&rsquo;est un amour de minette pour qui saura montrer la patience n\u00e9cessaire pour apaiser ses derni\u00e8res craintes.<\/p>\n<p style=\"text-align: justify;\"><img decoding=\"async\" loading=\"lazy\" class=\"wp-image-5953 aligncenter\" src=\"http:\/\/www.spa-grillon.fr\/wp-content\/uploads\/2017\/04\/Mickey-1024x1024.jpg\" alt=\"Mickey\" width=\"561\" height=\"561\" srcset=\"https:\/\/www.spa-grillon.fr\/wp-content\/uploads\/2017\/04\/Mickey-1024x1024.jpg 1024w, https:\/\/www.spa-grillon.fr\/wp-content\/uploads\/2017\/04\/Mickey-150x150.jpg 150w, https:\/\/www.spa-grillon.fr\/wp-content\/uploads\/2017\/04\/Mickey-300x300.jpg 300w, https:\/\/www.spa-grillon.fr\/wp-content\/uploads\/2017\/04\/Mickey-768x768.jpg 768w\" sizes=\"(max-width: 561px) 100vw, 561px\" \/><\/p>\n<p style=\"text-align: justify;\"><img decoding=\"async\" loading=\"lazy\" class=\"wp-image-6000 aligncenter\" src=\"http:\/\/www.spa-grillon.fr\/wp-content\/uploads\/2017\/04\/Mikey-1024x1024.jpg\" alt=\"Mikey'\" width=\"559\" height=\"559\" srcset=\"https:\/\/www.spa-grillon.fr\/wp-content\/uploads\/2017\/04\/Mikey-1024x1024.jpg 1024w, https:\/\/www.spa-grillon.fr\/wp-content\/uploads\/2017\/04\/Mikey-150x150.jpg 150w, https:\/\/www.spa-grillon.fr\/wp-content\/uploads\/2017\/04\/Mikey-300x300.jpg 300w, https:\/\/www.spa-grillon.fr\/wp-content\/uploads\/2017\/04\/Mikey-768x768.jpg 768w\" sizes=\"(max-width: 559px) 100vw, 559px\" \/><\/p>\n","protected":false},"excerpt":{"rendered":"<p>Mickey est une jeune minette n\u00e9e en ao\u00fbt 2016. Elle est toute craintive mais elle sait reprendre confiance quand elle voit que les mains qui s&rsquo;approchent d&rsquo;elle ne font que la caresser. Elle sera sans doute bien plus facile \u00e0 &hellip; <a href=\"https:\/\/www.spa-grillon.fr\/?page_id=4250\">Continuer la lecture <span class=\"meta-nav\">&rarr;<\/span><\/a><\/p>\n","protected":false},"author":2,"featured_media":0,"parent":0,"menu_order":0,"comment_status":"closed","ping_status":"closed","template":"","meta":[],"_links":{"self":[{"href":"https:\/\/www.spa-grillon.fr\/index.php?rest_route=\/wp\/v2\/pages\/4250"}],"collection":[{"href":"https:\/\/www.spa-grillon.fr\/index.php?rest_route=\/wp\/v2\/pages"}],"about":[{"href":"https:\/\/www.spa-grillon.fr\/index.php?rest_route=\/wp\/v2\/types\/page"}],"author":[{"embeddable":true,"href":"https:\/\/www.spa-grillon.fr\/index.php?rest_route=\/wp\/v2\/users\/2"}],"replies":[{"embeddable":true,"href":"https:\/\/www.spa-grillon.fr\/index.php?rest_route=%2Fwp%2Fv2%2Fcomments&post=4250"}],"version-history":[{"count":6,"href":"https:\/\/www.spa-grillon.fr\/index.php?rest_route=\/wp\/v2\/pages\/4250\/revisions"}],"predecessor-version":[{"id":6001,"href":"https:\/\/www.spa-grillon.fr\/index.php?rest_route=\/wp\/v2\/pages\/4250\/revisions\/6001"}],"wp:attachment":[{"href":"https:\/\/www.spa-grillon.fr\/index.php?rest_route=%2Fwp%2Fv2%2Fmedia&parent=4250"}],"curies":[{"name":"wp","href":"https:\/\/api.w.org\/{rel}","templated":true}]}}