{"id":4271,"date":"2017-04-27T10:47:29","date_gmt":"2017-04-27T09:47:29","guid":{"rendered":"http:\/\/www.spa-grillon.fr\/?page_id=4271"},"modified":"2024-10-24T09:28:11","modified_gmt":"2024-10-24T08:28:11","slug":"loco","status":"publish","type":"page","link":"https:\/\/www.spa-grillon.fr\/?page_id=4271","title":{"rendered":"LOCO"},"content":{"rendered":"<p style=\"text-align: justify;\"><img decoding=\"async\" loading=\"lazy\" class=\"alignleft size-medium wp-image-4272\" src=\"http:\/\/www.spa-grillon.fr\/wp-content\/uploads\/2017\/04\/Loco-300x300.jpg\" alt=\"Loco\" width=\"300\" height=\"300\" srcset=\"https:\/\/www.spa-grillon.fr\/wp-content\/uploads\/2017\/04\/Loco-300x300.jpg 300w, https:\/\/www.spa-grillon.fr\/wp-content\/uploads\/2017\/04\/Loco-150x150.jpg 150w, https:\/\/www.spa-grillon.fr\/wp-content\/uploads\/2017\/04\/Loco-768x768.jpg 768w, https:\/\/www.spa-grillon.fr\/wp-content\/uploads\/2017\/04\/Loco-1024x1024.jpg 1024w, https:\/\/www.spa-grillon.fr\/wp-content\/uploads\/2017\/04\/Loco.jpg 1500w\" sizes=\"(max-width: 300px) 100vw, 300px\" \/>Loco est arriv\u00e9 tout b\u00e9b\u00e9 au refuge. Il a donc l&rsquo;habitude de fr\u00e9quenter les autres chats et n&rsquo;appr\u00e9cie pas la bagarre : il est au contraire sociable avec ses cong\u00e9n\u00e8res sauf si on le cherche ! Il est c\u00e2lin, fait des bisous s&rsquo;il est bien lun\u00e9 mais ne se laisse pas porter. S&rsquo;il se montrait parfois intimid\u00e9 par la pr\u00e9sence de\u00a0 copains plus d\u00e9lur\u00e9s que lui avant, il a pris de l&rsquo;assurance et ne se laisse plus ennuyer. Il a su se faire \u00e0 l&rsquo;homme et se montre affectueux \u00e0 ses heures mais il reste d\u00e9licat \u00e0 approcher par les inconnus. En voiture, il est un peu stress\u00e9, de m\u00eame que chez le v\u00e9t\u00e9rinaire (quel chat ne l&rsquo;est pas?) mais il n&rsquo;est pas agressif. Il lui faudra un ma\u00eetre patient au d\u00e9but, connaissant les chats, qui saura lui laisser le temps qu&rsquo;il lui faudra. C&rsquo;est un gentil matou qui appr\u00e9ciera le calme d&rsquo;un foyer tranquille, avec un ext\u00e9rieur imp\u00e9ratif.<\/p>\n<p style=\"text-align: justify;\"><img decoding=\"async\" loading=\"lazy\" class=\"wp-image-9248 aligncenter\" src=\"http:\/\/www.spa-grillon.fr\/wp-content\/uploads\/2017\/04\/Loco-2.jpg\" alt=\"Loco\" width=\"539\" height=\"404\" srcset=\"https:\/\/www.spa-grillon.fr\/wp-content\/uploads\/2017\/04\/Loco-2.jpg 960w, https:\/\/www.spa-grillon.fr\/wp-content\/uploads\/2017\/04\/Loco-2-300x225.jpg 300w, https:\/\/www.spa-grillon.fr\/wp-content\/uploads\/2017\/04\/Loco-2-768x576.jpg 768w\" sizes=\"(max-width: 539px) 100vw, 539px\" \/><\/p>\n<p style=\"text-align: justify;\"><img decoding=\"async\" loading=\"lazy\" class=\"wp-image-5933 aligncenter\" src=\"http:\/\/www.spa-grillon.fr\/wp-content\/uploads\/2017\/04\/Loco-1.jpg\" alt=\"Loco\" width=\"560\" height=\"560\" srcset=\"https:\/\/www.spa-grillon.fr\/wp-content\/uploads\/2017\/04\/Loco-1.jpg 996w, https:\/\/www.spa-grillon.fr\/wp-content\/uploads\/2017\/04\/Loco-1-150x150.jpg 150w, https:\/\/www.spa-grillon.fr\/wp-content\/uploads\/2017\/04\/Loco-1-300x300.jpg 300w, https:\/\/www.spa-grillon.fr\/wp-content\/uploads\/2017\/04\/Loco-1-768x768.jpg 768w\" sizes=\"(max-width: 560px) 100vw, 560px\" \/><\/p>\n<div id=\"attachment_5970\" style=\"width: 571px\" class=\"wp-caption aligncenter\"><img aria-describedby=\"caption-attachment-5970\" decoding=\"async\" loading=\"lazy\" class=\"wp-image-5970\" src=\"http:\/\/www.spa-grillon.fr\/wp-content\/uploads\/2017\/04\/IMG_2809-1-1024x768.jpg\" alt=\"IMG_2809\" width=\"561\" height=\"421\" srcset=\"https:\/\/www.spa-grillon.fr\/wp-content\/uploads\/2017\/04\/IMG_2809-1-1024x768.jpg 1024w, https:\/\/www.spa-grillon.fr\/wp-content\/uploads\/2017\/04\/IMG_2809-1-300x225.jpg 300w, https:\/\/www.spa-grillon.fr\/wp-content\/uploads\/2017\/04\/IMG_2809-1-768x576.jpg 768w\" sizes=\"(max-width: 561px) 100vw, 561px\" \/><p id=\"caption-attachment-5970\" class=\"wp-caption-text\">Avec son grand copain Moka<\/p><\/div>\n","protected":false},"excerpt":{"rendered":"<p>Loco est arriv\u00e9 tout b\u00e9b\u00e9 au refuge. Il a donc l&rsquo;habitude de fr\u00e9quenter les autres chats et n&rsquo;appr\u00e9cie pas la bagarre : il est au contraire sociable avec ses cong\u00e9n\u00e8res sauf si on le cherche ! Il est c\u00e2lin, fait &hellip; <a href=\"https:\/\/www.spa-grillon.fr\/?page_id=4271\">Continuer la lecture <span class=\"meta-nav\">&rarr;<\/span><\/a><\/p>\n","protected":false},"author":2,"featured_media":0,"parent":0,"menu_order":0,"comment_status":"closed","ping_status":"closed","template":"","meta":[],"_links":{"self":[{"href":"https:\/\/www.spa-grillon.fr\/index.php?rest_route=\/wp\/v2\/pages\/4271"}],"collection":[{"href":"https:\/\/www.spa-grillon.fr\/index.php?rest_route=\/wp\/v2\/pages"}],"about":[{"href":"https:\/\/www.spa-grillon.fr\/index.php?rest_route=\/wp\/v2\/types\/page"}],"author":[{"embeddable":true,"href":"https:\/\/www.spa-grillon.fr\/index.php?rest_route=\/wp\/v2\/users\/2"}],"replies":[{"embeddable":true,"href":"https:\/\/www.spa-grillon.fr\/index.php?rest_route=%2Fwp%2Fv2%2Fcomments&post=4271"}],"version-history":[{"count":7,"href":"https:\/\/www.spa-grillon.fr\/index.php?rest_route=\/wp\/v2\/pages\/4271\/revisions"}],"predecessor-version":[{"id":16263,"href":"https:\/\/www.spa-grillon.fr\/index.php?rest_route=\/wp\/v2\/pages\/4271\/revisions\/16263"}],"wp:attachment":[{"href":"https:\/\/www.spa-grillon.fr\/index.php?rest_route=%2Fwp%2Fv2%2Fmedia&parent=4271"}],"curies":[{"name":"wp","href":"https:\/\/api.w.org\/{rel}","templated":true}]}}