{"id":4289,"date":"2017-04-27T12:40:29","date_gmt":"2017-04-27T11:40:29","guid":{"rendered":"http:\/\/www.spa-grillon.fr\/?page_id=4289"},"modified":"2018-02-11T11:59:36","modified_gmt":"2018-02-11T10:59:36","slug":"macha","status":"publish","type":"page","link":"https:\/\/www.spa-grillon.fr\/?page_id=4289","title":{"rendered":"MACHA"},"content":{"rendered":"<p style=\"text-align: justify;\"><img decoding=\"async\" loading=\"lazy\" class=\"alignleft size-medium wp-image-4293\" src=\"http:\/\/www.spa-grillon.fr\/wp-content\/uploads\/2017\/04\/Masha-3-300x300.jpg\" alt=\"Masha''\" width=\"300\" height=\"300\" srcset=\"https:\/\/www.spa-grillon.fr\/wp-content\/uploads\/2017\/04\/Masha-3-300x300.jpg 300w, https:\/\/www.spa-grillon.fr\/wp-content\/uploads\/2017\/04\/Masha-3-150x150.jpg 150w, https:\/\/www.spa-grillon.fr\/wp-content\/uploads\/2017\/04\/Masha-3-768x768.jpg 768w, https:\/\/www.spa-grillon.fr\/wp-content\/uploads\/2017\/04\/Masha-3-1024x1024.jpg 1024w, https:\/\/www.spa-grillon.fr\/wp-content\/uploads\/2017\/04\/Masha-3.jpg 1380w\" sizes=\"(max-width: 300px) 100vw, 300px\" \/>Voil\u00e0 un tout petit bout de minet qui gagne \u00e0 \u00eatre connu ! Cette jolie noiraude \u00e0 la queue en tire bouchon est si attachante ! Un amour sur pattes :\u00a0 elle est tr\u00e8s affectueuse au point que prendre des photos d&rsquo;elle se r\u00e9v\u00e8le compliqu\u00e9 car elle est toujours fourr\u00e9e dans vos jambes pour se faire c\u00e2liner. Si certains sont timides, Macha ne l&rsquo;est pas sans toutefois r\u00e9v\u00e9ler un caract\u00e8re effront\u00e9. Elle est tr\u00e8s sage, tr\u00e8s calme, cherche \u00e0 vous charmer avec ses cabrioles. Tout ce qu&rsquo;elle veut, c&rsquo;est de l&rsquo;attention, des caresses, des jeux. Elle ferait fondre les plus ind\u00e9crottables superstitieux !<\/p>\n<p>&nbsp;<\/p>\n<p><img decoding=\"async\" loading=\"lazy\" class=\"alignleft wp-image-5363 size-full\" src=\"http:\/\/www.spa-grillon.fr\/wp-content\/uploads\/2018\/02\/macha.jpg\" alt=\"macha'\" width=\"846\" height=\"894\" \/><\/p>\n<p><img decoding=\"async\" loading=\"lazy\" class=\"alignleft wp-image-4291 size-large\" src=\"http:\/\/www.spa-grillon.fr\/wp-content\/uploads\/2017\/04\/Masha-1-1024x1024.jpg\" alt=\"Masha\" width=\"640\" height=\"640\" \/><\/p>\n","protected":false},"excerpt":{"rendered":"<p>Voil\u00e0 un tout petit bout de minet qui gagne \u00e0 \u00eatre connu ! Cette jolie noiraude \u00e0 la queue en tire bouchon est si attachante ! Un amour sur pattes :\u00a0 elle est tr\u00e8s affectueuse au point que prendre des &hellip; <a href=\"https:\/\/www.spa-grillon.fr\/?page_id=4289\">Continuer la lecture <span class=\"meta-nav\">&rarr;<\/span><\/a><\/p>\n","protected":false},"author":2,"featured_media":0,"parent":0,"menu_order":0,"comment_status":"closed","ping_status":"closed","template":"","meta":[],"_links":{"self":[{"href":"https:\/\/www.spa-grillon.fr\/index.php?rest_route=\/wp\/v2\/pages\/4289"}],"collection":[{"href":"https:\/\/www.spa-grillon.fr\/index.php?rest_route=\/wp\/v2\/pages"}],"about":[{"href":"https:\/\/www.spa-grillon.fr\/index.php?rest_route=\/wp\/v2\/types\/page"}],"author":[{"embeddable":true,"href":"https:\/\/www.spa-grillon.fr\/index.php?rest_route=\/wp\/v2\/users\/2"}],"replies":[{"embeddable":true,"href":"https:\/\/www.spa-grillon.fr\/index.php?rest_route=%2Fwp%2Fv2%2Fcomments&post=4289"}],"version-history":[{"count":3,"href":"https:\/\/www.spa-grillon.fr\/index.php?rest_route=\/wp\/v2\/pages\/4289\/revisions"}],"predecessor-version":[{"id":5371,"href":"https:\/\/www.spa-grillon.fr\/index.php?rest_route=\/wp\/v2\/pages\/4289\/revisions\/5371"}],"wp:attachment":[{"href":"https:\/\/www.spa-grillon.fr\/index.php?rest_route=%2Fwp%2Fv2%2Fmedia&parent=4289"}],"curies":[{"name":"wp","href":"https:\/\/api.w.org\/{rel}","templated":true}]}}