{"id":4758,"date":"2017-08-26T16:35:22","date_gmt":"2017-08-26T15:35:22","guid":{"rendered":"http:\/\/www.spa-grillon.fr\/?page_id=4758"},"modified":"2018-07-19T17:00:28","modified_gmt":"2018-07-19T16:00:28","slug":"grisou","status":"publish","type":"page","link":"https:\/\/www.spa-grillon.fr\/?page_id=4758","title":{"rendered":"GRISOU"},"content":{"rendered":"<p style=\"text-align: justify;\"><img decoding=\"async\" loading=\"lazy\" class=\"alignleft size-medium wp-image-4759\" src=\"http:\/\/www.spa-grillon.fr\/wp-content\/uploads\/2017\/08\/Grisou-300x300.jpg\" alt=\"Grisou\" width=\"300\" height=\"300\" srcset=\"https:\/\/www.spa-grillon.fr\/wp-content\/uploads\/2017\/08\/Grisou-300x300.jpg 300w, https:\/\/www.spa-grillon.fr\/wp-content\/uploads\/2017\/08\/Grisou-150x150.jpg 150w, https:\/\/www.spa-grillon.fr\/wp-content\/uploads\/2017\/08\/Grisou-768x768.jpg 768w, https:\/\/www.spa-grillon.fr\/wp-content\/uploads\/2017\/08\/Grisou-1024x1024.jpg 1024w, https:\/\/www.spa-grillon.fr\/wp-content\/uploads\/2017\/08\/Grisou.jpg 1278w\" sizes=\"(max-width: 300px) 100vw, 300px\" \/>Voici Grisou. Il est n\u00e9 en 2015. Il est arriv\u00e9 au refuge d\u00e9charn\u00e9, terrifi\u00e9 et il est rest\u00e9 cach\u00e9 dans un placard pendant plus d&rsquo;un mois, effray\u00e9 par tout ce qui ressemblait \u00e0 une pr\u00e9sence humaine. Depuis, il s&rsquo;est refait une sant\u00e9 pour devenir un superbe chat au poil tout doux et il a retrouv\u00e9 sa s\u00e9r\u00e9nit\u00e9 au point de devenir un chat tr\u00e8s avenant. La preuve, il pose comme un professionnel ! S&rsquo;il peut avoir son petit caract\u00e8re (eh, c&rsquo;est un matou, oui ou non?) il est tr\u00e8s gentil, c\u00e2lin \u00e0 ses heures et gourmand. Sociable avec ses cong\u00e9n\u00e8res, il en recherche la compagnie. Adopt\u00e9 une premi\u00e8re fois, il a \u00e9t\u00e9 ramen\u00e9 car il ne restait pas suffisamment sur les genoux et parce qu&rsquo;il avait tendance \u00e0 envoyer la patte quand on insiste trop. On d\u00e9conseillera donc les jeunes enfants qui auraient tendance \u00e0 ne pas accepter le besoin d&rsquo;ind\u00e9pendance de ce beau matou.<\/p>\n<p style=\"text-align: justify;\"><img decoding=\"async\" loading=\"lazy\" class=\"wp-image-5967 aligncenter\" src=\"http:\/\/www.spa-grillon.fr\/wp-content\/uploads\/2017\/08\/Grisou-2-1024x1024.jpg\" alt=\"Grisou\" width=\"559\" height=\"559\" srcset=\"https:\/\/www.spa-grillon.fr\/wp-content\/uploads\/2017\/08\/Grisou-2-1024x1024.jpg 1024w, https:\/\/www.spa-grillon.fr\/wp-content\/uploads\/2017\/08\/Grisou-2-150x150.jpg 150w, https:\/\/www.spa-grillon.fr\/wp-content\/uploads\/2017\/08\/Grisou-2-300x300.jpg 300w, https:\/\/www.spa-grillon.fr\/wp-content\/uploads\/2017\/08\/Grisou-2-768x768.jpg 768w\" sizes=\"(max-width: 559px) 100vw, 559px\" \/><\/p>\n","protected":false},"excerpt":{"rendered":"<p>Voici Grisou. Il est n\u00e9 en 2015. Il est arriv\u00e9 au refuge d\u00e9charn\u00e9, terrifi\u00e9 et il est rest\u00e9 cach\u00e9 dans un placard pendant plus d&rsquo;un mois, effray\u00e9 par tout ce qui ressemblait \u00e0 une pr\u00e9sence humaine. Depuis, il s&rsquo;est refait &hellip; <a href=\"https:\/\/www.spa-grillon.fr\/?page_id=4758\">Continuer la lecture <span class=\"meta-nav\">&rarr;<\/span><\/a><\/p>\n","protected":false},"author":2,"featured_media":0,"parent":0,"menu_order":0,"comment_status":"closed","ping_status":"closed","template":"","meta":[],"_links":{"self":[{"href":"https:\/\/www.spa-grillon.fr\/index.php?rest_route=\/wp\/v2\/pages\/4758"}],"collection":[{"href":"https:\/\/www.spa-grillon.fr\/index.php?rest_route=\/wp\/v2\/pages"}],"about":[{"href":"https:\/\/www.spa-grillon.fr\/index.php?rest_route=\/wp\/v2\/types\/page"}],"author":[{"embeddable":true,"href":"https:\/\/www.spa-grillon.fr\/index.php?rest_route=\/wp\/v2\/users\/2"}],"replies":[{"embeddable":true,"href":"https:\/\/www.spa-grillon.fr\/index.php?rest_route=%2Fwp%2Fv2%2Fcomments&post=4758"}],"version-history":[{"count":7,"href":"https:\/\/www.spa-grillon.fr\/index.php?rest_route=\/wp\/v2\/pages\/4758\/revisions"}],"predecessor-version":[{"id":5968,"href":"https:\/\/www.spa-grillon.fr\/index.php?rest_route=\/wp\/v2\/pages\/4758\/revisions\/5968"}],"wp:attachment":[{"href":"https:\/\/www.spa-grillon.fr\/index.php?rest_route=%2Fwp%2Fv2%2Fmedia&parent=4758"}],"curies":[{"name":"wp","href":"https:\/\/api.w.org\/{rel}","templated":true}]}}