{"id":5044,"date":"2017-10-18T15:22:07","date_gmt":"2017-10-18T14:22:07","guid":{"rendered":"http:\/\/www.spa-grillon.fr\/?page_id=5044"},"modified":"2018-02-17T10:41:07","modified_gmt":"2018-02-17T09:41:07","slug":"miska","status":"publish","type":"page","link":"https:\/\/www.spa-grillon.fr\/?page_id=5044","title":{"rendered":"MISKA"},"content":{"rendered":"<p><strong><img decoding=\"async\" loading=\"lazy\" class=\"alignleft size-medium wp-image-5045\" src=\"http:\/\/www.spa-grillon.fr\/wp-content\/uploads\/2017\/10\/Mouchka-300x300.jpg\" alt=\"Mouchka\" width=\"300\" height=\"300\" srcset=\"https:\/\/www.spa-grillon.fr\/wp-content\/uploads\/2017\/10\/Mouchka-300x300.jpg 300w, https:\/\/www.spa-grillon.fr\/wp-content\/uploads\/2017\/10\/Mouchka-150x150.jpg 150w, https:\/\/www.spa-grillon.fr\/wp-content\/uploads\/2017\/10\/Mouchka-768x768.jpg 768w, https:\/\/www.spa-grillon.fr\/wp-content\/uploads\/2017\/10\/Mouchka-1024x1024.jpg 1024w, https:\/\/www.spa-grillon.fr\/wp-content\/uploads\/2017\/10\/Mouchka.jpg 1623w\" sizes=\"(max-width: 300px) 100vw, 300px\" \/><\/strong><\/p>\n<p>&nbsp;<\/p>\n<p><strong>Sexe<\/strong> : femelle<\/p>\n<p><strong>Race <\/strong>: commune<\/p>\n<p><strong>Age <\/strong>: n\u00e9e en 2016<\/p>\n<p><strong>Taille <\/strong>: moyenne<\/p>\n<p>&nbsp;<\/p>\n<p style=\"text-align: justify;\"><strong><br \/>\nCaract\u00e9ristiques <\/strong>: Cette jolie chienne bring\u00e9e, toute jeune encore, aime les balades sportives. Si elle a de l&rsquo;\u00e9nergie, elle ne tire pas trop sur sa laisse mais elle reste une chienne assez puissante. Il lui faudra une famille assez disponible pour lui procurer de l&rsquo;exercice r\u00e9guli\u00e8rement. Elle est tr\u00e8s gentille et affectueuse : c&rsquo;est une chienne de famille. Question ob\u00e9issance, elle sait s&rsquo;asseoir mais son \u00e9ducation sera \u00e0 compl\u00e9ter notamment avec le rappel qu&rsquo;elle ne poss\u00e8de pas encore. Elle semble sociable avec ses cong\u00e9n\u00e8res mais peut se montrer un peu dominante, sans exc\u00e8s toutefois. La miss n&rsquo;entend pas se laisser faire. Elle ne semble pas trop int\u00e9ress\u00e9e par les chats : il faudra faire un essai le cas \u00e9ch\u00e9ant.<\/p>\n<p style=\"text-align: justify;\"><img decoding=\"async\" loading=\"lazy\" class=\"alignleft wp-image-5383 size-large\" src=\"http:\/\/www.spa-grillon.fr\/wp-content\/uploads\/2017\/10\/Miska-1024x1024.jpg\" alt=\"Miska\" width=\"640\" height=\"640\" srcset=\"https:\/\/www.spa-grillon.fr\/wp-content\/uploads\/2017\/10\/Miska-1024x1024.jpg 1024w, https:\/\/www.spa-grillon.fr\/wp-content\/uploads\/2017\/10\/Miska-150x150.jpg 150w, https:\/\/www.spa-grillon.fr\/wp-content\/uploads\/2017\/10\/Miska-300x300.jpg 300w, https:\/\/www.spa-grillon.fr\/wp-content\/uploads\/2017\/10\/Miska-768x768.jpg 768w, https:\/\/www.spa-grillon.fr\/wp-content\/uploads\/2017\/10\/Miska.jpg 1941w\" sizes=\"(max-width: 640px) 100vw, 640px\" \/> <img decoding=\"async\" loading=\"lazy\" class=\"alignleft wp-image-5384 size-large\" src=\"http:\/\/www.spa-grillon.fr\/wp-content\/uploads\/2017\/10\/Miska-1-1024x1024.jpg\" alt=\"Miska'\" width=\"640\" height=\"640\" srcset=\"https:\/\/www.spa-grillon.fr\/wp-content\/uploads\/2017\/10\/Miska-1-1024x1024.jpg 1024w, https:\/\/www.spa-grillon.fr\/wp-content\/uploads\/2017\/10\/Miska-1-150x150.jpg 150w, https:\/\/www.spa-grillon.fr\/wp-content\/uploads\/2017\/10\/Miska-1-300x300.jpg 300w, https:\/\/www.spa-grillon.fr\/wp-content\/uploads\/2017\/10\/Miska-1-768x768.jpg 768w, https:\/\/www.spa-grillon.fr\/wp-content\/uploads\/2017\/10\/Miska-1.jpg 1866w\" sizes=\"(max-width: 640px) 100vw, 640px\" \/><img decoding=\"async\" loading=\"lazy\" class=\"alignleft wp-image-5050 size-large\" src=\"http:\/\/www.spa-grillon.fr\/wp-content\/uploads\/2017\/10\/IMG_4652-e1508336717933-1003x1024.jpg\" alt=\"IMG_4652\" width=\"640\" height=\"653\" \/><\/p>\n<p style=\"text-align: justify;\">\n","protected":false},"excerpt":{"rendered":"<p>&nbsp; Sexe : femelle Race : commune Age : n\u00e9e en 2016 Taille : moyenne &nbsp; Caract\u00e9ristiques : Cette jolie chienne bring\u00e9e, toute jeune encore, aime les balades sportives. Si elle a de l&rsquo;\u00e9nergie, elle ne tire pas trop sur &hellip; <a href=\"https:\/\/www.spa-grillon.fr\/?page_id=5044\">Continuer la lecture <span class=\"meta-nav\">&rarr;<\/span><\/a><\/p>\n","protected":false},"author":2,"featured_media":0,"parent":0,"menu_order":0,"comment_status":"closed","ping_status":"closed","template":"","meta":[],"_links":{"self":[{"href":"https:\/\/www.spa-grillon.fr\/index.php?rest_route=\/wp\/v2\/pages\/5044"}],"collection":[{"href":"https:\/\/www.spa-grillon.fr\/index.php?rest_route=\/wp\/v2\/pages"}],"about":[{"href":"https:\/\/www.spa-grillon.fr\/index.php?rest_route=\/wp\/v2\/types\/page"}],"author":[{"embeddable":true,"href":"https:\/\/www.spa-grillon.fr\/index.php?rest_route=\/wp\/v2\/users\/2"}],"replies":[{"embeddable":true,"href":"https:\/\/www.spa-grillon.fr\/index.php?rest_route=%2Fwp%2Fv2%2Fcomments&post=5044"}],"version-history":[{"count":4,"href":"https:\/\/www.spa-grillon.fr\/index.php?rest_route=\/wp\/v2\/pages\/5044\/revisions"}],"predecessor-version":[{"id":5385,"href":"https:\/\/www.spa-grillon.fr\/index.php?rest_route=\/wp\/v2\/pages\/5044\/revisions\/5385"}],"wp:attachment":[{"href":"https:\/\/www.spa-grillon.fr\/index.php?rest_route=%2Fwp%2Fv2%2Fmedia&parent=5044"}],"curies":[{"name":"wp","href":"https:\/\/api.w.org\/{rel}","templated":true}]}}