{"id":5162,"date":"2017-11-22T19:03:14","date_gmt":"2017-11-22T18:03:14","guid":{"rendered":"http:\/\/www.spa-grillon.fr\/?page_id=5162"},"modified":"2017-11-22T19:05:07","modified_gmt":"2017-11-22T18:05:07","slug":"wacho","status":"publish","type":"page","link":"https:\/\/www.spa-grillon.fr\/?page_id=5162","title":{"rendered":"WACHO"},"content":{"rendered":"<p><strong><img decoding=\"async\" loading=\"lazy\" class=\"alignleft size-medium wp-image-5163\" src=\"http:\/\/www.spa-grillon.fr\/wp-content\/uploads\/2017\/11\/WASHO-300x300.jpg\" alt=\"WASHO\" width=\"300\" height=\"300\" srcset=\"https:\/\/www.spa-grillon.fr\/wp-content\/uploads\/2017\/11\/WASHO-300x300.jpg 300w, https:\/\/www.spa-grillon.fr\/wp-content\/uploads\/2017\/11\/WASHO-150x150.jpg 150w, https:\/\/www.spa-grillon.fr\/wp-content\/uploads\/2017\/11\/WASHO-768x768.jpg 768w, https:\/\/www.spa-grillon.fr\/wp-content\/uploads\/2017\/11\/WASHO-1024x1024.jpg 1024w, https:\/\/www.spa-grillon.fr\/wp-content\/uploads\/2017\/11\/WASHO.jpg 1914w\" sizes=\"(max-width: 300px) 100vw, 300px\" \/><\/strong><\/p>\n<p>&nbsp;<\/p>\n<p><strong>Sexe <\/strong>: m\u00e2le<\/p>\n<p><strong>Race <\/strong>: crois\u00e9 beauceron<\/p>\n<p><strong>Age <\/strong>: n\u00e9 en 01\/04\/2012<\/p>\n<p><strong>Taille <\/strong>: grande taille<\/p>\n<p>&nbsp;<\/p>\n<p>&nbsp;<\/p>\n<p style=\"text-align: justify;\"><strong>Caract\u00e9ristiques : <\/strong>Wacho est un chien tr\u00e8s gentil qui a connu la belle vie de famille et a \u00e9t\u00e9 choy\u00e9 une partie de sa vie. La maladie a contraint son propri\u00e9taire \u00e0 s&rsquo;en s\u00e9parer. Plus petit qu&rsquo;un vrai beauceron, il est sage en laisse, m\u00eame s&rsquo;il reste un animal puissant. Il est plut\u00f4t calme mais supporte mal la solitude impos\u00e9e par le refuge. Il est tr\u00e8s affectueux, tr\u00e8s attach\u00e9 \u00e0 l&rsquo;humain mais peut se montrer un peu craintif, d\u00e9boussol\u00e9 qu&rsquo;il est pour l&rsquo;instant par son changement de cadre. Il n&rsquo;est pas agressif avec les autres chiens, il est presque un peu intimid\u00e9 avec ceux qui se montrent trop s\u00fbrs d&rsquo;eux. Il pourra certainement cohabiter avec un cong\u00e9n\u00e8re. Il est int\u00e9ress\u00e9 par les chats : il vaudra mieux s&rsquo;assurer de ses motivations si le cas se pr\u00e9sente. <strong><br \/>\n<\/strong><\/p>\n<p style=\"text-align: justify;\"><img decoding=\"async\" loading=\"lazy\" class=\"alignleft wp-image-5166 size-large\" src=\"http:\/\/www.spa-grillon.fr\/wp-content\/uploads\/2017\/11\/IMG_5009-e1511373860903-1024x1024.jpg\" alt=\"IMG_5009\" width=\"640\" height=\"640\" srcset=\"https:\/\/www.spa-grillon.fr\/wp-content\/uploads\/2017\/11\/IMG_5009-e1511373860903-1024x1024.jpg 1024w, https:\/\/www.spa-grillon.fr\/wp-content\/uploads\/2017\/11\/IMG_5009-e1511373860903-150x150.jpg 150w, https:\/\/www.spa-grillon.fr\/wp-content\/uploads\/2017\/11\/IMG_5009-e1511373860903-300x300.jpg 300w, https:\/\/www.spa-grillon.fr\/wp-content\/uploads\/2017\/11\/IMG_5009-e1511373860903-768x768.jpg 768w\" sizes=\"(max-width: 640px) 100vw, 640px\" \/><\/p>\n<p style=\"text-align: justify;\"><img decoding=\"async\" loading=\"lazy\" class=\"alignleft wp-image-5164 size-large\" src=\"http:\/\/www.spa-grillon.fr\/wp-content\/uploads\/2017\/11\/WASHO-1-1024x1024.jpg\" alt=\"WASHO'\" width=\"640\" height=\"640\" srcset=\"https:\/\/www.spa-grillon.fr\/wp-content\/uploads\/2017\/11\/WASHO-1-1024x1024.jpg 1024w, https:\/\/www.spa-grillon.fr\/wp-content\/uploads\/2017\/11\/WASHO-1-150x150.jpg 150w, https:\/\/www.spa-grillon.fr\/wp-content\/uploads\/2017\/11\/WASHO-1-300x300.jpg 300w, https:\/\/www.spa-grillon.fr\/wp-content\/uploads\/2017\/11\/WASHO-1-768x768.jpg 768w\" sizes=\"(max-width: 640px) 100vw, 640px\" \/><\/p>\n","protected":false},"excerpt":{"rendered":"<p>&nbsp; Sexe : m\u00e2le Race : crois\u00e9 beauceron Age : n\u00e9 en 01\/04\/2012 Taille : grande taille &nbsp; &nbsp; Caract\u00e9ristiques : Wacho est un chien tr\u00e8s gentil qui a connu la belle vie de famille et a \u00e9t\u00e9 choy\u00e9 une &hellip; <a href=\"https:\/\/www.spa-grillon.fr\/?page_id=5162\">Continuer la lecture <span class=\"meta-nav\">&rarr;<\/span><\/a><\/p>\n","protected":false},"author":2,"featured_media":0,"parent":0,"menu_order":0,"comment_status":"closed","ping_status":"closed","template":"","meta":[],"_links":{"self":[{"href":"https:\/\/www.spa-grillon.fr\/index.php?rest_route=\/wp\/v2\/pages\/5162"}],"collection":[{"href":"https:\/\/www.spa-grillon.fr\/index.php?rest_route=\/wp\/v2\/pages"}],"about":[{"href":"https:\/\/www.spa-grillon.fr\/index.php?rest_route=\/wp\/v2\/types\/page"}],"author":[{"embeddable":true,"href":"https:\/\/www.spa-grillon.fr\/index.php?rest_route=\/wp\/v2\/users\/2"}],"replies":[{"embeddable":true,"href":"https:\/\/www.spa-grillon.fr\/index.php?rest_route=%2Fwp%2Fv2%2Fcomments&post=5162"}],"version-history":[{"count":3,"href":"https:\/\/www.spa-grillon.fr\/index.php?rest_route=\/wp\/v2\/pages\/5162\/revisions"}],"predecessor-version":[{"id":5169,"href":"https:\/\/www.spa-grillon.fr\/index.php?rest_route=\/wp\/v2\/pages\/5162\/revisions\/5169"}],"wp:attachment":[{"href":"https:\/\/www.spa-grillon.fr\/index.php?rest_route=%2Fwp%2Fv2%2Fmedia&parent=5162"}],"curies":[{"name":"wp","href":"https:\/\/api.w.org\/{rel}","templated":true}]}}