{"id":5170,"date":"2017-11-22T19:14:55","date_gmt":"2017-11-22T18:14:55","guid":{"rendered":"http:\/\/www.spa-grillon.fr\/?page_id=5170"},"modified":"2023-06-25T18:35:31","modified_gmt":"2023-06-25T17:35:31","slug":"yacki","status":"publish","type":"page","link":"https:\/\/www.spa-grillon.fr\/?page_id=5170","title":{"rendered":"YACKI"},"content":{"rendered":"<p><strong><img decoding=\"async\" loading=\"lazy\" class=\"alignleft size-medium wp-image-10081\" src=\"http:\/\/www.spa-grillon.fr\/wp-content\/uploads\/2021\/02\/Yacki-10-239x300.jpg\" alt=\"Yacki (10)\" width=\"239\" height=\"300\" \/><\/strong><\/p>\n<p>&nbsp;<\/p>\n<p><strong>Sexe <\/strong>: m\u00e2le<\/p>\n<p><strong>Race <\/strong>: crois\u00e9 berger labrador<\/p>\n<p><strong>Age <\/strong>: n\u00e9 en 12\/2011<\/p>\n<p><strong>Taille <\/strong>: grande taille<\/p>\n<p>&nbsp;<\/p>\n<p>&nbsp;<\/p>\n<p style=\"text-align: justify;\"><strong>Caract\u00e9ristiques : <\/strong>Pourquoi certains de nos pensionnaires n&rsquo;\u00e9veillent-ils jamais l&rsquo;int\u00e9r\u00eat des visiteurs? Malgr\u00e9 leurs qualit\u00e9s, on n&rsquo;en retient que les d\u00e9fauts ou la banalit\u00e9. Yacki est de ceux-l\u00e0. Certes il n&rsquo;a pas un pelage flamboyant, certes ses relations avec les autres animaux ne sont pas toujours tr\u00e8s faciles, mais enfin, c&rsquo;est un amour de chien ! D&rsquo;autres sont partis d&rsquo;ici avec nettement moins d&rsquo;atouts. Guylaine vous dira \u00e0 quel point il est affectueux et gourmand, Odile vous dira combien il est encore vif malgr\u00e9 les ann\u00e9es qui commencent \u00e0 peser, Irma vous expliquera combien il est ob\u00e9issant et Fred vous rappellera sa fid\u00e9lit\u00e9, son attachement \u00e0 ceux qui s&rsquo;occupent de lui depuis plusieurs ann\u00e9es maintenant.<\/p>\n<p style=\"text-align: justify;\"><a href=\"http:\/\/www.spa-grillon.fr\/wp-content\/uploads\/2017\/11\/Yacki-9.jpg\" rel=\"attachment wp-att-13591\"><img decoding=\"async\" loading=\"lazy\" class=\"wp-image-13591 alignleft\" src=\"http:\/\/www.spa-grillon.fr\/wp-content\/uploads\/2017\/11\/Yacki-9-300x225.jpg\" alt=\"Yacki (9)\" width=\"306\" height=\"230\" srcset=\"https:\/\/www.spa-grillon.fr\/wp-content\/uploads\/2017\/11\/Yacki-9-300x225.jpg 300w, https:\/\/www.spa-grillon.fr\/wp-content\/uploads\/2017\/11\/Yacki-9-768x576.jpg 768w, https:\/\/www.spa-grillon.fr\/wp-content\/uploads\/2017\/11\/Yacki-9.jpg 960w\" sizes=\"(max-width: 306px) 100vw, 306px\" \/><\/a><\/p>\n<p style=\"text-align: justify;\"><a href=\"http:\/\/www.spa-grillon.fr\/wp-content\/uploads\/2011\/03\/Yacki-10-e1675013339618.jpg\" rel=\"attachment wp-att-12973\"><img decoding=\"async\" loading=\"lazy\" class=\"wp-image-12973 alignnone\" src=\"http:\/\/www.spa-grillon.fr\/wp-content\/uploads\/2011\/03\/Yacki-10-239x300.jpg\" alt=\"Yacki (10)\" width=\"305\" height=\"383\" srcset=\"https:\/\/www.spa-grillon.fr\/wp-content\/uploads\/2011\/03\/Yacki-10-239x300.jpg 239w, https:\/\/www.spa-grillon.fr\/wp-content\/uploads\/2011\/03\/Yacki-10.jpg 720w\" sizes=\"(max-width: 305px) 100vw, 305px\" \/><\/a><\/p>\n<p style=\"text-align: justify;\">Yacki a v\u00e9cu toute sa vie attach\u00e9 \u00e0 un arbre avant d&rsquo;arriver chez nous. Sa seule occupation? creuser, car comment s&rsquo;occuper? Ici, il a commenc\u00e9 \u00e0 revivre mais la dur\u00e9e de son s\u00e9jour (5 ans et demi \u00e0 ce jour) rend les choses difficiles pour lui et son regard triste devient vraiment difficile \u00e0 endurer. Il reste assis, dans son parc, et nous observe. En promenade, son regard s&rsquo;\u00e9claire et l\u00e0, il est le plus heureux des chiens.<\/p>\n<p style=\"text-align: justify;\"><img decoding=\"async\" loading=\"lazy\" class=\"alignleft wp-image-10075 \" src=\"http:\/\/www.spa-grillon.fr\/wp-content\/uploads\/2021\/02\/Yacki-4-e1613313204935-300x215.jpg\" alt=\"Yacki (4)\" width=\"331\" height=\"238\" srcset=\"https:\/\/www.spa-grillon.fr\/wp-content\/uploads\/2021\/02\/Yacki-4-e1613313204935-300x215.jpg 300w, https:\/\/www.spa-grillon.fr\/wp-content\/uploads\/2021\/02\/Yacki-4-e1613313204935.jpg 715w\" sizes=\"(max-width: 331px) 100vw, 331px\" \/><img decoding=\"async\" loading=\"lazy\" class=\"alignleft size-full wp-image-10079\" src=\"http:\/\/www.spa-grillon.fr\/wp-content\/uploads\/2021\/02\/Yacki-8.jpg\" alt=\"Yacki (8)\" width=\"240\" height=\"240\" srcset=\"https:\/\/www.spa-grillon.fr\/wp-content\/uploads\/2021\/02\/Yacki-8.jpg 240w, https:\/\/www.spa-grillon.fr\/wp-content\/uploads\/2021\/02\/Yacki-8-150x150.jpg 150w\" sizes=\"(max-width: 240px) 100vw, 240px\" \/><img decoding=\"async\" loading=\"lazy\" class=\"wp-image-10078 aligncenter\" src=\"http:\/\/www.spa-grillon.fr\/wp-content\/uploads\/2021\/02\/Yacki-7.jpg\" alt=\"Yacki (7)\" width=\"405\" height=\"540\" srcset=\"https:\/\/www.spa-grillon.fr\/wp-content\/uploads\/2021\/02\/Yacki-7.jpg 480w, https:\/\/www.spa-grillon.fr\/wp-content\/uploads\/2021\/02\/Yacki-7-225x300.jpg 225w\" sizes=\"(max-width: 405px) 100vw, 405px\" \/><\/p>\n<p style=\"text-align: justify;\">Yacki a donc besoin urgemment d&rsquo;une famille, sans autres animaux, avec un jardin clos et des balades r\u00e9guli\u00e8res. Il a surtout besoin de pr\u00e9sence et d&rsquo;affection. Il ne conna\u00eet pas trop la vie en int\u00e9rieur et il faudra lui accorder un peu de temps pour qu&rsquo;il abandonne ses anciens rep\u00e8res : on ne sait pas s&rsquo;il acceptera d&rsquo;entrer dans la maison tout de suite ; ou peut-\u00eatre qu&rsquo;il nous surprendra et avisera le canap\u00e9 ! En laisse, il ne tire pas, il peut d&rsquo;ailleurs \u00eatre promen\u00e9 sans quand il est en rase campagne. Il est ob\u00e9issant et tr\u00e8s affectueux. Ici, il a d\u00e9velopp\u00e9 des tocs : il creuse et aboie apr\u00e8s le sol mais nous pensons que c&rsquo;est une esp\u00e8ce de toc d\u00fb \u00e0 l&rsquo;ennui. Pourtant, il est sorti souvent mais voil\u00e0 : la solitude p\u00e8se lourd sur notre pauvre Yacki. Alors si vous pensez pouvoir offrir \u00e0 ce chien d\u00e9laiss\u00e9 votre affection et une vie loin d&rsquo;ici, n&rsquo;h\u00e9sitez pas : venez au moins le rencontrer, arr\u00eatez-vous devant son box, sondez ses yeux et il fera le reste.<\/p>\n<p style=\"text-align: justify;\"><img decoding=\"async\" loading=\"lazy\" class=\"wp-image-10089 aligncenter\" src=\"http:\/\/www.spa-grillon.fr\/wp-content\/uploads\/2021\/02\/IMG-20210214-WA0008-e1613313297349-300x262.jpg\" alt=\"IMG-20210214-WA0008\" width=\"307\" height=\"268\" srcset=\"https:\/\/www.spa-grillon.fr\/wp-content\/uploads\/2021\/02\/IMG-20210214-WA0008-e1613313297349-300x262.jpg 300w, https:\/\/www.spa-grillon.fr\/wp-content\/uploads\/2021\/02\/IMG-20210214-WA0008-e1613313297349-768x670.jpg 768w, https:\/\/www.spa-grillon.fr\/wp-content\/uploads\/2021\/02\/IMG-20210214-WA0008-e1613313297349.jpg 844w\" sizes=\"(max-width: 307px) 100vw, 307px\" \/><\/p>\n<p style=\"text-align: justify;\">Yacki peut \u00eatre adopt\u00e9 ou plac\u00e9 en famille d&rsquo;accueil d\u00e9finitive : pas s\u00e9rieux s&rsquo;abstenir, on ne veut pas d&rsquo;\u00e9chec pour lui : ce serait trop dur.<\/p>\n","protected":false},"excerpt":{"rendered":"<p>&nbsp; Sexe : m\u00e2le Race : crois\u00e9 berger labrador Age : n\u00e9 en 12\/2011 Taille : grande taille &nbsp; &nbsp; Caract\u00e9ristiques : Pourquoi certains de nos pensionnaires n&rsquo;\u00e9veillent-ils jamais l&rsquo;int\u00e9r\u00eat des visiteurs? Malgr\u00e9 leurs qualit\u00e9s, on n&rsquo;en retient que les &hellip; <a href=\"https:\/\/www.spa-grillon.fr\/?page_id=5170\">Continuer la lecture <span class=\"meta-nav\">&rarr;<\/span><\/a><\/p>\n","protected":false},"author":2,"featured_media":0,"parent":0,"menu_order":0,"comment_status":"closed","ping_status":"closed","template":"","meta":[],"_links":{"self":[{"href":"https:\/\/www.spa-grillon.fr\/index.php?rest_route=\/wp\/v2\/pages\/5170"}],"collection":[{"href":"https:\/\/www.spa-grillon.fr\/index.php?rest_route=\/wp\/v2\/pages"}],"about":[{"href":"https:\/\/www.spa-grillon.fr\/index.php?rest_route=\/wp\/v2\/types\/page"}],"author":[{"embeddable":true,"href":"https:\/\/www.spa-grillon.fr\/index.php?rest_route=\/wp\/v2\/users\/2"}],"replies":[{"embeddable":true,"href":"https:\/\/www.spa-grillon.fr\/index.php?rest_route=%2Fwp%2Fv2%2Fcomments&post=5170"}],"version-history":[{"count":9,"href":"https:\/\/www.spa-grillon.fr\/index.php?rest_route=\/wp\/v2\/pages\/5170\/revisions"}],"predecessor-version":[{"id":13593,"href":"https:\/\/www.spa-grillon.fr\/index.php?rest_route=\/wp\/v2\/pages\/5170\/revisions\/13593"}],"wp:attachment":[{"href":"https:\/\/www.spa-grillon.fr\/index.php?rest_route=%2Fwp%2Fv2%2Fmedia&parent=5170"}],"curies":[{"name":"wp","href":"https:\/\/api.w.org\/{rel}","templated":true}]}}