{"id":5249,"date":"2017-12-13T19:13:08","date_gmt":"2017-12-13T18:13:08","guid":{"rendered":"http:\/\/www.spa-grillon.fr\/?page_id=5249"},"modified":"2018-03-10T20:44:53","modified_gmt":"2018-03-10T19:44:53","slug":"orka","status":"publish","type":"page","link":"https:\/\/www.spa-grillon.fr\/?page_id=5249","title":{"rendered":"ORKA"},"content":{"rendered":"<p><strong><img decoding=\"async\" loading=\"lazy\" class=\"alignleft size-medium wp-image-5240\" src=\"http:\/\/www.spa-grillon.fr\/wp-content\/uploads\/2017\/12\/Orka-1-276x300.jpg\" alt=\"Orka''\" width=\"276\" height=\"300\" srcset=\"https:\/\/www.spa-grillon.fr\/wp-content\/uploads\/2017\/12\/Orka-1-276x300.jpg 276w, https:\/\/www.spa-grillon.fr\/wp-content\/uploads\/2017\/12\/Orka-1-768x835.jpg 768w, https:\/\/www.spa-grillon.fr\/wp-content\/uploads\/2017\/12\/Orka-1-942x1024.jpg 942w\" sizes=\"(max-width: 276px) 100vw, 276px\" \/><\/strong><\/p>\n<p>&nbsp;<\/p>\n<p><strong>Sexe<\/strong> : femelle<\/p>\n<p><strong>Race <\/strong>: berger belge malinois<\/p>\n<p><strong>Age <\/strong>: n\u00e9e en 08\/2016<\/p>\n<p><strong>Taille <\/strong>: moyenne<\/p>\n<p>&nbsp;<\/p>\n<p>&nbsp;<\/p>\n<p style=\"text-align: justify;\"><strong>Caract\u00e9ristiques\u00a0 :<\/strong>\u00a0Cette jolie chienne est arriv\u00e9e au refuge suite \u00e0 un divorce. De petit gabarit, elle s&rsquo;est bien requinqu\u00e9e depuis qu&rsquo;elle est au refuge. Elle avait \u00e9t\u00e9 r\u00e9serv\u00e9e\u00a0 puis son adoptant s&rsquo;est ravis\u00e9. Puis, adopt\u00e9e, ce sont ses nouveaux compagnons qui, ne la suportant pas, conduisent sa nouvelle famille \u00e0 la ramener au refuge. C&rsquo;est une chienne tr\u00e8s gentille, sociable avec ses cong\u00e9n\u00e8res m\u00e2les, les femelles seront \u00e0 tester le cas \u00e9ch\u00e9ant. Les chats, eux, semblent l&rsquo;int\u00e9resser pour d&rsquo;inavouables raisons ! Elle est surtout tr\u00e8s joueuse et adore courir apr\u00e8s la balle avec son copain de parc. Elle a re\u00e7u quelques bases d&rsquo;\u00e9ducation qui seront \u00e0 parfaire : elle conna\u00eet d&rsquo;ores et d\u00e9j\u00e0 assis, couch\u00e9, au pied mais il faut approfondir et entretenir son apprentissage d&rsquo;autant qu&rsquo;elle tire encore beaucoup sur sa laisse et <span class=\"text_exposed_show\">ne ma\u00eetrise pas encore toute son \u00e9nergie. <\/span>Ce ne sera pas \u00e0 n\u00e9gliger, en particulier pour un malinois : cette race, au temp\u00e9rament souvent fort, a besoin d&rsquo;une certaine autorit\u00e9 et d&rsquo;un ma\u00eetre responsable. Ses futurs ma\u00eetres, avec ou sans enfants, se r\u00e9galeront de son temp\u00e9rament enjou\u00e9. Il lui faut une famille, une vraie !<\/p>\n<div id=\"attachment_5237\" style=\"width: 564px\" class=\"wp-caption aligncenter\"><img aria-describedby=\"caption-attachment-5237\" decoding=\"async\" loading=\"lazy\" class=\"wp-image-5237 \" src=\"http:\/\/www.spa-grillon.fr\/wp-content\/uploads\/2017\/12\/Orca2-977x1024.jpg\" alt=\"C'est le photographe qui a la baballe. Attention ! C'est du s\u00e9rieux!\" width=\"554\" height=\"580\" srcset=\"https:\/\/www.spa-grillon.fr\/wp-content\/uploads\/2017\/12\/Orca2-977x1024.jpg 977w, https:\/\/www.spa-grillon.fr\/wp-content\/uploads\/2017\/12\/Orca2-286x300.jpg 286w, https:\/\/www.spa-grillon.fr\/wp-content\/uploads\/2017\/12\/Orca2-768x805.jpg 768w\" sizes=\"(max-width: 554px) 100vw, 554px\" \/><p id=\"caption-attachment-5237\" class=\"wp-caption-text\">C&rsquo;est le photographe qui a la baballe. Attention ! C&rsquo;est du s\u00e9rieux!<\/p><\/div>\n<div id=\"attachment_5236\" style=\"width: 563px\" class=\"wp-caption aligncenter\"><img aria-describedby=\"caption-attachment-5236\" decoding=\"async\" loading=\"lazy\" class=\" wp-image-5236\" src=\"http:\/\/www.spa-grillon.fr\/wp-content\/uploads\/2017\/12\/Orca1-1024x1024.jpg\" alt=\"J'ai l'air s\u00e9rieux, l\u00e0, mais je suis un gai luron en r\u00e9alit\u00e9. \" width=\"553\" height=\"553\" srcset=\"https:\/\/www.spa-grillon.fr\/wp-content\/uploads\/2017\/12\/Orca1-1024x1024.jpg 1024w, https:\/\/www.spa-grillon.fr\/wp-content\/uploads\/2017\/12\/Orca1-150x150.jpg 150w, https:\/\/www.spa-grillon.fr\/wp-content\/uploads\/2017\/12\/Orca1-300x300.jpg 300w, https:\/\/www.spa-grillon.fr\/wp-content\/uploads\/2017\/12\/Orca1-768x768.jpg 768w, https:\/\/www.spa-grillon.fr\/wp-content\/uploads\/2017\/12\/Orca1.jpg 1200w\" sizes=\"(max-width: 553px) 100vw, 553px\" \/><p id=\"caption-attachment-5236\" class=\"wp-caption-text\">J&rsquo;ai l&rsquo;air s\u00e9rieux, l\u00e0, mais je suis un gai luron en r\u00e9alit\u00e9.<\/p><\/div>\n","protected":false},"excerpt":{"rendered":"<p>&nbsp; Sexe : femelle Race : berger belge malinois Age : n\u00e9e en 08\/2016 Taille : moyenne &nbsp; &nbsp; Caract\u00e9ristiques\u00a0 :\u00a0Cette jolie chienne est arriv\u00e9e au refuge suite \u00e0 un divorce. De petit gabarit, elle s&rsquo;est bien requinqu\u00e9e depuis qu&rsquo;elle &hellip; <a href=\"https:\/\/www.spa-grillon.fr\/?page_id=5249\">Continuer la lecture <span class=\"meta-nav\">&rarr;<\/span><\/a><\/p>\n","protected":false},"author":2,"featured_media":0,"parent":0,"menu_order":0,"comment_status":"closed","ping_status":"closed","template":"","meta":[],"_links":{"self":[{"href":"https:\/\/www.spa-grillon.fr\/index.php?rest_route=\/wp\/v2\/pages\/5249"}],"collection":[{"href":"https:\/\/www.spa-grillon.fr\/index.php?rest_route=\/wp\/v2\/pages"}],"about":[{"href":"https:\/\/www.spa-grillon.fr\/index.php?rest_route=\/wp\/v2\/types\/page"}],"author":[{"embeddable":true,"href":"https:\/\/www.spa-grillon.fr\/index.php?rest_route=\/wp\/v2\/users\/2"}],"replies":[{"embeddable":true,"href":"https:\/\/www.spa-grillon.fr\/index.php?rest_route=%2Fwp%2Fv2%2Fcomments&post=5249"}],"version-history":[{"count":7,"href":"https:\/\/www.spa-grillon.fr\/index.php?rest_route=\/wp\/v2\/pages\/5249\/revisions"}],"predecessor-version":[{"id":5465,"href":"https:\/\/www.spa-grillon.fr\/index.php?rest_route=\/wp\/v2\/pages\/5249\/revisions\/5465"}],"wp:attachment":[{"href":"https:\/\/www.spa-grillon.fr\/index.php?rest_route=%2Fwp%2Fv2%2Fmedia&parent=5249"}],"curies":[{"name":"wp","href":"https:\/\/api.w.org\/{rel}","templated":true}]}}