{"id":5255,"date":"2017-12-13T19:35:49","date_gmt":"2017-12-13T18:35:49","guid":{"rendered":"http:\/\/www.spa-grillon.fr\/?page_id=5255"},"modified":"2017-12-14T21:03:18","modified_gmt":"2017-12-14T20:03:18","slug":"spiner","status":"publish","type":"page","link":"https:\/\/www.spa-grillon.fr\/?page_id=5255","title":{"rendered":"SPINER"},"content":{"rendered":"<p><strong><img decoding=\"async\" loading=\"lazy\" class=\"alignleft wp-image-5243 size-medium\" src=\"http:\/\/www.spa-grillon.fr\/wp-content\/uploads\/2017\/12\/spiner-1-300x300.jpg\" alt=\"spiner''\" width=\"300\" height=\"300\" srcset=\"https:\/\/www.spa-grillon.fr\/wp-content\/uploads\/2017\/12\/spiner-1-300x300.jpg 300w, https:\/\/www.spa-grillon.fr\/wp-content\/uploads\/2017\/12\/spiner-1-150x150.jpg 150w, https:\/\/www.spa-grillon.fr\/wp-content\/uploads\/2017\/12\/spiner-1-768x768.jpg 768w, https:\/\/www.spa-grillon.fr\/wp-content\/uploads\/2017\/12\/spiner-1-1024x1024.jpg 1024w, https:\/\/www.spa-grillon.fr\/wp-content\/uploads\/2017\/12\/spiner-1.jpg 2007w\" sizes=\"(max-width: 300px) 100vw, 300px\" \/><\/strong><\/p>\n<p>&nbsp;<\/p>\n<p><strong><br \/>\nSexe<\/strong> : m\u00e2le<\/p>\n<p><strong>Race <\/strong>: yorkshire<\/p>\n<p><strong>Age <\/strong>: n\u00e9 en 2016<\/p>\n<p><strong>Taille <\/strong>: petite<\/p>\n<p>&nbsp;<\/p>\n<p>&nbsp;<\/p>\n<p style=\"text-align: justify;\"><strong>Caract\u00e9ristiques :<\/strong>\u00a0Ce tout petit bout de chien d&rsquo;un an \u00e9tait livr\u00e9 \u00e0 lui-m\u00eame, attach\u00e9 dehors en d\u00e9pit de la pluie et des temp\u00e9ratures n\u00e9gatives, sans m\u00eame une niche pour s&rsquo;abriter. Ensuite, il a \u00e9t\u00e9 attach\u00e9 dans le coffre d&rsquo;une voiture&#8230; Et comme souvent, nulle ranc\u0153ur contre l&rsquo;\u00eatre humain, bien au contraire. Il est tout intimid\u00e9 et tout surpris qu&rsquo;on puisse s&rsquo;int\u00e9resser \u00e0 lui. Mais quelle petite boite \u00e0 c\u00e2lins ! Il adore se faire caresser, rester sur les genoux \u00e0 se faire c\u00e2liner. C&rsquo;est un amour de petit chien. Pour autant, il est aussi coquin et tr\u00e8s joueur, notamment avec ses cong\u00e9n\u00e8res qu&rsquo;il essaie de d\u00e9rider, pas toujours avec succ\u00e8s d&rsquo;ailleurs, par ses fac\u00e9ties. Il est tr\u00e8s rigolo et conviendrait bien \u00e0 une famille avec des enfants qui pourraient faire les quatre cents coups avec lui. Il se ferait tr\u00e8s bien aussi \u00e0 l&rsquo;affection d&rsquo;une personne seule.<\/p>\n<p style=\"text-align: justify;\"><img decoding=\"async\" loading=\"lazy\" class=\"wp-image-5242 aligncenter\" src=\"http:\/\/www.spa-grillon.fr\/wp-content\/uploads\/2017\/12\/spiner-1024x951.jpg\" alt=\"spiner'\" width=\"548\" height=\"509\" srcset=\"https:\/\/www.spa-grillon.fr\/wp-content\/uploads\/2017\/12\/spiner-1024x951.jpg 1024w, https:\/\/www.spa-grillon.fr\/wp-content\/uploads\/2017\/12\/spiner-300x279.jpg 300w, https:\/\/www.spa-grillon.fr\/wp-content\/uploads\/2017\/12\/spiner-768x713.jpg 768w, https:\/\/www.spa-grillon.fr\/wp-content\/uploads\/2017\/12\/spiner.jpg 2010w\" sizes=\"(max-width: 548px) 100vw, 548px\" \/><\/p>\n<p style=\"text-align: justify;\"><img decoding=\"async\" loading=\"lazy\" class=\"aligncenter wp-image-5241 \" src=\"http:\/\/www.spa-grillon.fr\/wp-content\/uploads\/2017\/12\/Spiner-808x1024.jpg\" alt=\"Spiner\" width=\"548\" height=\"694\" srcset=\"https:\/\/www.spa-grillon.fr\/wp-content\/uploads\/2017\/12\/Spiner-808x1024.jpg 808w, https:\/\/www.spa-grillon.fr\/wp-content\/uploads\/2017\/12\/Spiner-237x300.jpg 237w, https:\/\/www.spa-grillon.fr\/wp-content\/uploads\/2017\/12\/Spiner-768x974.jpg 768w, https:\/\/www.spa-grillon.fr\/wp-content\/uploads\/2017\/12\/Spiner.jpg 1746w\" sizes=\"(max-width: 548px) 100vw, 548px\" \/><\/p>\n<p style=\"text-align: justify;\">\n","protected":false},"excerpt":{"rendered":"<p>&nbsp; Sexe : m\u00e2le Race : yorkshire Age : n\u00e9 en 2016 Taille : petite &nbsp; &nbsp; Caract\u00e9ristiques :\u00a0Ce tout petit bout de chien d&rsquo;un an \u00e9tait livr\u00e9 \u00e0 lui-m\u00eame, attach\u00e9 dehors en d\u00e9pit de la pluie et des temp\u00e9ratures &hellip; <a href=\"https:\/\/www.spa-grillon.fr\/?page_id=5255\">Continuer la lecture <span class=\"meta-nav\">&rarr;<\/span><\/a><\/p>\n","protected":false},"author":2,"featured_media":0,"parent":0,"menu_order":0,"comment_status":"closed","ping_status":"closed","template":"","meta":[],"_links":{"self":[{"href":"https:\/\/www.spa-grillon.fr\/index.php?rest_route=\/wp\/v2\/pages\/5255"}],"collection":[{"href":"https:\/\/www.spa-grillon.fr\/index.php?rest_route=\/wp\/v2\/pages"}],"about":[{"href":"https:\/\/www.spa-grillon.fr\/index.php?rest_route=\/wp\/v2\/types\/page"}],"author":[{"embeddable":true,"href":"https:\/\/www.spa-grillon.fr\/index.php?rest_route=\/wp\/v2\/users\/2"}],"replies":[{"embeddable":true,"href":"https:\/\/www.spa-grillon.fr\/index.php?rest_route=%2Fwp%2Fv2%2Fcomments&post=5255"}],"version-history":[{"count":6,"href":"https:\/\/www.spa-grillon.fr\/index.php?rest_route=\/wp\/v2\/pages\/5255\/revisions"}],"predecessor-version":[{"id":5263,"href":"https:\/\/www.spa-grillon.fr\/index.php?rest_route=\/wp\/v2\/pages\/5255\/revisions\/5263"}],"wp:attachment":[{"href":"https:\/\/www.spa-grillon.fr\/index.php?rest_route=%2Fwp%2Fv2%2Fmedia&parent=5255"}],"curies":[{"name":"wp","href":"https:\/\/api.w.org\/{rel}","templated":true}]}}