{"id":53,"date":"2011-03-20T17:57:47","date_gmt":"2011-03-20T16:57:47","guid":{"rendered":"http:\/\/www.spa-grillon.fr\/?page_id=53"},"modified":"2024-09-30T20:47:35","modified_gmt":"2024-09-30T19:47:35","slug":"accueil","status":"publish","type":"page","link":"https:\/\/www.spa-grillon.fr\/?page_id=53","title":{"rendered":"LE REFUGE"},"content":{"rendered":"<p style=\"text-align: justify;\">Cach\u00e9 au c\u0153ur d\u2019une jolie truffi\u00e8re entre Grillon, Valr\u00e9as et Richerenches, le refuge abrite une quarantaine de chiens et une soixantaine de chats, de toutes races, de tous caract\u00e8res. Venez-nous voir : peut-\u00eatre aurez-vous le coup de foudre pour l\u2019un d\u2019eux ?<\/p>\n<p style=\"text-align: justify;\">Depuis 1963, la SPA de l\u2019Enclave des Papes, qui s\u2019est install\u00e9e \u00e0 Grillon en 2004, accueille les animaux r\u00e9cup\u00e9r\u00e9s, maltrait\u00e9s ou abandonn\u00e9s, et leur fournit un abri. Les animaux trouv\u00e9s sont pris en charge : s\u2019ils sont identifi\u00e9s (c&rsquo;est-\u00e0-dire s\u2019ils sont tatou\u00e9s ou porteurs d\u2019une puce \u00e9lectronique), ils ont bien plus de chances d\u2019\u00eatre rendus \u00e0 leurs ma\u00eetres dans les plus brefs d\u00e9lais. La SPA agit aussi sur le terrain, pour se battre contre les mauvais traitements que peuvent infliger certains propri\u00e9taires \u00e0 leurs animaux. Attention : il y a SPA et SPA. Nous sommes un refuge ind\u00e9pendant et n&rsquo;avons aucun lien avec la SPA de Paris que tout le monde conna\u00eet. Notre association appartient au r\u00e9seau D\u00e9fense de l&rsquo;Animal.<\/p>\n<p><img decoding=\"async\" loading=\"lazy\" class=\"wp-image-7527 aligncenter\" src=\"http:\/\/www.spa-grillon.fr\/wp-content\/uploads\/2011\/03\/Refuge-2019-1-1024x768.jpg\" alt=\"Refuge 2019 (1)\" width=\"485\" height=\"364\" srcset=\"https:\/\/www.spa-grillon.fr\/wp-content\/uploads\/2011\/03\/Refuge-2019-1-1024x768.jpg 1024w, https:\/\/www.spa-grillon.fr\/wp-content\/uploads\/2011\/03\/Refuge-2019-1-300x225.jpg 300w, https:\/\/www.spa-grillon.fr\/wp-content\/uploads\/2011\/03\/Refuge-2019-1-768x576.jpg 768w\" sizes=\"(max-width: 485px) 100vw, 485px\" \/> <img decoding=\"async\" loading=\"lazy\" class=\"wp-image-7530 aligncenter\" src=\"http:\/\/www.spa-grillon.fr\/wp-content\/uploads\/2011\/03\/Refuge-2019-4-1024x768.jpg\" alt=\"Refuge 2019 (4)\" width=\"485\" height=\"364\" srcset=\"https:\/\/www.spa-grillon.fr\/wp-content\/uploads\/2011\/03\/Refuge-2019-4-1024x768.jpg 1024w, https:\/\/www.spa-grillon.fr\/wp-content\/uploads\/2011\/03\/Refuge-2019-4-300x225.jpg 300w, https:\/\/www.spa-grillon.fr\/wp-content\/uploads\/2011\/03\/Refuge-2019-4-768x576.jpg 768w\" sizes=\"(max-width: 485px) 100vw, 485px\" \/><\/p>\n<p><img decoding=\"async\" loading=\"lazy\" class=\"wp-image-7529 aligncenter\" src=\"http:\/\/www.spa-grillon.fr\/wp-content\/uploads\/2011\/03\/Refuge-2019-3-1024x768.jpg\" alt=\"Refuge 2019 (3)\" width=\"485\" height=\"364\" srcset=\"https:\/\/www.spa-grillon.fr\/wp-content\/uploads\/2011\/03\/Refuge-2019-3-1024x768.jpg 1024w, https:\/\/www.spa-grillon.fr\/wp-content\/uploads\/2011\/03\/Refuge-2019-3-300x225.jpg 300w, https:\/\/www.spa-grillon.fr\/wp-content\/uploads\/2011\/03\/Refuge-2019-3-768x576.jpg 768w\" sizes=\"(max-width: 485px) 100vw, 485px\" \/><\/p>\n<p>Nous disposons de parcs dans lesquels les chiens peuvent s&rsquo;\u00e9battre plus librement qu&rsquo;en box. A terme, nous esp\u00e9rons avoir le mat\u00e9riel et les bras n\u00e9cessaires pour que tous les chiens puissent b\u00e9n\u00e9ficier de cette am\u00e9lioration.<\/p>\n<p><a href=\"http:\/\/www.spa-grillon.fr\/wp-content\/uploads\/2011\/03\/P1060542.jpg\"><img decoding=\"async\" loading=\"lazy\" class=\"size-medium wp-image-881 alignleft\" title=\"P1060542\" src=\"http:\/\/www.spa-grillon.fr\/wp-content\/uploads\/2011\/03\/P1060542-300x225.jpg\" alt=\"\" width=\"286\" height=\"214\" srcset=\"https:\/\/www.spa-grillon.fr\/wp-content\/uploads\/2011\/03\/P1060542-300x225.jpg 300w, https:\/\/www.spa-grillon.fr\/wp-content\/uploads\/2011\/03\/P1060542-1024x768.jpg 1024w\" sizes=\"(max-width: 286px) 100vw, 286px\" \/><\/a><a href=\"http:\/\/www.spa-grillon.fr\/wp-content\/uploads\/2011\/03\/P1060546.jpg\"><img decoding=\"async\" loading=\"lazy\" class=\"size-medium wp-image-882 alignright\" title=\"P1060546\" src=\"http:\/\/www.spa-grillon.fr\/wp-content\/uploads\/2011\/03\/P1060546-300x225.jpg\" alt=\"\" width=\"283\" height=\"212\" srcset=\"https:\/\/www.spa-grillon.fr\/wp-content\/uploads\/2011\/03\/P1060546-300x225.jpg 300w, https:\/\/www.spa-grillon.fr\/wp-content\/uploads\/2011\/03\/P1060546-1024x768.jpg 1024w\" sizes=\"(max-width: 283px) 100vw, 283px\" \/><\/a><\/p>\n<p><img decoding=\"async\" loading=\"lazy\" class=\"wp-image-7531 aligncenter\" src=\"http:\/\/www.spa-grillon.fr\/wp-content\/uploads\/2011\/03\/Refuge-2019-5-1024x768.jpg\" alt=\"Refuge 2019 (5)\" width=\"583\" height=\"437\" srcset=\"https:\/\/www.spa-grillon.fr\/wp-content\/uploads\/2011\/03\/Refuge-2019-5-1024x768.jpg 1024w, https:\/\/www.spa-grillon.fr\/wp-content\/uploads\/2011\/03\/Refuge-2019-5-300x225.jpg 300w, https:\/\/www.spa-grillon.fr\/wp-content\/uploads\/2011\/03\/Refuge-2019-5-768x576.jpg 768w\" sizes=\"(max-width: 583px) 100vw, 583px\" \/><\/p>\n<p style=\"text-align: justify;\">Depuis l&rsquo;\u00e9t\u00e9 2020, nous disposons d&rsquo;un parc de d\u00e9tente, bien pratique pour d\u00e9couvrir nos nouveaux pensionnaires, pour organiser des rencontres avec leurs futurs colocataires ou tout simplement pour courir, se d\u00e9tendre et faire un peu d&rsquo;agility. C&rsquo;est la g\u00e9n\u00e9rosit\u00e9 de nos donateurs qui a permis \u00e0 ce projet de voir le jour pour le plus grand bonheur de tous !<\/p>\n<p style=\"text-align: justify;\"><img decoding=\"async\" loading=\"lazy\" class=\"alignleft size-large wp-image-9806\" src=\"http:\/\/www.spa-grillon.fr\/wp-content\/uploads\/2011\/03\/parc-1-1024x472.jpg\" alt=\"parc\" width=\"640\" height=\"295\" srcset=\"https:\/\/www.spa-grillon.fr\/wp-content\/uploads\/2011\/03\/parc-1-1024x472.jpg 1024w, https:\/\/www.spa-grillon.fr\/wp-content\/uploads\/2011\/03\/parc-1-300x138.jpg 300w, https:\/\/www.spa-grillon.fr\/wp-content\/uploads\/2011\/03\/parc-1-768x354.jpg 768w, https:\/\/www.spa-grillon.fr\/wp-content\/uploads\/2011\/03\/parc-1.jpg 2016w\" sizes=\"(max-width: 640px) 100vw, 640px\" \/><\/p>\n<p style=\"text-align: justify;\"><img decoding=\"async\" loading=\"lazy\" class=\"alignleft size-large wp-image-9805\" src=\"http:\/\/www.spa-grillon.fr\/wp-content\/uploads\/2011\/03\/parc-1024x472.jpg\" alt=\"parc'\" width=\"640\" height=\"295\" srcset=\"https:\/\/www.spa-grillon.fr\/wp-content\/uploads\/2011\/03\/parc-1024x472.jpg 1024w, https:\/\/www.spa-grillon.fr\/wp-content\/uploads\/2011\/03\/parc-300x138.jpg 300w, https:\/\/www.spa-grillon.fr\/wp-content\/uploads\/2011\/03\/parc-768x354.jpg 768w, https:\/\/www.spa-grillon.fr\/wp-content\/uploads\/2011\/03\/parc.jpg 2016w\" sizes=\"(max-width: 640px) 100vw, 640px\" \/><\/p>\n<p style=\"text-align: center;\">Le refuge est ouvert au public tous les jours de 14h \u00e0 17h, sur rendez-vous.<\/p>\n<p style=\"text-align: center;\">JUILLET &#8211; AOUT : de 15h \u00e0 18h, sur rendez-vous<\/p>\n<p style=\"text-align: center;\">Ferm\u00e9 dimanche et jours f\u00e9ri\u00e9s.<\/p>\n","protected":false},"excerpt":{"rendered":"<p>Cach\u00e9 au c\u0153ur d\u2019une jolie truffi\u00e8re entre Grillon, Valr\u00e9as et Richerenches, le refuge abrite une quarantaine de chiens et une soixantaine de chats, de toutes races, de tous caract\u00e8res. Venez-nous voir : peut-\u00eatre aurez-vous le coup de foudre pour l\u2019un &hellip; <a href=\"https:\/\/www.spa-grillon.fr\/?page_id=53\">Continuer la lecture <span class=\"meta-nav\">&rarr;<\/span><\/a><\/p>\n","protected":false},"author":1,"featured_media":0,"parent":0,"menu_order":0,"comment_status":"closed","ping_status":"closed","template":"","meta":[],"_links":{"self":[{"href":"https:\/\/www.spa-grillon.fr\/index.php?rest_route=\/wp\/v2\/pages\/53"}],"collection":[{"href":"https:\/\/www.spa-grillon.fr\/index.php?rest_route=\/wp\/v2\/pages"}],"about":[{"href":"https:\/\/www.spa-grillon.fr\/index.php?rest_route=\/wp\/v2\/types\/page"}],"author":[{"embeddable":true,"href":"https:\/\/www.spa-grillon.fr\/index.php?rest_route=\/wp\/v2\/users\/1"}],"replies":[{"embeddable":true,"href":"https:\/\/www.spa-grillon.fr\/index.php?rest_route=%2Fwp%2Fv2%2Fcomments&post=53"}],"version-history":[{"count":42,"href":"https:\/\/www.spa-grillon.fr\/index.php?rest_route=\/wp\/v2\/pages\/53\/revisions"}],"predecessor-version":[{"id":16039,"href":"https:\/\/www.spa-grillon.fr\/index.php?rest_route=\/wp\/v2\/pages\/53\/revisions\/16039"}],"wp:attachment":[{"href":"https:\/\/www.spa-grillon.fr\/index.php?rest_route=%2Fwp%2Fv2%2Fmedia&parent=53"}],"curies":[{"name":"wp","href":"https:\/\/api.w.org\/{rel}","templated":true}]}}