{"id":5338,"date":"2018-01-31T20:02:52","date_gmt":"2018-01-31T19:02:52","guid":{"rendered":"http:\/\/www.spa-grillon.fr\/?page_id=5338"},"modified":"2018-01-31T20:07:59","modified_gmt":"2018-01-31T19:07:59","slug":"nina-3","status":"publish","type":"page","link":"https:\/\/www.spa-grillon.fr\/?page_id=5338","title":{"rendered":"NINA"},"content":{"rendered":"<p style=\"text-align: justify;\"><img decoding=\"async\" loading=\"lazy\" class=\"alignleft wp-image-5339 size-medium\" src=\"http:\/\/www.spa-grillon.fr\/wp-content\/uploads\/2018\/01\/Nina-300x300.jpg\" alt=\"Nina\" width=\"300\" height=\"300\" srcset=\"https:\/\/www.spa-grillon.fr\/wp-content\/uploads\/2018\/01\/Nina-300x300.jpg 300w, https:\/\/www.spa-grillon.fr\/wp-content\/uploads\/2018\/01\/Nina-150x150.jpg 150w, https:\/\/www.spa-grillon.fr\/wp-content\/uploads\/2018\/01\/Nina-768x768.jpg 768w, https:\/\/www.spa-grillon.fr\/wp-content\/uploads\/2018\/01\/Nina-1024x1024.jpg 1024w\" sizes=\"(max-width: 300px) 100vw, 300px\" \/><\/p>\n<p><strong>\u00a0<\/strong><\/p>\n<p><strong>Sexe<\/strong> : femelle<\/p>\n<p><strong>Race <\/strong>: berger<\/p>\n<p><strong>Age <\/strong>: n\u00e9e en 02\/2017<\/p>\n<p><strong>Taille <\/strong>: moyenne<\/p>\n<p>&nbsp;<\/p>\n<p>&nbsp;<\/p>\n<p style=\"text-align: justify;\"><strong>Caract\u00e9ristiques<\/strong> : Nina a toute la fougue de la jeunesse et a besoin d&rsquo;\u00eatre \u00e9duqu\u00e9e. Elle est tr\u00e8s mignonne mais on la d\u00e9conseillera pour une premi\u00e8re adoption. Mieux vaut en effet avoir un peu d&rsquo;exp\u00e9rience pour l&rsquo;\u00e9duquer comme il se doit : pour l&rsquo;heure, elle est encore assez dissip\u00e9e, tire en laisse et saute sur les gens (sans agressivit\u00e9, pour jouer seulement ou pour attirer l&rsquo;attention mais elle peut faire tomber une personne fragile ou un jeune enfant) mais elle est si attachante qu&rsquo;elle vaut la peine qu&rsquo;on lui apprenne les bonnes mani\u00e8res. Jusqu&rsquo;ici, elle a v\u00e9cu la plupart du temps seule et attach\u00e9e : difficile donc de ne pas d\u00e9border d&rsquo;\u00e9nergie dans ses conditions. De l&rsquo;exercice r\u00e9gulier et un ma\u00eetre ferme et attentif sauront faire de cette toute jeune chienne une parfaite compagne. Elle s&rsquo;entend bien avec les m\u00e2les mais n&rsquo;appr\u00e9cie pas les femelles ni les chats. Cela dit, il faudra tester ses ententes dans un environnement plus calme.<\/p>\n<p style=\"text-align: justify;\"><img decoding=\"async\" loading=\"lazy\" class=\"alignleft wp-image-5340 size-large\" src=\"http:\/\/www.spa-grillon.fr\/wp-content\/uploads\/2018\/01\/Nina-1-1024x1024.jpg\" alt=\"Nina'\" width=\"640\" height=\"640\" srcset=\"https:\/\/www.spa-grillon.fr\/wp-content\/uploads\/2018\/01\/Nina-1-1024x1024.jpg 1024w, https:\/\/www.spa-grillon.fr\/wp-content\/uploads\/2018\/01\/Nina-1-150x150.jpg 150w, https:\/\/www.spa-grillon.fr\/wp-content\/uploads\/2018\/01\/Nina-1-300x300.jpg 300w, https:\/\/www.spa-grillon.fr\/wp-content\/uploads\/2018\/01\/Nina-1-768x768.jpg 768w, https:\/\/www.spa-grillon.fr\/wp-content\/uploads\/2018\/01\/Nina-1.jpg 1851w\" sizes=\"(max-width: 640px) 100vw, 640px\" \/><\/p>\n<p style=\"text-align: justify;\"><img decoding=\"async\" loading=\"lazy\" class=\"alignleft wp-image-5341 size-large\" src=\"http:\/\/www.spa-grillon.fr\/wp-content\/uploads\/2018\/01\/Nina-2-884x1024.jpg\" alt=\"Nina''\" width=\"640\" height=\"741\" srcset=\"https:\/\/www.spa-grillon.fr\/wp-content\/uploads\/2018\/01\/Nina-2-884x1024.jpg 884w, https:\/\/www.spa-grillon.fr\/wp-content\/uploads\/2018\/01\/Nina-2-259x300.jpg 259w, https:\/\/www.spa-grillon.fr\/wp-content\/uploads\/2018\/01\/Nina-2-768x890.jpg 768w\" sizes=\"(max-width: 640px) 100vw, 640px\" \/><\/p>\n","protected":false},"excerpt":{"rendered":"<p>\u00a0 Sexe : femelle Race : berger Age : n\u00e9e en 02\/2017 Taille : moyenne &nbsp; &nbsp; Caract\u00e9ristiques : Nina a toute la fougue de la jeunesse et a besoin d&rsquo;\u00eatre \u00e9duqu\u00e9e. Elle est tr\u00e8s mignonne mais on la d\u00e9conseillera &hellip; <a href=\"https:\/\/www.spa-grillon.fr\/?page_id=5338\">Continuer la lecture <span class=\"meta-nav\">&rarr;<\/span><\/a><\/p>\n","protected":false},"author":2,"featured_media":0,"parent":0,"menu_order":0,"comment_status":"closed","ping_status":"closed","template":"","meta":[],"_links":{"self":[{"href":"https:\/\/www.spa-grillon.fr\/index.php?rest_route=\/wp\/v2\/pages\/5338"}],"collection":[{"href":"https:\/\/www.spa-grillon.fr\/index.php?rest_route=\/wp\/v2\/pages"}],"about":[{"href":"https:\/\/www.spa-grillon.fr\/index.php?rest_route=\/wp\/v2\/types\/page"}],"author":[{"embeddable":true,"href":"https:\/\/www.spa-grillon.fr\/index.php?rest_route=\/wp\/v2\/users\/2"}],"replies":[{"embeddable":true,"href":"https:\/\/www.spa-grillon.fr\/index.php?rest_route=%2Fwp%2Fv2%2Fcomments&post=5338"}],"version-history":[{"count":3,"href":"https:\/\/www.spa-grillon.fr\/index.php?rest_route=\/wp\/v2\/pages\/5338\/revisions"}],"predecessor-version":[{"id":5347,"href":"https:\/\/www.spa-grillon.fr\/index.php?rest_route=\/wp\/v2\/pages\/5338\/revisions\/5347"}],"wp:attachment":[{"href":"https:\/\/www.spa-grillon.fr\/index.php?rest_route=%2Fwp%2Fv2%2Fmedia&parent=5338"}],"curies":[{"name":"wp","href":"https:\/\/api.w.org\/{rel}","templated":true}]}}