{"id":5388,"date":"2018-02-18T07:42:54","date_gmt":"2018-02-18T06:42:54","guid":{"rendered":"http:\/\/www.spa-grillon.fr\/?page_id=5388"},"modified":"2018-02-18T07:54:09","modified_gmt":"2018-02-18T06:54:09","slug":"iberio","status":"publish","type":"page","link":"https:\/\/www.spa-grillon.fr\/?page_id=5388","title":{"rendered":"IBERIO"},"content":{"rendered":"<p style=\"text-align: justify;\"><img decoding=\"async\" loading=\"lazy\" class=\"alignleft size-medium wp-image-5389\" src=\"http:\/\/www.spa-grillon.fr\/wp-content\/uploads\/2018\/02\/Ib\u00e9rio-300x300.jpg\" alt=\"Ib\u00e9rio\" width=\"300\" height=\"300\" srcset=\"https:\/\/www.spa-grillon.fr\/wp-content\/uploads\/2018\/02\/Ib\u00e9rio-300x300.jpg 300w, https:\/\/www.spa-grillon.fr\/wp-content\/uploads\/2018\/02\/Ib\u00e9rio-150x150.jpg 150w, https:\/\/www.spa-grillon.fr\/wp-content\/uploads\/2018\/02\/Ib\u00e9rio.jpg 701w\" sizes=\"(max-width: 300px) 100vw, 300px\" \/>Ib\u00e9rio est un beau gros matou europ\u00e9en de six ans. Il a toujours v\u00e9cu en appartement. C&rsquo;est un chat tr\u00e8s calme mais surtout d&rsquo;une tr\u00e8s grande douceur, un chat placide, tr\u00e8s demandeur de c\u00e2lins. La minette avec laquelle il vivait a \u00e9t\u00e9 adopt\u00e9e et il c\u00f4toie d&rsquo;autres chats sans coup f\u00e9rir. Il est patient, serein, doux avec les autres : pas de bagarre en perspective. Il est castr\u00e9. S&rsquo;il est habitu\u00e9 \u00e0 ne pas sortir, il appr\u00e9ciera en revanche la compagnie et peut-\u00eatre un balcon pour prendre le soleil. C&rsquo;est un amour de matou qui saura vous apporter toute l&rsquo;affection possible. Ne passez pas \u00e0 c\u00f4t\u00e9 de lui !<\/p>\n<p style=\"text-align: justify;\"><img decoding=\"async\" loading=\"lazy\" class=\"alignleft size-full wp-image-5393\" src=\"http:\/\/www.spa-grillon.fr\/wp-content\/uploads\/2018\/02\/vlcsnap-2018-02-12-20h44m13s587.jpg\" alt=\"vlcsnap-2018-02-12-20h44m13s587\" width=\"711\" height=\"711\" srcset=\"https:\/\/www.spa-grillon.fr\/wp-content\/uploads\/2018\/02\/vlcsnap-2018-02-12-20h44m13s587.jpg 711w, https:\/\/www.spa-grillon.fr\/wp-content\/uploads\/2018\/02\/vlcsnap-2018-02-12-20h44m13s587-150x150.jpg 150w, https:\/\/www.spa-grillon.fr\/wp-content\/uploads\/2018\/02\/vlcsnap-2018-02-12-20h44m13s587-300x300.jpg 300w\" sizes=\"(max-width: 711px) 100vw, 711px\" \/><img decoding=\"async\" loading=\"lazy\" class=\"alignleft wp-image-5391 size-large\" src=\"http:\/\/www.spa-grillon.fr\/wp-content\/uploads\/2018\/02\/Ib\u00e9rio-1-1024x1024.jpg\" alt=\"Ib\u00e9rio'''\" width=\"640\" height=\"640\" srcset=\"https:\/\/www.spa-grillon.fr\/wp-content\/uploads\/2018\/02\/Ib\u00e9rio-1-1024x1024.jpg 1024w, https:\/\/www.spa-grillon.fr\/wp-content\/uploads\/2018\/02\/Ib\u00e9rio-1-150x150.jpg 150w, https:\/\/www.spa-grillon.fr\/wp-content\/uploads\/2018\/02\/Ib\u00e9rio-1-300x300.jpg 300w, https:\/\/www.spa-grillon.fr\/wp-content\/uploads\/2018\/02\/Ib\u00e9rio-1-768x768.jpg 768w, https:\/\/www.spa-grillon.fr\/wp-content\/uploads\/2018\/02\/Ib\u00e9rio-1.jpg 1872w\" sizes=\"(max-width: 640px) 100vw, 640px\" \/><\/p>\n<p style=\"text-align: justify;\"><img decoding=\"async\" loading=\"lazy\" class=\"alignleft size-large wp-image-5395\" src=\"http:\/\/www.spa-grillon.fr\/wp-content\/uploads\/2018\/02\/IMG_5313-1024x768.jpg\" alt=\"IMG_5313\" width=\"640\" height=\"480\" \/><\/p>\n","protected":false},"excerpt":{"rendered":"<p>Ib\u00e9rio est un beau gros matou europ\u00e9en de six ans. Il a toujours v\u00e9cu en appartement. C&rsquo;est un chat tr\u00e8s calme mais surtout d&rsquo;une tr\u00e8s grande douceur, un chat placide, tr\u00e8s demandeur de c\u00e2lins. La minette avec laquelle il vivait &hellip; <a href=\"https:\/\/www.spa-grillon.fr\/?page_id=5388\">Continuer la lecture <span class=\"meta-nav\">&rarr;<\/span><\/a><\/p>\n","protected":false},"author":2,"featured_media":0,"parent":0,"menu_order":0,"comment_status":"closed","ping_status":"closed","template":"","meta":[],"_links":{"self":[{"href":"https:\/\/www.spa-grillon.fr\/index.php?rest_route=\/wp\/v2\/pages\/5388"}],"collection":[{"href":"https:\/\/www.spa-grillon.fr\/index.php?rest_route=\/wp\/v2\/pages"}],"about":[{"href":"https:\/\/www.spa-grillon.fr\/index.php?rest_route=\/wp\/v2\/types\/page"}],"author":[{"embeddable":true,"href":"https:\/\/www.spa-grillon.fr\/index.php?rest_route=\/wp\/v2\/users\/2"}],"replies":[{"embeddable":true,"href":"https:\/\/www.spa-grillon.fr\/index.php?rest_route=%2Fwp%2Fv2%2Fcomments&post=5388"}],"version-history":[{"count":5,"href":"https:\/\/www.spa-grillon.fr\/index.php?rest_route=\/wp\/v2\/pages\/5388\/revisions"}],"predecessor-version":[{"id":5401,"href":"https:\/\/www.spa-grillon.fr\/index.php?rest_route=\/wp\/v2\/pages\/5388\/revisions\/5401"}],"wp:attachment":[{"href":"https:\/\/www.spa-grillon.fr\/index.php?rest_route=%2Fwp%2Fv2%2Fmedia&parent=5388"}],"curies":[{"name":"wp","href":"https:\/\/api.w.org\/{rel}","templated":true}]}}